{"id":24676,"date":"2025-03-06T10:11:24","date_gmt":"2025-03-06T09:11:24","guid":{"rendered":"https:\/\/semmelweis.hu\/emk\/?page_id=24676"},"modified":"2025-03-27T16:27:32","modified_gmt":"2025-03-27T15:27:32","slug":"hack4cure-2025-tavasz","status":"publish","type":"page","link":"https:\/\/semmelweis.hu\/emk\/hackathon\/hack4cure-2025-tavasz\/","title":{"rendered":"Hack4Cure 2025 tavasz"},"content":{"rendered":"<h3><img loading=\"lazy\" decoding=\"async\" class=\"aligncenter size-large wp-image-24728\" src=\"https:\/\/semmelweis.hu\/emk\/files\/2025\/03\/hack-4cure_mod2-1024x534.jpg\" alt=\"Hack4Cure 2025\" width=\"753\" height=\"393\" srcset=\"https:\/\/semmelweis.hu\/emk\/files\/2025\/03\/hack-4cure_mod2-1024x534.jpg 1024w, https:\/\/semmelweis.hu\/emk\/files\/2025\/03\/hack-4cure_mod2-400x208.jpg 400w, https:\/\/semmelweis.hu\/emk\/files\/2025\/03\/hack-4cure_mod2-768x400.jpg 768w, https:\/\/semmelweis.hu\/emk\/files\/2025\/03\/hack-4cure_mod2-753x392.jpg 753w, https:\/\/semmelweis.hu\/emk\/files\/2025\/03\/hack-4cure_mod2.jpg 1209w\" sizes=\"auto, (max-width: 753px) 100vw, 753px\" \/><\/h3>\n<h3 style=\"text-align: center\">Hack4Cure 2025-\u00f6s innov\u00e1ci\u00f3s \u00f6tletverseny<\/h3>\n<p style=\"text-align: justify\">2025 tavasz\u00e1n ism\u00e9t megrendez\u00e9sre ker\u00fcl a <strong>Hack4Cure<\/strong> innov\u00e1ci\u00f3s hackathon verseny.<\/p>\n<p style=\"text-align: justify\">Az idei verseny f\u0151 tematik\u00e1ja az <strong>Eg\u00e9szs\u00e9gAblak<\/strong> applik\u00e1ci\u00f3 k\u00f6r\u00e9 szervez\u0151dik, a verseny lebonyol\u00edt\u00e1s\u00e1ban pedig az <strong>Eg\u00e9szs\u00e9ginformatikai Szolg\u00e1ltat\u00f3 \u00e9s Fejleszt\u00e9si K\u00f6zpont (ESzFK)<\/strong> ny\u00fajt t\u00e1mogat\u00e1st int\u00e9zet\u00fcnknek, a <strong>Semmelweis Egyetem Eg\u00e9szs\u00e9g\u00fcgyi Menedzserk\u00e9pz\u0151 K\u00f6zpont<\/strong>nak (SE EMK), illetve a <strong>Magyar Eg\u00e9szs\u00e9g\u00fcgyi Menedzsment T\u00e1rsas\u00e1g<\/strong>nak (MEMT). <br \/>\nA szakmai munk\u00e1ban a <strong>HUN-REN Magyar Kutat\u00e1si H\u00e1l\u00f3zat<\/strong> is seg\u00edts\u00e9get ny\u00fajt.<\/p>\n<p><strong>Kiket v\u00e1runk?<\/strong><\/p>\n<p style=\"text-align: justify\">A versenyen ism\u00e9t teret adunk azoknak az egyetemi hallgat\u00f3knak \u00e9s fiatal kutat\u00f3knak, akik az eg\u00e9szs\u00e9g\u00fcgy modernkori kih\u00edv\u00e1saira digit\u00e1lis, adatvez\u00e9relt \u00e9s MI megold\u00e1sokat k\u00e9pesek l\u00e9trehozni.<\/p>\n<p style=\"text-align: justify\">Jelentkezni <strong>3-4 f\u0151s csapatok<\/strong>ban lehet, vagy ak\u00e1r egy\u00e9nileg is, az egy\u00e9ni jelentkez\u0151kb\u0151l a jelentkez\u00e9si id\u0151szak lez\u00e1rulta ut\u00e1n alkotnak a szervez\u0151k csapatokat.<\/p>\n<div class=\"keretes w-100\"><strong>A verseny id\u0151z\u00edt\u00e9se:<\/strong><\/p>\n<ul>\n<li>Briefing, feladatkijel\u00f6l\u00e9s (online): <strong>2025. m\u00e1rcius 27.<\/strong><\/li>\n<li>Verseny a Semmelweis Egyetem Eg\u00e9szs\u00e9g\u00fcgyi Menedzserk\u00e9pz\u0151 K\u00f6zpontban (1125 Budapest, K\u00fatv\u00f6lgyi \u00fat 2.): <strong>2025. \u00e1prilis 11.<\/strong><\/li>\n<li>D\u00f6nt\u0151:<strong> 2025. m\u00e1jus 8. <\/strong>(az IME Adatvez\u00e9relt eg\u00e9szs\u00e9g\u00fcgy \u00e9s kiberbiztons\u00e1g konferenci\u00e1n)<\/li>\n<\/ul>\n<\/div>\n<p style=\"text-align: justify\">A verseny \u00f6sszd\u00edjaz\u00e1sa nett\u00f3 <strong>2 000 000 <\/strong>forint. <br \/>\nA p\u00e9nznyerem\u00e9nyeket az <strong>Eg\u00e9szs\u00e9ginformatikai Szolg\u00e1ltat\u00f3 \u00e9s Fejleszt\u00e9si K\u00f6zpont (ESzFK)<\/strong> aj\u00e1nlotta fel.<\/p>\n<p style=\"text-align: center\"><a class=\"button\" href=\"https:\/\/semmelweis.hu\/emk\/hackathon\/hack4cure-2025-tavasz\/a-hack4cure-hackathon-mentorai-2025-tavasz\/\" target=\"null\">MENTOROK<\/a><\/p>\n<p style=\"text-align: justify\">Kapcsolat: <a href=\"mailto:hack4cure@emk.semmelweis.hu\" target=\"_blank\" rel=\"noopener\">hack4cure@emk.semmelweis.hu<\/a>\u00a0<\/p>\n<p style=\"text-align: center\"><a class=\"btn btn-secondary\" href=\"https:\/\/forms.gle\/sdukRus1UHhbX58z7\" target=\"_blank\" rel=\"noopener\">REGISZTR\u00c1CI\u00d3<\/a><\/p>\n<p style=\"text-align: justify\">V\u00e1runk szeretettel,<br \/>\nHack4Cure szervez\u0151csapat<\/p>\n","protected":false},"excerpt":{"rendered":"<p>Hack4Cure 2025-\u00f6s innov\u00e1ci\u00f3s \u00f6tletverseny 2025 tavasz\u00e1n ism\u00e9t megrendez\u00e9sre ker\u00fcl a Hack4Cure innov\u00e1ci\u00f3s hackathon verseny. Az idei verseny f\u0151 tematik\u00e1ja az Eg\u00e9szs\u00e9gAblak applik\u00e1ci\u00f3 k\u00f6r\u00e9 szervez\u0151dik, a verseny lebonyol\u00edt\u00e1s\u00e1ban pedig az Eg\u00e9szs\u00e9ginformatikai Szolg\u00e1ltat\u00f3 \u00e9s Fejleszt\u00e9si K\u00f6zpont (ESzFK) ny\u00fajt t\u00e1mogat\u00e1st int\u00e9zet\u00fcnknek, a Semmelweis Egyetem Eg\u00e9szs\u00e9g\u00fcgyi Menedzserk\u00e9pz\u0151 K\u00f6zpontnak (SE EMK), illetve a Magyar Eg\u00e9szs\u00e9g\u00fcgyi Menedzsment T\u00e1rsas\u00e1gnak (MEMT). A szakmai &hellip;<\/p>\n","protected":false},"author":102350,"featured_media":24728,"parent":21923,"menu_order":0,"comment_status":"closed","ping_status":"closed","template":"","meta":{"_acf_changed":false,"footnotes":""},"categories":[],"tags":[302,332],"class_list":["post-24676","page","type-page","status-publish","has-post-thumbnail","hentry","tag-hack4cure","tag-hackathon"],"acf":[],"_links":{"self":[{"href":"https:\/\/semmelweis.hu\/emk\/wp-json\/wp\/v2\/pages\/24676","targetHints":{"allow":["GET"]}}],"collection":[{"href":"https:\/\/semmelweis.hu\/emk\/wp-json\/wp\/v2\/pages"}],"about":[{"href":"https:\/\/semmelweis.hu\/emk\/wp-json\/wp\/v2\/types\/page"}],"author":[{"embeddable":true,"href":"https:\/\/semmelweis.hu\/emk\/wp-json\/wp\/v2\/users\/102350"}],"replies":[{"embeddable":true,"href":"https:\/\/semmelweis.hu\/emk\/wp-json\/wp\/v2\/comments?post=24676"}],"version-history":[{"count":10,"href":"https:\/\/semmelweis.hu\/emk\/wp-json\/wp\/v2\/pages\/24676\/revisions"}],"predecessor-version":[{"id":24811,"href":"https:\/\/semmelweis.hu\/emk\/wp-json\/wp\/v2\/pages\/24676\/revisions\/24811"}],"up":[{"embeddable":true,"href":"https:\/\/semmelweis.hu\/emk\/wp-json\/wp\/v2\/pages\/21923"}],"wp:featuredmedia":[{"embeddable":true,"href":"https:\/\/semmelweis.hu\/emk\/wp-json\/wp\/v2\/media\/24728"}],"wp:attachment":[{"href":"https:\/\/semmelweis.hu\/emk\/wp-json\/wp\/v2\/media?parent=24676"}],"wp:term":[{"taxonomy":"category","embeddable":true,"href":"https:\/\/semmelweis.hu\/emk\/wp-json\/wp\/v2\/categories?post=24676"},{"taxonomy":"post_tag","embeddable":true,"href":"https:\/\/semmelweis.hu\/emk\/wp-json\/wp\/v2\/tags?post=24676"}],"curies":[{"name":"wp","href":"https:\/\/api.w.org\/{rel}","templated":true}]}}