{"id":2411,"date":"2024-08-27T09:01:32","date_gmt":"2024-08-27T09:01:32","guid":{"rendered":"https:\/\/test.semmelweis.hu\/barmi\/?page_id=2411"},"modified":"2025-07-16T11:16:27","modified_gmt":"2025-07-16T09:16:27","slug":"dr-adam-szilvia","status":"publish","type":"page","link":"https:\/\/semmelweis.hu\/emk\/oktatas\/munkatarsak-oktatoi-csapat\/dr-adam-szilvia\/","title":{"rendered":"\u00c1d\u00e1m Szilvia, Dr."},"content":{"rendered":"<p><a href=\"https:\/\/semmelweis.hu\/emk\/files\/2024\/09\/AdamSzilvia_portre-scaled-1.jpg\"><img loading=\"lazy\" decoding=\"async\" class=\"aligncenter wp-image-2733 \" src=\"https:\/\/semmelweis.hu\/emk\/files\/2024\/09\/AdamSzilvia_portre-scaled-1-788x1024.jpg\" alt=\"\" width=\"501\" height=\"651\" srcset=\"https:\/\/semmelweis.hu\/emk\/files\/2024\/09\/AdamSzilvia_portre-scaled-1-788x1024.jpg 788w, https:\/\/semmelweis.hu\/emk\/files\/2024\/09\/AdamSzilvia_portre-scaled-1-308x400.jpg 308w, https:\/\/semmelweis.hu\/emk\/files\/2024\/09\/AdamSzilvia_portre-scaled-1-768x999.jpg 768w, https:\/\/semmelweis.hu\/emk\/files\/2024\/09\/AdamSzilvia_portre-scaled-1-1181x1536.jpg 1181w, https:\/\/semmelweis.hu\/emk\/files\/2024\/09\/AdamSzilvia_portre-scaled-1-1575x2048.jpg 1575w, https:\/\/semmelweis.hu\/emk\/files\/2024\/09\/AdamSzilvia_portre-scaled-1-753x979.jpg 753w, https:\/\/semmelweis.hu\/emk\/files\/2024\/09\/AdamSzilvia_portre-scaled-1.jpg 1969w\" sizes=\"auto, (max-width: 501px) 100vw, 501px\" \/><\/a><\/p>\n<div class=\"keretes w-100\">\n<p><strong><span style=\"font-size: 18pt\">Dr. \u00c1d\u00e1m Szilvia<\/span><br \/>\n<\/strong>egyetemi docens<br \/>\n<a href=\"mailto:adam.szilvia@emk.semmelweis.hu\" target=\"_blank\" rel=\"noopener\"><span data-sheets-root=\"1\">adam.szilvia@emk.semmelweis.hu<\/span><\/a><br \/>\n<span data-sheets-root=\"1\">1125 Budapest, K\u00fatv\u00f6lgyi \u00fat 2.<\/span><\/p>\n<\/div>\n<p style=\"text-align: justify\">Dr. \u00c1d\u00e1m Szilvia <span style=\"font-weight: 400\">szociol\u00f3gus, k\u00f6zgazd\u00e1sz, Ph.D. c\u00edm\u00e9t klinikai orvostudom\u00e1nyokb\u00f3l szerezte. A Semmelweis Egyetem, Eg\u00e9szs\u00e9g\u00fcgyi Menedzserk\u00e9pz\u0151 K\u00f6zpont egyetemi docense, valamint a Semmelweis Egyetem Ment\u00e1lis Eg\u00e9szs\u00e9gtudom\u00e1nyok Doktori Iskol\u00e1j\u00e1nak t\u00e9mavezet\u0151je. 2019-ig a Semmelweis Egyetem Magatart\u00e1studom\u00e1nyi Int\u00e9zet\u00e9ben oktatott orvosi szociol\u00f3gi\u00e1t. Sz\u00e1mos hazai \u00e9s nemzetk\u00f6zi projektben, egy\u00fcttm\u0171k\u00f6d\u00e9sben vett \u00e9s vesz r\u00e9szt, els\u0151sorban a ment\u00e1lis eg\u00e9szs\u00e9g ter\u00fcleten. Az Eg\u00e9szs\u00e9g\u00fcgyi Menedzserk\u00e9pz\u0151 K\u00f6zpontban vezet\u0151i k\u00e9szs\u00e9gfejleszt\u00e9st \u00e9s szervezetfejleszt\u00e9st oktat. Kutat\u00e1sokat v\u00e9gez a szervezetpszichol\u00f3gia, az eg\u00e9szs\u00e9gtudom\u00e1nyok \u00e9s a klinikai orvostudom\u00e1ny ter\u00fclet\u00e9n.<\/span><\/p>\n<div><a href=\"https:\/\/m2.mtmt.hu\/gui2\/?type=authors&amp;mode=browse&amp;sel=authors10019786\" target=\"_blank\" rel=\"noopener\"><img loading=\"lazy\" decoding=\"async\" class=\"alignnone wp-image-2492\" src=\"https:\/\/semmelweis.hu\/emk\/files\/2024\/08\/MTMT_logo.jpg\" alt=\"\" width=\"61\" height=\"61\" srcset=\"https:\/\/semmelweis.hu\/emk\/files\/2024\/08\/MTMT_logo.jpg 180w, https:\/\/semmelweis.hu\/emk\/files\/2024\/08\/MTMT_logo-150x150.jpg 150w\" sizes=\"auto, (max-width: 61px) 100vw, 61px\" \/><\/a> \u00a0\u00a0 <a href=\"https:\/\/www.linkedin.com\/in\/szilvia-adam-8450702\/\" target=\"_blank\" rel=\"noopener\"><img loading=\"lazy\" decoding=\"async\" class=\"alignnone wp-image-2491\" src=\"https:\/\/semmelweis.hu\/emk\/files\/2024\/08\/linkedin_logo.png\" alt=\"\" width=\"50\" height=\"50\" srcset=\"https:\/\/semmelweis.hu\/emk\/files\/2024\/08\/linkedin_logo.png 512w, https:\/\/semmelweis.hu\/emk\/files\/2024\/08\/linkedin_logo-400x400.png 400w, https:\/\/semmelweis.hu\/emk\/files\/2024\/08\/linkedin_logo-150x150.png 150w\" sizes=\"auto, (max-width: 50px) 100vw, 50px\" \/><\/a>\u00a0 \u00a0\u00a0<\/div>\n<p>&nbsp;<\/p>\n","protected":false},"excerpt":{"rendered":"<p>egyetemi docens<\/p>\n","protected":false},"author":102350,"featured_media":25580,"parent":1952,"menu_order":0,"comment_status":"closed","ping_status":"closed","template":"","meta":{"_acf_changed":false,"footnotes":""},"categories":[],"tags":[],"class_list":["post-2411","page","type-page","status-publish","has-post-thumbnail","hentry"],"acf":[],"_links":{"self":[{"href":"https:\/\/semmelweis.hu\/emk\/wp-json\/wp\/v2\/pages\/2411","targetHints":{"allow":["GET"]}}],"collection":[{"href":"https:\/\/semmelweis.hu\/emk\/wp-json\/wp\/v2\/pages"}],"about":[{"href":"https:\/\/semmelweis.hu\/emk\/wp-json\/wp\/v2\/types\/page"}],"author":[{"embeddable":true,"href":"https:\/\/semmelweis.hu\/emk\/wp-json\/wp\/v2\/users\/102350"}],"replies":[{"embeddable":true,"href":"https:\/\/semmelweis.hu\/emk\/wp-json\/wp\/v2\/comments?post=2411"}],"version-history":[{"count":8,"href":"https:\/\/semmelweis.hu\/emk\/wp-json\/wp\/v2\/pages\/2411\/revisions"}],"predecessor-version":[{"id":25583,"href":"https:\/\/semmelweis.hu\/emk\/wp-json\/wp\/v2\/pages\/2411\/revisions\/25583"}],"up":[{"embeddable":true,"href":"https:\/\/semmelweis.hu\/emk\/wp-json\/wp\/v2\/pages\/1952"}],"wp:featuredmedia":[{"embeddable":true,"href":"https:\/\/semmelweis.hu\/emk\/wp-json\/wp\/v2\/media\/25580"}],"wp:attachment":[{"href":"https:\/\/semmelweis.hu\/emk\/wp-json\/wp\/v2\/media?parent=2411"}],"wp:term":[{"taxonomy":"category","embeddable":true,"href":"https:\/\/semmelweis.hu\/emk\/wp-json\/wp\/v2\/categories?post=2411"},{"taxonomy":"post_tag","embeddable":true,"href":"https:\/\/semmelweis.hu\/emk\/wp-json\/wp\/v2\/tags?post=2411"}],"curies":[{"name":"wp","href":"https:\/\/api.w.org\/{rel}","templated":true}]}}