{"id":23171,"date":"2024-10-10T16:29:01","date_gmt":"2024-10-10T14:29:01","guid":{"rendered":"https:\/\/semmelweis.hu\/emk\/?page_id=23171"},"modified":"2025-08-22T11:29:19","modified_gmt":"2025-08-22T09:29:19","slug":"a-nyomasi-fekely-megelozesenek-es-ellatasanak-jogyakorlata","status":"publish","type":"page","link":"https:\/\/semmelweis.hu\/emk\/oktatas\/e-learning\/e-learning-egeszsegugyi-szakdolgozoknak\/a-nyomasi-fekely-megelozesenek-es-ellatasanak-jogyakorlata\/","title":{"rendered":"A nyom\u00e1si fek\u00e9ly megel\u0151z\u00e9s\u00e9nek \u00e9s ell\u00e1t\u00e1s\u00e1nak j\u00f3gyakorlata"},"content":{"rendered":"<h3 style=\"text-align: center\">A nyom\u00e1si fek\u00e9ly megel\u0151z\u00e9s\u00e9nek \u00e9s ell\u00e1t\u00e1s\u00e1nak j\u00f3gyakorlata e-learning k\u00e9pz\u00e9s\u00a0<\/h3>\n<p><strong>K\u00f3dsz\u00e1m:\u00a0SZTK-A-44865\/2024\u00a0<\/strong><\/p>\n<p style=\"text-align: justify\">Vil\u00e1gszerte jellemz\u0151, hogy az eg\u00e9szs\u00e9g\u00fcgyi ell\u00e1t\u00e1sok sor\u00e1n bek\u00f6vetkez\u0151, megel\u0151zhet\u0151 k\u00e1rosod\u00e1sok igen nagy sz\u00e1mban fordulnak el\u0151 az ell\u00e1t\u00e1s minden szintj\u00e9n (fekv\u0151-, j\u00e1r\u00f3beteg ell\u00e1t\u00e1s, alapell\u00e1t\u00e1s stb.). Ezek k\u00f6z\u00fcl a <strong>nyom\u00e1si fek\u00e9ly<\/strong> az eg\u00e9szs\u00e9g\u00fcgyi ell\u00e1t\u00e1s hangs\u00falyos eleme, egyik min\u0151s\u00e9gi mutat\u00f3ja.<\/p>\n<p style=\"text-align: justify\">A <strong>j\u00f3gyakorlat<\/strong> \u00e1ltal bemutatott folyamat seg\u00edti a szerte\u00e1gaz\u00f3 ell\u00e1t\u00e1si tev\u00e9kenys\u00e9gek k\u00f6zepette a min\u0151s\u00e9gi betegell\u00e1t\u00e1s megval\u00f3s\u00edt\u00e1s\u00e1t, bemutatja annak k\u00f6vetelm\u00e9nyrendszer\u00e9t. Alkalmaz\u00e1sa seg\u00edthet a hat\u00e9konyabb prevenci\u00f3ban, a nemk\u00edv\u00e1natos esem\u00e9ny min\u00e9l kor\u00e1bban t\u00f6rt\u00e9n\u0151 felismer\u00e9s\u00e9ben, valamint a hat\u00e1sosabb \u00e9s eredm\u00e9nyesebb kezel\u00e9sben.<\/p>\n<p style=\"text-align: justify\">Az oktat\u00e1si anyagunkban kit\u00e9r\u00fcnk<\/p>\n<ul>\n<li style=\"text-align: justify\">a nyom\u00e1si fek\u00e9ly kialakul\u00e1s\u00e1t \u00e9s gy\u00f3gyul\u00e1s\u00e1t befoly\u00e1sol\u00f3 t\u00e9nyez\u0151k ismertet\u00e9s\u00e9re,<\/li>\n<li style=\"text-align: justify\">a nyom\u00e1si fek\u00e9ly kialakul\u00e1s\u00e1nak kock\u00e1zatfelm\u00e9r\u00e9s\u00e9re szolg\u00e1l\u00f3 \u00e1llapotfelm\u00e9r\u0151 sk\u00e1l\u00e1kra,<\/li>\n<li style=\"text-align: justify\">a kock\u00e1zati csoportok jelent\u0151s\u00e9g\u00e9re \u00e9s k\u00e9pz\u00e9s\u00e9re, az egyes csoportok eset\u00e9n megval\u00f3s\u00edtand\u00f3 teend\u0151kre.<\/li>\n<li style=\"text-align: justify\">Bemutatjuk a dekubitusz (sebkezel\u0151) teamet, annak funkci\u00f3it \u00e9s feladatait.<\/li>\n<\/ul>\n<p style=\"text-align: justify\">A j\u00f3gyakorlat jelent\u0151s\u00e9g\u00e9nek ismertet\u00e9s\u00e9n bel\u00fcl kit\u00e9r\u00fcnk az egyes munkat\u00e1rsi csoportok motiv\u00e1ci\u00f3ira, azok alkalmaz\u00e1s\u00e1ra, \u00e9s annak bemutat\u00e1s\u00e1ra, hogy a nyom\u00e1si fek\u00e9ly megel\u0151z\u00e9s\u00e9nek \u00e9s ell\u00e1t\u00e1s\u00e1nak j\u00f3gyakorlata hogyan n\u00f6veli a beteg- \u00e9s dolgoz\u00f3i biztons\u00e1got.<\/p>\n<p style=\"text-align: justify\">Szakmai programunk szabadon v\u00e1laszthat\u00f3 elm\u00e9leti tov\u00e1bbk\u00e9pz\u00e9sk\u00e9nt <strong>20 kreditpont<\/strong>ra min\u0151s\u00edtett, a 63\/2011 (XI.29.) NEFMI rendelet 1. sz mell\u00e9klet\u00e9ben megjel\u00f6lt <em>feln\u0151tt \u00e1pol\u00e1s \u00e9s gondoz\u00e1s, gyermek \u00e1pol\u00e1s \u00e9s gondoz\u00e1s, mozg\u00e1ster\u00e1pia \u00e9s fizioter\u00e1pia, m\u0171t\u00e9ti ell\u00e1t\u00e1s, k\u00f6zeg\u00e9szs\u00e9g\u00fcgyi \u00e9s n\u00e9peg\u00e9szs\u00e9g\u00fcgyi, eg\u00e9szs\u00e9g\u00fcgyi menedzsment, rehabilit\u00e1ci\u00f3s \u00e9s \u00e9letvezet\u00e9st t\u00e1mogat\u00f3, dietetika valamit a term\u00e9szetgy\u00f3gy\u00e1szat szakmacsoportban dolgoz\u00f3 szakdolgoz\u00f3\u00a0<\/em>sz\u00e1m\u00e1ra elsz\u00e1molhat\u00f3.<\/p>\n<p><img loading=\"lazy\" decoding=\"async\" class=\"alignleft wp-image-23173 size-medium\" src=\"https:\/\/semmelweis.hu\/emk\/files\/2024\/10\/nyomasi_fekely-400x277.png\" alt=\"nyom\u00e1si fek\u00e9ly\" width=\"400\" height=\"277\" srcset=\"https:\/\/semmelweis.hu\/emk\/files\/2024\/10\/nyomasi_fekely-400x277.png 400w, https:\/\/semmelweis.hu\/emk\/files\/2024\/10\/nyomasi_fekely-175x120.png 175w, https:\/\/semmelweis.hu\/emk\/files\/2024\/10\/nyomasi_fekely.png 600w\" sizes=\"auto, (max-width: 400px) 100vw, 400px\" \/><\/p>\n<p>&nbsp;<\/p>\n","protected":false},"excerpt":{"rendered":"<p>A nyom\u00e1si fek\u00e9ly megel\u0151z\u00e9s\u00e9nek \u00e9s ell\u00e1t\u00e1s\u00e1nak j\u00f3gyakorlata e-learning k\u00e9pz\u00e9s\u00a0 K\u00f3dsz\u00e1m:\u00a0SZTK-A-44865\/2024\u00a0 Vil\u00e1gszerte jellemz\u0151, hogy az eg\u00e9szs\u00e9g\u00fcgyi ell\u00e1t\u00e1sok sor\u00e1n bek\u00f6vetkez\u0151, megel\u0151zhet\u0151 k\u00e1rosod\u00e1sok igen nagy sz\u00e1mban fordulnak el\u0151 az ell\u00e1t\u00e1s minden szintj\u00e9n (fekv\u0151-, j\u00e1r\u00f3beteg ell\u00e1t\u00e1s, alapell\u00e1t\u00e1s stb.). Ezek k\u00f6z\u00fcl a nyom\u00e1si fek\u00e9ly az eg\u00e9szs\u00e9g\u00fcgyi ell\u00e1t\u00e1s hangs\u00falyos eleme, egyik min\u0151s\u00e9gi mutat\u00f3ja. A j\u00f3gyakorlat \u00e1ltal bemutatott folyamat seg\u00edti a szerte\u00e1gaz\u00f3 &hellip;<\/p>\n","protected":false},"author":102350,"featured_media":23173,"parent":17794,"menu_order":2,"comment_status":"closed","ping_status":"closed","template":"","meta":{"_acf_changed":false,"footnotes":""},"categories":[],"tags":[411,415],"class_list":["post-23171","page","type-page","status-publish","has-post-thumbnail","hentry","tag-e-learning","tag-nyomasi-fekely"],"acf":[],"_links":{"self":[{"href":"https:\/\/semmelweis.hu\/emk\/wp-json\/wp\/v2\/pages\/23171","targetHints":{"allow":["GET"]}}],"collection":[{"href":"https:\/\/semmelweis.hu\/emk\/wp-json\/wp\/v2\/pages"}],"about":[{"href":"https:\/\/semmelweis.hu\/emk\/wp-json\/wp\/v2\/types\/page"}],"author":[{"embeddable":true,"href":"https:\/\/semmelweis.hu\/emk\/wp-json\/wp\/v2\/users\/102350"}],"replies":[{"embeddable":true,"href":"https:\/\/semmelweis.hu\/emk\/wp-json\/wp\/v2\/comments?post=23171"}],"version-history":[{"count":10,"href":"https:\/\/semmelweis.hu\/emk\/wp-json\/wp\/v2\/pages\/23171\/revisions"}],"predecessor-version":[{"id":25760,"href":"https:\/\/semmelweis.hu\/emk\/wp-json\/wp\/v2\/pages\/23171\/revisions\/25760"}],"up":[{"embeddable":true,"href":"https:\/\/semmelweis.hu\/emk\/wp-json\/wp\/v2\/pages\/17794"}],"wp:featuredmedia":[{"embeddable":true,"href":"https:\/\/semmelweis.hu\/emk\/wp-json\/wp\/v2\/media\/23173"}],"wp:attachment":[{"href":"https:\/\/semmelweis.hu\/emk\/wp-json\/wp\/v2\/media?parent=23171"}],"wp:term":[{"taxonomy":"category","embeddable":true,"href":"https:\/\/semmelweis.hu\/emk\/wp-json\/wp\/v2\/categories?post=23171"},{"taxonomy":"post_tag","embeddable":true,"href":"https:\/\/semmelweis.hu\/emk\/wp-json\/wp\/v2\/tags?post=23171"}],"curies":[{"name":"wp","href":"https:\/\/api.w.org\/{rel}","templated":true}]}}