{"id":23144,"date":"2024-10-10T16:15:50","date_gmt":"2024-10-10T14:15:50","guid":{"rendered":"https:\/\/semmelweis.hu\/emk\/?page_id=23144"},"modified":"2025-08-22T11:30:38","modified_gmt":"2025-08-22T09:30:38","slug":"az-ujraelesztes-folyamatanak-intezeti-kialakitasa","status":"publish","type":"page","link":"https:\/\/semmelweis.hu\/emk\/oktatas\/e-learning\/e-learning-egeszsegugyi-szakdolgozoknak\/az-ujraelesztes-folyamatanak-intezeti-kialakitasa\/","title":{"rendered":"Az \u00fajra\u00e9leszt\u00e9s folyamat\u00e1nak int\u00e9zeti kialak\u00edt\u00e1sa"},"content":{"rendered":"<h3 style=\"text-align: center\">Az \u00fajra\u00e9leszt\u00e9s int\u00e9zeti folyamat\u00e1nak j\u00f3gyakorlata <br \/>\ne-learning k\u00e9pz\u00e9s szakdolgoz\u00f3knak<\/h3>\n<p><strong>K\u00f3dsz\u00e1m:\u00a0SZTK-A-44861\/2024\u00a0<\/strong><\/p>\n<p style=\"text-align: justify\">Az <strong>\u00fajra\u00e9leszt\u00e9s<\/strong> sikeress\u00e9g\u00e9t k\u00e9t alapvet\u0151 t\u00e9nyez\u0151 hat\u00e1rozza meg: az id\u0151belis\u00e9g \u00e9s a szakmai megfelel\u0151ss\u00e9g.<\/p>\n<p style=\"text-align: justify\">Tananyagunkban ezek biztos\u00edthat\u00f3s\u00e1g\u00e1nak bemutat\u00e1s\u00e1ra \u00e9s kifejt\u00e9s\u00e9re ker\u00fcl sor, megismerhet\u0151 az \u00fajra\u00e9leszt\u00e9s szakmai \u00e9s szervez\u00e9si oldal\u00e1nak illeszked\u00e9se, egym\u00e1sra hat\u00e1sa. Ennek keret\u00e9ben oktat\u00e1si anyagunk r\u00e9sze a k\u00e9t alapvet\u0151 t\u00e9nyez\u0151nek val\u00f3 megfelel\u00e9s, az int\u00e9zeti saj\u00e1toss\u00e1gok figyelembev\u00e9tele, a folyamatok megtervez\u00e9s\u00e9n\u00e9l, \u00e1tgondol\u00e1s\u00e1n\u00e1l a m\u00e9ret, profil, pavilon vagy t\u00f6mbk\u00f3rh\u00e1z rendszer, ell\u00e1t\u00e1si forma, szakter\u00fcleti specialit\u00e1s, ell\u00e1t\u00e1s jellege, els\u0151dleges c\u00e9lcsoport, stb. jellemz\u0151k \u00e9s ezek kapcsolatainak, hat\u00e1s\u00e1nak szerepe az \u00fajra\u00e9leszt\u00e9s int\u00e9zeti megszervez\u00e9s\u00e9nek kialak\u00edt\u00e1s\u00e1ra.<\/p>\n<p style=\"text-align: justify\">Szakmai programunk <strong>szabadon v\u00e1laszthat\u00f3 elm\u00e9leti tov\u00e1bbk\u00e9pz\u00e9sk\u00e9nt 17 kreditpontra min\u0151s\u00edtett<\/strong>, a 63\/2011 (XI.29.) NEFMI rendelet 1. sz mell\u00e9klet\u00e9ben megjel\u00f6lt <strong>\u00f6sszes szakmacsoportban dolgoz\u00f3 szakdolgoz\u00f3k sz\u00e1m\u00e1ra<\/strong> elsz\u00e1molhat\u00f3.<\/p>\n<p><img loading=\"lazy\" decoding=\"async\" class=\"size-full wp-image-23162 alignleft\" src=\"https:\/\/semmelweis.hu\/emk\/files\/2024\/10\/ujraelesztes.png\" alt=\"\u00fajra\u00e9leszt\u00e9s \" width=\"236\" height=\"164\" \/><\/p>\n","protected":false},"excerpt":{"rendered":"<p>Az \u00fajra\u00e9leszt\u00e9s int\u00e9zeti folyamat\u00e1nak j\u00f3gyakorlata e-learning k\u00e9pz\u00e9s szakdolgoz\u00f3knak K\u00f3dsz\u00e1m:\u00a0SZTK-A-44861\/2024\u00a0 Az \u00fajra\u00e9leszt\u00e9s sikeress\u00e9g\u00e9t k\u00e9t alapvet\u0151 t\u00e9nyez\u0151 hat\u00e1rozza meg: az id\u0151belis\u00e9g \u00e9s a szakmai megfelel\u0151ss\u00e9g. Tananyagunkban ezek biztos\u00edthat\u00f3s\u00e1g\u00e1nak bemutat\u00e1s\u00e1ra \u00e9s kifejt\u00e9s\u00e9re ker\u00fcl sor, megismerhet\u0151 az \u00fajra\u00e9leszt\u00e9s szakmai \u00e9s szervez\u00e9si oldal\u00e1nak illeszked\u00e9se, egym\u00e1sra hat\u00e1sa. Ennek keret\u00e9ben oktat\u00e1si anyagunk r\u00e9sze a k\u00e9t alapvet\u0151 t\u00e9nyez\u0151nek val\u00f3 megfelel\u00e9s, az int\u00e9zeti saj\u00e1toss\u00e1gok &hellip;<\/p>\n","protected":false},"author":102350,"featured_media":23162,"parent":17794,"menu_order":0,"comment_status":"closed","ping_status":"closed","template":"","meta":{"_acf_changed":false,"footnotes":""},"categories":[],"tags":[411,413],"class_list":["post-23144","page","type-page","status-publish","has-post-thumbnail","hentry","tag-e-learning","tag-ujraelesztes"],"acf":[],"_links":{"self":[{"href":"https:\/\/semmelweis.hu\/emk\/wp-json\/wp\/v2\/pages\/23144","targetHints":{"allow":["GET"]}}],"collection":[{"href":"https:\/\/semmelweis.hu\/emk\/wp-json\/wp\/v2\/pages"}],"about":[{"href":"https:\/\/semmelweis.hu\/emk\/wp-json\/wp\/v2\/types\/page"}],"author":[{"embeddable":true,"href":"https:\/\/semmelweis.hu\/emk\/wp-json\/wp\/v2\/users\/102350"}],"replies":[{"embeddable":true,"href":"https:\/\/semmelweis.hu\/emk\/wp-json\/wp\/v2\/comments?post=23144"}],"version-history":[{"count":11,"href":"https:\/\/semmelweis.hu\/emk\/wp-json\/wp\/v2\/pages\/23144\/revisions"}],"predecessor-version":[{"id":25763,"href":"https:\/\/semmelweis.hu\/emk\/wp-json\/wp\/v2\/pages\/23144\/revisions\/25763"}],"up":[{"embeddable":true,"href":"https:\/\/semmelweis.hu\/emk\/wp-json\/wp\/v2\/pages\/17794"}],"wp:featuredmedia":[{"embeddable":true,"href":"https:\/\/semmelweis.hu\/emk\/wp-json\/wp\/v2\/media\/23162"}],"wp:attachment":[{"href":"https:\/\/semmelweis.hu\/emk\/wp-json\/wp\/v2\/media?parent=23144"}],"wp:term":[{"taxonomy":"category","embeddable":true,"href":"https:\/\/semmelweis.hu\/emk\/wp-json\/wp\/v2\/categories?post=23144"},{"taxonomy":"post_tag","embeddable":true,"href":"https:\/\/semmelweis.hu\/emk\/wp-json\/wp\/v2\/tags?post=23144"}],"curies":[{"name":"wp","href":"https:\/\/api.w.org\/{rel}","templated":true}]}}