{"id":23031,"date":"2024-09-29T21:31:57","date_gmt":"2024-09-29T21:31:57","guid":{"rendered":"https:\/\/test.semmelweis.hu\/barmi\/?page_id=3056"},"modified":"2025-07-16T13:04:18","modified_gmt":"2025-07-16T11:04:18","slug":"ivady-vilmos","status":"publish","type":"page","link":"https:\/\/semmelweis.hu\/emk\/oktatas\/munkatarsak-oktatoi-csapat\/ivady-vilmos\/","title":{"rendered":"Iv\u00e1dy Vilmos"},"content":{"rendered":"<p><img loading=\"lazy\" decoding=\"async\" class=\"aligncenter wp-image-3057 \" src=\"https:\/\/semmelweis.hu\/emk\/files\/2024\/09\/Ivady-Vilmos_foto1.jpg\" alt=\"Iv\u00e1dy Vilmos\" width=\"283\" height=\"405\" \/><\/p>\n<div class=\"keretes w-100\">\n<p><strong>Iv\u00e1dy Vilmos<br \/>\n<\/strong>oktat\u00f3<br \/>\nivady.vilmos@emk.semmelweis.hu<br \/>\n<span data-sheets-root=\"1\">1125 Budapest, K\u00fatv\u00f6lgyi \u00fat 2.<\/span><\/p>\n<\/div>\n<h4><strong>OKTAT\u00d3I BEMUTATKOZ\u00c1S<\/strong><\/h4>\n<p style=\"text-align: justify\">Iv\u00e1dy Vilmos<span style=\"font-weight: 400\"> k\u00f6zgazd\u00e1sz, szociol\u00f3gus, eg\u00e9szs\u00e9g\u00fcgyi rendszer menedzser. 30 \u00e9ve dolgozik az eg\u00e9szs\u00e9g\u00fcgyben \u00e9s az eg\u00e9szs\u00e9g\u00fcgyi fels\u0151oktat\u00e1sban. P\u00e1lyafut\u00e1s\u00e1t a p\u00e9csi egyetem k\u00f6zgazdas\u00e1gtani oktat\u00f3jak\u00e9nt kezdte, de dolgozott k\u00f3rh\u00e1zi \u00e9s eg\u00e9szs\u00e9gpolitikai fels\u0151vezet\u0151i poz\u00edci\u00f3kban egyar\u00e1nt. Emellett sz\u00e1mos nemzetk\u00f6zi \u00e9s hazai projektben m\u0171k\u00f6d\u00f6tt k\u00f6zre szakmai szak\u00e9rt\u0151k\u00e9nt is. Az Eg\u00e9szs\u00e9g\u00fcgyi Menedzserk\u00e9pz\u0151 K\u00f6zpont senior munkat\u00e1rsa (kurzusvezet\u0151, oktat\u00f3, tan\u00e1csad\u00f3 \u00e9s tr\u00e9ner), amelynek munk\u00e1j\u00e1ban megalakul\u00e1s\u00e1t\u00f3l r\u00e9szt vesz. Jelenleg a Semmelweis Egyetem rektori biztosa, az egyetem szellemi term\u00e9keinek \u00fczleti hasznos\u00edt\u00e1s\u00e1t ir\u00e1ny\u00edtja, valamint korm\u00e1nyzati szak\u00e9rt\u0151k\u00e9nt dolgozik a k\u00f3rh\u00e1zi ad\u00f3ss\u00e1gkezel\u00e9s ter\u00fclet\u00e9n.\u00a0 <\/span><\/p>\n<p><a href=\"https:\/\/m2.mtmt.hu\/api\/publication?format=html&amp;labelLang=hun&amp;sort=publishedYear,desc&amp;cond=authors;eq;10068794\" target=\"_blank\" rel=\"noopener\"><img loading=\"lazy\" decoding=\"async\" class=\"alignnone wp-image-2492\" src=\"https:\/\/semmelweis.hu\/emk\/files\/2024\/08\/MTMT_logo.jpg\" alt=\"\" width=\"61\" height=\"61\" srcset=\"https:\/\/semmelweis.hu\/emk\/files\/2024\/08\/MTMT_logo.jpg 180w, https:\/\/semmelweis.hu\/emk\/files\/2024\/08\/MTMT_logo-150x150.jpg 150w\" sizes=\"auto, (max-width: 61px) 100vw, 61px\" \/><\/a> \u00a0\u00a0<\/p>\n","protected":false},"excerpt":{"rendered":"<p>Iv\u00e1dy Vilmos oktat\u00f3 ivady.vilmos@emk.semmelweis.hu 1125 Budapest, K\u00fatv\u00f6lgyi \u00fat 2. OKTAT\u00d3I BEMUTATKOZ\u00c1S Iv\u00e1dy Vilmos k\u00f6zgazd\u00e1sz, szociol\u00f3gus, eg\u00e9szs\u00e9g\u00fcgyi rendszer menedzser. 30 \u00e9ve dolgozik az eg\u00e9szs\u00e9g\u00fcgyben \u00e9s az eg\u00e9szs\u00e9g\u00fcgyi fels\u0151oktat\u00e1sban. P\u00e1lyafut\u00e1s\u00e1t a p\u00e9csi egyetem k\u00f6zgazdas\u00e1gtani oktat\u00f3jak\u00e9nt kezdte, de dolgozott k\u00f3rh\u00e1zi \u00e9s eg\u00e9szs\u00e9gpolitikai fels\u0151vezet\u0151i poz\u00edci\u00f3kban egyar\u00e1nt. Emellett sz\u00e1mos nemzetk\u00f6zi \u00e9s hazai projektben m\u0171k\u00f6d\u00f6tt k\u00f6zre szakmai szak\u00e9rt\u0151k\u00e9nt is. Az Eg\u00e9szs\u00e9g\u00fcgyi &hellip;<\/p>\n","protected":false},"author":102350,"featured_media":25593,"parent":1952,"menu_order":0,"comment_status":"closed","ping_status":"closed","template":"","meta":{"_acf_changed":false,"footnotes":""},"categories":[],"tags":[],"class_list":["post-23031","page","type-page","status-publish","has-post-thumbnail","hentry"],"acf":[],"_links":{"self":[{"href":"https:\/\/semmelweis.hu\/emk\/wp-json\/wp\/v2\/pages\/23031","targetHints":{"allow":["GET"]}}],"collection":[{"href":"https:\/\/semmelweis.hu\/emk\/wp-json\/wp\/v2\/pages"}],"about":[{"href":"https:\/\/semmelweis.hu\/emk\/wp-json\/wp\/v2\/types\/page"}],"author":[{"embeddable":true,"href":"https:\/\/semmelweis.hu\/emk\/wp-json\/wp\/v2\/users\/102350"}],"replies":[{"embeddable":true,"href":"https:\/\/semmelweis.hu\/emk\/wp-json\/wp\/v2\/comments?post=23031"}],"version-history":[{"count":1,"href":"https:\/\/semmelweis.hu\/emk\/wp-json\/wp\/v2\/pages\/23031\/revisions"}],"predecessor-version":[{"id":25594,"href":"https:\/\/semmelweis.hu\/emk\/wp-json\/wp\/v2\/pages\/23031\/revisions\/25594"}],"up":[{"embeddable":true,"href":"https:\/\/semmelweis.hu\/emk\/wp-json\/wp\/v2\/pages\/1952"}],"wp:featuredmedia":[{"embeddable":true,"href":"https:\/\/semmelweis.hu\/emk\/wp-json\/wp\/v2\/media\/25593"}],"wp:attachment":[{"href":"https:\/\/semmelweis.hu\/emk\/wp-json\/wp\/v2\/media?parent=23031"}],"wp:term":[{"taxonomy":"category","embeddable":true,"href":"https:\/\/semmelweis.hu\/emk\/wp-json\/wp\/v2\/categories?post=23031"},{"taxonomy":"post_tag","embeddable":true,"href":"https:\/\/semmelweis.hu\/emk\/wp-json\/wp\/v2\/tags?post=23031"}],"curies":[{"name":"wp","href":"https:\/\/api.w.org\/{rel}","templated":true}]}}