{"id":23030,"date":"2024-09-25T13:23:50","date_gmt":"2024-09-25T13:23:50","guid":{"rendered":"https:\/\/test.semmelweis.hu\/barmi\/?page_id=3034"},"modified":"2025-07-16T16:56:15","modified_gmt":"2025-07-16T14:56:15","slug":"szocska-miklos-dr","status":"publish","type":"page","link":"https:\/\/semmelweis.hu\/emk\/oktatas\/munkatarsak-oktatoi-csapat\/szocska-miklos-dr\/","title":{"rendered":"Sz\u00f3cska Mikl\u00f3s, Dr."},"content":{"rendered":"<p><img loading=\"lazy\" decoding=\"async\" class=\"aligncenter wp-image-3035 \" src=\"https:\/\/semmelweis.hu\/emk\/files\/2024\/09\/Szocska_M-e1727271023114.jpg\" alt=\"Sz\u00f3cska Mikl\u00f3s\" width=\"500\" height=\"555\" srcset=\"https:\/\/semmelweis.hu\/emk\/files\/2024\/09\/Szocska_M-e1727271023114.jpg 721w, https:\/\/semmelweis.hu\/emk\/files\/2024\/09\/Szocska_M-e1727271023114-361x400.jpg 361w\" sizes=\"auto, (max-width: 500px) 100vw, 500px\" \/><\/p>\n<div class=\"keretes w-100\">\n<p><strong><span style=\"font-size: 18pt\">Dr. Sz\u00f3cska Mikl\u00f3s<\/span><br \/>\n<\/strong>igazgat\u00f3, egyetemi tan\u00e1r<br \/>\n<a href=\"mailto:szocska.miklos@emk.semmelweis.hu\" target=\"_blank\" rel=\"noopener\">szocska.miklos@emk.semmelweis.hu<\/a> <br \/>\n<span data-sheets-root=\"1\">1125 Budapest, K\u00fatv\u00f6lgyi \u00fat 2.<\/span><\/p>\n<\/div>\n<h4><strong>OKTAT\u00d3I BEMUTATKOZ\u00c1S<\/strong><\/h4>\n<p style=\"text-align: justify\">Dr. Sz\u00f3cska Mikl\u00f3s<span style=\"font-weight: 400\"> 1989-ben szerzett orvosi diplom\u00e1t a Semmelweis Egyetemen, ahol a k\u00e9pz\u00e9s ideje alatt ellenz\u00e9ki di\u00e1kvezet\u0151k\u00e9nt fordult \u00e9rdekl\u0151d\u00e9se az eg\u00e9szs\u00e9g\u00fcgyi menedzsment ir\u00e1ny\u00e1ba. Diplom\u00e1ja megszerz\u00e9s\u00e9t k\u00f6vet\u0151en koll\u00e9g\u00e1ival egy\u00fctt megalap\u00edtotta az az\u00f3ta m\u00e1r t\u00f6bb mint 25 \u00e9ves Eg\u00e9szs\u00e9g\u00fcgyi Menedzserk\u00e9pz\u0151 K\u00f6zpontot, amelynek jelenleg is a vezet\u0151je. A menedzserk\u00e9pz\u0151 fejleszt\u00e9se sor\u00e1n a Harvard Egyetemen szerzett Master of Public Administration diplom\u00e1t, majd a Semmelweis Egyetemen sikeresen v\u00e9dte meg v\u00e1ltoztat\u00e1smenedzsment t\u00e9m\u00e1ban \u00edrt doktori disszert\u00e1ci\u00f3j\u00e1t. <br \/>\n<\/span><span style=\"font-weight: 400\">2010-t\u0151l eg\u00e9szs\u00e9g\u00fcgyi \u00e1llamtitk\u00e1ri poz\u00edci\u00f3t t\u00f6lt\u00f6tt be a politikai ciklus teljes n\u00e9gy \u00e9ve alatt. \u00c1llamtitk\u00e1rk\u00e9nt k\u00fcl\u00f6n\u00f6sen nagy hangs\u00falyt fektetett a bizony\u00edt\u00e9kon alapul\u00f3 konzultat\u00edv eg\u00e9szs\u00e9gpolitika meghonos\u00edt\u00e1s\u00e1ra \u00e9s a gazdas\u00e1gi v\u00e1ls\u00e1g alatt egyre ink\u00e1bb el\u0151t\u00e9rbe ker\u00fcl\u0151 fenntarthat\u00f3 eg\u00e9szs\u00e9g\u00fcgy megalapoz\u00e1s\u00e1ra. Legf\u0151bb eredm\u00e9ny\u00e9nek m\u00e9gis a doh\u00e1nyz\u00e1s visszaszor\u00edt\u00e1sa, a k\u00f3rh\u00e1zi rendszerek k\u00f6zpontos\u00edt\u00e1sa, az e-eg\u00e9szs\u00e9g\u00fcgy megalapoz\u00e1sa, a beteg\u00fatk\u00f6zpont\u00fa nemzeti eg\u00e9szs\u00e9g\u00fcgyi szolg\u00e1lat megteremt\u00e9se, tov\u00e1bb\u00e1 a n\u00e9peg\u00e9szs\u00e9g\u00fcgyi term\u00e9kad\u00f3 bevezet\u00e9se tekinthet\u0151. Ez ut\u00f3bbi biztos\u00edtotta a fedezetet az eg\u00e9szs\u00e9g\u00fcgyi dolgoz\u00f3k hossz\u00fa ideje elmaradt b\u00e9remel\u00e9s\u00e9re. Jelenleg az EMK vezet\u00e9se mellett az Eg\u00e9szs\u00e9g\u00fcgyi K\u00f6zszolg\u00e1lati Kar d\u00e9k\u00e1nja \u00e9s tagja a Semmelweis Egyetem fenntart\u00f3i kurat\u00f3rium\u00e1nak. F\u0151bb kutat\u00e1si \u00e9s oktat\u00e1si ter\u00fcletei a h\u00e1l\u00f3zatelemz\u00e9s, kr\u00edziskommunik\u00e1ci\u00f3, vezet\u00e9s- \u00e9s v\u00e1ltoztat\u00e1smenedzsment, tov\u00e1bb\u00e1 az adatvez\u00e9relt eg\u00e9szs\u00e9g\u00fcgy \u00e9s big data megold\u00e1sok.<\/span><\/p>\n<p><a href=\"https:\/\/m2.mtmt.hu\/api\/publication?format=html&amp;labelLang=hun&amp;sort=publishedYear,desc&amp;cond=authors;eq;10024209\" target=\"_blank\" rel=\"noopener\"><img loading=\"lazy\" decoding=\"async\" class=\"alignnone wp-image-2492\" src=\"https:\/\/semmelweis.hu\/emk\/files\/2024\/08\/MTMT_logo.jpg\" alt=\"\" width=\"61\" height=\"61\" srcset=\"https:\/\/semmelweis.hu\/emk\/files\/2024\/08\/MTMT_logo.jpg 180w, https:\/\/semmelweis.hu\/emk\/files\/2024\/08\/MTMT_logo-150x150.jpg 150w\" sizes=\"auto, (max-width: 61px) 100vw, 61px\" \/><\/a>\u00a0\u00a0\u00a0\u00a0<img loading=\"lazy\" decoding=\"async\" class=\"wp-image-2491 alignnone\" src=\"https:\/\/semmelweis.hu\/emk\/files\/2024\/08\/linkedin_logo.png\" alt=\"\" width=\"51\" height=\"51\" srcset=\"https:\/\/semmelweis.hu\/emk\/files\/2024\/08\/linkedin_logo.png 512w, https:\/\/semmelweis.hu\/emk\/files\/2024\/08\/linkedin_logo-400x400.png 400w, https:\/\/semmelweis.hu\/emk\/files\/2024\/08\/linkedin_logo-150x150.png 150w\" sizes=\"auto, (max-width: 51px) 100vw, 51px\" \/>\u00a0<\/p>\n","protected":false},"excerpt":{"rendered":"<p>Dr. Sz\u00f3cska Mikl\u00f3s igazgat\u00f3, egyetemi tan\u00e1r <a href=\"mailto:szocska.miklos@emk.semmelweis.hu\" target=\"_blank\" rel=\"noopener\">szocska.miklos@emk.semmelweis.hu<\/a> 1125 Budapest, K\u00fatv\u00f6lgyi \u00fat 2. OKTAT\u00d3I BEMUTATKOZ\u00c1S Dr. Sz\u00f3cska Mikl\u00f3s 1989-ben szerzett orvosi diplom\u00e1t a Semmelweis Egyetemen, ahol a k\u00e9pz\u00e9s ideje alatt ellenz\u00e9ki di\u00e1kvezet\u0151k\u00e9nt fordult \u00e9rdekl\u0151d\u00e9se az eg\u00e9szs\u00e9g\u00fcgyi menedzsment ir\u00e1ny\u00e1ba. Diplom\u00e1ja megszerz\u00e9s\u00e9t k\u00f6vet\u0151en koll\u00e9g\u00e1ival egy\u00fctt megalap\u00edtotta az az\u00f3ta m\u00e1r t\u00f6bb mint 25 \u00e9ves Eg\u00e9szs\u00e9g\u00fcgyi Menedzserk\u00e9pz\u0151 K\u00f6zpontot, amelynek jelenleg is &hellip;<\/p>\n","protected":false},"author":102350,"featured_media":25622,"parent":1952,"menu_order":0,"comment_status":"closed","ping_status":"closed","template":"","meta":{"_acf_changed":false,"footnotes":""},"categories":[],"tags":[785],"class_list":["post-23030","page","type-page","status-publish","has-post-thumbnail","hentry","tag-szocska-miklos"],"acf":[],"_links":{"self":[{"href":"https:\/\/semmelweis.hu\/emk\/wp-json\/wp\/v2\/pages\/23030","targetHints":{"allow":["GET"]}}],"collection":[{"href":"https:\/\/semmelweis.hu\/emk\/wp-json\/wp\/v2\/pages"}],"about":[{"href":"https:\/\/semmelweis.hu\/emk\/wp-json\/wp\/v2\/types\/page"}],"author":[{"embeddable":true,"href":"https:\/\/semmelweis.hu\/emk\/wp-json\/wp\/v2\/users\/102350"}],"replies":[{"embeddable":true,"href":"https:\/\/semmelweis.hu\/emk\/wp-json\/wp\/v2\/comments?post=23030"}],"version-history":[{"count":3,"href":"https:\/\/semmelweis.hu\/emk\/wp-json\/wp\/v2\/pages\/23030\/revisions"}],"predecessor-version":[{"id":25626,"href":"https:\/\/semmelweis.hu\/emk\/wp-json\/wp\/v2\/pages\/23030\/revisions\/25626"}],"up":[{"embeddable":true,"href":"https:\/\/semmelweis.hu\/emk\/wp-json\/wp\/v2\/pages\/1952"}],"wp:featuredmedia":[{"embeddable":true,"href":"https:\/\/semmelweis.hu\/emk\/wp-json\/wp\/v2\/media\/25622"}],"wp:attachment":[{"href":"https:\/\/semmelweis.hu\/emk\/wp-json\/wp\/v2\/media?parent=23030"}],"wp:term":[{"taxonomy":"category","embeddable":true,"href":"https:\/\/semmelweis.hu\/emk\/wp-json\/wp\/v2\/categories?post=23030"},{"taxonomy":"post_tag","embeddable":true,"href":"https:\/\/semmelweis.hu\/emk\/wp-json\/wp\/v2\/tags?post=23030"}],"curies":[{"name":"wp","href":"https:\/\/api.w.org\/{rel}","templated":true}]}}