{"id":22864,"date":"2024-09-16T13:12:16","date_gmt":"2024-09-16T11:12:16","guid":{"rendered":"https:\/\/semmelweis.hu\/emk\/?page_id=22864"},"modified":"2024-09-16T13:21:00","modified_gmt":"2024-09-16T11:21:00","slug":"h-pass","status":"publish","type":"page","link":"https:\/\/semmelweis.hu\/emk\/szakertoi-tevekenyseg-projektek\/futo-projektek\/h-pass\/","title":{"rendered":"H-PASS"},"content":{"rendered":"<p style=\"text-align: left\"><strong>H-PASS \u2013 Eg\u00e9szs\u00e9g\u00fcgyi szakmai \u00e9s a &#8222;Digital team&#8221; k\u00e9szs\u00e9gek fejleszt\u00e9se<\/strong><\/p>\n<p><strong>Id\u0151tartam: <\/strong>2023. m\u00e1jus 1 \u2013 2026. \u00e1prilis 30. (36 h\u00f3nap)<\/p>\n<p><strong>Projekt tartalma, c\u00e9lja:<\/strong><\/p>\n<p style=\"text-align: justify\">Az eg\u00e9szs\u00e9g\u00fcgyi dolgoz\u00f3k k\u00e9pz\u00e9se alapvet\u0151 fontoss\u00e1g\u00fa az emberi er\u0151forr\u00e1sok menedzsel\u00e9s\u00e9ben \u00e9s fejleszt\u00e9s\u00e9ben, hogy a szakemberek tud\u00e1sa, k\u00e9szs\u00e9gei \u00e9s kompetenci\u00e1i min\u00e9l jobban illeszkedjenek a gyakorlati ig\u00e9nyekhez. A digit\u00e1lis \u00e1talakul\u00e1s \u00faj ell\u00e1t\u00e1si utakat hoz l\u00e9tre, megv\u00e1ltoztatja a betegell\u00e1t\u00e1si folyamatokat, \u00e9s a szakemberek, a team-ek, valamint a p\u00e1ciensek k\u00f6z\u00f6tti kapcsolatokat, mivel a napi gyakorlatba egyre ink\u00e1bb be\u00e9p\u00fclnek a digit\u00e1lis megold\u00e1sok.<\/p>\n<p style=\"text-align: justify\">Ez a technol\u00f3giai fejl\u0151d\u00e9s kiv\u00e1l\u00f3 lehet\u0151s\u00e9get ny\u00fajt az eg\u00e9szs\u00e9g\u00fcgyi csapatok kompetenci\u00e1inak fejleszt\u00e9s\u00e9re, a k\u00e9szs\u00e9gek optimaliz\u00e1l\u00e1s\u00e1ra, a feladatok \u00fajraoszt\u00e1s\u00e1ra, a k\u00e9pes\u00edt\u00e9sek naprak\u00e9ssz\u00e9 t\u00e9tel\u00e9re \u00e9s az eg\u00e9szs\u00e9g\u00fcgyi dolgoz\u00f3k k\u00e9szs\u00e9geinek tov\u00e1bbfejleszt\u00e9s\u00e9re.<\/p>\n<p style=\"text-align: justify\">A <strong>&#8222;Health Professionals&#8217; and the \u2018DigitAl team\u2019 SkillS advancement&#8221; (H-PASS)<\/strong> projekt c\u00e9lja, hogy seg\u00edtse az EU tag\u00e1llamait az eg\u00e9szs\u00e9g\u00fcgyi team-ek rugalmass\u00e1g\u00e1nak n\u00f6vel\u00e9s\u00e9ben, \u00e9s enyh\u00edtse az ell\u00e1t\u00e1s sor\u00e1n felmer\u00fcl\u0151 k\u00e9szs\u00e9ghi\u00e1nyokat vagy k\u00fcl\u00f6nbs\u00e9geket. Az H-PASS f\u0151 c\u00e9lkit\u0171z\u00e9se egy olyan modulokb\u00f3l \u00e1ll\u00f3 k\u00e9pz\u00e9si program l\u00e9trehoz\u00e1sa \u00e9s tesztel\u00e9se, amely alaposan kidolgozott szinkron \u00e9s aszinkron tev\u00e9kenys\u00e9gekb\u0151l, k\u00e9pz\u00e9si anyagokb\u00f3l \u00e9s eszk\u00f6z\u00f6kb\u0151l \u00e1ll, biztos\u00edtva ezzel a naprak\u00e9sz \u00e9s folyamatosan fejl\u0151d\u0151 tud\u00e1st.<\/p>\n<p style=\"text-align: justify\">Az H-PASS k\u00fcl\u00f6n\u00f6s figyelmet ford\u00edt a klinikai szem\u00e9lyzet digit\u00e1lis k\u00e9szs\u00e9geinek fejleszt\u00e9s\u00e9re egy innovat\u00edv virtu\u00e1lis val\u00f3s\u00e1g k\u00f6rnyezetben. A program c\u00e9lcsoportjai els\u0151sorban orvosok, \u00e1pol\u00f3k, gy\u00f3gyszer\u00e9szek, valamint a t\u00e1rszakm\u00e1k. \u00a0<\/p>\n<p style=\"text-align: justify\">Az H-PASS k\u00e9pz\u00e9si programot \u00e9s az innovat\u00edv tanul\u00e1si k\u00f6rnyezetet Cipruson, G\u00f6r\u00f6gorsz\u00e1gban, Magyarorsz\u00e1gon, Olaszorsz\u00e1gban, Litv\u00e1ni\u00e1ban \u00e9s Rom\u00e1ni\u00e1ban tesztelik \u00e9s \u00e9rt\u00e9kelik, integr\u00e1lva a 6 EU tag\u00e1llam tapasztalatait \u00e9s tanuls\u00e1gait.<\/p>\n<p><strong>Projekt szerepl\u0151k:<\/strong><\/p>\n<p><strong>Projektvezet\u0151\/Konzorciumvezet\u0151:<\/strong> Orsz\u00e1gos K\u00f3rh\u00e1zi F\u0151igazgat\u00f3s\u00e1g (OKF\u0150)<\/p>\n<p><strong>Az EMK szerepe a projektben:<\/strong> t\u00e1rsult szervezet, az akkredit\u00e1lt k\u00e9pz\u00e9sek t\u00e1rsszervez\u0151je<\/p>\n<p><strong>Tov\u00e1bbi konzorciumi tagok\/partnerek:<\/strong><\/p>\n<ul>\n<li>AGENZIA NAZIONALE PER I SERVIZI SANITARI REGIONALI \u2013 AGENAS<\/li>\n<li>AZIENDA ULSS 4 VENETO ORIENTALE \u2013 ProMIS<\/li>\n<li>INHWE LTD &#8211; INHWE<\/li>\n<li>SILVERSKY3D VR TECHNOLOGIES LTD \u2013 SS3D<\/li>\n<li>EUROPEAN UNIVERSITY CYPRUS &#8211; EUC<\/li>\n<li>LIETUVOS SVEIKATOS MOKSLU UNIVERSITETAS -LSMU<\/li>\n<li>UNIVERSITATEA DIN ORADEA \u2013 UO<\/li>\n<li>COLEGIUL JUDETEAN AL FARMACISTILOR BIHOR \u2013 CJFBH<\/li>\n<li>UNIVERSITA CATTOLICA DEL SACRO CUORE \u2013 UCSC<\/li>\n<li>PANEPISTIMIO KRITIS \u2013 UOC<\/li>\n<li>SCUOLA SUPERIORE DI STUDI UNIVERSITARI E DI PERFEZIONAMENTO S ANNA \u2013 SSSA<\/li>\n<li>SEMMELWEIS EGYETEM \u2013 SU<\/li>\n<\/ul>\n<p><strong>Projekt azonos\u00edt\u00f3 sz\u00e1ma: <\/strong>101101139<\/p>\n<p><strong>Weboldal:<\/strong><a href=\"https:\/\/hpass.healthworkforce.eu\" target=\"_blank\" rel=\"noopener\"> https:\/\/hpass.healthworkforce.eu<\/a><\/p>\n<p><strong>Projekt k\u00f6z\u00f6ss\u00e9gi oldalai:<\/strong><\/p>\n<p><a href=\"https:\/\/www.linkedin.com\/company\/h-pass\" target=\"_blank\" rel=\"noopener\">LinkedIn<\/a>\u00a0<br \/>\n<a href=\"https:\/\/x.com\/EU_HPASS\" target=\"_blank\" rel=\"noopener\">X<\/a><br \/>\n<a href=\"https:\/\/www.youtube.com\/@EU_HPASS\" target=\"_blank\" rel=\"noopener\">Youtube\u00a0<\/a><\/p>\n<p><a href=\"https:\/\/semmelweis.hu\/emk\/files\/2024\/09\/H-PASS_logo-scaled.jpg\"><img loading=\"lazy\" decoding=\"async\" class=\"aligncenter size-large wp-image-22868\" src=\"https:\/\/semmelweis.hu\/emk\/files\/2024\/09\/H-PASS_logo-1024x301.jpg\" alt=\"H-PASS\" width=\"753\" height=\"221\" srcset=\"https:\/\/semmelweis.hu\/emk\/files\/2024\/09\/H-PASS_logo-1024x301.jpg 1024w, https:\/\/semmelweis.hu\/emk\/files\/2024\/09\/H-PASS_logo-400x117.jpg 400w, https:\/\/semmelweis.hu\/emk\/files\/2024\/09\/H-PASS_logo-768x225.jpg 768w, https:\/\/semmelweis.hu\/emk\/files\/2024\/09\/H-PASS_logo-1536x451.jpg 1536w, https:\/\/semmelweis.hu\/emk\/files\/2024\/09\/H-PASS_logo-2048x601.jpg 2048w, https:\/\/semmelweis.hu\/emk\/files\/2024\/09\/H-PASS_logo-753x221.jpg 753w\" sizes=\"auto, (max-width: 753px) 100vw, 753px\" \/><\/a><\/p>\n","protected":false},"excerpt":{"rendered":"<p>H-PASS \u2013 Eg\u00e9szs\u00e9g\u00fcgyi szakmai \u00e9s a &#8222;Digital team&#8221; k\u00e9szs\u00e9gek fejleszt\u00e9se Id\u0151tartam: 2023. m\u00e1jus 1 \u2013 2026. \u00e1prilis 30. (36 h\u00f3nap) Projekt tartalma, c\u00e9lja: Az eg\u00e9szs\u00e9g\u00fcgyi dolgoz\u00f3k k\u00e9pz\u00e9se alapvet\u0151 fontoss\u00e1g\u00fa az emberi er\u0151forr\u00e1sok menedzsel\u00e9s\u00e9ben \u00e9s fejleszt\u00e9s\u00e9ben, hogy a szakemberek tud\u00e1sa, k\u00e9szs\u00e9gei \u00e9s kompetenci\u00e1i min\u00e9l jobban illeszkedjenek a gyakorlati ig\u00e9nyekhez. A digit\u00e1lis \u00e1talakul\u00e1s \u00faj ell\u00e1t\u00e1si utakat hoz &hellip;<\/p>\n","protected":false},"author":102350,"featured_media":22868,"parent":15842,"menu_order":0,"comment_status":"closed","ping_status":"closed","template":"","meta":{"_acf_changed":false,"footnotes":""},"categories":[],"tags":[386,111],"class_list":["post-22864","page","type-page","status-publish","has-post-thumbnail","hentry","tag-digitalis-atalakulas","tag-projekt"],"acf":[],"_links":{"self":[{"href":"https:\/\/semmelweis.hu\/emk\/wp-json\/wp\/v2\/pages\/22864","targetHints":{"allow":["GET"]}}],"collection":[{"href":"https:\/\/semmelweis.hu\/emk\/wp-json\/wp\/v2\/pages"}],"about":[{"href":"https:\/\/semmelweis.hu\/emk\/wp-json\/wp\/v2\/types\/page"}],"author":[{"embeddable":true,"href":"https:\/\/semmelweis.hu\/emk\/wp-json\/wp\/v2\/users\/102350"}],"replies":[{"embeddable":true,"href":"https:\/\/semmelweis.hu\/emk\/wp-json\/wp\/v2\/comments?post=22864"}],"version-history":[{"count":2,"href":"https:\/\/semmelweis.hu\/emk\/wp-json\/wp\/v2\/pages\/22864\/revisions"}],"predecessor-version":[{"id":22870,"href":"https:\/\/semmelweis.hu\/emk\/wp-json\/wp\/v2\/pages\/22864\/revisions\/22870"}],"up":[{"embeddable":true,"href":"https:\/\/semmelweis.hu\/emk\/wp-json\/wp\/v2\/pages\/15842"}],"wp:featuredmedia":[{"embeddable":true,"href":"https:\/\/semmelweis.hu\/emk\/wp-json\/wp\/v2\/media\/22868"}],"wp:attachment":[{"href":"https:\/\/semmelweis.hu\/emk\/wp-json\/wp\/v2\/media?parent=22864"}],"wp:term":[{"taxonomy":"category","embeddable":true,"href":"https:\/\/semmelweis.hu\/emk\/wp-json\/wp\/v2\/categories?post=22864"},{"taxonomy":"post_tag","embeddable":true,"href":"https:\/\/semmelweis.hu\/emk\/wp-json\/wp\/v2\/tags?post=22864"}],"curies":[{"name":"wp","href":"https:\/\/api.w.org\/{rel}","templated":true}]}}