{"id":22752,"date":"2024-08-22T13:49:34","date_gmt":"2024-08-22T11:49:34","guid":{"rendered":"https:\/\/semmelweis.hu\/emk\/?page_id=22752"},"modified":"2024-08-23T14:19:51","modified_gmt":"2024-08-23T12:19:51","slug":"xpandh","status":"publish","type":"page","link":"https:\/\/semmelweis.hu\/emk\/szakertoi-tevekenyseg-projektek\/futo-projektek\/xpandh\/","title":{"rendered":"XpanDH"},"content":{"rendered":"<p style=\"text-align: center\"><strong>Expanding Digital Health through a pan-European <br \/>\nEEHRxF-based Ecosystem (XpanDH) <br \/>\n<\/strong><em><strong>A digit\u00e1lis eg\u00e9szs\u00e9g\u00fcgy kiterjeszt\u00e9se egy p\u00e1neur\u00f3pai <br \/>\nEEHRxF-alap\u00fa \u00f6kosziszt\u00e9ma r\u00e9v\u00e9n<\/strong><\/em><\/p>\n<p>2023.01.01.-2024.12.31.<\/p>\n<p><strong>Projekt tartalma, c\u00e9lja\/tartalmi \u00f6sszefoglal\u00f3ja:<\/strong><\/p>\n<p>Az <strong>XpanDH<\/strong> egy k\u00e9t\u00e9ves Horizon Europe projekt, amely az eur\u00f3pai eg\u00e9szs\u00e9g\u00fcgyi adatok teljes potenci\u00e1lj\u00e1nak kiakn\u00e1z\u00e1s\u00e1ra \u00e9s a digit\u00e1lis eg\u00e9szs\u00e9g\u00fcgyi megold\u00e1sok sz\u00e9lesk\u00f6r\u0171 alkalmaz\u00e1s\u00e1nak t\u00e1mogat\u00e1s\u00e1ra \u00f6sszpontos\u00edt.<\/p>\n<p>C\u00e9lja, hogy k\u00e9pess\u00e9 tegye az embereket \u00e9s szervezeteket a digit\u00e1lis eg\u00e9szs\u00e9g\u00fcgyi megold\u00e1sok l\u00e9trehoz\u00e1s\u00e1ra, alkalmaz\u00e1s\u00e1ra \u00e9s haszn\u00e1lat\u00e1nak felt\u00e1r\u00e1s\u00e1ra.<\/p>\n<p>A kit\u0171z\u00f6tt c\u00e9l megval\u00f3s\u00edt\u00e1sa \u00e9rdek\u00e9ben el\u0151mozd\u00edtja az eur\u00f3pai elektronikus eg\u00e9szs\u00e9g\u00fcgyi nyilv\u00e1ntart\u00e1si form\u00e1tum (EEHRxF) elfogad\u00e1s\u00e1t, amely lehet\u0151v\u00e9 teszi, hogy a k\u00fcl\u00f6nb\u00f6z\u0151 digit\u00e1lis eg\u00e9szs\u00e9g\u00fcgyi eszk\u00f6z\u00f6k kommunik\u00e1ljanak egym\u00e1ssal. Tov\u00e1bb\u00e1, az EEHRxF k\u00eds\u00e9rleti alkalmaz\u00f3inak (pilot partnerek) seg\u00edts\u00e9g\u00e9vel teszteli a megval\u00f3s\u00edthat\u00f3s\u00e1got referenciaeseteken kereszt\u00fcl (X-Bubbles).<\/p>\n<p><strong>V\u00e1rhat\u00f3 hat\u00e1sok, eredm\u00e9nyek:<\/strong><\/p>\n<ol>\n<li>A hat\u00e1rokon \u00e1tny\u00fal\u00f3 digit\u00e1lis eg\u00e9szs\u00e9g\u00fcgyi megold\u00e1sok jav\u00edt\u00e1sa az EU-ban a technikai er\u0151forr\u00e1sok fejleszt\u00e9s\u00e9vel \u00e9s a konkr\u00e9t felhaszn\u00e1l\u00e1si esetekre vonatkoz\u00f3 szabv\u00e1nyos\u00edtott m\u0171szaki el\u0151\u00edr\u00e1sok haszn\u00e1lat\u00e1nak el\u0151mozd\u00edt\u00e1s\u00e1val.<\/li>\n<li>Jobb hozz\u00e1f\u00e9r\u00e9s, ellen\u0151rz\u00e9s \u00e9s hordozhat\u00f3s\u00e1g az eg\u00e9szs\u00e9g\u00fcgyi adatok ter\u00e9n az EEHRxF specifik\u00e1ci\u00f3kon alapul\u00f3 digit\u00e1lis szolg\u00e1ltat\u00e1sok r\u00e9v\u00e9n.<\/li>\n<li>A politikai d\u00f6nt\u00e9shoz\u00f3k \u00e9s az e-eg\u00e9szs\u00e9g\u00fcgyi h\u00e1l\u00f3zat t\u00e1j\u00e9koztat\u00e1sa az EEHRxF-r\u0151l \u00e9s arr\u00f3l, hogyan lehet azt m\u00e1s felhaszn\u00e1l\u00e1si esetekre is kiterjeszteni.<\/li>\n<li>K\u00e9pz\u00e9si anyagok, speci\u00e1lis eszk\u00f6z\u00f6k, ir\u00e1nymutat\u00e1sok, mentorprogramok \u00e9s egy\u00fcttm\u0171k\u00f6d\u00e9si kezdem\u00e9nyez\u00e9sek biztos\u00edt\u00e1sa a k\u00fcl\u00f6nb\u00f6z\u0151 n\u00e9pess\u00e9gcsoportok sz\u00e1m\u00e1ra.<\/li>\n<\/ol>\n<p><strong>Projekt szerepl\u0151k:<\/strong><\/p>\n<p><strong>Projektvezet\u0151\/Konzorciumvezet\u0151:<\/strong> Iscte &#8211; University Institute of Lisbon<\/p>\n<p><strong>Az EMK szerepe a projektben:<\/strong> Az EMK t\u00e1rsult tagk\u00e9nt vesz r\u00e9szt a jogi, etikai, kiberbiztons\u00e1gi; az EHRxF-alap\u00fa infrastrukt\u00fara (X-Bundle) megval\u00f3s\u00edthat\u00f3s\u00e1gi demonstr\u00e1ci\u00f3j\u00e1val kapcsolatos, valamin az X-PanDH eszk\u00f6zcsomag n\u00e9pszer\u0171s\u00edt\u00e9s\u00e9vel \u00e9s fenntart\u00e1s\u00e1val kapcsolatos feladatokban.<\/p>\n<p><strong>Tov\u00e1bbi konzorciumi tagok\/partnerek:<\/strong><\/p>\n<ul>\n<li>Echalliance &#8211; The Global Health Connector<\/li>\n<li>Hope \u2013 European Hospital and Healthcare Federation<\/li>\n<li>HL7 International Foundation<\/li>\n<li>Gnomon Informatics SA<\/li>\n<li>Empirica<\/li>\n<li>Santo Ant\u00f3nio University Hospital Center<\/li>\n<li>IHD &#8211; The European Institute for Innovation through Health Data<\/li>\n<li>Greek DRG Institute \u2013 Center of Documentation and Costing of Hospital Services<\/li>\n<li>UNINOVA &#8211; Instituto de Desenvolvimento de Novas Tecnologias<\/li>\n<li>NCZI \u2013 National Health Information Centre<\/li>\n<li>IHE Europe \u2013 Integrating the Healthcare Enterprise<\/li>\n<li>EHMA \u2013 European Health Management Association<\/li>\n<li>University of Oslo<\/li>\n<li>Spitalul Clinic de Urgenta &#8222;Bagdasar-Arseni\u201d<\/li>\n<li>ARIA SpA &#8211; Regional Company for Innovation and Purchasing<\/li>\n<li>Digital Europe<\/li>\n<li>OKF\u0150 \u2013 Orsz\u00e1gos K\u00f3rh\u00e1zi F\u0151igazgat\u00f3s\u00e1g<\/li>\n<li>Cluster TAV \u2013 Tech For Life<\/li>\n<li>Nictiz<\/li>\n<li>EDHA \u2013 European Digital Health Academy<\/li>\n<li>CEN \u2013 Health Informatics TC251<\/li>\n<li>ASU FC &#8211; Azienda sanitaria universitaria Friuli Centrale<\/li>\n<li>European Cancer Patient Coalition<\/li>\n<\/ul>\n<p><strong>Projekt azonos\u00edt\u00f3 sz\u00e1ma:<\/strong> HORIZON-HLTH-2022-IND-13-05<\/p>\n<p><strong>Projekt weboldala:<\/strong> <a href=\"https:\/\/xpandh-project.iscte-iul.pt\/\" target=\"_blank\" rel=\"noopener\">https:\/\/xpandh-project.iscte-iul.pt\/<\/a><\/p>\n<p><strong>Projekt k\u00f6z\u00f6ss\u00e9gi oldalai:<\/strong><\/p>\n<ul>\n<li><a href=\"https:\/\/www.linkedin.com\/company\/xpandh-project\/\" target=\"_blank\" rel=\"noopener\">LinkedIn\u00a0<\/a><\/li>\n<li><a href=\"https:\/\/x.com\/https:\/\/twitter.com\/xpandh_project\" target=\"_blank\" rel=\"noopener\">X<\/a>\u00a0<\/li>\n<li><a href=\"https:\/\/podcasters.spotify.com\/pod\/show\/xpandh-project\" target=\"_blank\" rel=\"noopener\">Spotify<\/a><\/li>\n<\/ul>\n<p><strong>Projekt oldali kontakt:<\/strong><\/p>\n<p style=\"padding-left: 40px\">n\u00e9v: Henrique Martins project coordinator <br \/>\ne-mail: <a href=\"mailto:henrique@henriquemartins.eu\" target=\"_blank\" rel=\"noopener\">henrique@henriquemartins.eu<\/a><\/p>\n<p><strong>EMK kontakt:<\/strong><\/p>\n<p style=\"padding-left: 40px\">n\u00e9v: Dr. Kov\u00e1cs R\u00e9ka<br \/>\ne-mail: <a href=\"mailto:kovacs.reka@emk.semmelweis.hu\" target=\"_blank\" rel=\"noopener\">reka@emk.semmelweis.hu<\/a><\/p>\n<p><a href=\"https:\/\/semmelweis.hu\/emk\/files\/2024\/08\/XpanDH-logo-dark-title.png\"><img loading=\"lazy\" decoding=\"async\" class=\"aligncenter size-large wp-image-22789\" src=\"https:\/\/semmelweis.hu\/emk\/files\/2024\/08\/XpanDH-logo-dark-title-1024x338.png\" alt=\"XpanDH logo \" width=\"753\" height=\"249\" srcset=\"https:\/\/semmelweis.hu\/emk\/files\/2024\/08\/XpanDH-logo-dark-title-1024x338.png 1024w, https:\/\/semmelweis.hu\/emk\/files\/2024\/08\/XpanDH-logo-dark-title-400x132.png 400w, https:\/\/semmelweis.hu\/emk\/files\/2024\/08\/XpanDH-logo-dark-title-768x254.png 768w, https:\/\/semmelweis.hu\/emk\/files\/2024\/08\/XpanDH-logo-dark-title-753x249.png 753w, https:\/\/semmelweis.hu\/emk\/files\/2024\/08\/XpanDH-logo-dark-title.png 1428w\" sizes=\"auto, (max-width: 753px) 100vw, 753px\" \/><\/a><\/p>\n<p>&nbsp;<\/p>\n","protected":false},"excerpt":{"rendered":"<p>Expanding Digital Health through a pan-European EEHRxF-based Ecosystem (XpanDH) A digit\u00e1lis eg\u00e9szs\u00e9g\u00fcgy kiterjeszt\u00e9se egy p\u00e1neur\u00f3pai EEHRxF-alap\u00fa \u00f6kosziszt\u00e9ma r\u00e9v\u00e9n 2023.01.01.-2024.12.31. Projekt tartalma, c\u00e9lja\/tartalmi \u00f6sszefoglal\u00f3ja: Az XpanDH egy k\u00e9t\u00e9ves Horizon Europe projekt, amely az eur\u00f3pai eg\u00e9szs\u00e9g\u00fcgyi adatok teljes potenci\u00e1lj\u00e1nak kiakn\u00e1z\u00e1s\u00e1ra \u00e9s a digit\u00e1lis eg\u00e9szs\u00e9g\u00fcgyi megold\u00e1sok sz\u00e9lesk\u00f6r\u0171 alkalmaz\u00e1s\u00e1nak t\u00e1mogat\u00e1s\u00e1ra \u00f6sszpontos\u00edt. C\u00e9lja, hogy k\u00e9pess\u00e9 tegye az embereket \u00e9s szervezeteket &hellip;<\/p>\n","protected":false},"author":102350,"featured_media":22753,"parent":15842,"menu_order":11,"comment_status":"closed","ping_status":"closed","template":"","meta":{"_acf_changed":false,"footnotes":""},"categories":[],"tags":[],"class_list":["post-22752","page","type-page","status-publish","has-post-thumbnail","hentry"],"acf":[],"_links":{"self":[{"href":"https:\/\/semmelweis.hu\/emk\/wp-json\/wp\/v2\/pages\/22752","targetHints":{"allow":["GET"]}}],"collection":[{"href":"https:\/\/semmelweis.hu\/emk\/wp-json\/wp\/v2\/pages"}],"about":[{"href":"https:\/\/semmelweis.hu\/emk\/wp-json\/wp\/v2\/types\/page"}],"author":[{"embeddable":true,"href":"https:\/\/semmelweis.hu\/emk\/wp-json\/wp\/v2\/users\/102350"}],"replies":[{"embeddable":true,"href":"https:\/\/semmelweis.hu\/emk\/wp-json\/wp\/v2\/comments?post=22752"}],"version-history":[{"count":7,"href":"https:\/\/semmelweis.hu\/emk\/wp-json\/wp\/v2\/pages\/22752\/revisions"}],"predecessor-version":[{"id":22791,"href":"https:\/\/semmelweis.hu\/emk\/wp-json\/wp\/v2\/pages\/22752\/revisions\/22791"}],"up":[{"embeddable":true,"href":"https:\/\/semmelweis.hu\/emk\/wp-json\/wp\/v2\/pages\/15842"}],"wp:featuredmedia":[{"embeddable":true,"href":"https:\/\/semmelweis.hu\/emk\/wp-json\/wp\/v2\/media\/22753"}],"wp:attachment":[{"href":"https:\/\/semmelweis.hu\/emk\/wp-json\/wp\/v2\/media?parent=22752"}],"wp:term":[{"taxonomy":"category","embeddable":true,"href":"https:\/\/semmelweis.hu\/emk\/wp-json\/wp\/v2\/categories?post=22752"},{"taxonomy":"post_tag","embeddable":true,"href":"https:\/\/semmelweis.hu\/emk\/wp-json\/wp\/v2\/tags?post=22752"}],"curies":[{"name":"wp","href":"https:\/\/api.w.org\/{rel}","templated":true}]}}