{"id":22749,"date":"2024-08-22T13:22:48","date_gmt":"2024-08-22T11:22:48","guid":{"rendered":"https:\/\/semmelweis.hu\/emk\/?page_id=22749"},"modified":"2024-09-16T13:43:46","modified_gmt":"2024-09-16T11:43:46","slug":"xt-ehr","status":"publish","type":"page","link":"https:\/\/semmelweis.hu\/emk\/en\/projects\/ongoing-projects\/xt-ehr\/","title":{"rendered":"Xt-Ehr"},"content":{"rendered":"<p style=\"text-align: center\"><strong>Extended EHR@EU Data Space for Primary Use (Xt-Ehr)<\/strong><\/p>\n<p>01\/11\/2023-30\/04\/2026<\/p>\n<p><strong>About the project:<\/strong><\/p>\n<p style=\"text-align: justify\"><strong>Xt-Ehr<\/strong> is a Joint Action to facilitate the implementation of the EHDS (European Health Data Space) cross-border data exchange and the establishment of its implementing guidelines. The project aims to develop clear guidelines to enhance patient care, simplify data exchange and improve the overall efficiency of the healthcare ecosystem. To achieve this goal, it will promote better exchange and access to different types of health data and enable the smooth adoption and implementation of the EHDS Regulation.<\/p>\n<p style=\"text-align: justify\">It will also prepare the implementation of new <strong>MyHealth@EU<\/strong> services (laboratory results, medical images, hospital discharge reports); interoperability of electronic health records, telemedicine, relevant health software, electronic identification; quality assessment of mobile wellness applications; and guidelines on how to meet the data requirements of the AI Regulation.<\/p>\n<p style=\"text-align: justify\">Key work packages: developing guidelines and technical specifications for electronic health record (EHR) systems (WP5, 6 and 7) and developing certification frameworks and promoting the uptake of telemedicine services (WP8 and 9).<\/p>\n<p><strong>Project members:<\/strong><\/p>\n<p><strong>Project leader\/Consortium leader<\/strong>: Ethniki Archi Ilektronikis Igeias (CY)<\/p>\n<p style=\"text-align: justify\"><strong>Role of HSMTC<\/strong>: HMSTC is participating as an associate member in the development of the WP4 T4.2 Sustainability plan led by the ESZFK (Eg\u00e9szs\u00e9ginformatikai Szolg\u00e1ltat\u00f3 \u00e9s Fejleszt\u00e9si K\u00f6zpont) and the Czech competent authority, with the final document expected by the end of 2025. In this task, the partners will develop EHDS-compliant requirements for the different levels of interoperability (technical, semantic, organizational, legal and policy), define the essential minimum requirements and suggestions for a harmonized and progressive implementation of the requirements.<\/p>\n<p><strong>Project number:<\/strong> 101128085<\/p>\n<p><strong>Webpage<\/strong>: <a href=\"https:\/\/www.xt-ehr.eu\/\">https:\/\/www.xt-ehr.eu\/<\/a><\/p>\n<p><strong>Social media: <\/strong><a href=\"https:\/\/www.linkedin.com\/company\/xt-ehr-project\/\" target=\"_blank\" rel=\"noopener\">LinkedIn<\/a><\/p>\n<p><strong>Project contact:<\/strong><\/p>\n<p style=\"padding-left: 40px\">Name: Andreas Neocleous<br \/>\nE-mail: <a href=\"mailto:neocleous.andreas@ucy.ac.cy\" target=\"_blank\" rel=\"noopener\">neocleous.andreas@ucy.ac.cy<\/a><\/p>\n<p><strong>HSMTC contact:<\/strong><\/p>\n<p style=\"padding-left: 40px\">Name: Dr. R\u00e9ka Kov\u00e1cs<br \/>\nE-mail: <a href=\"mailto:kovacs.reka@emk.semmelweis.hu\" target=\"_blank\" rel=\"noopener\">kovacs.reka@emk.semmelweis.hu<\/a><\/p>\n<p><a href=\"https:\/\/semmelweis.hu\/emk\/files\/2024\/08\/01-Xt-EHR-logo.png\"><img loading=\"lazy\" decoding=\"async\" class=\"aligncenter size-large wp-image-22746\" src=\"https:\/\/semmelweis.hu\/emk\/files\/2024\/08\/01-Xt-EHR-logo-1024x451.png\" alt=\"Extended EHR@EU Data Space for Primary Use (Xt-Ehr)\" width=\"753\" height=\"332\" srcset=\"https:\/\/semmelweis.hu\/emk\/files\/2024\/08\/01-Xt-EHR-logo-1024x451.png 1024w, https:\/\/semmelweis.hu\/emk\/files\/2024\/08\/01-Xt-EHR-logo-400x176.png 400w, https:\/\/semmelweis.hu\/emk\/files\/2024\/08\/01-Xt-EHR-logo-768x338.png 768w, https:\/\/semmelweis.hu\/emk\/files\/2024\/08\/01-Xt-EHR-logo-753x332.png 753w, https:\/\/semmelweis.hu\/emk\/files\/2024\/08\/01-Xt-EHR-logo.png 1114w\" sizes=\"auto, (max-width: 753px) 100vw, 753px\" \/><\/a><\/p>\n","protected":false},"excerpt":{"rendered":"<p>Extended EHR@EU Data Space for Primary Use (Xt-Ehr) 01\/11\/2023-30\/04\/2026 About the project: Xt-Ehr is a Joint Action to facilitate the implementation of the EHDS (European Health Data Space) cross-border data exchange and the establishment of its implementing guidelines. The project aims to develop clear guidelines to enhance patient care, simplify data exchange and improve the &hellip;<\/p>\n","protected":false},"author":102350,"featured_media":22746,"parent":16026,"menu_order":0,"comment_status":"closed","ping_status":"closed","template":"","meta":{"_acf_changed":false,"footnotes":""},"categories":[],"tags":[],"class_list":["post-22749","page","type-page","status-publish","has-post-thumbnail","hentry"],"acf":[],"_links":{"self":[{"href":"https:\/\/semmelweis.hu\/emk\/wp-json\/wp\/v2\/pages\/22749","targetHints":{"allow":["GET"]}}],"collection":[{"href":"https:\/\/semmelweis.hu\/emk\/wp-json\/wp\/v2\/pages"}],"about":[{"href":"https:\/\/semmelweis.hu\/emk\/wp-json\/wp\/v2\/types\/page"}],"author":[{"embeddable":true,"href":"https:\/\/semmelweis.hu\/emk\/wp-json\/wp\/v2\/users\/102350"}],"replies":[{"embeddable":true,"href":"https:\/\/semmelweis.hu\/emk\/wp-json\/wp\/v2\/comments?post=22749"}],"version-history":[{"count":6,"href":"https:\/\/semmelweis.hu\/emk\/wp-json\/wp\/v2\/pages\/22749\/revisions"}],"predecessor-version":[{"id":22893,"href":"https:\/\/semmelweis.hu\/emk\/wp-json\/wp\/v2\/pages\/22749\/revisions\/22893"}],"up":[{"embeddable":true,"href":"https:\/\/semmelweis.hu\/emk\/wp-json\/wp\/v2\/pages\/16026"}],"wp:featuredmedia":[{"embeddable":true,"href":"https:\/\/semmelweis.hu\/emk\/wp-json\/wp\/v2\/media\/22746"}],"wp:attachment":[{"href":"https:\/\/semmelweis.hu\/emk\/wp-json\/wp\/v2\/media?parent=22749"}],"wp:term":[{"taxonomy":"category","embeddable":true,"href":"https:\/\/semmelweis.hu\/emk\/wp-json\/wp\/v2\/categories?post=22749"},{"taxonomy":"post_tag","embeddable":true,"href":"https:\/\/semmelweis.hu\/emk\/wp-json\/wp\/v2\/tags?post=22749"}],"curies":[{"name":"wp","href":"https:\/\/api.w.org\/{rel}","templated":true}]}}