{"id":22745,"date":"2024-08-22T13:08:20","date_gmt":"2024-08-22T11:08:20","guid":{"rendered":"https:\/\/semmelweis.hu\/emk\/?page_id=22745"},"modified":"2024-09-16T13:15:27","modified_gmt":"2024-09-16T11:15:27","slug":"xt-ehr","status":"publish","type":"page","link":"https:\/\/semmelweis.hu\/emk\/szakertoi-tevekenyseg-projektek\/futo-projektek\/xt-ehr\/","title":{"rendered":"Xt-Ehr"},"content":{"rendered":"<p style=\"text-align: center\"><strong>Extended EHR@EU Data Space for Primary Use (Xt-Ehr)<br \/>\n<\/strong><em><strong>Kib\u0151v\u00edtett EHR@EU adatt\u00e9r els\u0151dleges haszn\u00e1latra<\/strong><\/em><\/p>\n<p>2023.11.01-2026.04.30.<\/p>\n<p><strong>Projekt tartalma, c\u00e9lja\/tartalmi \u00f6sszefoglal\u00f3ja: <\/strong><\/p>\n<p style=\"text-align: justify\">Az <strong>Xt-Ehr<\/strong> az EHDS (Eur\u00f3pai Eg\u00e9szs\u00e9g\u00fcgyi Adatt\u00e9r) hat\u00e1ron \u00e1tny\u00fal\u00f3 adatcsere megval\u00f3sul\u00e1s\u00e1nak, v\u00e9grehajt\u00e1si r\u00e9szletszab\u00e1lyainak el\u0151seg\u00edt\u00e9s\u00e9t szolg\u00e1l\u00f3 Joint Action.<\/p>\n<p style=\"text-align: justify\">A projekt c\u00e9lja egy\u00e9rtelm\u0171 ir\u00e1nyelvek kidolgoz\u00e1sa a betegell\u00e1t\u00e1s fokoz\u00e1s\u00e1ra, az adatcsere egyszer\u0171s\u00edt\u00e9s\u00e9re \u00e9s az eg\u00e9szs\u00e9g\u00fcgyi \u00f6kosziszt\u00e9ma \u00e1ltal\u00e1nos hat\u00e9konys\u00e1g\u00e1nak jav\u00edt\u00e1s\u00e1ra. A kit\u0171z\u00f6tt c\u00e9l el\u00e9r\u00e9se \u00e9rdek\u00e9ben el\u0151mozd\u00edtja a k\u00fcl\u00f6nb\u00f6z\u0151 t\u00edpus\u00fa eg\u00e9szs\u00e9g\u00fcgyi adatok jobb cser\u00e9j\u00e9t, \u00e9s az ezekhez val\u00f3 hozz\u00e1f\u00e9r\u00e9st, valamint lehet\u0151v\u00e9 teszi az EHDS rendelet z\u00f6kken\u0151mentes elfogad\u00e1s\u00e1t \u00e9s v\u00e9grehajt\u00e1s\u00e1t.<\/p>\n<p style=\"text-align: justify\">El\u0151k\u00e9sz\u00edti tov\u00e1bb\u00e1 a <strong>MyHealth@EU<\/strong> \u00faj szolg\u00e1ltat\u00e1sainak (laboreredm\u00e9nyek, k\u00e9palkot\u00f3 elj\u00e1r\u00e1sok eredm\u00e9nyei, z\u00e1r\u00f3jelent\u00e9s) megval\u00f3s\u00edt\u00e1s\u00e1t; az elektronikus eg\u00e9szs\u00e9g\u00fcgyi nyilv\u00e1ntart\u00e1sok, a telemedicina, a vonatkoz\u00f3 eg\u00e9szs\u00e9g\u00fcgyi szoftverek, az elektronikus azonos\u00edt\u00e1s interoperabilit\u00e1s\u00e1t; a mobil wellness-alkalmaz\u00e1sok min\u0151s\u00e9g\u00e9nek \u00e9rt\u00e9kel\u00e9s\u00e9t; valamint a mesters\u00e9ges intelligenci\u00e1r\u00f3l sz\u00f3l\u00f3 rendeletben meghat\u00e1rozott adatszolg\u00e1ltat\u00e1si k\u00f6vetelm\u00e9nyek teljes\u00edt\u00e9s\u00e9nek m\u00f3djaira vonatkoz\u00f3 ir\u00e1nymutat\u00e1sokat.<\/p>\n<p style=\"text-align: justify\">F\u0151bb munkacsomagok: az elektronikus eg\u00e9szs\u00e9g\u00fcgyi nyilv\u00e1ntart\u00f3 rendszerekre (EHR) vonatkoz\u00f3 ir\u00e1nymutat\u00e1sok \u00e9s m\u0171szaki el\u0151\u00edr\u00e1sok kidolgoz\u00e1sa (5., 6. \u00e9s 7. WP), valamint a tan\u00fas\u00edt\u00e1si keretrendszerek kidolgoz\u00e1s\u00e1ra \u00e9s a telemedicin\u00e1lis szolg\u00e1ltat\u00e1sok elterjed\u00e9s\u00e9nek el\u0151mozd\u00edt\u00e1s\u00e1ra (8. \u00e9s 9. WP).<\/p>\n<p><strong>Projekt szerepl\u0151k:<\/strong><\/p>\n<p style=\"text-align: justify\"><strong>Projektvezet\u0151\/Konzorciumvezet\u0151<\/strong>: Ethniki Archi Ilektronikis Igeias (CY)<\/p>\n<p style=\"text-align: justify\"><strong>Az EMK szerepe a projektben<\/strong>: Az EMK t\u00e1rsult tagk\u00e9nt r\u00e9szt vesz az ESZFK \u00e9s a cseh kompetens hat\u00f3s\u00e1g \u00e1ltal vezetett WP4 T4.2 Sustainability plan kidolgoz\u00e1s\u00e1ban, a v\u00e9gleges dokumentum 2025. v\u00e9g\u00e9re v\u00e1rhat\u00f3. <br \/>\nA feladat keret\u00e9ben a partnerek kidolgozz\u00e1k az EHDS-nek megfelel\u0151 k\u00f6vetelm\u00e9nyeket az interoperabilit\u00e1s k\u00fcl\u00f6nb\u00f6z\u0151 szintjeire vonatkoz\u00f3an (technikai, szemantikai, szervezeti, jogi \u00e9s szakpolitikai), tov\u00e1bb\u00e1 meghat\u00e1rozz\u00e1k a sz\u00fcks\u00e9ges minimumk\u00f6vetelm\u00e9nyeket \u00e9s a k\u00f6vetelm\u00e9nyek harmoniz\u00e1lt, fokozatos v\u00e9grehajt\u00e1s\u00e1ra vonatkoz\u00f3 javaslatokat.<\/p>\n<p><strong>Projekt azonos\u00edt\u00f3 sz\u00e1ma:<\/strong> 101128085<\/p>\n<p><strong>Projekt weboldala:<\/strong> <a href=\"https:\/\/www.xt-ehr.eu\/\">https:\/\/www.xt-ehr.eu\/<\/a><\/p>\n<p><strong>Projekt k\u00f6z\u00f6ss\u00e9gi oldala: <\/strong><a href=\"https:\/\/www.linkedin.com\/company\/xt-ehr-project\/\" target=\"_blank\" rel=\"noopener\">LinkedIn<\/a><\/p>\n<p><strong>Projekt oldali kontakt:<\/strong><\/p>\n<p style=\"padding-left: 40px\">n\u00e9v: Andreas Neocleous<br \/>\ne-mail: <a href=\"mailto:neocleous.andreas@ucy.ac.cy\" target=\"_blank\" rel=\"noopener\">neocleous.andreas@ucy.ac.cy<\/a><\/p>\n<p><strong>EMK kontakt:<\/strong><\/p>\n<p style=\"padding-left: 40px\">n\u00e9v: Dr. Kov\u00e1cs R\u00e9ka<br \/>\ne-mail: <a href=\"mailto:kovacs.reka@emk.semmelweis.hu\" target=\"_blank\" rel=\"noopener\">kovacs.reka@emk.semmelweis.hu<\/a><\/p>\n<p><a href=\"https:\/\/semmelweis.hu\/emk\/files\/2024\/08\/01-Xt-EHR-logo.png\"><img loading=\"lazy\" decoding=\"async\" class=\"aligncenter wp-image-22746 size-large\" src=\"https:\/\/semmelweis.hu\/emk\/files\/2024\/08\/01-Xt-EHR-logo-1024x451.png\" alt=\"Extended EHR@EU Data Space for Primary Use (Xt-Ehr)\" width=\"753\" height=\"332\" srcset=\"https:\/\/semmelweis.hu\/emk\/files\/2024\/08\/01-Xt-EHR-logo-1024x451.png 1024w, https:\/\/semmelweis.hu\/emk\/files\/2024\/08\/01-Xt-EHR-logo-400x176.png 400w, https:\/\/semmelweis.hu\/emk\/files\/2024\/08\/01-Xt-EHR-logo-768x338.png 768w, https:\/\/semmelweis.hu\/emk\/files\/2024\/08\/01-Xt-EHR-logo-753x332.png 753w, https:\/\/semmelweis.hu\/emk\/files\/2024\/08\/01-Xt-EHR-logo.png 1114w\" sizes=\"auto, (max-width: 753px) 100vw, 753px\" \/><\/a><\/p>\n","protected":false},"excerpt":{"rendered":"<p>Extended EHR@EU Data Space for Primary Use (Xt-Ehr) Kib\u0151v\u00edtett EHR@EU adatt\u00e9r els\u0151dleges haszn\u00e1latra 2023.11.01-2026.04.30. Projekt tartalma, c\u00e9lja\/tartalmi \u00f6sszefoglal\u00f3ja: Az Xt-Ehr az EHDS (Eur\u00f3pai Eg\u00e9szs\u00e9g\u00fcgyi Adatt\u00e9r) hat\u00e1ron \u00e1tny\u00fal\u00f3 adatcsere megval\u00f3sul\u00e1s\u00e1nak, v\u00e9grehajt\u00e1si r\u00e9szletszab\u00e1lyainak el\u0151seg\u00edt\u00e9s\u00e9t szolg\u00e1l\u00f3 Joint Action. A projekt c\u00e9lja egy\u00e9rtelm\u0171 ir\u00e1nyelvek kidolgoz\u00e1sa a betegell\u00e1t\u00e1s fokoz\u00e1s\u00e1ra, az adatcsere egyszer\u0171s\u00edt\u00e9s\u00e9re \u00e9s az eg\u00e9szs\u00e9g\u00fcgyi \u00f6kosziszt\u00e9ma \u00e1ltal\u00e1nos hat\u00e9konys\u00e1g\u00e1nak jav\u00edt\u00e1s\u00e1ra. A &hellip;<\/p>\n","protected":false},"author":102350,"featured_media":22746,"parent":15842,"menu_order":0,"comment_status":"closed","ping_status":"closed","template":"","meta":{"_acf_changed":false,"footnotes":""},"categories":[],"tags":[],"class_list":["post-22745","page","type-page","status-publish","has-post-thumbnail","hentry"],"acf":[],"_links":{"self":[{"href":"https:\/\/semmelweis.hu\/emk\/wp-json\/wp\/v2\/pages\/22745","targetHints":{"allow":["GET"]}}],"collection":[{"href":"https:\/\/semmelweis.hu\/emk\/wp-json\/wp\/v2\/pages"}],"about":[{"href":"https:\/\/semmelweis.hu\/emk\/wp-json\/wp\/v2\/types\/page"}],"author":[{"embeddable":true,"href":"https:\/\/semmelweis.hu\/emk\/wp-json\/wp\/v2\/users\/102350"}],"replies":[{"embeddable":true,"href":"https:\/\/semmelweis.hu\/emk\/wp-json\/wp\/v2\/comments?post=22745"}],"version-history":[{"count":6,"href":"https:\/\/semmelweis.hu\/emk\/wp-json\/wp\/v2\/pages\/22745\/revisions"}],"predecessor-version":[{"id":22871,"href":"https:\/\/semmelweis.hu\/emk\/wp-json\/wp\/v2\/pages\/22745\/revisions\/22871"}],"up":[{"embeddable":true,"href":"https:\/\/semmelweis.hu\/emk\/wp-json\/wp\/v2\/pages\/15842"}],"wp:featuredmedia":[{"embeddable":true,"href":"https:\/\/semmelweis.hu\/emk\/wp-json\/wp\/v2\/media\/22746"}],"wp:attachment":[{"href":"https:\/\/semmelweis.hu\/emk\/wp-json\/wp\/v2\/media?parent=22745"}],"wp:term":[{"taxonomy":"category","embeddable":true,"href":"https:\/\/semmelweis.hu\/emk\/wp-json\/wp\/v2\/categories?post=22745"},{"taxonomy":"post_tag","embeddable":true,"href":"https:\/\/semmelweis.hu\/emk\/wp-json\/wp\/v2\/tags?post=22745"}],"curies":[{"name":"wp","href":"https:\/\/api.w.org\/{rel}","templated":true}]}}