{"id":22598,"date":"2024-07-19T10:45:35","date_gmt":"2024-07-19T08:45:35","guid":{"rendered":"https:\/\/semmelweis.hu\/emk\/?page_id=22598"},"modified":"2025-10-16T13:05:44","modified_gmt":"2025-10-16T11:05:44","slug":"showup4health","status":"publish","type":"page","link":"https:\/\/semmelweis.hu\/emk\/en\/projects\/ongoing-projects\/showup4health\/","title":{"rendered":"ShowUp4Health"},"content":{"rendered":"<p style=\"text-align: center\"><strong>ShowUp4Health<\/strong><\/p>\n<p><strong>Project name<\/strong>: Building Trust in Roma Communities and Internally Displaced People for NCD Prevention<\/p>\n<p><strong>Project Acronym:<\/strong> ShowUp4Health<\/p>\n<p><strong>Program:<\/strong> EU4HEALTH<\/p>\n<p>2023.12.01-2026.11.30.<\/p>\n<p><strong>About the project:<\/strong><\/p>\n<p style=\"text-align: justify\">Social and environmental health determinants impact the health ecosystem of vulnerable groups. In Central and Eastern Europe, Roma communities are among the most vulnerable and segregated groups. Cultural characteristics, poverty, and a distrust of systemic structures lead Roma groups to face widespread health inequalities, such as low health literacy and a low willingness to adhere to medical protocols. These health determinants then directly contribute to the Roma community\u2019s increased risk for developing non-communicable diseases (NCDs).<\/p>\n<p style=\"text-align: justify\">ShowUp4Health believes that communities that synergize medical and social interventions can use this as a tool to build trust and facilitate higher levels of health literacy in vulnerable groups like the Roma. Cross-sectoral partnerships of stakeholders in support of vulnerable communities can also bring expertise, cooperation and resources to address complex NCD strands.<\/p>\n<p style=\"text-align: justify\">The general objective of ShowUp4Health aims to address social and environmental health determinants contributing to the increased risk of NCDs in vulnerable groups (primarily Roma communities and secondarily IDPs). This will be achieved through the development of an Integrated Social-Healthcare Development Methodology (Integrated Methodology) for organizations working with vulnerable people. This methodology will complement the Member States\u2019 efforts in integration, introduction, dissemination, and implementation of best practices.<\/p>\n<p><strong>Project members:<\/strong><\/p>\n<p style=\"padding-left: 40px\"><strong>Project leader:<\/strong> Hungarian Charity Service of the Order of Malta<\/p>\n<p style=\"padding-left: 40px\"><strong>Role of HSMTC:<\/strong> Associated Partner<\/p>\n<p style=\"padding-left: 40px\"><strong>Consortium members:<\/strong><\/p>\n<ul>\n<li>Health &amp; Social Development Foundation (HESED), Bulgaria<\/li>\n<li>Order of Malta Relief Organisation in Romania (SAMR), Romania<\/li>\n<li>Centre for Health and Development Murska Sobota (CHD MS), Slovenia<\/li>\n<li>International Family Medicine Clinic for Internally Displaced People (FMC), Ukraine<\/li>\n<\/ul>\n<p><a href=\"https:\/\/semmelweis.hu\/emk\/files\/2024\/07\/S4H_terkep_kis.png\"><img loading=\"lazy\" decoding=\"async\" class=\"aligncenter size-large wp-image-22590\" src=\"https:\/\/semmelweis.hu\/emk\/files\/2024\/07\/S4H_terkep_kis-1024x713.png\" alt=\"ShowUp4Health t\u00e9rk\u00e9p\" width=\"753\" height=\"524\" srcset=\"https:\/\/semmelweis.hu\/emk\/files\/2024\/07\/S4H_terkep_kis-1024x713.png 1024w, https:\/\/semmelweis.hu\/emk\/files\/2024\/07\/S4H_terkep_kis-400x278.png 400w, https:\/\/semmelweis.hu\/emk\/files\/2024\/07\/S4H_terkep_kis-768x534.png 768w, https:\/\/semmelweis.hu\/emk\/files\/2024\/07\/S4H_terkep_kis-753x524.png 753w, https:\/\/semmelweis.hu\/emk\/files\/2024\/07\/S4H_terkep_kis.png 1200w\" sizes=\"auto, (max-width: 753px) 100vw, 753px\" \/><\/a><\/p>\n<p><strong>Project number:<\/strong> 101129427<\/p>\n<p><strong>Website: <\/strong><a href=\"http:\/\/s4h.maltai.hu\/\" target=\"_blank\" rel=\"noopener\">http:\/\/s4h.maltai.hu\/<\/a><\/p>\n<p><a href=\"https:\/\/health.ec.europa.eu\/non-communicable-diseases\/cancer\/europes-beating-cancer-plan-eu4health-financed-projects\/projects\/showup4health_en\" target=\"_blank\" rel=\"noopener\"><strong>More information<\/strong><\/a>\u00a0<\/p>\n<p><strong>Social media profiles of the project:<\/strong><\/p>\n<p style=\"padding-left: 40px\"><a href=\"https:\/\/www.facebook.com\/profile.php?id=61560621023526\" target=\"_blank\" rel=\"noopener\">Facebook\u00a0<\/a><\/p>\n<p style=\"padding-left: 40px\"><a href=\"https:\/\/www.linkedin.com\/company\/showup4health\/about\/\" target=\"_blank\" rel=\"noopener\">LinkedIn<\/a>\u00a0<\/p>\n<p><strong>HSMTC contacts:<\/strong><\/p>\n<p style=\"padding-left: 40px\">Endre P\u00e1sztor <a href=\"mailto:pasztor.endre@emk.semmelweis.hu\" target=\"_blank\" rel=\"noopener\">pasztor.endre@emk.semmelweis.hu<\/a><\/p>\n<p style=\"padding-left: 40px\">Szilvia \u00c1d\u00e1m <a href=\"mailto:adam.szilvia@emk.semmelweis.hu\" target=\"_blank\" rel=\"noopener\">adam.szilvia@emk.semmelweis.hu<\/a><\/p>\n<p><a href=\"https:\/\/semmelweis.hu\/emk\/files\/2024\/03\/ShowUp4Health_logo.jpg\"><img loading=\"lazy\" decoding=\"async\" class=\"aligncenter  wp-image-21883\" src=\"https:\/\/semmelweis.hu\/emk\/files\/2024\/03\/ShowUp4Health_logo.jpg\" alt=\"Showup4health project logo\" width=\"472\" height=\"334\" srcset=\"https:\/\/semmelweis.hu\/emk\/files\/2024\/03\/ShowUp4Health_logo.jpg 1000w, https:\/\/semmelweis.hu\/emk\/files\/2024\/03\/ShowUp4Health_logo-400x283.jpg 400w, https:\/\/semmelweis.hu\/emk\/files\/2024\/03\/ShowUp4Health_logo-768x543.jpg 768w, https:\/\/semmelweis.hu\/emk\/files\/2024\/03\/ShowUp4Health_logo-753x532.jpg 753w\" sizes=\"auto, (max-width: 472px) 100vw, 472px\" \/><\/a><\/p>\n<p><img loading=\"lazy\" decoding=\"async\" class=\"aligncenter  wp-image-26117\" src=\"https:\/\/semmelweis.hu\/emk\/files\/2024\/03\/NKFIA_infoblokk_projekt_allo_.png\" alt=\"NKFI alapb\u00f3l megval\u00f3sul\u00f3 projekt\" width=\"438\" height=\"279\" srcset=\"https:\/\/semmelweis.hu\/emk\/files\/2024\/03\/NKFIA_infoblokk_projekt_allo_.png 685w, https:\/\/semmelweis.hu\/emk\/files\/2024\/03\/NKFIA_infoblokk_projekt_allo_-400x255.png 400w\" sizes=\"auto, (max-width: 438px) 100vw, 438px\" \/><\/p>\n","protected":false},"excerpt":{"rendered":"<p>ShowUp4Health Project name: Building Trust in Roma Communities and Internally Displaced People for NCD Prevention Project Acronym: ShowUp4Health Program: EU4HEALTH 2023.12.01-2026.11.30. About the project: Social and environmental health determinants impact the health ecosystem of vulnerable groups. In Central and Eastern Europe, Roma communities are among the most vulnerable and segregated groups. Cultural characteristics, poverty, and &hellip;<\/p>\n","protected":false},"author":102350,"featured_media":21883,"parent":16026,"menu_order":8,"comment_status":"closed","ping_status":"closed","template":"","meta":{"_acf_changed":false,"footnotes":""},"categories":[],"tags":[276],"class_list":["post-22598","page","type-page","status-publish","has-post-thumbnail","hentry","tag-showup4health"],"acf":[],"_links":{"self":[{"href":"https:\/\/semmelweis.hu\/emk\/wp-json\/wp\/v2\/pages\/22598","targetHints":{"allow":["GET"]}}],"collection":[{"href":"https:\/\/semmelweis.hu\/emk\/wp-json\/wp\/v2\/pages"}],"about":[{"href":"https:\/\/semmelweis.hu\/emk\/wp-json\/wp\/v2\/types\/page"}],"author":[{"embeddable":true,"href":"https:\/\/semmelweis.hu\/emk\/wp-json\/wp\/v2\/users\/102350"}],"replies":[{"embeddable":true,"href":"https:\/\/semmelweis.hu\/emk\/wp-json\/wp\/v2\/comments?post=22598"}],"version-history":[{"count":8,"href":"https:\/\/semmelweis.hu\/emk\/wp-json\/wp\/v2\/pages\/22598\/revisions"}],"predecessor-version":[{"id":26125,"href":"https:\/\/semmelweis.hu\/emk\/wp-json\/wp\/v2\/pages\/22598\/revisions\/26125"}],"up":[{"embeddable":true,"href":"https:\/\/semmelweis.hu\/emk\/wp-json\/wp\/v2\/pages\/16026"}],"wp:featuredmedia":[{"embeddable":true,"href":"https:\/\/semmelweis.hu\/emk\/wp-json\/wp\/v2\/media\/21883"}],"wp:attachment":[{"href":"https:\/\/semmelweis.hu\/emk\/wp-json\/wp\/v2\/media?parent=22598"}],"wp:term":[{"taxonomy":"category","embeddable":true,"href":"https:\/\/semmelweis.hu\/emk\/wp-json\/wp\/v2\/categories?post=22598"},{"taxonomy":"post_tag","embeddable":true,"href":"https:\/\/semmelweis.hu\/emk\/wp-json\/wp\/v2\/tags?post=22598"}],"curies":[{"name":"wp","href":"https:\/\/api.w.org\/{rel}","templated":true}]}}