{"id":22591,"date":"2024-07-19T10:08:54","date_gmt":"2024-07-19T08:08:54","guid":{"rendered":"https:\/\/semmelweis.hu\/emk\/?page_id=22591"},"modified":"2025-10-16T10:40:18","modified_gmt":"2025-10-16T08:40:18","slug":"showup4health","status":"publish","type":"page","link":"https:\/\/semmelweis.hu\/emk\/szakertoi-tevekenyseg-projektek\/futo-projektek\/showup4health\/","title":{"rendered":"ShowUp4Health"},"content":{"rendered":"<p style=\"text-align: center\"><strong>ShowUp4Health<\/strong><\/p>\n<p><strong>Projekt c\u00edme:<\/strong> Building Trust in Roma Communities and Internally Displaced People for NCD Prevention<\/p>\n<p><strong>Projekt r\u00f6vid neve:<\/strong> ShowUp4Health<\/p>\n<p><strong>Program:<\/strong> EU4HEALTH<\/p>\n<p><strong>Id\u0151tartam:<\/strong> 2023.12.01-2026.11.30.<\/p>\n<p><strong>Projekt tartalma, c\u00e9lja:<\/strong><\/p>\n<p style=\"text-align: justify\">A t\u00e1rsadalmi \u00e9s k\u00f6rnyezeti eg\u00e9szs\u00e9gmeghat\u00e1roz\u00f3 t\u00e9nyez\u0151k hat\u00e1ssal vannak a vesz\u00e9lyeztetett csoportok eg\u00e9szs\u00e9g\u00fcgyi \u00f6kosziszt\u00e9m\u00e1j\u00e1ra. K\u00f6z\u00e9p- \u00e9s Kelet-Eur\u00f3p\u00e1ban a roma k\u00f6z\u00f6ss\u00e9gek a legsebezhet\u0151bb \u00e9s legink\u00e1bb szegreg\u00e1lt csoportok k\u00f6z\u00e9 tartoznak. A kultur\u00e1lis saj\u00e1toss\u00e1gok, a szeg\u00e9nys\u00e9g \u00e9s a rendszerszint\u0171 strukt\u00far\u00e1kkal szembeni bizalmatlans\u00e1g miatt a roma csoportok s\u00falyos h\u00e1tr\u00e1nyokat szenvednek el az eg\u00e9szs\u00e9g\u00fcgyi ell\u00e1t\u00e1sban. A k\u00f6z\u00f6ss\u00e9get jellemzi tov\u00e1bb\u00e1 az eg\u00e9szs\u00e9g\u00fcgyi ismeretek hi\u00e1nya, \u00e9s az orvosi protokollok betart\u00e1s\u00e1ra val\u00f3 alacsony hajland\u00f3s\u00e1g. Ezek az eg\u00e9szs\u00e9get meghat\u00e1roz\u00f3 t\u00e9nyez\u0151k k\u00f6zvetlen\u00fcl hozz\u00e1j\u00e1rulnak a roma k\u00f6z\u00f6ss\u00e9g nem fert\u0151z\u0151 betegs\u00e9gek (NCD) kialakul\u00e1s\u00e1nak fokozott kock\u00e1zat\u00e1hoz.<\/p>\n<p style=\"text-align: justify\">A ShowUp4Health projekt alapfelt\u00e9telez\u00e9se, hogy az eg\u00e9szs\u00e9g\u00fcgyi \u00e9s szoci\u00e1lis ter\u00fclet beavatkoz\u00e1sait \u00f6sszehangoltan sz\u00fcks\u00e9ges alkalmazni a bizalom\u00e9p\u00edt\u00e9s eszk\u00f6zek\u00e9nt, \u00e9s \u00edgy lehet el\u00e9rni az eg\u00e9szs\u00e9g\u00fcgyi ismeretek el\u0151mozd\u00edt\u00e1s\u00e1t az olyan kiszolg\u00e1ltatott csoportokban, mint a rom\u00e1k. E k\u00f6z\u00f6ss\u00e9geket t\u00e1mogat\u00f3 \u00e9s a projektben r\u00e9sztvev\u0151 szak\u00e9rt\u0151k \u00e1gazatokon \u00e1t\u00edvel\u0151 partners\u00e9geket hoznak l\u00e9tre. Ezek az egy\u00fcttm\u0171k\u00f6d\u00e9sek hat\u00e9konyan j\u00e1rulhatnak hozz\u00e1 a nem fert\u0151z\u0151 betegs\u00e9gek megel\u0151z\u00e9s\u00e9hez \u00e9s hat\u00e9kony kezel\u00e9shez.<\/p>\n<p style=\"text-align: justify\">A ShowUp4Health \u00e1ltal\u00e1nos c\u00e9lja az eg\u00e9szs\u00e9get befoly\u00e1sol\u00f3 t\u00e1rsadalmi \u00e9s k\u00f6rnyezeti t\u00e9nyez\u0151k kezel\u00e9se, amelyek hozz\u00e1j\u00e1rulnak a nem fert\u0151z\u0151 betegs\u00e9gek megn\u00f6vekedett kock\u00e1zat\u00e1hoz a vesz\u00e9lyeztetett csoportokban (els\u0151sorban a roma k\u00f6z\u00f6ss\u00e9gekben, m\u00e1sodsorban a bels\u0151 menek\u00fcltek k\u00f6r\u00e9ben). A vesz\u00e9lyeztetett csoportokkal foglalkoz\u00f3 szervezetek \u00e9s szak\u00e9rt\u0151k munk\u00e1j\u00e1t a projekt keret\u00e9ben kifejlesztett Integr\u00e1lt Szoci\u00e1lis-Eg\u00e9szs\u00e9g\u00fcgyi Fejleszt\u00e9si M\u00f3dszertan seg\u00edti a c\u00e9l el\u00e9r\u00e9se \u00e9rdek\u00e9ben. Ez a m\u00f3dszertan felhaszn\u00e1lja \u00e9s integr\u00e1lja a tag\u00e1llamok a j\u00f3gyakorlatait.<\/p>\n<p style=\"text-align: justify\"><strong>Projekt szerepl\u0151k:<\/strong><\/p>\n<p style=\"padding-left: 40px\"><strong>Projektvezet\u0151:<\/strong> Magyar M\u00e1ltai Szeretetszolg\u00e1lat<\/p>\n<p style=\"padding-left: 40px\"><strong>Az EMK szerepe a projektben:<\/strong> T\u00e1rsult tag<\/p>\n<p style=\"padding-left: 40px\"><strong>Tov\u00e1bbi partnerek: <\/strong><\/p>\n<ul>\n<li>Health &amp; Social Development Foundation (HESED), Bulgaria<\/li>\n<li>Order of Malta Relief Organisation in Romania (SAMR), Romania<\/li>\n<li>Centre for Health and Development Murska Sobota (CHD MS), Slovenia<\/li>\n<li>International Family Medicine Clinic for Internally Displaced People (FMC), Ukraine<\/li>\n<\/ul>\n<p><a href=\"https:\/\/semmelweis.hu\/emk\/files\/2024\/07\/S4H_terkep_kis.png\"><img loading=\"lazy\" decoding=\"async\" class=\"aligncenter size-large wp-image-22590\" src=\"https:\/\/semmelweis.hu\/emk\/files\/2024\/07\/S4H_terkep_kis-1024x713.png\" alt=\"ShowUp4Health t\u00e9rk\u00e9p\" width=\"753\" height=\"524\" srcset=\"https:\/\/semmelweis.hu\/emk\/files\/2024\/07\/S4H_terkep_kis-1024x713.png 1024w, https:\/\/semmelweis.hu\/emk\/files\/2024\/07\/S4H_terkep_kis-400x278.png 400w, https:\/\/semmelweis.hu\/emk\/files\/2024\/07\/S4H_terkep_kis-768x534.png 768w, https:\/\/semmelweis.hu\/emk\/files\/2024\/07\/S4H_terkep_kis-753x524.png 753w, https:\/\/semmelweis.hu\/emk\/files\/2024\/07\/S4H_terkep_kis.png 1200w\" sizes=\"auto, (max-width: 753px) 100vw, 753px\" \/><\/a><\/p>\n<p><strong>Projekt azonos\u00edt\u00f3 sz\u00e1ma:<\/strong> 101129427<\/p>\n<p><strong>Projekt weboldala:<\/strong> <a href=\"http:\/\/s4h.maltai.hu\/\" target=\"_blank\" rel=\"noopener\">http:\/\/s4h.maltai.hu\/<\/a><\/p>\n<p><strong><a class=\"button\" href=\"https:\/\/health.ec.europa.eu\/non-communicable-diseases\/cancer\/europes-beating-cancer-plan-eu4health-financed-projects\/projects\/showup4health_en\" target=\"_blank\" rel=\"noopener\">Tov\u00e1bbi inform\u00e1ci\u00f3k<\/a><\/strong><\/p>\n<p><strong>Projekt k\u00f6z\u00f6ss\u00e9gi oldalai: <\/strong><\/p>\n<p style=\"padding-left: 40px\"><a href=\"https:\/\/www.facebook.com\/profile.php?id=61560621023526\" target=\"_blank\" rel=\"noopener\">Facebook<\/a>\u00a0<\/p>\n<p style=\"padding-left: 40px\"><a href=\"https:\/\/www.linkedin.com\/company\/showup4health\/about\/\" target=\"_blank\" rel=\"noopener\">LinkedIn<\/a>\u00a0<\/p>\n<p><strong>EMK kontakt:<\/strong><\/p>\n<p style=\"padding-left: 40px\"><strong>P\u00e1sztor Endre<\/strong> <a href=\"mailto:pasztor.endre@emk.semmelweis.hu\" target=\"_blank\" rel=\"noopener\">pasztor.endre@emk.semmelweis.hu<\/a><\/p>\n<p style=\"padding-left: 40px\"><strong><a href=\"https:\/\/semmelweis.hu\/emk\/oktatas\/munkatarsak-oktatoi-csapat\/dr-adam-szilvia\/\" target=\"_blank\" rel=\"noopener\">Dr. \u00c1d\u00e1m Szilvia<\/a> <\/strong><a href=\"mailto:adam.szilvia@emk.semmelweis.hu\" target=\"_blank\" rel=\"noopener\">adam.szilvia@emk.semmelweis.hu<\/a><\/p>\n<p><img loading=\"lazy\" decoding=\"async\" class=\"aligncenter  wp-image-26117\" src=\"https:\/\/semmelweis.hu\/emk\/files\/2024\/03\/NKFIA_infoblokk_projekt_allo_.png\" alt=\"NKFI alapb\u00f3l megval\u00f3sul\u00f3 projekt\" width=\"524\" height=\"334\" data-wp-editing=\"1\" srcset=\"https:\/\/semmelweis.hu\/emk\/files\/2024\/03\/NKFIA_infoblokk_projekt_allo_.png 685w, https:\/\/semmelweis.hu\/emk\/files\/2024\/03\/NKFIA_infoblokk_projekt_allo_-400x255.png 400w\" sizes=\"auto, (max-width: 524px) 100vw, 524px\" \/><\/p>\n<p><a href=\"https:\/\/semmelweis.hu\/emk\/files\/2024\/03\/ShowUp4Health_logo.jpg\"><img loading=\"lazy\" decoding=\"async\" class=\"aligncenter  wp-image-21883\" src=\"https:\/\/semmelweis.hu\/emk\/files\/2024\/03\/ShowUp4Health_logo.jpg\" alt=\"Showup4health project logo\" width=\"532\" height=\"376\" srcset=\"https:\/\/semmelweis.hu\/emk\/files\/2024\/03\/ShowUp4Health_logo.jpg 1000w, https:\/\/semmelweis.hu\/emk\/files\/2024\/03\/ShowUp4Health_logo-400x283.jpg 400w, https:\/\/semmelweis.hu\/emk\/files\/2024\/03\/ShowUp4Health_logo-768x543.jpg 768w, https:\/\/semmelweis.hu\/emk\/files\/2024\/03\/ShowUp4Health_logo-753x532.jpg 753w\" sizes=\"auto, (max-width: 532px) 100vw, 532px\" \/><\/a><\/p>\n","protected":false},"excerpt":{"rendered":"<p>ShowUp4Health Projekt c\u00edme: Building Trust in Roma Communities and Internally Displaced People for NCD Prevention Projekt r\u00f6vid neve: ShowUp4Health Program: EU4HEALTH Id\u0151tartam: 2023.12.01-2026.11.30. Projekt tartalma, c\u00e9lja: A t\u00e1rsadalmi \u00e9s k\u00f6rnyezeti eg\u00e9szs\u00e9gmeghat\u00e1roz\u00f3 t\u00e9nyez\u0151k hat\u00e1ssal vannak a vesz\u00e9lyeztetett csoportok eg\u00e9szs\u00e9g\u00fcgyi \u00f6kosziszt\u00e9m\u00e1j\u00e1ra. K\u00f6z\u00e9p- \u00e9s Kelet-Eur\u00f3p\u00e1ban a roma k\u00f6z\u00f6ss\u00e9gek a legsebezhet\u0151bb \u00e9s legink\u00e1bb szegreg\u00e1lt csoportok k\u00f6z\u00e9 tartoznak. A kultur\u00e1lis &hellip;<\/p>\n","protected":false},"author":102350,"featured_media":21883,"parent":15842,"menu_order":0,"comment_status":"closed","ping_status":"closed","template":"","meta":{"_acf_changed":false,"footnotes":""},"categories":[],"tags":[384],"class_list":["post-22591","page","type-page","status-publish","has-post-thumbnail","hentry","tag-showup4health-hu"],"acf":[],"_links":{"self":[{"href":"https:\/\/semmelweis.hu\/emk\/wp-json\/wp\/v2\/pages\/22591","targetHints":{"allow":["GET"]}}],"collection":[{"href":"https:\/\/semmelweis.hu\/emk\/wp-json\/wp\/v2\/pages"}],"about":[{"href":"https:\/\/semmelweis.hu\/emk\/wp-json\/wp\/v2\/types\/page"}],"author":[{"embeddable":true,"href":"https:\/\/semmelweis.hu\/emk\/wp-json\/wp\/v2\/users\/102350"}],"replies":[{"embeddable":true,"href":"https:\/\/semmelweis.hu\/emk\/wp-json\/wp\/v2\/comments?post=22591"}],"version-history":[{"count":10,"href":"https:\/\/semmelweis.hu\/emk\/wp-json\/wp\/v2\/pages\/22591\/revisions"}],"predecessor-version":[{"id":26123,"href":"https:\/\/semmelweis.hu\/emk\/wp-json\/wp\/v2\/pages\/22591\/revisions\/26123"}],"up":[{"embeddable":true,"href":"https:\/\/semmelweis.hu\/emk\/wp-json\/wp\/v2\/pages\/15842"}],"wp:featuredmedia":[{"embeddable":true,"href":"https:\/\/semmelweis.hu\/emk\/wp-json\/wp\/v2\/media\/21883"}],"wp:attachment":[{"href":"https:\/\/semmelweis.hu\/emk\/wp-json\/wp\/v2\/media?parent=22591"}],"wp:term":[{"taxonomy":"category","embeddable":true,"href":"https:\/\/semmelweis.hu\/emk\/wp-json\/wp\/v2\/categories?post=22591"},{"taxonomy":"post_tag","embeddable":true,"href":"https:\/\/semmelweis.hu\/emk\/wp-json\/wp\/v2\/tags?post=22591"}],"curies":[{"name":"wp","href":"https:\/\/api.w.org\/{rel}","templated":true}]}}