{"id":22546,"date":"2024-07-09T13:31:39","date_gmt":"2024-07-09T11:31:39","guid":{"rendered":"https:\/\/semmelweis.hu\/emk\/?page_id=22546"},"modified":"2025-09-09T16:41:30","modified_gmt":"2025-09-09T14:41:30","slug":"eit-healthcare-projekt","status":"publish","type":"page","link":"https:\/\/semmelweis.hu\/emk\/szakertoi-tevekenyseg-projektek\/lezart-projektek\/eit-healthcare-projekt\/","title":{"rendered":"EIT Healthcare projekt"},"content":{"rendered":"<p style=\"text-align: center\"><strong>2021-1.2.1-EIT-KIC-2021-00005<\/strong> azonos\u00edt\u00f3sz\u00e1m\u00fa <strong>EIT Healthcare <\/strong>projekt<\/p>\n<p>Projekt megval\u00f3s\u00edt\u00e1s\u00e1nak kezdete: 2023. janu\u00e1r 1.<\/p>\n<p>Projekt tervezett befejez\u00e9si d\u00e1tuma: 2024. j\u00fanius 30.<\/p>\n<p><strong>Projekt c\u00edme:<\/strong> EIT Healthcare<\/p>\n<p>Szerz\u0151d\u00e9s t\u00e1mogat\u00e1si \u00f6sszege: 69\u00a0914\u00a0399 Ft<\/p>\n<p>T\u00e1mogat\u00e1s m\u00e9rt\u00e9ke %-ban: 100%<\/p>\n<p><strong>Projekt tartalmi \u00f6sszefoglal\u00f3ja:<\/strong><\/p>\n<p style=\"text-align: justify\">Az\u00a0<strong>EIT KIC t\u00e1rsul\u00e1sokban t\u00f6rt\u00e9n\u0151 magyar r\u00e9szv\u00e9tel t\u00e1mogat\u00e1sa<\/strong>\u00a0c\u00edmmel meghirdetett felh\u00edv\u00e1s nyom\u00e1n nyertes p\u00e1ly\u00e1zat v\u00e9grehajt\u00e1sa indult 2023 janu\u00e1r elsej\u00e9vel\u00a0<strong>EIT Healthcare<\/strong>\u00a0n\u00e9ven az Eg\u00e9szs\u00e9g\u00fcgyi Menedzserk\u00e9pz\u0151 K\u00f6zpontj\u00e1nak konzorciumi vezet\u00e9s\u00e9vel, valamint a P\u00e1ly\u00e1zati Menedzsment K\u00f6zpont r\u00e9szv\u00e9tel\u00e9vel a Semmelweis Egyetemen. A projektben a hazai eg\u00e9szs\u00e9gipar EIT Health tags\u00e1ggal vagy szerz\u0151d\u00e9ses viszonnyal rendelkez\u0151 meghat\u00e1roz\u00f3 akad\u00e9miai szerepl\u0151i (Semmelweis Egyetem, P\u00e9csi Tudom\u00e1nyegyetem, Debreceni Egyetem) egy multinacion\u00e1lis c\u00e9ggel (GE), \u00e9s kis- \u00e9s k\u00f6z\u00e9pv\u00e1llalkoz\u00e1sokkal (E-group, High Venture Lab) t\u00e1rsultak annak \u00e9rdek\u00e9ben, hogy k\u00f6z\u00f6sen k\u00e9sz\u00fcljenek az eg\u00e9szs\u00e9g\u00fcgyben egyre ink\u00e1bb tapasztalhat\u00f3 paradigmav\u00e1lt\u00e1sra \u00e9s a lehet\u0151 legeredm\u00e9nyesebben \u00e9ljenek a EIT Health KIC ny\u00fajtotta h\u00e1l\u00f3zatosod\u00e1si \u00e9s piac\u00e9p\u00edt\u00e9si lehet\u0151s\u00e9gekkel az eg\u00e9szs\u00e9gipari \u00f6kosziszt\u00e9ma fejleszt\u00e9s\u00e9n kereszt\u00fcl.<\/p>\n<p style=\"text-align: justify\">Fentiek \u00e9rdek\u00e9ben a konzorciumi partnerek kompetenciafejleszt\u00e9ssel, egym\u00e1s k\u00f6z\u00f6tti tud\u00e1smegoszt\u00e1ssal \u00e9s nemzetk\u00f6zi h\u00e1l\u00f3zatosod\u00e1ssal egym\u00e1st er\u0151s\u00edtve k\u00e9sz\u00fclnek a k\u00f6vetkez\u0151 id\u0151szak feladataira. Innovat\u00edv m\u00f3don felt\u00e9rk\u00e9pezik a szerepl\u0151ket az \u00e1talakul\u00f3 hazai eg\u00e9szs\u00e9gipari \u00f6kosziszt\u00e9m\u00e1ban. Az \u00f6kosziszt\u00e9ma meger\u0151s\u00edt\u00e9s\u00e9nek c\u00e9lj\u00e1val k\u00e9pzik \u00e9s mentor\u00e1lj\u00e1k a v\u00e1llalkoz\u00f3kat \u00e9s a leend\u0151 v\u00e1llalkoz\u00f3kat. Meger\u0151s\u00edtik \u00e9s fejlesztik a hazai innovat\u00edv v\u00e1llalkoz\u00e1sok sz\u00e1m\u00e1ra sz\u00fcks\u00e9ges klinikai valid\u00e1ci\u00f3s h\u00e1tteret.<\/p>\n<p style=\"text-align: justify\">A projekt alapvet\u0151 c\u00e9lja \u00f6sszegezve az, hogy a hazai, a KIC-hez kapcsol\u00f3d\u00f3, k\u00fcl\u00f6nb\u00f6z\u0151 szint\u0171 partnerek, egy\u00e9ni er\u0151ss\u00e9geire \u00e9p\u00edtve, k\u00f6z\u00f6sen elv\u00e9gzett feladatok r\u00e9v\u00e9n 2030-ig a lehet\u0151 legeredm\u00e9nyesebben \u00e9ljenek a EIT Health KIC adta lehet\u0151s\u00e9gekhttps:\/\/semmelweis.hu\/emk\/2023\/03\/10\/innovacio-es-egyuttmukodes-erositese-az-egeszsegugyben-indul-az-eit-healthcare-projekt\/kel, er\u0151s\u00edtve a hazai gazdas\u00e1got, versenyk\u00e9pess\u00e9get, illetve az eg\u00e9szs\u00e9gipari \u00f6kosziszt\u00e9ma rendszer\u00e9t.<\/p>\n<p><strong>Konzorciumvezet\u0151:<\/strong> Semmelweis Egyetem<\/p>\n<p><strong>Konzorciumi tagok:<\/strong><\/p>\n<ul style=\"list-style-type: circle\">\n<li>Debreceni Egyetem<\/li>\n<li>E-GROUP ICT SOFTWARE Informatikai Z\u00e1rtk\u00f6r\u0171en M\u0171k\u00f6d\u0151 R\u00e9szv\u00e9nyt\u00e1rsas\u00e1g<\/li>\n<li>EIT Health Innostars Korl\u00e1tolt Felel\u0151ss\u00e9g\u0171 T\u00e1rsas\u00e1g<\/li>\n<li>GE Healthcare Magyarorsz\u00e1g Korl\u00e1tolt Felel\u0151ss\u00e9g\u0171 T\u00e1rsas\u00e1g<\/li>\n<li>Health Venture Lab Nonprofit Korl\u00e1tolt Felel\u0151ss\u00e9g\u0171 T\u00e1rsas\u00e1g<\/li>\n<li>P\u00e9csi Tudom\u00e1nyegyetem<\/li>\n<\/ul>\n<p>Projekt azonos\u00edt\u00f3 sz\u00e1ma: 2021-1.2.1-EIT-KIC-2021-00005<\/p>\n<hr \/>\n<p><strong>Sajt\u00f3k\u00f6zlem\u00e9nyek:<\/strong><\/p>\n<p><a href=\"https:\/\/semmelweis.hu\/emk\/2023\/03\/10\/innovacio-es-egyuttmukodes-erositese-az-egeszsegugyben-indul-az-eit-healthcare-projekt\/\" target=\"_blank\" rel=\"noopener\"><strong>Innov\u00e1ci\u00f3 \u00e9s egy\u00fcttm\u0171k\u00f6d\u00e9s er\u0151s\u00edt\u00e9se az eg\u00e9szs\u00e9g\u00fcgyben: indul az EIT Healthcare projekt<\/strong><\/a><\/p>\n<p><a href=\"https:\/\/semmelweis.hu\/emk\/2024\/07\/09\/eit-healthcare-projekt-sajtokozlemenye\/\" target=\"_blank\" rel=\"noopener\"><strong>2021-1.2.1-EIT-KIC-2021-00005\u00a0azonos\u00edt\u00f3sz\u00e1m\u00fa\u00a0EIT Healthcare\u00a0projekt sajt\u00f3k\u00f6zlem\u00e9nye<\/strong><\/a><\/p>\n<div class=\"wrap container\" role=\"document\">\n<div class=\"content row\"><main class=\"main col-12 col-md-8 pt-0 pb-4 px-0\"><\/p>\n<div class=\"row mx-0\">\n<article class=\"entry-content col-12 px-normal\">\n<p style=\"text-align: left\"><a href=\"https:\/\/semmelweis.hu\/innovacio\/files\/2023\/07\/NKFIA_infoblokk_kerettel_program_fekvo_2019_HU.jpg\"><img loading=\"lazy\" decoding=\"async\" class=\"alignright size-medium wp-image-10203\" src=\"https:\/\/semmelweis.hu\/innovacio\/files\/2023\/07\/NKFIA_infoblokk_kerettel_program_fekvo_2019_HU-400x170.jpg\" alt=\"\" width=\"400\" height=\"170\" \/><\/a><\/p>\n<section><\/section>\n<\/article>\n<\/div>\n<p><\/main><\/div>\n<\/div>\n<footer class=\"mt-4 mb-2\">\n<div class=\"container footer-widgets pb-4\">\n<div class=\"footer-cimer-bg\">\u00a0<\/div>\n<div class=\"gotop\">\u00a0<\/div>\n<\/div>\n<\/footer>\n","protected":false},"excerpt":{"rendered":"<p>2021-1.2.1-EIT-KIC-2021-00005 azonos\u00edt\u00f3sz\u00e1m\u00fa EIT Healthcare projekt Projekt megval\u00f3s\u00edt\u00e1s\u00e1nak kezdete: 2023. janu\u00e1r 1. Projekt tervezett befejez\u00e9si d\u00e1tuma: 2024. j\u00fanius 30. Projekt c\u00edme: EIT Healthcare Szerz\u0151d\u00e9s t\u00e1mogat\u00e1si \u00f6sszege: 69\u00a0914\u00a0399 Ft T\u00e1mogat\u00e1s m\u00e9rt\u00e9ke %-ban: 100% Projekt tartalmi \u00f6sszefoglal\u00f3ja: Az\u00a0EIT KIC t\u00e1rsul\u00e1sokban t\u00f6rt\u00e9n\u0151 magyar r\u00e9szv\u00e9tel t\u00e1mogat\u00e1sa\u00a0c\u00edmmel meghirdetett felh\u00edv\u00e1s nyom\u00e1n nyertes p\u00e1ly\u00e1zat v\u00e9grehajt\u00e1sa indult 2023 janu\u00e1r elsej\u00e9vel\u00a0EIT Healthcare\u00a0n\u00e9ven az Eg\u00e9szs\u00e9g\u00fcgyi Menedzserk\u00e9pz\u0151 &hellip;<\/p>\n","protected":false},"author":102350,"featured_media":0,"parent":15855,"menu_order":0,"comment_status":"closed","ping_status":"closed","template":"","meta":{"_acf_changed":false,"footnotes":""},"categories":[],"tags":[382],"class_list":["post-22546","page","type-page","status-publish","hentry","tag-eit-healthcare-projekt"],"acf":[],"_links":{"self":[{"href":"https:\/\/semmelweis.hu\/emk\/wp-json\/wp\/v2\/pages\/22546","targetHints":{"allow":["GET"]}}],"collection":[{"href":"https:\/\/semmelweis.hu\/emk\/wp-json\/wp\/v2\/pages"}],"about":[{"href":"https:\/\/semmelweis.hu\/emk\/wp-json\/wp\/v2\/types\/page"}],"author":[{"embeddable":true,"href":"https:\/\/semmelweis.hu\/emk\/wp-json\/wp\/v2\/users\/102350"}],"replies":[{"embeddable":true,"href":"https:\/\/semmelweis.hu\/emk\/wp-json\/wp\/v2\/comments?post=22546"}],"version-history":[{"count":6,"href":"https:\/\/semmelweis.hu\/emk\/wp-json\/wp\/v2\/pages\/22546\/revisions"}],"predecessor-version":[{"id":22875,"href":"https:\/\/semmelweis.hu\/emk\/wp-json\/wp\/v2\/pages\/22546\/revisions\/22875"}],"up":[{"embeddable":true,"href":"https:\/\/semmelweis.hu\/emk\/wp-json\/wp\/v2\/pages\/15855"}],"wp:attachment":[{"href":"https:\/\/semmelweis.hu\/emk\/wp-json\/wp\/v2\/media?parent=22546"}],"wp:term":[{"taxonomy":"category","embeddable":true,"href":"https:\/\/semmelweis.hu\/emk\/wp-json\/wp\/v2\/categories?post=22546"},{"taxonomy":"post_tag","embeddable":true,"href":"https:\/\/semmelweis.hu\/emk\/wp-json\/wp\/v2\/tags?post=22546"}],"curies":[{"name":"wp","href":"https:\/\/api.w.org\/{rel}","templated":true}]}}