{"id":22268,"date":"2024-06-11T15:26:16","date_gmt":"2024-06-11T13:26:16","guid":{"rendered":"https:\/\/semmelweis.hu\/emk\/?page_id=22268"},"modified":"2025-06-05T13:41:21","modified_gmt":"2025-06-05T11:41:21","slug":"digi4care_projekt","status":"publish","type":"page","link":"https:\/\/semmelweis.hu\/emk\/szakertoi-tevekenyseg-projektek\/futo-projektek\/digi4care_projekt\/","title":{"rendered":"DIGI4Care"},"content":{"rendered":"<p><strong>DIGI4Care &#8211; A betegutak \u00e1talak\u00edt\u00e1sa digit\u00e1lis innov\u00e1ci\u00f3 seg\u00edts\u00e9g\u00e9vel<\/strong><\/p>\n<p>A DIGI4care projekt az EU Duna R\u00e9gi\u00f3ra vonatkoz\u00f3 strat\u00e9gi\u00e1j\u00e1nak kezdem\u00e9nyez\u00e9se, amely a digit\u00e1lis eg\u00e9szs\u00e9g\u00fcgyi megold\u00e1sok rendszerszint\u0171 elterjed\u00e9s\u00e9t t\u00e1mogatja.<\/p>\n<p><strong>\u00c1ltal\u00e1nos c\u00e9lkit\u0171z\u00e9sek:<\/strong><\/p>\n<ul>\n<li style=\"text-align: justify\">\u00daj megold\u00e1sok azonos\u00edt\u00e1sa \u00e9s tesztel\u00e9se a digit\u00e1lis technol\u00f3gi\u00e1k eg\u00e9szs\u00e9g\u00fcgyi felhaszn\u00e1l\u00e1s\u00e1ra.<\/li>\n<li style=\"text-align: justify\">Olyan k\u00f6z\u00f6s megold\u00e1sok kidolgoz\u00e1sa, tesztel\u00e9se \u00e9s valid\u00e1l\u00e1sa, amelyek a digit\u00e1lis technol\u00f3gi\u00e1k eg\u00e9szs\u00e9g\u00fcgyi \u00e1gazatban val\u00f3 elterjed\u00e9s\u00e9t akad\u00e1lyoz\u00f3 kih\u00edv\u00e1sok kezel\u00e9s\u00e9re ir\u00e1nyulnak.<\/li>\n<li style=\"text-align: justify\">A digit\u00e1lis technol\u00f3gi\u00e1k eg\u00e9szs\u00e9g\u00fcgyben val\u00f3 alkalmaz\u00e1sa ter\u00e9n fejlettebb \u00e9s kev\u00e9sb\u00e9 fejlett orsz\u00e1gok k\u00f6z\u00f6tti innov\u00e1ci\u00f3s szakad\u00e9k cs\u00f6kkent\u00e9se.<\/li>\n<\/ul>\n<p style=\"text-align: justify\"><strong>Megval\u00f3s\u00edt\u00e1si terv \u00e9s v\u00e1rhat\u00f3 eredm\u00e9nyterm\u00e9kek:<\/strong><\/p>\n<ul>\n<li style=\"text-align: justify\">A digit\u00e1lis technol\u00f3gi\u00e1k eg\u00e9szs\u00e9g\u00fcgyi rendszerszint\u0171 bevezet\u00e9s\u00e9nek \u00fatj\u00e1ban \u00e1ll\u00f3 akad\u00e1lyok felt\u00e9rk\u00e9pez\u00e9se (finansz\u00edroz\u00e1si modellek, adatmenedzsment, szab\u00e1lyoz\u00e1si, etikai k\u00e9rd\u00e9sek, technol\u00f3gia\u00e9rt\u00e9kel\u00e9s, ell\u00e1t\u00e1si modellek, emberi er\u0151forr\u00e1smenedzsment), valamint olyan j\u00f3 gyakorlatok vizsg\u00e1lata, amelyek seg\u00edtik az akad\u00e1lyok elh\u00e1r\u00edt\u00e1s\u00e1t.<\/li>\n<li style=\"text-align: justify\">Transznacion\u00e1lis tud\u00e1sb\u00e1zis (knowledge platform \u00e9s radar) \u00e9p\u00edt\u00e9se.<\/li>\n<li style=\"text-align: justify\">A teljes beteg\u00fat ment\u00e9n konkr\u00e9t technol\u00f3giai megold\u00e1sok tesztel\u00e9se (pilot projektek) hat\u00e1ron \u00e1tny\u00fal\u00f3 keretekben.<\/li>\n<li style=\"text-align: justify\">A projekt eredm\u00e9nyei alapj\u00e1n region\u00e1lis digit\u00e1lisan t\u00e1mogatott integr\u00e1lt ell\u00e1t\u00e1si strat\u00e9gia kidolgoz\u00e1sa (ICM Strat\u00e9gia) a technol\u00f3gi\u00e1kra vonatkoz\u00f3 megalapozott d\u00f6nt\u00e9shozatal el\u0151seg\u00edt\u00e9se \u00e9rdek\u00e9ben.<\/li>\n<li style=\"text-align: justify\">Oktat\u00e1si c\u00e9l\u00fa anyagok \u00e9s tr\u00e9ningek k\u00e9sz\u00edt\u00e9se eg\u00e9szs\u00e9g\u00fcgyi szakemberek sz\u00e1m\u00e1ra, illetve egyetemi tananyagfejleszt\u00e9s, melyek lehet\u0151v\u00e9 teszik sz\u00e1mukra ezen \u00faj technol\u00f3gi\u00e1k hat\u00e9kony haszn\u00e1lat\u00e1t.<\/li>\n<\/ul>\n<p style=\"text-align: justify\">Az Eg\u00e9szs\u00e9g\u00fcgyi Menedzserk\u00e9pz\u0151 K\u00f6zpont a projekt vezet\u0151 partnerek\u00e9nt a projektmenedzsment\u00e9rt, a pilot projektek tervez\u00e9s\u00e9\u00e9rt \u00e9s v\u00e9grehajt\u00e1s\u00e1\u00e9rt, valamint az eredm\u00e9nyek terjeszt\u00e9s\u00e9\u00e9rt felel\u0151s.<\/p>\n<p><strong>Konzorciumvezet\u0151: <\/strong>Semmelweis Egyetem Eg\u00e9szs\u00e9g\u00fcgyi Menedzserk\u00e9pz\u0151 K\u00f6zpont<\/p>\n<p><strong>K\u00f6lts\u00e9gvet\u00e9s: <\/strong>2,3 milli\u00f3 eur\u00f3<\/p>\n<p><strong>Futamid\u0151: 2,5 \u00e9v<\/strong><\/p>\n<p><strong>Partnerek: <\/strong>12 szervezet, 8 orsz\u00e1g:<\/p>\n<ul>\n<li>Szlov\u00e1kia,<\/li>\n<li>Csehorsz\u00e1g,<\/li>\n<li>Magyarorsz\u00e1g,<\/li>\n<li>Ausztria,<\/li>\n<li>Bulg\u00e1ria,<\/li>\n<li>Bosznia-Hercegovina,<\/li>\n<li>Rom\u00e1nia,<\/li>\n<li>Ukrajna<\/li>\n<\/ul>\n<p><strong>Betegs\u00e9gcsoportok:<\/strong><\/p>\n<ul>\n<li>diab\u00e9tesz<\/li>\n<li>kardiovaszkul\u00e1ris betegs\u00e9gek<\/li>\n<li>Alzheimer<\/li>\n<li>demencia \u00e9s egy\u00e9b kognit\u00edv zavarok<\/li>\n<\/ul>\n<p><strong style=\"font-size: 1rem\">Partnerek:<\/strong><\/p>\n<ul>\n<li>Semmelweis Egyetem, Eg\u00e9szs\u00e9g\u00fcgyi Menedzserk\u00e9pz\u0151 K\u00f6zpont \u2013 Magyarorsz\u00e1g<\/li>\n<li>Gottsegen Gy\u00f6rgy Orsz\u00e1gos Kardiovaszkul\u00e1ris Int\u00e9zet \u2013 Magyarorsz\u00e1g<\/li>\n<li>Austrian National Public Health Institute \u2013 Ausztria<\/li>\n<li>Ludwig Boltzmann Institute Digital Health and Patient Safety \u2013 Ausztria<\/li>\n<li>Prague University of Economics and Business \u2013 Csehorsz\u00e1g<\/li>\n<li>CEE Health Policy Network &#8211; Szlov\u00e1kia<\/li>\n<li>Nagyv\u00e1radi Egyetem &#8211; Rom\u00e1nia<\/li>\n<li>Hospital Consulting SRL \u2013 Rom\u00e1nia<\/li>\n<li>Digital Health and Innovation Cluster \u2013 Bulg\u00e1ria<\/li>\n<li>Kelvin Health Inc. \u2013 Bulg\u00e1ria<\/li>\n<li>International Family Medicine Clinic for Internally Displaced People, INTERFAMILY Clinic &#8211; Ukrajna<\/li>\n<li>Research and Technological Development Association in Health \u2013 Health RTD Cluster \u2013 Bosznia-Hercegovina<\/li>\n<\/ul>\n<p><strong>Project azonos\u00edt\u00f3<\/strong>: DRP0200543<\/p>\n<p><strong>Weboldal:<\/strong> <a href=\"https:\/\/interreg-danube.eu\/projects\/digi4care\">https:\/\/interreg-danube.eu\/projects\/digi4care<\/a><\/p>\n<p><strong>LinkedIn:<\/strong> <a href=\"https:\/\/www.linkedin.com\/company\/digi4care-project\/\" target=\"_blank\" rel=\"noopener\">https:\/\/www.linkedin.com\/company\/digi4care-project\/<\/a><\/p>\n<p><strong>Kontakt:<\/strong> <a href=\"mailto:digi4care_coordination@emk.semmelweis.hu\" target=\"_blank\" rel=\"noopener\">digi4care_coordination@emk.semmelweis.hu<\/a><\/p>\n<p><a href=\"https:\/\/semmelweis.hu\/emk\/files\/2024\/06\/DIGI4Care-CMYK-.jpg\"><img loading=\"lazy\" decoding=\"async\" class=\"alignleft wp-image-22321 size-full\" src=\"https:\/\/semmelweis.hu\/emk\/files\/2024\/06\/DIGI4Care-CMYK-.jpg\" alt=\"DIGI4Care\" width=\"802\" height=\"263\" srcset=\"https:\/\/semmelweis.hu\/emk\/files\/2024\/06\/DIGI4Care-CMYK-.jpg 802w, https:\/\/semmelweis.hu\/emk\/files\/2024\/06\/DIGI4Care-CMYK--400x131.jpg 400w, https:\/\/semmelweis.hu\/emk\/files\/2024\/06\/DIGI4Care-CMYK--768x252.jpg 768w, https:\/\/semmelweis.hu\/emk\/files\/2024\/06\/DIGI4Care-CMYK--753x247.jpg 753w\" sizes=\"auto, (max-width: 802px) 100vw, 802px\" \/><\/a><\/p>\n<p>&nbsp;<\/p>\n<p>&nbsp;<\/p>\n<p>&nbsp;<\/p>\n<p>&nbsp;<\/p>\n<p>&nbsp;<\/p>\n<p>&nbsp;<\/p>\n","protected":false},"excerpt":{"rendered":"<p>DIGI4Care &#8211; A betegutak \u00e1talak\u00edt\u00e1sa digit\u00e1lis innov\u00e1ci\u00f3 seg\u00edts\u00e9g\u00e9vel A DIGI4care projekt az EU Duna R\u00e9gi\u00f3ra vonatkoz\u00f3 strat\u00e9gi\u00e1j\u00e1nak kezdem\u00e9nyez\u00e9se, amely a digit\u00e1lis eg\u00e9szs\u00e9g\u00fcgyi megold\u00e1sok rendszerszint\u0171 elterjed\u00e9s\u00e9t t\u00e1mogatja. \u00c1ltal\u00e1nos c\u00e9lkit\u0171z\u00e9sek: \u00daj megold\u00e1sok azonos\u00edt\u00e1sa \u00e9s tesztel\u00e9se a digit\u00e1lis technol\u00f3gi\u00e1k eg\u00e9szs\u00e9g\u00fcgyi felhaszn\u00e1l\u00e1s\u00e1ra. Olyan k\u00f6z\u00f6s megold\u00e1sok kidolgoz\u00e1sa, tesztel\u00e9se \u00e9s valid\u00e1l\u00e1sa, amelyek a digit\u00e1lis technol\u00f3gi\u00e1k eg\u00e9szs\u00e9g\u00fcgyi \u00e1gazatban val\u00f3 elterjed\u00e9s\u00e9t akad\u00e1lyoz\u00f3 kih\u00edv\u00e1sok &hellip;<\/p>\n","protected":false},"author":102350,"featured_media":0,"parent":15842,"menu_order":0,"comment_status":"closed","ping_status":"closed","template":"","meta":{"_acf_changed":false,"footnotes":""},"categories":[354],"tags":[352],"class_list":["post-22268","page","type-page","status-publish","hentry","category-digi4care","tag-digi4care"],"acf":[],"_links":{"self":[{"href":"https:\/\/semmelweis.hu\/emk\/wp-json\/wp\/v2\/pages\/22268","targetHints":{"allow":["GET"]}}],"collection":[{"href":"https:\/\/semmelweis.hu\/emk\/wp-json\/wp\/v2\/pages"}],"about":[{"href":"https:\/\/semmelweis.hu\/emk\/wp-json\/wp\/v2\/types\/page"}],"author":[{"embeddable":true,"href":"https:\/\/semmelweis.hu\/emk\/wp-json\/wp\/v2\/users\/102350"}],"replies":[{"embeddable":true,"href":"https:\/\/semmelweis.hu\/emk\/wp-json\/wp\/v2\/comments?post=22268"}],"version-history":[{"count":10,"href":"https:\/\/semmelweis.hu\/emk\/wp-json\/wp\/v2\/pages\/22268\/revisions"}],"predecessor-version":[{"id":25233,"href":"https:\/\/semmelweis.hu\/emk\/wp-json\/wp\/v2\/pages\/22268\/revisions\/25233"}],"up":[{"embeddable":true,"href":"https:\/\/semmelweis.hu\/emk\/wp-json\/wp\/v2\/pages\/15842"}],"wp:attachment":[{"href":"https:\/\/semmelweis.hu\/emk\/wp-json\/wp\/v2\/media?parent=22268"}],"wp:term":[{"taxonomy":"category","embeddable":true,"href":"https:\/\/semmelweis.hu\/emk\/wp-json\/wp\/v2\/categories?post=22268"},{"taxonomy":"post_tag","embeddable":true,"href":"https:\/\/semmelweis.hu\/emk\/wp-json\/wp\/v2\/tags?post=22268"}],"curies":[{"name":"wp","href":"https:\/\/api.w.org\/{rel}","templated":true}]}}