{"id":22053,"date":"2024-04-24T12:23:13","date_gmt":"2024-04-24T10:23:13","guid":{"rendered":"https:\/\/semmelweis.hu\/emk\/?page_id=22053"},"modified":"2025-12-12T13:33:57","modified_gmt":"2025-12-12T12:33:57","slug":"mesterseges-intelligencia-az-egeszsegugyben-hirlevel","status":"publish","type":"page","link":"https:\/\/semmelweis.hu\/emk\/elerhetosegek\/mesterseges-intelligencia-az-egeszsegugyben-hirlevel\/","title":{"rendered":"Mesters\u00e9ges intelligencia az eg\u00e9szs\u00e9g\u00fcgyben h\u00edrlev\u00e9l"},"content":{"rendered":"<h5 class=\"keretes w-100\">\u00c9rtes\u00fclj\u00f6n \u00d6n is a mesters\u00e9ges intelligencia az eg\u00e9szs\u00e9g\u00fcgyben t\u00e9m\u00e1ban megjelent h\u00edrekr\u0151l, publik\u00e1ci\u00f3kr\u00f3l, esem\u00e9nyekr\u0151l!<\/h5>\n<p style=\"text-align: center\"><a class=\"button\" href=\"https:\/\/97febb0d.sibforms.com\/serve\/MUIFACFhqhGmy5b6Ch0mBP3tLWc10_WMEqcUQv1V0hs7Mp1-Z0er1oRwPe2CsYCuaqd5rbKEOb28MLFnhY2406-KF-HMHf1EEZCLGSwoVOcC2isakYEqpbK2yo14Q8w0se6ImIFZEaLaxBlm_e1V8Ub4RwZhENWKOAFvZNANREnzoXtMIYQ_Iqtzi8foUwopAND8fURb7D9GpTWr\">FELIRATKOZ\u00c1S<\/a><\/p>\n<h5 style=\"text-align: center\">MEGJELENT H\u00cdRLEVELEINK<\/h5>\n<h5>2025<\/h5>\n<p><a href=\"https:\/\/sh1.sendinblue.com\/3j5fhlyrgxxpfe.html?t=1765542692809\" target=\"_blank\" rel=\"noopener\">2025. december 12. (I\/9.)<\/a><\/p>\n<p><a href=\"https:\/\/sh1.sendinblue.com\/3j4uf3argxxpfe.html?t=1763128262587\" target=\"_blank\" rel=\"noopener\">2025. november 14. (I\/8.)<\/a><\/p>\n<p><a href=\"https:\/\/sh1.sendinblue.com\/3j2mcpyrgxxpfe.html?t=1761557801608\" target=\"_blank\" rel=\"noopener\">2025. okt\u00f3ber 21. (I\/7.)<\/a><\/p>\n<p><a href=\"https:\/\/sh1.sendinblue.com\/3j13kkmrgxxpfe.html?t=1758046119443\" target=\"_blank\" rel=\"noopener\">2025. szeptember 16. (I\/6.)<\/a><\/p>\n<p><a href=\"https:\/\/sh1.sendinblue.com\/3j0v55yrgxxpfe.html?t=1749538369259\" target=\"_blank\" rel=\"noopener\">2025. j\u00fanius 6. (I\/5.)<\/a><\/p>\n<p><a href=\"https:\/\/sh1.sendinblue.com\/3j0a2nargxxpfe.html?t=1746797703898\" target=\"_blank\" rel=\"noopener\">2025. m\u00e1jus 9. (I\/4.)<\/a><\/p>\n<p><a href=\"https:\/\/sh1.sendinblue.com\/3iyzpwmrgxxpfe.html?t=1744366633914\" target=\"_blank\" rel=\"noopener\">2025. \u00e1prilis 11. (I\/3.)<\/a><\/p>\n<p><a href=\"https:\/\/sh1.sendinblue.com\/3iy209yrgxxpfe.html?t=1741858027056&amp;fbclid=IwY2xjawJEwetleHRuA2FlbQIxMAABHT2ulp0U_sspnYBcQbXKTKNyBgDkJCeOLD0fY32W05iqR7dHXupsvmKgIQ_aem_RvHRhs5C1YAOPXeJm_S85g\" target=\"_blank\" rel=\"noopener\">2025. m\u00e1rcius 14. (I\/2.)<\/a><\/p>\n<p><a href=\"https:\/\/sh1.sendinblue.com\/3ixxskmrgxxpfe.html?t=1739521524745\" target=\"_blank\" rel=\"noopener\">2025. febru\u00e1r 14. (I\/1.)<\/a><\/p>\n<p><img loading=\"lazy\" decoding=\"async\" class=\"aligncenter size-full wp-image-26228\" src=\"https:\/\/semmelweis.hu\/emk\/files\/2025\/11\/MI_hirlevel_fejlec_96dpi_final.jpg\" alt=\"mesters\u00e9ges intelligencia az eg\u00e9szs\u00e9g\u00fcgyben\" width=\"945\" height=\"310\" srcset=\"https:\/\/semmelweis.hu\/emk\/files\/2025\/11\/MI_hirlevel_fejlec_96dpi_final.jpg 945w, https:\/\/semmelweis.hu\/emk\/files\/2025\/11\/MI_hirlevel_fejlec_96dpi_final-400x131.jpg 400w, https:\/\/semmelweis.hu\/emk\/files\/2025\/11\/MI_hirlevel_fejlec_96dpi_final-768x252.jpg 768w, https:\/\/semmelweis.hu\/emk\/files\/2025\/11\/MI_hirlevel_fejlec_96dpi_final-753x247.jpg 753w\" sizes=\"auto, (max-width: 945px) 100vw, 945px\" \/><\/p>\n","protected":false},"excerpt":{"rendered":"<p>\u00c9rtes\u00fclj\u00f6n \u00d6n is a mesters\u00e9ges intelligencia az eg\u00e9szs\u00e9g\u00fcgyben t\u00e9m\u00e1ban megjelent h\u00edrekr\u0151l, publik\u00e1ci\u00f3kr\u00f3l, esem\u00e9nyekr\u0151l!<br \/>\n<a class=\"button\" href=\"https:\/\/97febb0d.sibforms.com\/serve\/MUIFACFhqhGmy5b6Ch0mBP3tLWc10_WMEqcUQv1V0hs7Mp1-Z0er1oRwPe2CsYCuaqd5rbKEOb28MLFnhY2406-KF-HMHf1EEZCLGSwoVOcC2isakYEqpbK2yo14Q8w0se6ImIFZEaLaxBlm_e1V8Ub4RwZhENWKOAFvZNANREnzoXtMIYQ_Iqtzi8foUwopAND8fURb7D9GpTWr\">FELIRATKOZ\u00c1S<\/a><br \/>\nMEGJELENT H\u00cdRLEVELEINK<br \/>\n2025<br \/>\n<a href=\"https:\/\/sh1.sendinblue.com\/3j5fhlyrgxxpfe.html?t=1765542692809\" target=\"_blank\" rel=\"noopener\">2025. december 12. (I\/9.)<\/a><br \/>\n<a href=\"https:\/\/sh1.sendinblue.com\/3j4uf3argxxpfe.html?t=1763128262587\" target=\"_blank\" rel=\"noopener\">2025. november 14. (I\/8.)<\/a><br \/>\n<a href=\"https:\/\/sh1.sendinblue.com\/3j2mcpyrgxxpfe.html?t=1761557801608\" target=\"_blank\" rel=\"noopener\">2025. okt\u00f3ber 21. (I\/7.)<\/a><br \/>\n<a href=\"https:\/\/sh1.sendinblue.com\/3j13kkmrgxxpfe.html?t=1758046119443\" target=\"_blank\" rel=\"noopener\">2025. szeptember 16. (I\/6.)<\/a><br \/>\n<a href=\"https:\/\/sh1.sendinblue.com\/3j0v55yrgxxpfe.html?t=1749538369259\" target=\"_blank\" rel=\"noopener\">2025. j\u00fanius 6. (I\/5.)<\/a><br \/>\n<a href=\"https:\/\/sh1.sendinblue.com\/3j0a2nargxxpfe.html?t=1746797703898\" target=\"_blank\" rel=\"noopener\">2025. m\u00e1jus 9. (I\/4.)<\/a><br \/>\n<a href=\"https:\/\/sh1.sendinblue.com\/3iyzpwmrgxxpfe.html?t=1744366633914\" target=\"_blank\" rel=\"noopener\">2025. \u00e1prilis 11. (I\/3.)<\/a><br \/>\n<a href=\"https:\/\/sh1.sendinblue.com\/3iy209yrgxxpfe.html?t=1741858027056&amp;fbclid=IwY2xjawJEwetleHRuA2FlbQIxMAABHT2ulp0U_sspnYBcQbXKTKNyBgDkJCeOLD0fY32W05iqR7dHXupsvmKgIQ_aem_RvHRhs5C1YAOPXeJm_S85g\" target=\"_blank\" rel=\"noopener\">2025. m\u00e1rcius 14. (I\/2.)<\/a><br \/>\n<a href=\"https:\/\/sh1.sendinblue.com\/3ixxskmrgxxpfe.html?t=1739521524745\" target=\"_blank\" rel=\"noopener\">2025. febru\u00e1r 14. (I\/1.)<\/a><\/p>\n","protected":false},"author":102350,"featured_media":0,"parent":13776,"menu_order":3,"comment_status":"closed","ping_status":"closed","template":"","meta":{"_acf_changed":false,"footnotes":""},"categories":[],"tags":[294],"class_list":["post-22053","page","type-page","status-publish","hentry","tag-mesterseges-intelligencia"],"acf":[],"_links":{"self":[{"href":"https:\/\/semmelweis.hu\/emk\/wp-json\/wp\/v2\/pages\/22053","targetHints":{"allow":["GET"]}}],"collection":[{"href":"https:\/\/semmelweis.hu\/emk\/wp-json\/wp\/v2\/pages"}],"about":[{"href":"https:\/\/semmelweis.hu\/emk\/wp-json\/wp\/v2\/types\/page"}],"author":[{"embeddable":true,"href":"https:\/\/semmelweis.hu\/emk\/wp-json\/wp\/v2\/users\/102350"}],"replies":[{"embeddable":true,"href":"https:\/\/semmelweis.hu\/emk\/wp-json\/wp\/v2\/comments?post=22053"}],"version-history":[{"count":10,"href":"https:\/\/semmelweis.hu\/emk\/wp-json\/wp\/v2\/pages\/22053\/revisions"}],"predecessor-version":[{"id":26540,"href":"https:\/\/semmelweis.hu\/emk\/wp-json\/wp\/v2\/pages\/22053\/revisions\/26540"}],"up":[{"embeddable":true,"href":"https:\/\/semmelweis.hu\/emk\/wp-json\/wp\/v2\/pages\/13776"}],"wp:attachment":[{"href":"https:\/\/semmelweis.hu\/emk\/wp-json\/wp\/v2\/media?parent=22053"}],"wp:term":[{"taxonomy":"category","embeddable":true,"href":"https:\/\/semmelweis.hu\/emk\/wp-json\/wp\/v2\/categories?post=22053"},{"taxonomy":"post_tag","embeddable":true,"href":"https:\/\/semmelweis.hu\/emk\/wp-json\/wp\/v2\/tags?post=22053"}],"curies":[{"name":"wp","href":"https:\/\/api.w.org\/{rel}","templated":true}]}}