{"id":21982,"date":"2024-04-18T13:30:05","date_gmt":"2024-04-18T11:30:05","guid":{"rendered":"https:\/\/semmelweis.hu\/emk\/?page_id=21982"},"modified":"2024-07-24T16:12:00","modified_gmt":"2024-07-24T14:12:00","slug":"a-hack4cure-hackaton-mentorai-2024-tavasz","status":"publish","type":"page","link":"https:\/\/semmelweis.hu\/emk\/hackathon\/hack4cure-hackathon\/a-hack4cure-hackaton-mentorai-2024-tavasz\/","title":{"rendered":"A Hack4Cure Hackathon mentorai \u2013 2024 tavasz"},"content":{"rendered":"<p><b><a href=\"https:\/\/semmelweis.hu\/emk\/files\/2023\/11\/Alpern_Linda.jpg\"><img loading=\"lazy\" decoding=\"async\" class=\"alignleft wp-image-21427 size-medium\" src=\"https:\/\/semmelweis.hu\/emk\/files\/2023\/11\/Alpern_Linda-329x400.jpg\" alt=\"Alpern Linda\" width=\"329\" height=\"400\" srcset=\"https:\/\/semmelweis.hu\/emk\/files\/2023\/11\/Alpern_Linda-329x400.jpg 329w, https:\/\/semmelweis.hu\/emk\/files\/2023\/11\/Alpern_Linda-842x1024.jpg 842w, https:\/\/semmelweis.hu\/emk\/files\/2023\/11\/Alpern_Linda-768x934.jpg 768w, https:\/\/semmelweis.hu\/emk\/files\/2023\/11\/Alpern_Linda-1263x1536.jpg 1263w, https:\/\/semmelweis.hu\/emk\/files\/2023\/11\/Alpern_Linda-753x916.jpg 753w, https:\/\/semmelweis.hu\/emk\/files\/2023\/11\/Alpern_Linda.jpg 1536w\" sizes=\"auto, (max-width: 329px) 100vw, 329px\" \/><\/a>Alpern Linda<\/b>, eg\u00e9szs\u00e9g\u00fcgyi vizu\u00e1lis kommunik\u00e1ci\u00f3s szakember, <span style=\"font-weight: 400\">Semmelweis Egyetem Eg\u00e9szs\u00e9g\u00fcgyi Menedzserk\u00e9pz\u0151 K\u00f6zpont<\/span><\/p>\n<p><span style=\"font-weight: 400\">8 \u00e9ve dolgozik az eg\u00e9szs\u00e9g\u00fcgy ter\u00fclet\u00e9n. A MOME-n v\u00e9gzett, ipari formatervez\u0151k\u00e9nt, majd a NEFI-ben kezdett el dolgozni a n\u00e9peg\u00e9szs\u00e9g\u00fcgyi kamp\u00e1nyok kreat\u00edv csapat\u00e1ban. 2 <\/span><span style=\"font-weight: 400\">\u00e9v ut\u00e1n \u00e9rkezett az Eg\u00e9szs\u00e9g\u00fcgyi Menedzserk\u00e9pz\u0151 K\u00f6zpontba, ahol m\u00e1r 8 \u00e9ve eg\u00e9szs\u00e9g\u00fcgyi vizu\u00e1lis kommunik\u00e1ci\u00f3s szakemberk\u00e9nt tev\u00e9kenykedik. <\/span><\/p>\n<p><span style=\"font-weight: 400\">Szakter\u00fclet\u00e9t 2 \u00e9vig tan\u00edtotta is. <\/span><\/p>\n<p><span style=\"font-weight: 400\">Mindek\u00f6zben k\u00f6zel k\u00e9t \u00e9vig a WHO munkat\u00e1rsa is volt, ahol digit\u00e1lis eg\u00e9szs\u00e9g\u00fcgyi rendezv\u00e9nyek vizu\u00e1lis kommunik\u00e1ci\u00f3s anyagain dolgozott.<\/span><\/p>\n<hr \/>\n<p><b>Dr. Boussoussou Nora Ph.D.<\/b><span style=\"font-weight: 400\">, <a href=\"https:\/\/semmelweis.hu\/emk\/files\/2024\/04\/Dr.-Boussoussou-Nora.png\"><img loading=\"lazy\" decoding=\"async\" class=\" wp-image-21988 alignleft\" src=\"https:\/\/semmelweis.hu\/emk\/files\/2024\/04\/Dr.-Boussoussou-Nora.png\" alt=\"Dr. Boussoussou N\u00f3ra\" width=\"330\" height=\"351\" srcset=\"https:\/\/semmelweis.hu\/emk\/files\/2024\/04\/Dr.-Boussoussou-Nora.png 580w, https:\/\/semmelweis.hu\/emk\/files\/2024\/04\/Dr.-Boussoussou-Nora-377x400.png 377w\" sizes=\"auto, (max-width: 330px) 100vw, 330px\" \/><\/a>orvos \u00e9s kutat\u00f3<\/span><\/p>\n<p><span style=\"font-weight: 400\">Kardiol\u00f3gusk\u00e9nt folytat gy\u00f3gy\u00edt\u00f3 tev\u00e9kenys\u00e9get. Kutat\u00f3k\u00e9nt az \u00e9ghajlatv\u00e1ltoz\u00e1s eg\u00e9szs\u00e9g\u00fcgyi hat\u00e1saival foglalkozik. A Kardiometeorol\u00f3gia tudom\u00e1nyter\u00fclet megalkot\u00f3ja. <\/span><\/p>\n<p><span style=\"font-weight: 400\">A Fenntarthat\u00f3 eg\u00e9szs\u00e9g\u00fcgyi menedzsment egyetemi kurzus oktat\u00f3ja. Sz\u00edv\u00fcgye a fenntarthat\u00f3an m\u0171k\u00f6d\u0151 eg\u00e9szs\u00e9g\u00fcgy megval\u00f3s\u00edt\u00e1sa.<\/span><\/p>\n<hr \/>\n<p><b><a href=\"https:\/\/semmelweis.hu\/emk\/files\/2023\/11\/Dr.-Deak-Mate.jpg\"><img loading=\"lazy\" decoding=\"async\" class=\"alignleft wp-image-21323 \" src=\"https:\/\/semmelweis.hu\/emk\/files\/2023\/11\/Dr.-Deak-Mate-400x365.jpg\" alt=\"Dr. De\u00e1k M\u00e1t\u00e9\" width=\"333\" height=\"304\" srcset=\"https:\/\/semmelweis.hu\/emk\/files\/2023\/11\/Dr.-Deak-Mate-400x365.jpg 400w, https:\/\/semmelweis.hu\/emk\/files\/2023\/11\/Dr.-Deak-Mate-768x701.jpg 768w, https:\/\/semmelweis.hu\/emk\/files\/2023\/11\/Dr.-Deak-Mate-753x688.jpg 753w, https:\/\/semmelweis.hu\/emk\/files\/2023\/11\/Dr.-Deak-Mate.jpg 853w\" sizes=\"auto, (max-width: 333px) 100vw, 333px\" \/><\/a>Dr. De\u00e1k M\u00e1t\u00e9<\/b>, <span style=\"font-weight: 400\">innov\u00e1ci\u00f3s szak\u00e9rt\u0151, PTE \u00c1OK Transzdiszciplin\u00e1ris Kutat\u00e1sok Int\u00e9zete<\/span><\/p>\n<p><span style=\"font-weight: 400\">A P\u00e9csi Tudom\u00e1nyegyetem B\u00f6lcs\u00e9szkar\u00e1nak \u00e9s Orvoskar\u00e1nak oktat\u00f3ja \u00e9s kutat\u00f3ja. Nem csak az Egyetem keretein bel\u00fcl fontos sz\u00e1m\u00e1ra a fejleszt\u00e9s, k\u00f6z\u00f6ss\u00e9gek \u00e9s kistelep\u00fcl\u00e9sek eset\u00e9ben is szervezi \u00e9s t\u00e1mogatja a helyi term\u00e9kek \u00e9s szolg\u00e1ltat\u00e1sok felt\u00e9rk\u00e9pez\u00e9s\u00e9t \u00e9s piacos\u00edt\u00e1s\u00e1t.<\/span><\/p>\n<hr \/>\n<p><b><a href=\"https:\/\/semmelweis.hu\/emk\/files\/2024\/04\/Dosa-Norbert-scaled.jpg\"><img loading=\"lazy\" decoding=\"async\" class=\"alignleft wp-image-21995 \" src=\"https:\/\/semmelweis.hu\/emk\/files\/2024\/04\/Dosa-Norbert-282x400.jpg\" alt=\"D\u00f3sa Norbert\" width=\"333\" height=\"472\" srcset=\"https:\/\/semmelweis.hu\/emk\/files\/2024\/04\/Dosa-Norbert-282x400.jpg 282w, https:\/\/semmelweis.hu\/emk\/files\/2024\/04\/Dosa-Norbert-721x1024.jpg 721w, https:\/\/semmelweis.hu\/emk\/files\/2024\/04\/Dosa-Norbert-768x1090.jpg 768w, https:\/\/semmelweis.hu\/emk\/files\/2024\/04\/Dosa-Norbert-1082x1536.jpg 1082w, https:\/\/semmelweis.hu\/emk\/files\/2024\/04\/Dosa-Norbert-1443x2048.jpg 1443w, https:\/\/semmelweis.hu\/emk\/files\/2024\/04\/Dosa-Norbert-753x1069.jpg 753w, https:\/\/semmelweis.hu\/emk\/files\/2024\/04\/Dosa-Norbert-scaled.jpg 1803w\" sizes=\"auto, (max-width: 333px) 100vw, 333px\" \/><\/a>D\u00f3sa Norbert<\/b>, <span style=\"font-weight: 400\">Semmelweis Egyetem Megel\u0151z\u0151 Orvostani \u00e9s N\u00e9peg\u00e9szs\u00e9gtani Int\u00e9zet, rezidens orvos<\/span><\/p>\n<p><span style=\"font-weight: 400\">Mindig is \u00e9rdekelte a biol\u00f3gia \u00e9s k\u00e9mia, ez\u00e9rt viszonylag egy\u00e9rtelm\u0171 v\u00e1laszt\u00e1snak t\u0171nt sz\u00e1m\u00e1ra az orvosi kar. Azonban az egyetem 6 \u00e9ve alatt arra kellett r\u00e1j\u00f6nnie, hogy sokkal jobban \u00e9rdekli a betegs\u00e9gek megel\u0151z\u00e9se, az eg\u00e9szs\u00e9gfejleszt\u00e9s, mint egy egy konkr\u00e9t k\u00f3rk\u00e9p kezel\u00e9se, illetve a pszichol\u00f3giai eszk\u00f6zt\u00e1rai fel\u00e9 is kiterjed \u00e9rdekl\u0151d\u00e9se. <\/span><\/p>\n<p><span style=\"font-weight: 400\">Ez\u00e9rt v\u00e1lasztotta a Megel\u0151z\u0151 orvostan \u00e9s n\u00e9peg\u00e9szs\u00e9gtan szakter\u00fcletet. Az EMK-val t\u00f6bbsz\u00f6r is volt alkalma k\u00f6z\u00f6sen r\u00e9szt venni programokban, p\u00e9ld\u00e1ul az Eg\u00e9szs\u00e9gpart projekt kapcs\u00e1n. Ezen tapasztalatok alapj\u00e1n izgatottan v\u00e1rja, hogy a Hackaton r\u00e9v\u00e9n ebbe az \u00faj kih\u00edv\u00e1sba is belev\u00e1ghasson.<\/span><\/p>\n<hr \/>\n<p><b><a href=\"https:\/\/semmelweis.hu\/emk\/files\/2023\/11\/Joo_Tomi.jpg\"><img loading=\"lazy\" decoding=\"async\" class=\"alignleft wp-image-21402 \" src=\"https:\/\/semmelweis.hu\/emk\/files\/2023\/11\/Joo_Tomi-400x400.jpg\" alt=\"Dr. Jo\u00f3 Tam\u00e1s\" width=\"333\" height=\"333\" srcset=\"https:\/\/semmelweis.hu\/emk\/files\/2023\/11\/Joo_Tomi-400x400.jpg 400w, https:\/\/semmelweis.hu\/emk\/files\/2023\/11\/Joo_Tomi-1024x1024.jpg 1024w, https:\/\/semmelweis.hu\/emk\/files\/2023\/11\/Joo_Tomi-150x150.jpg 150w, https:\/\/semmelweis.hu\/emk\/files\/2023\/11\/Joo_Tomi-768x768.jpg 768w, https:\/\/semmelweis.hu\/emk\/files\/2023\/11\/Joo_Tomi-753x753.jpg 753w, https:\/\/semmelweis.hu\/emk\/files\/2023\/11\/Joo_Tomi.jpg 1500w\" sizes=\"auto, (max-width: 333px) 100vw, 333px\" \/><\/a>Dr. Jo\u00f3 Tam\u00e1s<\/b>, <span style=\"font-weight: 400\">k\u00f6zgazd\u00e1sz, eg\u00e9szs\u00e9gpolitikai szak\u00e9rt\u0151, elektronikus inform\u00e1ci\u00f3biztons\u00e1gi vezet\u0151, a Magyar Eg\u00e9szs\u00e9g\u00fcgyi Menedzsment T\u00e1rsas\u00e1g eln\u00f6khelyettese<\/span><\/p>\n<p><span style=\"font-weight: 400\">2011-2012 k\u00f6z\u00f6tt a Pfizer Gy\u00f3gyszerkereskedelmi Kft-n\u00e9l dolgozott Market Access trainee poz\u00edci\u00f3ban. 2012-t\u0151l 2014-ig az Eg\u00e9szs\u00e9g\u00fcgy\u00e9rt Felel\u0151s \u00c1llamtitk\u00e1rs\u00e1gon kezdetben gazdas\u00e1gi elemz\u0151k\u00e9nt, majd egy \u00e1gazati vezet\u0151i inform\u00e1ci\u00f3s rendszer kialak\u00edt\u00e1s\u00e1t c\u00e9lz\u00f3 uni\u00f3s projekt szakmai vezet\u0151jek\u00e9nt, v\u00e9g\u00fcl az \u00e1gazatvezet\u0151 szem\u00e9lyi titk\u00e1rak\u00e9nt tev\u00e9kenykedett. <\/span><\/p>\n<p><span style=\"font-weight: 400\">2014-t\u0151l az EMK senior eg\u00e9szs\u00e9g\u00fcgyi k\u00f6zgazd\u00e1szak\u00e9nt, majd adjunktusak\u00e9nt hazai \u00e9s nemzetk\u00f6zi projektekben vesz r\u00e9szt, valamint digit\u00e1lis eg\u00e9szs\u00e9g\u00fcggyel, adattudom\u00e1nnyal, mesters\u00e9ges intelligenci\u00e1val, ipari befoly\u00e1sol\u00e1si technik\u00e1kkal, eg\u00e9szs\u00e9gbiztons\u00e1ggal \u00e9s kiberv\u00e9delemmel kapcsolatos ter\u00fcleteken v\u00e9gzi kutat\u00e1si \u00e9s oktat\u00e1si feladatait. <\/span><\/p>\n<p><span style=\"font-weight: 400\">PhD hallgat\u00f3k\u00e9nt a doh\u00e1nyz\u00e1s visszaszor\u00edt\u00e1s\u00e1ra ir\u00e1nyul\u00f3 int\u00e9zked\u00e9sek \u00e9rt\u00e9kel\u00e9s\u00e9t \u00e9s tov\u00e1bbi beavatkoz\u00e1si lehet\u0151s\u00e9gek kutat\u00e1s\u00e1t t\u00e1mogat\u00f3 innovat\u00edv m\u00f3dszerekkel kapcsolatban v\u00e9gezte tanulm\u00e1nyait, doktori fokozat\u00e1t 2022-ben szerezte meg.<\/span><\/p>\n<hr \/>\n<p><strong><a href=\"https:\/\/semmelweis.hu\/emk\/files\/2024\/04\/KissAkos.jpg\"><img loading=\"lazy\" decoding=\"async\" class=\"alignleft wp-image-21998 \" src=\"https:\/\/semmelweis.hu\/emk\/files\/2024\/04\/KissAkos-400x400.jpg\" alt=\"Kiss \u00c1kos\" width=\"338\" height=\"338\" srcset=\"https:\/\/semmelweis.hu\/emk\/files\/2024\/04\/KissAkos-400x400.jpg 400w, https:\/\/semmelweis.hu\/emk\/files\/2024\/04\/KissAkos-150x150.jpg 150w, https:\/\/semmelweis.hu\/emk\/files\/2024\/04\/KissAkos-768x768.jpg 768w, https:\/\/semmelweis.hu\/emk\/files\/2024\/04\/KissAkos-753x753.jpg 753w, https:\/\/semmelweis.hu\/emk\/files\/2024\/04\/KissAkos.jpg 960w\" sizes=\"auto, (max-width: 338px) 100vw, 338px\" \/><\/a>Kiss \u00c1kos, <\/strong>innov\u00e1ci\u00f3s manager, Debreceni Egyetem &#8211; Innov\u00e1ci\u00f3s \u00f6kosziszt\u00e9ma k\u00f6zpont<\/p>\n<p>Korai f\u00e1zis\u00fa startupok seg\u00edt\u0151je, mentora, startup \u00f6kosziszt\u00e9ma \u00e9p\u00edt\u0151.<\/p>\n<p>F\u0151 ter\u00fcletek: sport- \u00e9s zeneipari innov\u00e1ci\u00f3k, \u0171ripar.<\/p>\n<hr \/>\n<p><a href=\"https:\/\/semmelweis.hu\/emk\/files\/2023\/11\/kovats_tamas.jpg\"><img loading=\"lazy\" decoding=\"async\" class=\"alignleft wp-image-21421 \" src=\"https:\/\/semmelweis.hu\/emk\/files\/2023\/11\/kovats_tamas-313x400.jpg\" alt=\"Kov\u00e1ts Tam\u00e1s\" width=\"340\" height=\"435\" srcset=\"https:\/\/semmelweis.hu\/emk\/files\/2023\/11\/kovats_tamas-313x400.jpg 313w, https:\/\/semmelweis.hu\/emk\/files\/2023\/11\/kovats_tamas-801x1024.jpg 801w, https:\/\/semmelweis.hu\/emk\/files\/2023\/11\/kovats_tamas-768x982.jpg 768w, https:\/\/semmelweis.hu\/emk\/files\/2023\/11\/kovats_tamas-1201x1536.jpg 1201w, https:\/\/semmelweis.hu\/emk\/files\/2023\/11\/kovats_tamas-1601x2048.jpg 1601w, https:\/\/semmelweis.hu\/emk\/files\/2023\/11\/kovats_tamas-753x963.jpg 753w, https:\/\/semmelweis.hu\/emk\/files\/2023\/11\/kovats_tamas.jpg 1885w\" sizes=\"auto, (max-width: 340px) 100vw, 340px\" \/><\/a><span style=\"font-weight: 400\"><strong>Kov\u00e1ts Tam\u00e1s<\/strong>, Semmelweis Egyetem Eg\u00e9szs\u00e9g\u00fcgyi Menedzserk\u00e9pz\u0151 K\u00f6zpont<\/span><\/p>\n<p><span style=\"font-weight: 400\">Az ELTE Term\u00e9szettudom\u00e1nyi Kar\u00e1n programoz\u00f3 matematikusk\u00e9nt v\u00e9gzett, t\u00f6bb mint 20 \u00e9ve eg\u00e9szs\u00e9g\u00fcgyi adatokkal foglalkozik. <\/span><span style=\"font-weight: 400\">Dolgozott az Orsz\u00e1gos Ment\u0151szolg\u00e1latn\u00e1l \u00e9s az Orsz\u00e1gos V\u00e9rell\u00e1t\u00f3 Szolg\u00e1latn\u00e1l, majd az Eg\u00e9szs\u00e9g\u00fcgyi Strat\u00e9giai Kutat\u00f3int\u00e9zethez ker\u00fclt. Kor\u00e1bban az adatt\u00e1rh\u00e1z fel\u00e9p\u00edt\u00e9s\u00e9re, lek\u00e9rdez\u0151 fel\u00fcletek l\u00e9trehoz\u00e1s\u00e1ra koncentr\u00e1lt. <\/span><\/p>\n<p><span style=\"font-weight: 400\">Jelenleg a struktur\u00e1lt adatokb\u00f3l t\u00f6rt\u00e9n\u0151 predikci\u00f3s modellek fel\u00e9p\u00edt\u00e9s\u00e9nek lehet\u0151s\u00e9geit kutatja.<\/span><\/p>\n<hr \/>\n<p><span style=\"font-weight: 400\"><strong><a href=\"https:\/\/semmelweis.hu\/emk\/files\/2023\/11\/Lendvay_Marcell.jpg\"><img loading=\"lazy\" decoding=\"async\" class=\"alignleft wp-image-21345 \" src=\"https:\/\/semmelweis.hu\/emk\/files\/2023\/11\/Lendvay_Marcell-267x400.jpg\" alt=\"dr. Lendvay Marcell\" width=\"325\" height=\"486\" srcset=\"https:\/\/semmelweis.hu\/emk\/files\/2023\/11\/Lendvay_Marcell-267x400.jpg 267w, https:\/\/semmelweis.hu\/emk\/files\/2023\/11\/Lendvay_Marcell-683x1024.jpg 683w, https:\/\/semmelweis.hu\/emk\/files\/2023\/11\/Lendvay_Marcell-1366x2048.jpg 1366w, https:\/\/semmelweis.hu\/emk\/files\/2023\/11\/Lendvay_Marcell-753x1129.jpg 753w, https:\/\/semmelweis.hu\/emk\/files\/2023\/11\/Lendvay_Marcell.jpg 1707w\" sizes=\"auto, (max-width: 325px) 100vw, 325px\" \/><\/a>Dr. Lendvay Marcell<\/strong>,\u00a0<\/span><span style=\"font-weight: 400\">rezidens orvos, PhD-hallgat\u00f3,\u00a0<\/span><span style=\"font-weight: 400\">P\u00e9csi Tudom\u00e1nyegyetem Klinikai K\u00f6zpont Reumatol\u00f3giai \u00e9s Immunol\u00f3giai Klinika<\/span><\/p>\n<p><span style=\"font-weight: 400\">A p\u00e9csi Reumatol\u00f3giai \u00e9s Immunol\u00f3giai Klinik\u00e1n dolgozik rezidens orvosk\u00e9nt \u00e9s PhD-hallgat\u00f3k\u00e9nt. T\u00e9m\u00e1ja a cs\u00edp\u0151- \u00e9s t\u00e9rd tot\u00e1l endoprot\u00e9zist k\u00f6vet\u0151 rehabilit\u00e1ci\u00f3t befoly\u00e1sol\u00f3 faktorok felm\u00e9r\u00e9se. <\/span><\/p>\n<p><span style=\"font-weight: 400\">Szeptember \u00f3ta er\u0151s\u00edti a PTE ITD csapat\u00e1t. \u00f6r\u00f6mmel foglalkozik azzal, hogyan lehet \u00e1t\u00fcltetni az innov\u00e1ci\u00f3kat az elm\u00e9leti s\u00edkb\u00f3l a mindennapi gyakorlatba.<\/span><\/p>\n<p><span style=\"font-weight: 400\">Szak\u00e9rt\u0151i le\u00edr\u00e1s: mozg\u00e1sszervi betegs\u00e9gekkel foglalkoz\u00f3 klinikai orvos.<\/span><\/p>\n<hr \/>\n<p><strong><a href=\"https:\/\/semmelweis.hu\/emk\/files\/2023\/11\/Noa-foto-scaled.jpg\"><img loading=\"lazy\" decoding=\"async\" class=\"alignleft wp-image-21407 \" src=\"https:\/\/semmelweis.hu\/emk\/files\/2023\/11\/Noa-foto-267x400.jpg\" alt=\"Dr. Liber No\u00e9mi\" width=\"325\" height=\"487\" srcset=\"https:\/\/semmelweis.hu\/emk\/files\/2023\/11\/Noa-foto-267x400.jpg 267w, https:\/\/semmelweis.hu\/emk\/files\/2023\/11\/Noa-foto-683x1024.jpg 683w, https:\/\/semmelweis.hu\/emk\/files\/2023\/11\/Noa-foto-768x1152.jpg 768w, https:\/\/semmelweis.hu\/emk\/files\/2023\/11\/Noa-foto-1024x1536.jpg 1024w, https:\/\/semmelweis.hu\/emk\/files\/2023\/11\/Noa-foto-1365x2048.jpg 1365w, https:\/\/semmelweis.hu\/emk\/files\/2023\/11\/Noa-foto-753x1130.jpg 753w, https:\/\/semmelweis.hu\/emk\/files\/2023\/11\/Noa-foto-scaled.jpg 1707w\" sizes=\"auto, (max-width: 325px) 100vw, 325px\" \/><\/a>Dr. Liber No\u00e9mi<\/strong>, int\u00e9zetvezet\u0151-helyettes, innov\u00e1ci\u00f3s szak\u00e9rt\u0151, PTE \u00c1ltal\u00e1nos Orvostudom\u00e1nyi Kar, Transzdiszciplin\u00e1ris Kutat\u00e1sok Int\u00e9zete<\/p>\n<p>Jog\u00e1szk\u00e9nt diplom\u00e1zott a P\u00e9csi Tudom\u00e1nyegyetem \u00c1llam \u00e9s Jogtudom\u00e1nyi Kar\u00e1n, majd a Szellemi Tulajdon Nemzeti Hivatal\u00e1n\u00e1l Fels\u0151fok\u00fa Iparjogv\u00e9delmi szakk\u00e9pes\u00edt\u00e9st szerzett. Az innov\u00e1ci\u00f3 \u00e9s a szellemi term\u00e9k menedzsment ter\u00e9n az elm\u00falt t\u00edz \u00e9v sor\u00e1n szerzett tud\u00e1s\u00e1nak \u00e9s tapasztalat\u00e1nak k\u00f6sz\u00f6nhet\u0151en t\u00e1mogatja a hozz\u00e1juk \u00e9rkez\u0151 innovat\u00edv projekteket, csapatokat \u00e9s startupokat.<\/p>\n<p>K\u00fcl\u00f6nb\u00f6z\u0151 projektekben \u00e9s esem\u00e9nyeken vett r\u00e9szt \u00e9s \u00e1ll\u00edtja, hogy nincs k\u00e9t egyforma csapat, projekt vagy kih\u00edv\u00e1s. Pontosan emiatt \u00e9lvezi annyira a munk\u00e1j\u00e1t \u00e9s tekint r\u00e1 \u00fagy, mint \u00e9lete \u00e9s szem\u00e9lyis\u00e9ge egyik fontos alapj\u00e1ra. Int\u00e9zet\u00fck, az EIT Health RIS Hub-k\u00e9nt v\u00e1llalt feladatainak megval\u00f3s\u00edt\u00e1s\u00e1\u00e9rt is \u0151 felel.<\/p>\n<p>V\u00e9g\u00fcl, de nem utols\u00f3sorban, int\u00e9zet\u00fck igazgat\u00f3helyettesek\u00e9nt az operat\u00edv feladatokat menedzseli, koordin\u00e1lja \u00e9s ellen\u0151rzi.<\/p>\n<hr \/>\n<p><b><a href=\"https:\/\/semmelweis.hu\/emk\/files\/2023\/11\/Mikesy-Gergely.jpg\"><img loading=\"lazy\" decoding=\"async\" class=\"alignleft wp-image-21424 \" src=\"https:\/\/semmelweis.hu\/emk\/files\/2023\/11\/Mikesy-Gergely-300x400.jpg\" alt=\"Dr. Mikesy Gergely\" width=\"324\" height=\"432\" \/><\/a>Dr. Mikesy Gergely<\/b><span style=\"font-weight: 400\">, <\/span><span style=\"font-weight: 400\">\u00e1ltal\u00e1nos orvos, eg\u00e9szs\u00e9g\u00fcgyi menedzser, <\/span><span style=\"font-weight: 400\">Semmelweis Egyetem Eg\u00e9szs\u00e9g\u00fcgyi Menedzserk\u00e9pz\u0151 K\u00f6zpont<\/span><\/p>\n<p><span style=\"font-weight: 400\">Az orvosi egyetem ut\u00e1n elv\u00e9gezte a Semmelweis Egyetem Eg\u00e9szs\u00e9g\u00fcgyi Menedzserk\u00e9pz\u0151 K\u00f6zpontj\u00e1nak eg\u00e9szs\u00e9g\u00fcgyi menedzser MSc k\u00e9pz\u00e9s\u00e9t, \u00e9s ezzel p\u00e1rhuzamosan el is kezdett dolgozni az int\u00e9zm\u00e9nyben. <\/span><\/p>\n<p><span style=\"font-weight: 400\">F\u0151bb szakter\u00fcletei k\u00f6z\u00e9 tartozik a n\u00e9peg\u00e9szs\u00e9g\u00fcgy, azon bel\u00fcl is legink\u00e1bb a k\u00fcl\u00f6nb\u00f6z\u0151 sz\u0171r\u0151programok, valamint a digit\u00e1lis eg\u00e9szs\u00e9g\u00fcgyi megold\u00e1sok, valamint a mesters\u00e9ges intelligencia fejleszt\u00e9sek eg\u00e9szs\u00e9g\u00fcgyi bevezet\u00e9se (szigor\u00faan orvosi oldalr\u00f3l), de emellett foglalkozik projektmenedzsmenttel, valamint innov\u00e1ci\u00f3s esem\u00e9nyek szervez\u00e9s\u00e9vel is.<\/span><\/p>\n<hr \/>\n<p><b><a href=\"https:\/\/semmelweis.hu\/emk\/files\/2024\/04\/Sodar-Gabriella.jpg\"><img loading=\"lazy\" decoding=\"async\" class=\"alignleft wp-image-22004 \" src=\"https:\/\/semmelweis.hu\/emk\/files\/2024\/04\/Sodar-Gabriella-400x400.jpg\" alt=\"S\u00f3dar Gabriella\" width=\"324\" height=\"324\" srcset=\"https:\/\/semmelweis.hu\/emk\/files\/2024\/04\/Sodar-Gabriella-400x400.jpg 400w, https:\/\/semmelweis.hu\/emk\/files\/2024\/04\/Sodar-Gabriella-150x150.jpg 150w, https:\/\/semmelweis.hu\/emk\/files\/2024\/04\/Sodar-Gabriella-768x768.jpg 768w, https:\/\/semmelweis.hu\/emk\/files\/2024\/04\/Sodar-Gabriella-753x753.jpg 753w, https:\/\/semmelweis.hu\/emk\/files\/2024\/04\/Sodar-Gabriella.jpg 1000w\" sizes=\"auto, (max-width: 324px) 100vw, 324px\" \/><\/a>S\u00f3dar Gabriella<\/b><span style=\"font-weight: 400\">,<\/span> <span style=\"font-weight: 400\">operat\u00edv \u00e9s projekt igazgat\u00f3-helyettes, K\u00e9k Bolyg\u00f3 Kl\u00edmav\u00e9delmi Alap\u00edtv\u00e1ny.\u00a0<\/span><\/p>\n<p><span style=\"font-weight: 400\">Multinacion\u00e1lis c\u00e9gben, fejleszt\u00e9spolitik\u00e1ban bet\u00f6lt\u00f6tt vezet\u0151 poz\u00edci\u00f3k ut\u00e1n a technol\u00f3gia transzfer r\u00e9szt vezette a Semmelweis Egyetemen, majd a fenntarthat\u00f3s\u00e1g fel\u00e9 vette az ir\u00e1nyt \u00e9s a K\u00e9k Bolyg\u00f3 Alap\u00edtv\u00e1nyban k\u00fczd a fenntarthat\u00f3bb \u00e9let\u00e9rt.<\/span><\/p>\n<hr \/>\n<p><b><a href=\"https:\/\/semmelweis.hu\/emk\/files\/2024\/04\/dr_szaloki_katalin.jpg\"><img loading=\"lazy\" decoding=\"async\" class=\"alignleft wp-image-22005 \" src=\"https:\/\/semmelweis.hu\/emk\/files\/2024\/04\/dr_szaloki_katalin-266x400.jpg\" alt=\"Dr. Szal\u00f3ki Katalin\" width=\"324\" height=\"487\" \/><\/a>Dr. Szal\u00f3ki Katalin<\/b>, <span style=\"font-weight: 400\">az AIPM &#8211; Innovat\u00edv Gy\u00f3gyszergy\u00e1rt\u00f3k Egyes\u00fclet\u00e9nek igazgat\u00f3ja\u00a0<\/span><\/p>\n<p><span style=\"font-weight: 400\">Eg\u00e9szs\u00e9g\u00fcgyi menedzser v\u00e9gzetts\u00e9ge mellett doktori fokozat\u00e1t uni\u00f3s jogb\u00f3l szerezte. 15 \u00e9v diplomata karrier ut\u00e1n az EIT Health k\u00f6tel\u00e9k\u00e9be ker\u00fclt, majd a PwC nemzetk\u00f6zi tan\u00e1csad\u00f3 c\u00e9g uni\u00f3s csapat\u00e1t vezette \u00e9s a fenntarthat\u00f3s\u00e1ggal foglalkoz\u00f3 csapat alap\u00edt\u00f3 tagjai k\u00f6z\u00f6tt volt jelen. \u00cdgy a fenntarthat\u00f3 eg\u00e9szs\u00e9g\u00fcgy az \u00e9let\u00e9nek k\u00e9t ter\u00fclet\u00e9t k\u00f6ti \u00f6ssze.<\/span><\/p>\n<hr \/>\n<p><b><a href=\"https:\/\/semmelweis.hu\/emk\/files\/2024\/04\/Vadas-Viktoria.png\"><img loading=\"lazy\" decoding=\"async\" class=\"alignleft wp-image-22007 \" src=\"https:\/\/semmelweis.hu\/emk\/files\/2024\/04\/Vadas-Viktoria-300x400.png\" alt=\"Dr. Vadas Vikt\u00f3ria\" width=\"321\" height=\"428\" srcset=\"https:\/\/semmelweis.hu\/emk\/files\/2024\/04\/Vadas-Viktoria-300x400.png 300w, https:\/\/semmelweis.hu\/emk\/files\/2024\/04\/Vadas-Viktoria-768x1024.png 768w, https:\/\/semmelweis.hu\/emk\/files\/2024\/04\/Vadas-Viktoria-753x1004.png 753w, https:\/\/semmelweis.hu\/emk\/files\/2024\/04\/Vadas-Viktoria.png 960w\" sizes=\"auto, (max-width: 321px) 100vw, 321px\" \/><\/a>Dr. Vadas Vikt\u00f3ria,<\/b><span style=\"font-weight: 400\"> aneszteziol\u00f3gus, intenz\u00edv ter\u00e1pi\u00e1s szakorvos, eg\u00e9szs\u00e9g\u00fcgyi menedzser.\u00a0<\/span><\/p>\n<p><span style=\"font-weight: 400\">13 \u00e9vet t\u00f6lt\u00f6tt \u00e1llami k\u00f3rh\u00e1zakban, s\u00fcrg\u0151ss\u00e9gi \u00e9s intenz\u00edv betegell\u00e1t\u00e1sban, orvosk\u00e9nt. Ebben az id\u0151szakban 2 \u00e9vig az Egyes\u00fclt Kir\u00e1lys\u00e1g mag\u00e1n k\u00f3rh\u00e1zaiban, \u00fcgyeletes orvosk\u00e9nt is dolgozott.<\/span><\/p>\n<p><span style=\"font-weight: 400\">A klinikum ut\u00e1n betekint\u00e9st nyerhetett a vezet\u0151i oldal, a menedzsment vil\u00e1g\u00e1ba is, orvosigazgat\u00f3k\u00e9nt. 2023 \u00f3ta a Semmelweis Egyetem Menedzserk\u00e9pz\u0151 K\u00f6zpont munkat\u00e1rsa. Szakmai vezet\u0151 koordin\u00e1tork\u00e9nt a klinikai oldalt k\u00e9pviseli az int\u00e9zetben zajl\u00f3 m\u0171helymunka sor\u00e1n.<\/span><\/p>\n<hr \/>\n<p><b><a href=\"https:\/\/semmelweis.hu\/emk\/files\/2024\/04\/Werling_Dora.jpg\"><img loading=\"lazy\" decoding=\"async\" class=\"alignleft wp-image-22010 \" src=\"https:\/\/semmelweis.hu\/emk\/files\/2024\/04\/Werling_Dora-400x400.jpg\" alt=\"Werling D\u00f3ra\" width=\"322\" height=\"322\" srcset=\"https:\/\/semmelweis.hu\/emk\/files\/2024\/04\/Werling_Dora-400x400.jpg 400w, https:\/\/semmelweis.hu\/emk\/files\/2024\/04\/Werling_Dora-150x150.jpg 150w, https:\/\/semmelweis.hu\/emk\/files\/2024\/04\/Werling_Dora.jpg 540w\" sizes=\"auto, (max-width: 322px) 100vw, 322px\" \/><\/a>Dr. Werling D\u00f3ra<\/b><span style=\"font-weight: 400\">,<\/span><b>\u00a0<\/b><span style=\"font-weight: 400\">szem\u00e9sz szakorvos, egyetemi tan\u00e1rseg\u00e9d, PTE KK Szem\u00e9szeti Klinika<\/span><\/p>\n<p><span style=\"font-weight: 400\">2012-ben szerzett \u00e1ltal\u00e1nos orvosi diplom\u00e1t a P\u00e9csi Tudom\u00e1nyegyetem \u00c1ltal\u00e1nos Orvostudom\u00e1nyi Kar\u00e1n. <\/span><span style=\"font-weight: 400\">Az egyetemi tanulm\u00e1nyok ut\u00e1n nappali PhD k\u00e9pz\u00e9st kezdett, disszert\u00e1ci\u00f3j\u00e1t 2017-ben sikeresen megv\u00e9dte. <\/span><span style=\"font-weight: 400\">2016 \u00f3ta dolgozik a P\u00e9csi Tudom\u00e1nyegyetem Szem\u00e9szeti Klinik\u00e1j\u00e1n. Szakvizsg\u00e1j\u00e1t 2022-ben szerezte meg.<\/span><\/p>\n<hr \/>\n<p><span style=\"font-weight: 400\"> \u00a0 <\/span><\/p>\n<p>&nbsp;<\/p>\n","protected":false},"excerpt":{"rendered":"<p><a href=\"https:\/\/semmelweis.hu\/emk\/files\/2023\/11\/Alpern_Linda.jpg\"><\/a> Alpern Linda, eg\u00e9szs\u00e9g\u00fcgyi vizu\u00e1lis kommunik\u00e1ci\u00f3s szakember, Semmelweis Egyetem Eg\u00e9szs\u00e9g\u00fcgyi Menedzserk\u00e9pz\u0151 K\u00f6zpont 8 \u00e9ve dolgozik az eg\u00e9szs\u00e9g\u00fcgy ter\u00fclet\u00e9n. A MOME-n v\u00e9gzett, ipari formatervez\u0151k\u00e9nt, majd a NEFI-ben kezdett el dolgozni a n\u00e9peg\u00e9szs\u00e9g\u00fcgyi kamp\u00e1nyok kreat\u00edv csapat\u00e1ban. 2 \u00e9v ut\u00e1n \u00e9rkezett az Eg\u00e9szs\u00e9g\u00fcgyi Menedzserk\u00e9pz\u0151 K\u00f6zpontba, ahol m\u00e1r 8 \u00e9ve eg\u00e9szs\u00e9g\u00fcgyi vizu\u00e1lis kommunik\u00e1ci\u00f3s szakemberk\u00e9nt tev\u00e9kenykedik. Szakter\u00fclet\u00e9t 2 \u00e9vig tan\u00edtotta is. &hellip;<\/p>\n","protected":false},"author":102350,"featured_media":0,"parent":21818,"menu_order":0,"comment_status":"closed","ping_status":"closed","template":"","meta":{"_acf_changed":false,"footnotes":""},"categories":[330],"tags":[302,316,288],"class_list":["post-21982","page","type-page","status-publish","hentry","category-hack4cure2024tavasz","tag-hack4cure","tag-hack4cure2024","tag-hackaton-hu"],"acf":[],"_links":{"self":[{"href":"https:\/\/semmelweis.hu\/emk\/wp-json\/wp\/v2\/pages\/21982","targetHints":{"allow":["GET"]}}],"collection":[{"href":"https:\/\/semmelweis.hu\/emk\/wp-json\/wp\/v2\/pages"}],"about":[{"href":"https:\/\/semmelweis.hu\/emk\/wp-json\/wp\/v2\/types\/page"}],"author":[{"embeddable":true,"href":"https:\/\/semmelweis.hu\/emk\/wp-json\/wp\/v2\/users\/102350"}],"replies":[{"embeddable":true,"href":"https:\/\/semmelweis.hu\/emk\/wp-json\/wp\/v2\/comments?post=21982"}],"version-history":[{"count":10,"href":"https:\/\/semmelweis.hu\/emk\/wp-json\/wp\/v2\/pages\/21982\/revisions"}],"predecessor-version":[{"id":22081,"href":"https:\/\/semmelweis.hu\/emk\/wp-json\/wp\/v2\/pages\/21982\/revisions\/22081"}],"up":[{"embeddable":true,"href":"https:\/\/semmelweis.hu\/emk\/wp-json\/wp\/v2\/pages\/21818"}],"wp:attachment":[{"href":"https:\/\/semmelweis.hu\/emk\/wp-json\/wp\/v2\/media?parent=21982"}],"wp:term":[{"taxonomy":"category","embeddable":true,"href":"https:\/\/semmelweis.hu\/emk\/wp-json\/wp\/v2\/categories?post=21982"},{"taxonomy":"post_tag","embeddable":true,"href":"https:\/\/semmelweis.hu\/emk\/wp-json\/wp\/v2\/tags?post=21982"}],"curies":[{"name":"wp","href":"https:\/\/api.w.org\/{rel}","templated":true}]}}