{"id":21837,"date":"2024-03-01T07:57:01","date_gmt":"2024-03-01T06:57:01","guid":{"rendered":"https:\/\/semmelweis.hu\/emk\/?page_id=21837"},"modified":"2024-03-26T12:36:47","modified_gmt":"2024-03-26T11:36:47","slug":"reszveteli-szabalyzat","status":"publish","type":"page","link":"https:\/\/semmelweis.hu\/emk\/reszveteli-szabalyzat\/","title":{"rendered":"R\u00e9szv\u00e9teli szab\u00e1lyzat"},"content":{"rendered":"<h3>Hack4Cure Hackathon versenyek<\/h3>\n<p>A <strong>Semmelweis Egyetem Eg\u00e9szs\u00e9g\u00fcgyi Menedzserk\u00e9pz\u0151 K\u00f6zpont<\/strong> (sz\u00e9khely: 1125 Budapest, K\u00fatv\u00f6lgyi \u00fat 2. a tov\u00e1bbiakban: <strong>Szervez\u0151<\/strong>) <strong>Hack4Cure \u2013 Z\u00f6ld k\u00f3rh\u00e1z<\/strong>; valamint <strong>Hack4Cure \u2013 Eg\u00e9szs\u00e9g mindenkinek<\/strong> c\u00edmmel \u00f6tletversenyeket (a tov\u00e1bbiakban: <strong>Verseny<\/strong>) szervez, melynek c\u00e9lja, hogy a versenyz\u0151k forradalmi \u00f6tleteikkel \u00e9s megold\u00e1saikkal j\u00e1ruljanak hozz\u00e1 az eg\u00e9szs\u00e9g\u00fcgy kih\u00edv\u00e1saihoz, melyek \u00e1tform\u00e1lhatj\u00e1k a k\u00f3rh\u00e1zak j\u00f6v\u0151j\u00e9t.<\/p>\n<p>A Versenyre kreat\u00edv, a t\u00e9ma ir\u00e1nt \u00e9rdekl\u0151d\u0151 di\u00e1kok, PHD hallgat\u00f3k, fiatal kutat\u00f3k, rezidensek jelentkezhetnek b\u00e1rmilyen szakter\u00fcletr\u0151l, 3-4 f\u0151s csapatokban, vagy ak\u00e1r egy\u00e9nileg is (a tov\u00e1bbiakban: \u201e<strong>Versenyz\u0151<\/strong>\u201d).<\/p>\n<p>El\u0151zetes tervek szerint a legjobb 20-30 csapat tagjainak lehet\u0151s\u00e9ge lesz, hogy az \u00e9l\u0151 d\u00f6nt\u0151ben kidolgozza \u00f6tlet\u00e9t, ahol k\u00e9t k\u00fcl\u00f6nb\u00f6z\u0151 t\u00e9ma k\u00f6z\u00fcl v\u00e1laszthatnak a versenyz\u0151k. T\u00e9m\u00e1nk\u00e9nt a legjobb h\u00e1rom csapat \u00e9s egy k\u00fcl\u00f6nd\u00edjas csapat \u00e9rt\u00e9kes jutalomban r\u00e9szes\u00fcl. A versenyz\u0151 csapatok l\u00e9tsz\u00e1m\u00e1nak v\u00e1ltoztat\u00e1si jog\u00e1t fenntartjuk.<\/p>\n<p>A Verseny lebonyol\u00edt\u00e1s\u00e1val \u00f6sszef\u00fcgg\u0151, annak v\u00e9grehajt\u00e1s\u00e1val kapcsolatos egyes feladatokat a Szervez\u0151 \u00e1ltal megb\u00edzott <strong>EcoSim Kft<\/strong>. (sz\u00e9khely: Budapest, P\u00e1va utca 13. 5\/1.; c\u00e9gjegyz\u00e9ksz\u00e1m: <strong>CG-01-09-714023<\/strong>; ad\u00f3sz\u00e1m: <strong>13000873-2-43<\/strong>)\u00a0 (\u201d<strong>Lebonyol\u00edt\u00f3<\/strong>\u201d) l\u00e1tja el.<\/p>\n<p><strong>A Verseny t\u00e9m\u00e1i<\/strong><\/p>\n<p><strong>1. Z\u00f6ld k\u00f3rh\u00e1z <\/strong>\u2013 Fenntarthat\u00f3s\u00e1g<\/p>\n<p><strong>2. Eg\u00e9szs\u00e9g mindenkinek <\/strong>\u2013 N\u00e9peg\u00e9szs\u00e9g\u00fcgyi innov\u00e1ci\u00f3<strong>\u00a0<\/strong><\/p>\n<p><strong>Verseny felh\u00edv\u00e1s<\/strong><\/p>\n<p>Az eg\u00e9szs\u00e9g\u00fcgyben kih\u00edv\u00e1sokkal teli id\u0151szakot \u00e9l\u00fcnk, a hackathonon olyan \u00f6tleteket, forradalmi megold\u00e1sokat v\u00e1runk, melyek \u00e1tform\u00e1lhatj\u00e1k a k\u00f3rh\u00e1zak, valamint az \u00e1ltal\u00e1nos eg\u00e9szs\u00e9g\u00fcgy j\u00f6v\u0151j\u00e9t. Keres\u00fcnk olyan \u00f6tleteket \u00e9s projekteket, amelyek seg\u00edtenek a fenntarthat\u00f3 k\u00f3rh\u00e1zi m\u0171k\u00f6d\u00e9sben, cs\u00f6kkentik a k\u00f3rh\u00e1zak \u00f6kol\u00f3giai l\u00e1bnyom\u00e1t, minimaliz\u00e1lj\u00e1k a hullad\u00e9ktermel\u00e9st, valamint t\u00e1mogatj\u00e1k a n\u00e9peg\u00e9szs\u00e9g\u00fcgyi programok, \u00e9s a prevenci\u00f3 moderniz\u00e1l\u00f3d\u00e1s\u00e1t, hat\u00e9konyabb m\u0171k\u00f6d\u00e9s\u00e9t, t\u00f6bb emberhez val\u00f3 eljut\u00e1s\u00e1t.<\/p>\n<p><strong>A kih\u00edv\u00e1sok<\/strong><\/p>\n<p><strong>1. Z\u00f6ld K\u00f3rh\u00e1z<\/strong><\/p>\n<p>Az eg\u00e9szs\u00e9g\u00fcgyi rendszer paradoxona, hogy a gy\u00f3gy\u00edt\u00f3 tev\u00e9kenys\u00e9gen t\u00fal, k\u00f6zvetlen\u00fcl befoly\u00e1solja az \u00e9ghajlat v\u00e1ltoz\u00e1s\u00e1t \u00e9s jelent\u0151s term\u00e9szeti k\u00e1ros\u00edt\u00f3 hat\u00e1sokkal rendelkezik.<\/p>\n<p>A 21. sz\u00e1zad legnagyobb n\u00e9peg\u00e9szs\u00e9g\u00fcgyi kih\u00edv\u00e1sa az \u00f6kol\u00f3giai v\u00e1ls\u00e1g. Az Eg\u00e9szs\u00e9g\u00fcgyi Vil\u00e1gszervezet (WHO) deklar\u00e1ci\u00f3ja alapj\u00e1n az \u00e9ghajlatv\u00e1ltoz\u00e1s eg\u00e9szs\u00e9g\u00fcgyi v\u00e9szhelyzetnek min\u0151s\u00fcl. \u00c9vente 13 milli\u00f3 hal\u00e1leset k\u00f6rnyezeti t\u00e9nyez\u0151k ok\u00e1n k\u00f6vetkezik be vil\u00e1gszerte, melyb\u0151l 2 milli\u00f3 hal\u00e1leset extr\u00e9m id\u0151j\u00e1r\u00e1s miatt \u00e9s 7 milli\u00f3 hal\u00e1leset k\u00fclt\u00e9ri l\u00e9gszennyez\u00e9s kapcs\u00e1n. Napjaink antropog\u00e9n f\u00f6ldt\u00f6rt\u00e9neti korszak\u00e1nak jellemz\u0151i m\u00e1r egy \u00faj, Eg\u00e9szs\u00e9g\u00fcgyi Vil\u00e1gszervezet \u00e1ltal deklar\u00e1lt eg\u00e9szs\u00e9gdefin\u00edci\u00f3 l\u00e9trej\u00f6tt\u00e9hez vezetett, a &#8216;One health&#8217; koncepci\u00f3 kialakul\u00e1s\u00e1hoz,\u00a0amely felismeri, hogy az emberek eg\u00e9szs\u00e9ge szorosan\u00a0\u00f6sszef\u00fcgg az \u00e1llatok \u00e9s a k\u00f6z\u00f6s term\u00e9szeti k\u00f6rnyezet\u00fck eg\u00e9szs\u00e9g\u00e9vel, azokkal egys\u00e9get alkotva.\u00a0<\/p>\n<p>Az OECD orsz\u00e1gokban az eg\u00e9szs\u00e9g\u00fcgyi \u00e1gazat felel\u0151s az \u00fcvegh\u00e1zhat\u00e1s\u00fa g\u00e1zok glob\u00e1lis kibocs\u00e1t\u00e1s\u00e1nak t\u00f6bb mint 5%- \u00e1\u00e9rt \u00e1tlagosan. Ha az eg\u00e9szs\u00e9g\u00fcgyi ell\u00e1t\u00f3rendszert egy k\u00fcl\u00f6n\u00e1ll\u00f3 orsz\u00e1gnak tekinten\u00e9nk, akkor az \u00f6t\u00f6dik legnagyobb\u00a0szennyez\u0151 lenne. Az eg\u00e9szs\u00e9g\u00fcgyi rendszer felel\u0151ss\u00e9ge, hogy megold\u00e1st keressen az egyre n\u00f6vekv\u0151 kl\u00edmav\u00e1ls\u00e1gra, \u00e9s nem csup\u00e1n azzal, hogy kezeli az \u00e9ghajlatv\u00e1ltoz\u00e1s miatt kialakult betegs\u00e9geket.<\/p>\n<p>A karbonsemlegess\u00e9g \u00e9s zero waste c\u00e9lok el\u00e9r\u00e9s\u00e9nek szempontj\u00e1b\u00f3l jelent\u0151s el\u0151ny a fizikai orvos-beteg tal\u00e1lkoz\u00e1sok sz\u00e1m\u00e1nak cs\u00f6kkent\u00e9se a digit\u00e1lis eg\u00e9szs\u00e9g\u00fcgy alkalmaz\u00e1s\u00e1val.<\/p>\n<p>A Z\u00f6ld K\u00f3rh\u00e1z olyan fenntarthat\u00f3an m\u0171k\u00f6d\u0151 eg\u00e9szs\u00e9g\u00fcgyi ell\u00e1t\u00f3rendszer, mely mindenki sz\u00e1m\u00e1ra biztos\u00edtja a magas sz\u00ednvonal\u00fa gy\u00f3gy\u00edt\u00e1st, k\u00f6rnyezeti k\u00e1rokoz\u00e1s n\u00e9lk\u00fcl.<br \/>\n#zero kibocs\u00e1t\u00e1s #zero pazarl\u00e1s<\/p>\n<p>Z\u00f6ld K\u00f3rh\u00e1z fenntarthat\u00f3 eg\u00e9szs\u00e9g\u00fcgyi m\u0171k\u00f6d\u00e9s\u00e9nek megval\u00f3s\u00edt\u00e1si ter\u00fcletei:<\/p>\n<ul>\n<li>Alacsony sz\u00e9n-dioxid-kibocs\u00e1t\u00e1s\u00fa ell\u00e1t\u00e1s<\/li>\n<li>Hullad\u00e9k cs\u00f6kkent\u00e9se \u00e9s \u00fajrahasznos\u00edt\u00e1s<\/li>\n<li>Fenntarthat\u00f3 beszerz\u00e9s<\/li>\n<li>Felel\u0151s gy\u00f3gyszerhaszn\u00e1lat<\/li>\n<li>K\u00f6zleked\u00e9s<\/li>\n<li>\u00c9lelmiszer, \u00e9tkeztet\u00e9s \u00e9s t\u00e1pl\u00e1lkoz\u00e1s<\/li>\n<li>V\u00edzfogyaszt\u00e1s<\/li>\n<li>\u00c9p\u00edt\u00e9szet<\/li>\n<li>Digitaliz\u00e1ci\u00f3<\/li>\n<\/ul>\n<p><strong>2. Eg\u00e9szs\u00e9g mindenkinek<\/strong><\/p>\n<p>A XXI. sz\u00e1zadban Magyarorsz\u00e1gon &#8211; ahogy a vil\u00e1g szinte minden orsz\u00e1g\u00e1ban \u2013 egyre nagyobb f\u00f3kuszt kap a n\u00e9peg\u00e9szs\u00e9g\u00fcgy, a korai felismer\u00e9s, a betegs\u00e9gmegel\u0151z\u00e9s, valamint az eg\u00e9szs\u00e9ges \u00e9letm\u00f3d, \u00e9s az \u00e9letm\u00f3dv\u00e1lt\u00e1s. A daganatos, a sz\u00edv- \u00e9s \u00e9rrendszeri betegs\u00e9gek, a cukorbetegs\u00e9g, valamint mozg\u00e1sszervi betegs\u00e9gek, illetve a ment\u00e1lis eg\u00e9szs\u00e9g zavarai is egyre nagyobb terhet r\u00f3nak az ell\u00e1t\u00f3rendszerre, \u00edgy a modern orvostudom\u00e1ny v\u00edvm\u00e1nyainak k\u00f6sz\u00f6nhet\u0151en ezekn\u00e9l a betegs\u00e9gekn\u00e9l is egyre ink\u00e1bb el\u0151t\u00e9rbe ker\u00fcl a megel\u0151z\u00e9s.<\/p>\n<p>Haz\u00e1nkban jelenleg is m\u0171k\u00f6dik sok szervezett eg\u00e9szs\u00e9g\u00fcgyi sz\u0171r\u0151program, sok k\u00fcl\u00f6nb\u00f6z\u0151 int\u00e9zm\u00e9ny v\u00e9gez n\u00e9peg\u00e9szs\u00e9g\u00fcgyi aktivit\u00e1sokat, mely mellett az orsz\u00e1gban egy Eg\u00e9szs\u00e9gfejleszt\u00e9si Irod\u00e1k rendszer\u00e9b\u0151l \u00e1ll\u00f3 eg\u00e9szs\u00e9gfejleszt\u00e9si h\u00e1l\u00f3zat is megtal\u00e1lhat\u00f3.<\/p>\n<p>A Nemzeti N\u00e9peg\u00e9szs\u00e9g\u00fcgyi \u00e9s Gy\u00f3gyszer\u00e9szeti K\u00f6zpont igyekszik koordin\u00e1lni a hazai n\u00e9peg\u00e9szs\u00e9g\u00fcgyi programokat. Az \u0151 rendszer\u00fckh\u00f6z tartoznak a n\u00e9peg\u00e9szs\u00e9g\u00fcgyi c\u00e9l\u00fa, r\u00e1kos megbeteged\u00e9sek korai st\u00e1diumainak felismer\u00e9s\u00e9t el\u0151seg\u00edt\u0151 sz\u0171r\u0151programok (eml\u0151-, m\u00e9hnyak-, \u00e9s vastagb\u00e9lr\u00e1k sz\u0171r\u00e9sek).<\/p>\n<p>A korai felismer\u00e9st megel\u0151z\u0151, primer prevenci\u00f3k\u00e9nt a betegs\u00e9gek megel\u0151z\u00e9s\u00e9t c\u00e9lz\u00f3 kamp\u00e1nyok is egyre gyakoribbak. A doh\u00e1nyz\u00e1s, \u00e9s az alkohol fogyaszt\u00e1s k\u00e1ros hat\u00e1sainak, az eg\u00e9szs\u00e9ges t\u00e1pl\u00e1lkoz\u00e1snak, valamint az elegend\u0151 testmozg\u00e1snak a hirdet\u00e9se is egyre komolyabb teret nyer a magyar t\u00e1rsadalomban, de m\u00e9g mindig lehet hova fejl\u0151dni ezekben a t\u00e9mak\u00f6r\u00f6kben is.<\/p>\n<p>Az elm\u00falt id\u0151szak digit\u00e1lis forradalma ezekre a ter\u00fcletekre is egyre ink\u00e1bb bet\u00f6rni l\u00e1tszik. Rengeteg internetes honlap, telefonos applik\u00e1ci\u00f3, illetve digit\u00e1lisan is el\u00e9rhet\u0151 \u00e9letm\u00f3dv\u00e1lt\u00e1st el\u0151seg\u00edt\u0151 program el\u00e9rhet\u0151 m\u00e1r. Egyre t\u00f6bb hazai \u00e9s nemzetk\u00f6zi social m\u00e9dia tartalomgy\u00e1rt\u00f3 foglalkozik az eg\u00e9szs\u00e9g\u00fcgy t\u00e9m\u00e1ival, \u00edgy mindink\u00e1bb fontoss\u00e1 v\u00e1lik az, hogy az emberek biztos k\u00e9zb\u0151l, hiteles form\u00e1b\u00f3l t\u00e1j\u00e9koz\u00f3djanak.<\/p>\n<p>Mi is ez\u00e9rt szeretn\u00e9nk tenni!<\/p>\n<p>Van \u00f6tletetek, hogy hogyan lehetne m\u00e9g jobban motiv\u00e1lni \u00e9s eduk\u00e1lni a magyar lakoss\u00e1got?<\/p>\n<p>Szerintetek lehet az eg\u00e9szs\u00e9gtudatoss\u00e1got \u00e9s a betegs\u00e9g megel\u0151z\u00e9s (pl. sz\u0171r\u0151programok) fontoss\u00e1g\u00e1t jobban hirdetni?<\/p>\n<p>\u00dagy gondolj\u00e1tok, hogy a XXI. sz\u00e1zadi t\u00e1rsadalom elv\u00e1r\u00e1saihoz jobban illeszked\u0151 megold\u00e1sotok van?<\/p>\n<p>Hozz\u00e1tok el <strong>Hack4Cure \u2013 Eg\u00e9szs\u00e9g mindenkinek<\/strong> versenyre, \u00e9s gondolkodjunk k\u00f6z\u00f6sen, versenyezz\u00fcnk egy\u00fctt!<\/p>\n<p><strong>R\u00e9szv\u00e9teli felt\u00e9telek<\/strong><\/p>\n<p>A Versenyben, annak id\u0151tartama alatt kiz\u00e1r\u00f3lag olyan 18. \u00e9let\u00e9v\u00e9t bet\u00f6lt\u00f6tt, cselekv\u0151k\u00e9pes szem\u00e9ly vehet r\u00e9szt, aki<\/p>\n<ul>\n<li>di\u00e1k, PHD hallgat\u00f3, fiatal kutat\u00f3, rezidensek b\u00e1rmilyen szakter\u00fcleten;<\/li>\n<li>regisztr\u00e1l a <a href=\"https:\/\/myaccount.ecosim.hu\/versenyek\/hack4cure_2024\">https:\/\/myaccount.ecosim.hu\/versenyek\/hack4cure_2024<\/a> oldalon (a tov\u00e1bbiakban: \u201e<strong>Weboldal<\/strong>\u201d), amely sor\u00e1n megadja a k\u00f6vetkez\u0151 szem\u00e9lyes adatait: n\u00e9v, e-mail c\u00edm, lakc\u00edm\/tart\u00f3zkod\u00e1si hely (levelez\u00e9si c\u00edm), telefonsz\u00e1m, sz\u00fclet\u00e9si d\u00e1tum, fels\u0151oktat\u00e1si int\u00e9zm\u00e9ny neve, kar \u00e9s szakir\u00e1ny megnevez\u00e9se, v\u00e9gz\u00e9s (tervezett) \u00e9ve, nyelvismeret szintje, munkahelyi tapasztalatok (kor\u00e1bbi munkahely neve, ipar\u00e1g, id\u0151pont), munkahelyi elhelyezked\u00e9s tervezett helye, munkahelyi elhelyezked\u00e9s tervezett id\u0151pontja, versenyr\u0151l val\u00f3 \u00e9rtes\u00fcl\u00e9s m\u00f3dja, felhaszn\u00e1l\u00f3n\u00e9v, csapatn\u00e9v, csapatt\u00edpus (csapat, vagy egy\u00e9ni jelentkez\u00e9s);<\/li>\n<li>elfogadja a jelen R\u00e9szv\u00e9teli Szab\u00e1lyzatban le\u00edrt valamennyi felt\u00e9telt, illet\u0151leg az Adatkezel\u00e9si t\u00e1j\u00e9koztat\u00f3t megismerte \u00e9s adatai kezel\u00e9s\u00e9hez kifejezetten hozz\u00e1j\u00e1rult;<\/li>\n<li>a regisztr\u00e1l\u00e1skor elfogadja <strong><u>a titoktart\u00e1sra, valamint a felhaszn\u00e1l\u00e1si jogokra vonatkoz\u00f3 nyilatkozatot.<\/u><\/strong><\/li>\n<\/ul>\n<p>A Versenyre <strong>legal\u00e1bb 3, legfeljebb 4 f\u0151s csapatokban<\/strong>, <strong>vagy ak\u00e1r egy\u00e9nileg<\/strong> is lehet jelentkezni.<\/p>\n<p>A Versenyben <strong>nem vehetnek r\u00e9szt:<\/strong><\/p>\n<ul>\n<li>a Szervez\u0151 vezet\u0151 tiszts\u00e9gvisel\u0151i, munkav\u00e1llal\u00f3i, megb\u00edzottjai \u00e9s azok k\u00f6zeli hozz\u00e1tartoz\u00f3i (Ptk. 8:1\u00a7 (1) bek. 1. pont);<\/li>\n<li>a Verseny lebonyol\u00edt\u00e1s\u00e1ban r\u00e9sztvev\u0151 egy\u00e9b k\u00f6zvetlen k\u00f6zrem\u0171k\u00f6d\u0151k \u00e9s azok k\u00f6zeli hozz\u00e1tartoz\u00f3i (Ptk. 8:1\u00a7 (1) bek. 1. pont);<\/li>\n<\/ul>\n<p>A Versenyz\u0151k a regisztr\u00e1lt e-mail c\u00edm\u00fck \u00fatj\u00e1n ker\u00fclnek azonos\u00edt\u00e1sra, \u00edgy az e-mail c\u00edm esetleges v\u00e1ltoz\u00e1saib\u00f3l ered\u0151, a Szervez\u0151 \u00e9rdekk\u00f6r\u00e9n k\u00edv\u00fcl es\u0151, technikai probl\u00e9m\u00e1k\u00e9rt (k\u00fcl\u00f6n\u00f6sen, de nem kiz\u00e1r\u00f3lag e-mail c\u00edm t\u00f6rl\u00e9se, el\u00e9rhetetlens\u00e9ge) Szervez\u0151t semmilyen felel\u0151ss\u00e9g nem terheli.<\/p>\n<p>Azok a Versenyz\u0151k, akik a R\u00e9szv\u00e9teli Szab\u00e1lyzatban meghat\u00e1rozott felt\u00e9teleknek nem felelnek meg, a Versenyb\u0151l automatikusan kiz\u00e1r\u00e1sra ker\u00fclnek.<\/p>\n<p>Az \u00e9l\u0151 d\u00f6nt\u0151 ideje alatt a Szervez\u0151 a wifi hozz\u00e1f\u00e9r\u00e9st, valamint az \u00e9tel \u00e9s ital ell\u00e1t\u00e1s\u00e1t biztos\u00edtja. Az informatikai eszk\u00f6z\u00f6k rendelkez\u00e9sre \u00e1ll\u00e1s\u00e1t valamennyi Versenyz\u0151 maga biztos\u00edtja.<strong>\u00a0<\/strong><\/p>\n<p><strong>A Szervez\u0151 fenntartja a jogot,<\/strong> hogy<\/p>\n<ul>\n<li>a Verseny keret\u00e9ben k\u00e9sz\u00fclt anyagokat a R\u00e9szv\u00e9teli Szab\u00e1lyzat felt\u00e9teleinek teljes\u00edt\u00e9se v\u00e9gett megvizsg\u00e1lhatja, \u00e9s amennyiben azok, illetve az azt bek\u00fcld\u0151 Versenyz\u0151 b\u00e1rmely okb\u00f3l nem felel meg a R\u00e9szv\u00e9teli Szab\u00e1lyzat felt\u00e9teleinek, \u00fagy az \u00e9rintett Versenyz\u0151t a Versenyb\u0151l kiz\u00e1rhatja;<\/li>\n<li>a nem val\u00f3s adatokat megad\u00f3 Versenyz\u0151t a Versenyb\u0151l kiz\u00e1rhatja;<\/li>\n<li>a Verseny sor\u00e1n viselked\u00e9s\u00e9vel a Verseny sikeres lebonyol\u00edt\u00e1s\u00e1t zavar\u00f3, akad\u00e1lyoz\u00f3 Versenyz\u0151t a Versenyb\u0151l kiz\u00e1rhatja;<\/li>\n<li>a Verseny felt\u00e9teleit tartalmaz\u00f3 jelen R\u00e9szv\u00e9teli Szab\u00e1lyzatot indokol\u00e1s n\u00e9lk\u00fcl b\u00e1rmikor m\u00f3dos\u00edtsa, ide\u00e9rtve a Verseny megsz\u00fcntet\u00e9s\u00e9t is. Az erre vonatkoz\u00f3 t\u00e1j\u00e9koztat\u00e1st a Szervez\u0151 a Verseny egy\u00e9b k\u00f6zlem\u00e9nyeivel azonos nyilv\u00e1noss\u00e1got biztos\u00edtva k\u00f6zz\u00e9teszi a Verseny weboldal\u00e1n (https:\/\/myaccount.ecosim.hu\/versenyek\/hack4cure_2024).<\/li>\n<\/ul>\n<p><strong>A verseny lebonyol\u00edt\u00e1s\u00e1nak m\u00f3dja<\/strong><\/p>\n<p>A Versenyre az \u00e9rdekl\u0151d\u0151 di\u00e1kok 3-4 f\u0151s csapatokban, vagy ak\u00e1r egy\u00e9nileg is jelentkezhetnek a https:\/\/myaccount.ecosim.hu\/versenyek\/hack4cure_2024 oldalon a regisztr\u00e1ci\u00f3 sor\u00e1n k\u00e9rt adatok megad\u00e1s\u00e1val \u00e9s a R\u00e9szv\u00e9teli Szab\u00e1lyzatban foglaltak elfogad\u00e1s\u00e1val. A jelentkez\u0151 csapatok a formai \u00e9s tartalmi felt\u00e9teleknek megfelel\u0151, \u00e9rv\u00e9nyes regisztr\u00e1ci\u00f3t k\u00f6vet\u0151en emailen kereszt\u00fcl kapnak felh\u00edv\u00e1st az online els\u0151 fordul\u00f3n val\u00f3 r\u00e9szv\u00e9telre a megadott emailc\u00edm\u00fckre kik\u00fcld\u00f6tt felh\u00edv\u00e1s keret\u00e9ben. Egy r\u00f6vid bemutatkoz\u00f3 feladat beny\u00fajt\u00e1s\u00e1t k\u00f6vet\u0151en ker\u00fclnek \u00e9rt\u00e9kel\u00e9sre a csapatok, \u00e9s egy fel\u00e1ll\u00edtott sorrend alapj\u00e1n kih\u00edv\u00e1sonk\u00e9nt a 15-15 legjobban teljes\u00edt\u0151 csapat megh\u00edv\u00e1st kap az \u00e9l\u0151 d\u00f6nt\u0151n val\u00f3 r\u00e9szv\u00e9telre. A d\u00f6nt\u0151be ker\u00fclt csapatoknak az \u00f6tlet\u00fck kidolgoz\u00e1s\u00e1hoz a Szervez\u0151 mentorok t\u00e1mogat\u00e1s\u00e1t biztos\u00edtja. Az \u00e9l\u0151 d\u00f6nt\u0151ben a csapatoknak egy prezent\u00e1ci\u00f3t kell elk\u00e9sz\u00edteni\u00fck az \u00f6tlet\u00fck bemutat\u00e1s\u00e1ra, melyet egy 5 f\u0151s szakmai zs\u0171ri el\u0151tt kell bemutatniuk. A zs\u0171ri el\u0151re megadott szempontrendszer alapj\u00e1n \u00e9rt\u00e9keli az \u00f6tleteket \u00e9s az \u00e9rt\u00e9kel\u00e9s eredm\u00e9nye alapj\u00e1n ker\u00fcl kihirdet\u00e9sre a t\u00e9m\u00e1nk\u00e9nt els\u0151 h\u00e1rom helyezett csapat \u00e9s a k\u00fcl\u00f6nd\u00edjas csapat.<\/p>\n<p><strong>Az \u00e9rt\u00e9kel\u00e9s szempontrendszere<\/strong><\/p>\n<p>A bemutatott \u00f6tleteket a helysz\u00ednen egy 5 tagb\u00f3l \u00e1ll\u00f3 zs\u0171ri \u00e9rt\u00e9keli majd a k\u00f6vetkez\u0151 szempontok figyelembe v\u00e9tel\u00e9vel:<\/p>\n<ul>\n<li>Az alkalmazott megold\u00e1s eredetis\u00e9ge, innov\u00e1ci\u00f3 tartalma<\/li>\n<li>Megval\u00f3s\u00edthat\u00f3s\u00e1gi terv realit\u00e1sa, kidolgozotts\u00e1ga<\/li>\n<li>A megold\u00e1s v\u00e1rhat\u00f3 hat\u00e1sa(i)<\/li>\n<li>Prezent\u00e1ci\u00f3<strong style=\"font-size: 1rem\">\u00a0<\/strong><\/li>\n<\/ul>\n<p><strong>A verseny \u00fctemez\u00e9se, hat\u00e1rid\u0151k: \u00a0 \u00a0 \u00a0 \u00a0 \u00a0 \u00a0 \u00a0 \u00a0 \u00a0 \u00a0 \u00a0 \u00a0<\/strong><\/p>\n<p><strong>Jelentkez\u00e9si hat\u00e1rid\u0151<\/strong>: 2024. \u00e1prilis 5. 12:00<\/p>\n<p><strong>Online megnyit\u00f3: <\/strong>2024. \u00e1prilis 8. 17:00<\/p>\n<p><strong>Bemutatkoz\u00f3 feladat bead\u00e1sa (csak ha t\u00f6bben jelentkeznek a maxim\u00e1lis l\u00e9tsz\u00e1mn\u00e1l)<\/strong>: 2024. \u00e1prilis 8. \u2013 \u00e1prilis 10. 23:59<\/p>\n<p><strong>Csapatok ki\u00e9rtes\u00edt\u00e9se a d\u00f6nt\u0151n val\u00f3 r\u00e9szv\u00e9telr\u0151l: <\/strong>2024<strong>. <\/strong>\u00e1prilis 12. 17:00<\/p>\n<p><strong>\u00c9l\u0151 d\u00f6nt\u0151: <\/strong>2024. \u00e1prilis 19 &#8211; 20.<\/p>\n<p><strong>Top 3-3 csapat pitch: <\/strong><\/p>\n<ul>\n<li>\u00e1prilis 25-\u00e9n Budapesten, az IME Adatvez\u00e9relt Eg\u00e9sz\u00e9g \u00e9s Kiberbiztons\u00e1g Konferenci\u00e1n;<\/li>\n<li>m\u00e1jus 10-\u00e9n p\u00e9nteken M\u00e1trah\u00e1z\u00e1n, a Magyar K\u00f3rh\u00e1zsz\u00f6vets\u00e9g XXXVI. Kongresszus\u00e1n<\/li>\n<li>ker\u00fclnek bemutat\u00e1sra.<\/li>\n<\/ul>\n<p>A Versenyre regisztr\u00e1lni, \u00e9s az online selejtez\u0151n r\u00e9szt venni a <a href=\"https:\/\/myaccount.ecosim.hu\/versenyek\/hack4cure_2024\">https:\/\/myaccount.ecosim.hu\/versenyek\/hack4cure_2024<\/a> oldalon lehet.<strong>\u00a0<\/strong><\/p>\n<p><strong>A Verseny helysz\u00edne<\/strong><\/p>\n<p>Semmelweis Egyetem Eg\u00e9szs\u00e9g\u00fcgyi Menedzserk\u00e9pz\u0151 K\u00f6zpont: 1125 Budapest, K\u00fatv\u00f6lgyi \u00fat 2.<\/p>\n<p><strong>A Versenyz\u0151 a Versenyre t\u00f6rt\u00e9n\u0151 regisztr\u00e1ci\u00f3val<\/strong><\/p>\n<ul>\n<li>Elfogadja \u00e9s mag\u00e1ra n\u00e9zve k\u00f6telez\u0151nek ismeri el a Verseny jelen hivatalos R\u00e9szv\u00e9teli Szab\u00e1lyzat\u00e1nak rendelkez\u00e9seit;<\/li>\n<li>tudom\u00e1sul veszi \u00e9s kifejezetten hozz\u00e1j\u00e1rul ahhoz, hogy a Szervez\u0151, mint adatkezel\u0151, \u00e9s a Lebonyol\u00edt\u00f3, mint adatfeldolgoz\u00f3 a megadott szem\u00e9lyes adataikat az Adatkezel\u00e9si T\u00e1j\u00e9koztat\u00f3 szerinti c\u00e9lb\u00f3l kezelje, illetve feldolgozza;<\/li>\n<li>kijelenti, hogy az \u00e1ltala megalkotott, \u00e9s az \u00e9l\u0151 d\u00f6nt\u0151ben kidolgozott \u00f6tlet kiz\u00e1r\u00f3lag a saj\u00e1t szellemi tev\u00e9kenys\u00e9ge, \u00e9s olyan szem\u00e9lyek szellemi tev\u00e9kenys\u00e9g\u00e9nek eredm\u00e9nye, akik hozz\u00e1j\u00e1rultak a megold\u00e1s \u00e9s az \u00f6tlet kidolgoz\u00e1s\u00e1hoz \u00e9s a jelen Versenyben t\u00f6rt\u00e9n\u0151 bek\u00fcld\u00e9s\u00e9hez \u00e9s felhaszn\u00e1l\u00e1s\u00e1hoz, a megold\u00e1st \u00e9s kidolgozott \u00f6tletet a Versenyz\u0151 k\u00e9sz\u00edtette, illetve korl\u00e1toz\u00e1smentesen rendelkezik annak felhaszn\u00e1l\u00e1si jogaival, valamint azok enged\u00e9lyez\u00e9si jog\u00e1val;<\/li>\n<li>kijelenti, hogy a megold\u00e1s \u00e9s a kidolgozott \u00f6tlet nem s\u00e9rti harmadik szem\u00e9lyek szerz\u0151i vagy m\u00e1s t\u00f6rv\u00e9ny \u00e1ltal v\u00e9dett jogait, t\u00f6rv\u00e9nyes \u00e9rdekeit;<\/li>\n<li>kijelenti, hogy a megold\u00e1sban \u00e9s a kidolgozott \u00f6tletben nem szerepel egy\u00e9b, t\u00f6rv\u00e9ny vagy m\u00e1s jogszab\u00e1ly \u00e1ltal tiltott tartalom.<\/li>\n<\/ul>\n<p><strong>Nyerem\u00e9nyek<\/strong><\/p>\n<p><strong>F\u0151d\u00edj: <\/strong>800.000 Ft;<\/p>\n<p><strong style=\"font-size: 1rem\">2. hely: <\/strong><span style=\"font-size: 1rem\">400.000 Ft;<\/span><\/p>\n<p><strong style=\"font-size: 1rem\">3. hely: <\/strong><span style=\"font-size: 1rem\">200.000 Ft;<\/span><\/p>\n<p><strong>K\u00fcl\u00f6nd\u00edj: <\/strong>100.000 Ft;<\/p>\n<p>Vagy ezeknek megfelel\u0151 \u00e9rt\u00e9k\u0171 aj\u00e1nd\u00e9kutalv\u00e1ny.<\/p>\n<p><strong>Szellemi tulajdon<\/strong><\/p>\n<p>A hackathonon val\u00f3 r\u00e9szv\u00e9tel felt\u00e9tele a titoktart\u00e1sr\u00f3l, illetve a felhaszn\u00e1l\u00e1si jogokr\u00f3l sz\u00f3l\u00f3 nyilatkozat elfogad\u00e1sa a regisztr\u00e1ci\u00f3kor. A Verseny alatt sz\u00fcletett \u00f6tletek szellemi tulajdonjoga a Versenyz\u0151ket illeti. Az \u00f6tletek esetleges felhaszn\u00e1l\u00e1s\u00e1r\u00f3l Szervez\u0151 \u00e9s a Versenyz\u0151(k) k\u00fcl\u00f6n meg\u00e1llapod\u00e1sban rendelkeznek.<\/p>\n<p><strong>Ir\u00e1nyad\u00f3 jog<\/strong><\/p>\n<p>A jelen Versenyre \u00e9s a R\u00e9szv\u00e9teli Szab\u00e1lyzatra a magyar jog rendelkez\u00e9sei az ir\u00e1nyad\u00f3ak.<\/p>\n<p><strong>Adatv\u00e9delem<\/strong><\/p>\n<p>A szem\u00e9lyes adatok kezel\u00e9s\u00e9vel kapcsolatos r\u00e9szletes inform\u00e1ci\u00f3kat a vonatkoz\u00f3 Adatkezel\u00e9si T\u00e1j\u00e9koztat\u00f3 tartalmazza, amelyet Versenyz\u0151 a Versenyre val\u00f3 regisztr\u00e1ci\u00f3j\u00e1val kifejezetten elfogad. A Szervez\u0151, szavatolja, hogy az adatkezel\u00e9s a hat\u00e1lyos jogszab\u00e1lyi rendelkez\u00e9sek, \u00edgy k\u00fcl\u00f6n\u00f6sen az \u00c1ltal\u00e1nos Adatv\u00e9delmi Rendelet (2016\/679 EU Rendelet \u2013 GDPR) \u00e9s az Infotv. (2011. \u00e9vi CXII. t\u00f6rv\u00e9ny) megtart\u00e1s\u00e1val t\u00f6rt\u00e9nik. A Versenyz\u0151 \u2013 az \u00c1ltal\u00e1nos Adatv\u00e9delmi Rendelet 12-21. cikkei szerint \u2013 k\u00e9relmezheti az adatkezel\u0151t\u0151l a r\u00e1 vonatkoz\u00f3 szem\u00e9lyes adatokhoz val\u00f3 hozz\u00e1f\u00e9r\u00e9st, azok helyesb\u00edt\u00e9s\u00e9t, t\u00f6rl\u00e9s\u00e9t vagy kezel\u00e9s\u00e9nek korl\u00e1toz\u00e1s\u00e1t, \u00e9s tiltakozhat az ilyen szem\u00e9lyes adatok kezel\u00e9se ellen, valamint \u00e9lhet az adathordozhat\u00f3s\u00e1ghoz val\u00f3 jog\u00e1val.<\/p>\n<p>Az adatkezel\u0151 neve: Semmelweis Egyetem Eg\u00e9szs\u00e9g\u00fcgyi Menedzserk\u00e9pz\u0151 K\u00f6zpont (sz\u00e9khelye: 1125 Budapest, K\u00fatv\u00f6lgyi \u00fat 2., e-mail c\u00edme: <a href=\"mailto:info@emk.semmelweis.hu\">info@emk.semmelweis.hu<\/a>; telefonsz\u00e1ma: 06 1 488-7600; honlap: https:\/\/semmelweis.hu\/emk\/).<\/p>\n<p>A verseny az EIT Healthcare projekt keret\u00e9ben val\u00f3sul meg.<\/p>\n<p>Budapest, 2024. febru\u00e1r 29.<\/p>\n","protected":false},"excerpt":{"rendered":"<p>Hack4Cure Hackathon versenyek A Semmelweis Egyetem Eg\u00e9szs\u00e9g\u00fcgyi Menedzserk\u00e9pz\u0151 K\u00f6zpont (sz\u00e9khely: 1125 Budapest, K\u00fatv\u00f6lgyi \u00fat 2. a tov\u00e1bbiakban: Szervez\u0151) Hack4Cure \u2013 Z\u00f6ld k\u00f3rh\u00e1z; valamint Hack4Cure \u2013 Eg\u00e9szs\u00e9g mindenkinek c\u00edmmel \u00f6tletversenyeket (a tov\u00e1bbiakban: Verseny) szervez, melynek c\u00e9lja, hogy a versenyz\u0151k forradalmi \u00f6tleteikkel \u00e9s megold\u00e1saikkal j\u00e1ruljanak hozz\u00e1 az eg\u00e9szs\u00e9g\u00fcgy kih\u00edv\u00e1saihoz, melyek \u00e1tform\u00e1lhatj\u00e1k a k\u00f3rh\u00e1zak j\u00f6v\u0151j\u00e9t. A Versenyre kreat\u00edv, &hellip;<\/p>\n","protected":false},"author":101539,"featured_media":0,"parent":0,"menu_order":0,"comment_status":"closed","ping_status":"closed","template":"","meta":{"_acf_changed":false,"footnotes":""},"categories":[300],"tags":[302,304,288],"class_list":["post-21837","page","type-page","status-publish","hentry","category-hack4cure2023","tag-hack4cure","tag-hack4cure2023","tag-hackaton-hu"],"acf":[],"_links":{"self":[{"href":"https:\/\/semmelweis.hu\/emk\/wp-json\/wp\/v2\/pages\/21837","targetHints":{"allow":["GET"]}}],"collection":[{"href":"https:\/\/semmelweis.hu\/emk\/wp-json\/wp\/v2\/pages"}],"about":[{"href":"https:\/\/semmelweis.hu\/emk\/wp-json\/wp\/v2\/types\/page"}],"author":[{"embeddable":true,"href":"https:\/\/semmelweis.hu\/emk\/wp-json\/wp\/v2\/users\/101539"}],"replies":[{"embeddable":true,"href":"https:\/\/semmelweis.hu\/emk\/wp-json\/wp\/v2\/comments?post=21837"}],"version-history":[{"count":1,"href":"https:\/\/semmelweis.hu\/emk\/wp-json\/wp\/v2\/pages\/21837\/revisions"}],"predecessor-version":[{"id":21838,"href":"https:\/\/semmelweis.hu\/emk\/wp-json\/wp\/v2\/pages\/21837\/revisions\/21838"}],"wp:attachment":[{"href":"https:\/\/semmelweis.hu\/emk\/wp-json\/wp\/v2\/media?parent=21837"}],"wp:term":[{"taxonomy":"category","embeddable":true,"href":"https:\/\/semmelweis.hu\/emk\/wp-json\/wp\/v2\/categories?post=21837"},{"taxonomy":"post_tag","embeddable":true,"href":"https:\/\/semmelweis.hu\/emk\/wp-json\/wp\/v2\/tags?post=21837"}],"curies":[{"name":"wp","href":"https:\/\/api.w.org\/{rel}","templated":true}]}}