{"id":21818,"date":"2024-02-29T17:32:38","date_gmt":"2024-02-29T16:32:38","guid":{"rendered":"https:\/\/semmelweis.hu\/emk\/?page_id=21818"},"modified":"2025-03-06T10:14:24","modified_gmt":"2025-03-06T09:14:24","slug":"hack4cure-hackathon","status":"publish","type":"page","link":"https:\/\/semmelweis.hu\/emk\/hackathon\/hack4cure-hackathon\/","title":{"rendered":"Hack4Cure 2024 tavasz"},"content":{"rendered":"<p><a href=\"https:\/\/myaccount.ecosim.hu\/versenyek\/hack4cure_2024\" target=\"_blank\" rel=\"https:\/\/myaccount.ecosim.hu\/versenyek\/hack4cure_2024 noopener\"><img loading=\"lazy\" decoding=\"async\" class=\"alignnone wp-image-21833 size-full\" src=\"https:\/\/semmelweis.hu\/emk\/files\/2024\/03\/hackathon_LINKEDIN.png\" alt=\"\" width=\"1200\" height=\"627\" srcset=\"https:\/\/semmelweis.hu\/emk\/files\/2024\/03\/hackathon_LINKEDIN.png 1200w, https:\/\/semmelweis.hu\/emk\/files\/2024\/03\/hackathon_LINKEDIN-400x209.png 400w, https:\/\/semmelweis.hu\/emk\/files\/2024\/03\/hackathon_LINKEDIN-1024x535.png 1024w, https:\/\/semmelweis.hu\/emk\/files\/2024\/03\/hackathon_LINKEDIN-768x401.png 768w, https:\/\/semmelweis.hu\/emk\/files\/2024\/03\/hackathon_LINKEDIN-753x393.png 753w\" sizes=\"auto, (max-width: 1200px) 100vw, 1200px\" \/><\/a><\/p>\n<hr \/>\n<p><strong>Jelentkezz a Hack4Cure innov\u00e1ci\u00f3s \u00f6tletversenyre \u00e9s form\u00e1ljuk \u00e1t egy\u00fctt az eg\u00e9szs\u00e9g\u00fcgy j\u00f6v\u0151j\u00e9t! <a href=\"https:\/\/myaccount.ecosim.hu\/versenyek\/hack4cure_2024\">Regisztr\u00e1lj csapatoddal<\/a> \u00e1prilis 7-ig, \u00e9s induljatok a 3 milli\u00f3 forint \u00f6sszd\u00edjaz\u00e1s\u00fa versenyen!<\/strong><\/p>\n<p>Van \u00f6tleted a fenntarthat\u00f3 eg\u00e9szs\u00e9g\u00fcgy m\u0171k\u00f6d\u00e9s\u00e9nek megval\u00f3s\u00edt\u00e1s\u00e1ra, vagy arra, hogy hogyan lehet az eg\u00e9szs\u00e9gtudatoss\u00e1g \u00e9s a betegs\u00e9gmegel\u0151z\u00e9s fontoss\u00e1g\u00e1t jobban hirdetni? Hozd el a Hack4Cure versenyre, \u00e9s form\u00e1ljuk \u00e1t egy\u00fctt az eg\u00e9szs\u00e9g\u00fcgy j\u00f6v\u0151j\u00e9t!<\/p>\n<p>A Semmelweis Egyetem Eg\u00e9szs\u00e9g\u00fcgyi Menedzserk\u00e9pz\u0151 K\u00f6zpont <strong>\u201eHack4Cure \u2013 Z\u00f6ld k\u00f3rh\u00e1z\u201d<\/strong>, valamint \u201e<strong>Hack4Cure \u2013 Eg\u00e9szs\u00e9g mindenkinek\u201d<\/strong> c\u00edmmel \u00f6tletversenyeket szervez, amelyeknek c\u00e9lja, hogy a versenyz\u0151k forradalmi \u00f6tleteikkel \u00e9s megold\u00e1saikkal j\u00e1ruljanak hozz\u00e1 az eg\u00e9szs\u00e9g\u00fcgy olyan modern probl\u00e9m\u00e1ihoz, amelyek \u00e1tform\u00e1lhatj\u00e1k az eg\u00e9szs\u00e9g\u00fcgy j\u00f6v\u0151j\u00e9t.<\/p>\n<p>A k\u00e9tnapos \u00f6tletversenyen mentori k\u00f6zrem\u0171k\u00f6d\u00e9ssel, t\u00e1mogat\u00f3 k\u00f6zegben mutathatj\u00e1tok meg izgalmas megold\u00e1saitokat, amelyek az eg\u00e9szs\u00e9g\u00fcgy fejl\u0151d\u00e9s\u00e9t \u00e9s a fenntarthat\u00f3 j\u00f6v\u0151t t\u00e1mogatj\u00e1k.<\/p>\n<p>A r\u00e9sztvev\u0151ket arra inspir\u00e1ljuk, hogy gondolkodjanak mer\u00e9szen, \u00e9s nyissanak \u00faj utakat a prevenci\u00f3, az \u00e9letm\u00f3dv\u00e1lt\u00e1s \u00e9s a fenntarthat\u00f3 k\u00f3rh\u00e1zak l\u00e9trehoz\u00e1sa ter\u00e9n. A c\u00e9l nemcsak az orvostudom\u00e1ny hat\u00e1rainak feszeget\u00e9se, hanem az eg\u00e9sz eg\u00e9szs\u00e9g\u00fcgyi \u00f6kosziszt\u00e9ma \u00e1talak\u00edt\u00e1sa. Legyen sz\u00f3 ak\u00e1r az energiatakar\u00e9kos megold\u00e1sokr\u00f3l, a \u201eZ\u00f6ld k\u00f3rh\u00e1zak\u201d fenntarthat\u00f3 eg\u00e9szs\u00e9g\u00fcgyi m\u0171k\u00f6d\u00e9s\u00e9nek megval\u00f3s\u00edt\u00e1si ter\u00fcleteir\u0151l, vagy az eg\u00e9szs\u00e9gtudatoss\u00e1g \u00e9s a betegs\u00e9gmegel\u0151z\u00e9s modern, ak\u00e1r digit\u00e1lis megold\u00e1sair\u00f3l, itt mindennek helye van a fejl\u0151d\u00e9s \u00faj \u00fatjainak kik\u00f6vez\u00e9s\u00e9ben.<\/p>\n<hr \/>\n<h3>Kik jelentkezhetnek?<\/h3>\n<p>Di\u00e1kok, egyetemi \u00e9s PhD-hallgat\u00f3k, fiatal kutat\u00f3k, rezidensek jelentkez\u00e9s\u00e9t v\u00e1rjuk b\u00e1rmilyen szakter\u00fcletr\u0151l.<\/p>\n<p><a class=\"btn btn-secondary\" href=\"https:\/\/myaccount.ecosim.hu\/versenyek\/hack4cure_2024\" target=\"_blank\" rel=\"noopener\">JELENTKEZ\u00c9S<\/a><\/p>\n<hr \/>\n<h3>T\u00e9m\u00e1k<\/h3>\n<p><strong>1. \u201eZ\u00f6ld k\u00f3rh\u00e1z\u201d<\/strong><\/p>\n<p>Olyan \u00f6tleteket \u00e9s projekteket keres\u00fcnk, amelyek seg\u00edtenek a fenntarthat\u00f3 k\u00f3rh\u00e1zi m\u0171k\u00f6d\u00e9sben, cs\u00f6kkentik a k\u00f3rh\u00e1zak \u00f6kol\u00f3giai l\u00e1bnyom\u00e1t, minimaliz\u00e1lj\u00e1k a hullad\u00e9ktermel\u00e9st, t\u00e1mogatj\u00e1k a digit\u00e1lis transzform\u00e1ci\u00f3t, valamint el\u0151seg\u00edtik az energiatakar\u00e9kos megold\u00e1sokat.<\/p>\n<p>A \u201eZ\u00f6ld k\u00f3rh\u00e1z\u201d fenntarthat\u00f3 eg\u00e9szs\u00e9g\u00fcgyi m\u0171k\u00f6d\u00e9s\u00e9nek megval\u00f3s\u00edt\u00e1si ter\u00fcletei: alacsony sz\u00e9n-dioxid-kibocs\u00e1t\u00e1s\u00fa ell\u00e1t\u00e1s, hullad\u00e9kcs\u00f6kkent\u00e9s \u00e9s \u00fajrahasznos\u00edt\u00e1s, fenntarthat\u00f3 beszerz\u00e9s, felel\u0151s gy\u00f3gyszerhaszn\u00e1lat, k\u00f6zleked\u00e9s, \u00e9lelmiszer, \u00e9tkeztet\u00e9s \u00e9s t\u00e1pl\u00e1lkoz\u00e1s, v\u00edzfogyaszt\u00e1s, \u00e9p\u00edt\u00e9szet, digitaliz\u00e1ci\u00f3.<\/p>\n<p><strong>2. Eg\u00e9szs\u00e9g mindenkinek<\/strong><\/p>\n<p>A XXI. sz\u00e1zadban Magyarorsz\u00e1gon &#8211; ahogy a vil\u00e1g szinte minden orsz\u00e1g\u00e1ban \u2013 egyre nagyobb f\u00f3kuszt kap a n\u00e9peg\u00e9szs\u00e9g\u00fcgy, a korai felismer\u00e9s, a betegs\u00e9gmegel\u0151z\u00e9s, valamint az eg\u00e9szs\u00e9ges \u00e9letm\u00f3d \u00e9s az \u00e9letm\u00f3dv\u00e1lt\u00e1s.<\/p>\n<p>A digit\u00e1lis forradalom egyre ink\u00e1bb bet\u00f6rni l\u00e1tszik ezekre a ter\u00fcletekre is. Rengeteg internetes honlap, telefonos applik\u00e1ci\u00f3, illetve digit\u00e1lis program el\u00e9rhet\u0151 m\u00e1r. Egyre t\u00f6bb hazai \u00e9s nemzetk\u00f6zi social m\u00e9dia tartalomgy\u00e1rt\u00f3 foglalkozik az eg\u00e9szs\u00e9g\u00fcgy t\u00e9m\u00e1ival, \u00edgy mindink\u00e1bb fontoss\u00e1 v\u00e1lik az, hogy az emberek biztos k\u00e9zb\u0151l, hiteles form\u00e1b\u00f3l t\u00e1j\u00e9koz\u00f3djanak.<\/p>\n<p>\u00dagy gondolj\u00e1tok, hogy a XXI. sz\u00e1zadi t\u00e1rsadalom elv\u00e1r\u00e1saihoz jobban illeszked\u0151 megold\u00e1sotok van? Hozz\u00e1tok el a \u201eHack4Cure \u2013 Eg\u00e9szs\u00e9g mindenkinek\u201d versenyre, \u00e9s gondolkodjunk k\u00f6z\u00f6sen, versenyezz\u00fcnk egy\u00fctt!<\/p>\n<hr \/>\n<h3>A verseny menete<\/h3>\n<p>A r\u00e9sztvev\u0151k 3-4 f\u0151s csapatokban, vagy ak\u00e1r egy\u00e9nileg is <strong>jelentkezhetnek 2024. \u00e1prilis 7. (vas\u00e1rnap) 24:00 \u00f3r\u00e1ig.<\/strong><\/p>\n<p>T\u00e9mak\u00f6r\u00f6nk\u00e9nt <strong>maximum 15-15 csapatot v\u00e1runk. <\/strong>A regisztr\u00e1ci\u00f3 lez\u00e1rul\u00e1sa ut\u00e1n egy <strong>online megnyit\u00f3<\/strong> keret\u00e9ben tal\u00e1lkozunk veletek. Ha a maxim\u00e1lis l\u00e9tsz\u00e1mn\u00e1l t\u00f6bben jelentkeztetek, akkor egy selejtez\u0151 id\u0151szak k\u00f6vetkezik, ahol kiv\u00e1lasztjuk a d\u00f6nt\u0151be jut\u00f3 csapatokat.\u00a0<\/p>\n<p><strong>A d\u00f6nt\u0151re \u00e1prilis 19-20-\u00e1n ker\u00fcl sor<\/strong>, ahol mentorokkal egy\u00fctt dolgozhattok a megold\u00e1sotokon a Semmelweis Egyetem Eg\u00e9szs\u00e9g\u00fcgyi Menedzserk\u00e9pz\u0151 K\u00f6zpontj\u00e1ban (<strong>1125 Budapest, K\u00fatv\u00f6lgyi \u00fat 2.).<\/strong> A szombati nap d\u00e9lut\u00e1nj\u00e1n minden csapatnak egy r\u00f6vid (3 perces, magyar nyelv\u0171) pitch-ben kell az \u00f6tlet\u00e9t prezent\u00e1lni a zs\u0171rinek. A zs\u0171ri ezut\u00e1n hozza meg a d\u00f6nt\u00e9s\u00e9t, ezt k\u00f6vet\u0151en kihirdetj\u00fck mindk\u00e9t t\u00e9m\u00e1ban a top 3 csapatot.<\/p>\n<p>Az <strong>\u201eEg\u00e9szs\u00e9g mindenkinek\u201d <\/strong>t\u00e9mak\u00f6r\u00e9ben legjobb<strong> 3 csapatk\u00e9nt v\u00e9gz\u0151k<\/strong> v\u00e9gs\u0151 megm\u00e9rettet\u00e9s\u00e9t <strong>\u00e1prilis 25-\u00e9n az Adatvez\u00e9relt eg\u00e9szs\u00e9g\u00fcgy \u00e9s kiberbiztons\u00e1g konferenci\u00e1n<\/strong> tartjuk. <strong>A<\/strong> \u201e<strong>Z\u00f6ld k\u00f3rh\u00e1z\u201d<\/strong> t\u00e9mak\u00f6rben kihirdetett <strong>top 3 csapat<\/strong> pedig <strong>m\u00e1jus 10-\u00e9n<\/strong><strong> a Magyar K\u00f3rh\u00e1zsz\u00f6vets\u00e9g Kongresszus\u00e1n<\/strong> prezent\u00e1lhatja \u00f6tlet\u00e9t egy pitch-ben.<\/p>\n<p><a class=\"btn btn-outline-primary\" href=\"https:\/\/semmelweis.hu\/emk\/hackathon\/hack4cure-hackathon\/a-hack4cure-hackaton-mentorai-2024-tavasz\/\" target=\"_self\" rel=\"noopener\">Mentorok<\/a><\/p>\n<hr \/>\n<h3>D\u00edjaz\u00e1s<\/h3>\n<p>T\u00e9m\u00e1nk\u00e9nt a legjobb h\u00e1rom csapat \u00e9s egy k\u00fcl\u00f6nd\u00edjas csapat \u00e9rt\u00e9kes jutalomban r\u00e9szes\u00fcl.<\/p>\n<p><strong>F\u0151d\u00edj: <\/strong>800 000 Ft<\/p>\n<p><strong style=\"font-size: 1rem\">2. hely: <\/strong><span style=\"font-size: 1rem\">400 000 Ft<\/span><\/p>\n<p><strong style=\"font-size: 1rem\">3. hely: <\/strong><span style=\"font-size: 1rem\">200 000 Ft<\/span><\/p>\n<p><strong>K\u00fcl\u00f6nd\u00edj: <\/strong>100 000 Ft<\/p>\n<hr \/>\n<h3>Id\u0151z\u00edt\u00e9s<\/h3>\n<p style=\"font-weight: 400\"><strong>Jelentkez\u00e9si hat\u00e1rid\u0151: <\/strong>2024. \u00e1prilis 7. 24:00<\/p>\n<p style=\"font-weight: 400\"><strong>Online megnyit\u00f3:<\/strong> 2024. \u00e1prilis 8. 17:00<\/p>\n<p style=\"font-weight: 400\"><strong>Bemutatkoz\u00f3 feladat bead\u00e1sa<\/strong> (csak ha t\u00f6bben jelentkeznek a maxim\u00e1lis l\u00e9tsz\u00e1mn\u00e1l): 2024. \u00e1prilis 8 &#8211; \u00e1prilis 10. 23:59<\/p>\n<p style=\"font-weight: 400\"><strong>Csapatok ki\u00e9rtes\u00edt\u00e9se a d\u00f6nt\u0151n val\u00f3 r\u00e9szv\u00e9telr\u0151l:<\/strong> 2024. \u00e1prilis 12. 17:00<\/p>\n<p style=\"font-weight: 400\"><strong>Hackathon\/d\u00f6nt\u0151:<\/strong> 2024. \u00e1prilis 19 &#8211; 20.<\/p>\n<p><strong>Top 3-3 csapat pitch: <\/strong><\/p>\n<ul style=\"list-style-type: square\">\n<li>2024. \u00e1prilis 25. Adatvez\u00e9relt eg\u00e9szs\u00e9g\u00fcgy \u00e9s kiberbiztons\u00e1g konferencia, Budapest<\/li>\n<li>2024. m\u00e1jus 10. Magyar K\u00f3rh\u00e1zsz\u00f6vets\u00e9g Kongresszusa, M\u00e1trah\u00e1za<\/li>\n<\/ul>\n<p><a href=\"https:\/\/semmelweis.hu\/emk\/reszveteli-szabalyzat\/\"><strong>A r\u00e9szletes versenyki\u00edr\u00e1s \u00e9s r\u00e9szv\u00e9teli szab\u00e1lyzat ide kattintva \u00e9rhet\u0151 el.<\/strong><\/a><\/p>\n<hr \/>\n<h3>T\u00e1mogat\u00f3k<\/h3>\n<p>A verseny az <strong>EIT Healthcare projekt<\/strong> keret\u00e9ben val\u00f3sul meg.<\/p>\n<p><strong>F\u0151t\u00e1mogat\u00f3k<\/strong>: Magyar Eg\u00e9szs\u00e9g\u00fcgyi Menedzsment T\u00e1rsas\u00e1g \u00e9s a Magyar K\u00f3rh\u00e1zsz\u00f6vets\u00e9g\u00a0<\/p>\n<p>&nbsp;<\/p>\n","protected":false},"excerpt":{"rendered":"<p><a href=\"https:\/\/myaccount.ecosim.hu\/versenyek\/hack4cure_2024\" target=\"_blank\" rel=\"https:\/\/myaccount.ecosim.hu\/versenyek\/hack4cure_2024 noopener\"><\/a> Jelentkezz a Hack4Cure innov\u00e1ci\u00f3s \u00f6tletversenyre \u00e9s form\u00e1ljuk \u00e1t egy\u00fctt az eg\u00e9szs\u00e9g\u00fcgy j\u00f6v\u0151j\u00e9t! <a href=\"https:\/\/myaccount.ecosim.hu\/versenyek\/hack4cure_2024\">Regisztr\u00e1lj csapatoddal<\/a> \u00e1prilis 7-ig, \u00e9s induljatok a 3 milli\u00f3 forint \u00f6sszd\u00edjaz\u00e1s\u00fa versenyen! Van \u00f6tleted a fenntarthat\u00f3 eg\u00e9szs\u00e9g\u00fcgy m\u0171k\u00f6d\u00e9s\u00e9nek megval\u00f3s\u00edt\u00e1s\u00e1ra, vagy arra, hogy hogyan lehet az eg\u00e9szs\u00e9gtudatoss\u00e1g \u00e9s a betegs\u00e9gmegel\u0151z\u00e9s fontoss\u00e1g\u00e1t jobban hirdetni? Hozd el a Hack4Cure versenyre, \u00e9s form\u00e1ljuk \u00e1t egy\u00fctt az eg\u00e9szs\u00e9g\u00fcgy j\u00f6v\u0151j\u00e9t! A &hellip;<\/p>\n","protected":false},"author":101539,"featured_media":22045,"parent":21923,"menu_order":1,"comment_status":"closed","ping_status":"closed","template":"","meta":{"_acf_changed":false,"footnotes":""},"categories":[300],"tags":[302,316,288],"class_list":["post-21818","page","type-page","status-publish","has-post-thumbnail","hentry","category-hack4cure2023","tag-hack4cure","tag-hack4cure2024","tag-hackaton-hu"],"acf":[],"_links":{"self":[{"href":"https:\/\/semmelweis.hu\/emk\/wp-json\/wp\/v2\/pages\/21818","targetHints":{"allow":["GET"]}}],"collection":[{"href":"https:\/\/semmelweis.hu\/emk\/wp-json\/wp\/v2\/pages"}],"about":[{"href":"https:\/\/semmelweis.hu\/emk\/wp-json\/wp\/v2\/types\/page"}],"author":[{"embeddable":true,"href":"https:\/\/semmelweis.hu\/emk\/wp-json\/wp\/v2\/users\/101539"}],"replies":[{"embeddable":true,"href":"https:\/\/semmelweis.hu\/emk\/wp-json\/wp\/v2\/comments?post=21818"}],"version-history":[{"count":11,"href":"https:\/\/semmelweis.hu\/emk\/wp-json\/wp\/v2\/pages\/21818\/revisions"}],"predecessor-version":[{"id":22016,"href":"https:\/\/semmelweis.hu\/emk\/wp-json\/wp\/v2\/pages\/21818\/revisions\/22016"}],"up":[{"embeddable":true,"href":"https:\/\/semmelweis.hu\/emk\/wp-json\/wp\/v2\/pages\/21923"}],"wp:featuredmedia":[{"embeddable":true,"href":"https:\/\/semmelweis.hu\/emk\/wp-json\/wp\/v2\/media\/22045"}],"wp:attachment":[{"href":"https:\/\/semmelweis.hu\/emk\/wp-json\/wp\/v2\/media?parent=21818"}],"wp:term":[{"taxonomy":"category","embeddable":true,"href":"https:\/\/semmelweis.hu\/emk\/wp-json\/wp\/v2\/categories?post=21818"},{"taxonomy":"post_tag","embeddable":true,"href":"https:\/\/semmelweis.hu\/emk\/wp-json\/wp\/v2\/tags?post=21818"}],"curies":[{"name":"wp","href":"https:\/\/api.w.org\/{rel}","templated":true}]}}