{"id":21594,"date":"2024-01-08T14:53:35","date_gmt":"2024-01-08T13:53:35","guid":{"rendered":"https:\/\/semmelweis.hu\/emk\/?page_id=21594"},"modified":"2026-02-06T12:24:16","modified_gmt":"2026-02-06T11:24:16","slug":"digivitality","status":"publish","type":"page","link":"https:\/\/semmelweis.hu\/emk\/szakertoi-tevekenyseg-projektek\/futo-projektek\/digivitality\/","title":{"rendered":"DIGIVITALITY"},"content":{"rendered":"<p style=\"text-align: justify\"><strong>Az eg\u00e9szs\u00e9g\u00fcgyi ipar gyors digit\u00e1lis \u00e1talakul\u00e1son megy kereszt\u00fcl \u00e9s ezzel egy\u00fctt sz\u00e1mos innovat\u00edv \u00f6tlet mer\u00fcl fel. K\u00f6z\u00fcl\u00fck sok \u00fatt\u00f6r\u0151 \u00f6tlet szembes\u00fcl a piacrajut\u00e1s vagy a sz\u00e9lesk\u00f6r\u0171 elterjed\u00e9s neh\u00e9zs\u00e9geivel, melyek a struktur\u00e1lis kih\u00edv\u00e1sokban gy\u00f6kereznek. Ez az a pont, ahol a DIGIVITALITY projekt a sz\u00ednre l\u00e9p, seg\u00edts\u00e9get k\u00edn\u00e1lva az eg\u00e9szs\u00e9g\u00fcgyi innov\u00e1ci\u00f3k sz\u00e1m\u00e1ra az eg\u00e9szs\u00e9g\u00fcgyi szektorba val\u00f3 bel\u00e9p\u00e9s felgyors\u00edt\u00e1s\u00e1hoz \u00e9s a n\u00f6veked\u00e9shez.<\/strong><\/p>\n<p style=\"text-align: justify\">A DIGIVITALITY projekt alapvet\u0151 k\u00fcldet\u00e9se, hogy elh\u00e1r\u00edtsa a digit\u00e1lis eg\u00e9szs\u00e9g\u00fcgyi innov\u00e1ci\u00f3k el\u0151tt tornyosul\u00f3 akad\u00e1lyokat. Felismerve a s\u00fcrget\u0151 ig\u00e9nyeket, a projekt az eg\u00e9szs\u00e9g\u00fcgyi \u00f6kosziszt\u00e9ma fontos szerepl\u0151i k\u00f6z\u00f6tti egy\u00fcttm\u0171k\u00f6d\u00e9s meger\u0151s\u00edt\u00e9s\u00e9n dolgozik. Az egy\u00fcttm\u0171k\u00f6d\u00e9s mag\u00e1ban foglalja a start-upokat, az eg\u00e9szs\u00e9g\u00fcgyi technol\u00f3giai c\u00e9geket, a k\u00f3rh\u00e1zakat \u00e9s az innov\u00e1ci\u00f3s k\u00f6zpontokat. A DIGIVITALITY projekt egy gyors, t\u00f6bbdimenzi\u00f3s megval\u00f3s\u00edthat\u00f3s\u00e1g-valid\u00e1ci\u00f3s folyamatot tervez meg, m\u00edg a kiv\u00e1lasztott digit\u00e1lis eg\u00e9szs\u00e9g\u00fcgyi innov\u00e1ci\u00f3k ezzel p\u00e1rhuzamosan term\u00e9k \u00e9s technol\u00f3giai fejleszt\u00e9sen, \u00fczleti tervez\u00e9sen, klinikai megval\u00f3s\u00edthat\u00f3s\u00e1gi valid\u00e1ci\u00f3n \u00e9s korai f\u00e1zis\u00fa eg\u00e9szs\u00e9g\u00fcgyi technol\u00f3gia \u00e9rt\u00e9kel\u00e9sen (eHTA) mennek kereszt\u00fcl.<\/p>\n<p style=\"text-align: justify\">A Semmelweis Egyetem Eg\u00e9szs\u00e9g\u00fcgyi K\u00f6zszolg\u00e1lati Kar\u00e1nak Eg\u00e9szs\u00e9g\u00fcgyi Menedzserk\u00e9pz\u0151 K\u00f6zpontja egyike annak a<strong> 6 orsz\u00e1gb\u00f3l val\u00f3 13 szervezet<\/strong>nek, amelyek egy\u00fctt dolgoznak K\u00f6z\u00e9p-Eur\u00f3pa j\u00f6v\u0151beli eg\u00e9szs\u00e9g\u00fcgy\u00e9nek form\u00e1l\u00e1s\u00e1n azzal a c\u00e9llal, hogy k\u00f6nnyebben hozz\u00e1f\u00e9rhet\u0151v\u00e9 \u00e9s hat\u00e9konyabb\u00e1 tegy\u00e9k. Ezt \u00fagy k\u00edv\u00e1nj\u00e1k el\u00e9rni, hogy nagyszer\u0171 \u00f6tleteket seg\u00edtenek hozz\u00e1 ahhoz, hogy eljussanak a sz\u00e9lesk\u00f6r\u0171 alkalmaz\u00e1s f\u00e1zis\u00e1ba.<\/p>\n<p>A projekt <strong>2023. j\u00falius\u00e1ban indult \u00e9s 2025. december\u00e9ben fejez\u0151dik be<\/strong>, a cseh DEX Innovation Centre vezet\u00e9s\u00e9vel.<\/p>\n<p>A projektet az Eur\u00f3pai Uni\u00f3 Interreg CENTRAL EUROPE programja t\u00e1rsfinansz\u00edrozza.<\/p>\n<p>Felh\u00edv\u00e1s v\u00e1llalkoz\u00e1soknak: <a href=\"https:\/\/semmelweis.hu\/emk\/en\/projects\/ongoing-projects\/digivitality\/call-for-start-ups\/\">https:\/\/semmelweis.hu\/emk\/en\/projects\/ongoing-projects\/digivitality\/call-for-start-ups\/<\/a><\/p>\n<p><strong>K\u00f6vesse a projekt <a href=\"https:\/\/twitter.com\/digivitality\">Twitter<\/a> \u00e9s <a href=\"https:\/\/www.linkedin.com\/company\/digivitality\/\">LinkedIn<\/a> oldal\u00e1t!<\/strong><\/p>\n<p><a href=\"https:\/\/semmelweis.hu\/emk\/files\/2024\/01\/dasfs.jpg\"><img loading=\"lazy\" decoding=\"async\" class=\"alignnone wp-image-21596 size-full\" src=\"https:\/\/semmelweis.hu\/emk\/files\/2024\/01\/dasfs.jpg\" alt=\"\" width=\"940\" height=\"788\" srcset=\"https:\/\/semmelweis.hu\/emk\/files\/2024\/01\/dasfs.jpg 940w, https:\/\/semmelweis.hu\/emk\/files\/2024\/01\/dasfs-400x335.jpg 400w, https:\/\/semmelweis.hu\/emk\/files\/2024\/01\/dasfs-768x644.jpg 768w, https:\/\/semmelweis.hu\/emk\/files\/2024\/01\/dasfs-753x631.jpg 753w\" sizes=\"auto, (max-width: 940px) 100vw, 940px\" \/><\/a><\/p>\n","protected":false},"excerpt":{"rendered":"<p>Az eg\u00e9szs\u00e9g\u00fcgyi ipar gyors digit\u00e1lis \u00e1talakul\u00e1son megy kereszt\u00fcl \u00e9s ezzel egy\u00fctt sz\u00e1mos innovat\u00edv \u00f6tlet mer\u00fcl fel. K\u00f6z\u00fcl\u00fck sok \u00fatt\u00f6r\u0151 \u00f6tlet szembes\u00fcl a piacrajut\u00e1s vagy a sz\u00e9lesk\u00f6r\u0171 elterjed\u00e9s neh\u00e9zs\u00e9geivel, melyek a struktur\u00e1lis kih\u00edv\u00e1sokban gy\u00f6kereznek. Ez az a pont, ahol a DIGIVITALITY projekt a sz\u00ednre l\u00e9p, seg\u00edts\u00e9get k\u00edn\u00e1lva az eg\u00e9szs\u00e9g\u00fcgyi innov\u00e1ci\u00f3k sz\u00e1m\u00e1ra az eg\u00e9szs\u00e9g\u00fcgyi szektorba val\u00f3 bel\u00e9p\u00e9s &hellip;<\/p>\n","protected":false},"author":101539,"featured_media":21644,"parent":15842,"menu_order":0,"comment_status":"closed","ping_status":"closed","template":"","meta":{"_acf_changed":false,"footnotes":""},"categories":[],"tags":[],"class_list":["post-21594","page","type-page","status-publish","has-post-thumbnail","hentry"],"acf":[],"_links":{"self":[{"href":"https:\/\/semmelweis.hu\/emk\/wp-json\/wp\/v2\/pages\/21594","targetHints":{"allow":["GET"]}}],"collection":[{"href":"https:\/\/semmelweis.hu\/emk\/wp-json\/wp\/v2\/pages"}],"about":[{"href":"https:\/\/semmelweis.hu\/emk\/wp-json\/wp\/v2\/types\/page"}],"author":[{"embeddable":true,"href":"https:\/\/semmelweis.hu\/emk\/wp-json\/wp\/v2\/users\/101539"}],"replies":[{"embeddable":true,"href":"https:\/\/semmelweis.hu\/emk\/wp-json\/wp\/v2\/comments?post=21594"}],"version-history":[{"count":10,"href":"https:\/\/semmelweis.hu\/emk\/wp-json\/wp\/v2\/pages\/21594\/revisions"}],"predecessor-version":[{"id":22878,"href":"https:\/\/semmelweis.hu\/emk\/wp-json\/wp\/v2\/pages\/21594\/revisions\/22878"}],"up":[{"embeddable":true,"href":"https:\/\/semmelweis.hu\/emk\/wp-json\/wp\/v2\/pages\/15842"}],"wp:featuredmedia":[{"embeddable":true,"href":"https:\/\/semmelweis.hu\/emk\/wp-json\/wp\/v2\/media\/21644"}],"wp:attachment":[{"href":"https:\/\/semmelweis.hu\/emk\/wp-json\/wp\/v2\/media?parent=21594"}],"wp:term":[{"taxonomy":"category","embeddable":true,"href":"https:\/\/semmelweis.hu\/emk\/wp-json\/wp\/v2\/categories?post=21594"},{"taxonomy":"post_tag","embeddable":true,"href":"https:\/\/semmelweis.hu\/emk\/wp-json\/wp\/v2\/tags?post=21594"}],"curies":[{"name":"wp","href":"https:\/\/api.w.org\/{rel}","templated":true}]}}