{"id":21503,"date":"2023-12-14T09:25:30","date_gmt":"2023-12-14T08:25:30","guid":{"rendered":"https:\/\/semmelweis.hu\/emk\/?page_id=21503"},"modified":"2025-12-11T15:52:45","modified_gmt":"2025-12-11T14:52:45","slug":"mesterkepzes","status":"publish","type":"page","link":"https:\/\/semmelweis.hu\/emk\/oktatas\/mesterkepzes\/","title":{"rendered":"Mesterk\u00e9pz\u00e9s"},"content":{"rendered":"<style>\n           #page-grid .card-body > .line-clamp-box.excerpt{\n        width: inherit;\n        max-width: inherit;\n        display:flex;\n        min-height: 2.4em;\n        flex-direction: column;\n        justify-content: space-around;\n        background-color: #D6E4EA;\n        min-height: 3.4rem;\n        font-family: \"Montserrat\", sans-serif;\n    }\n\n    #page-grid a:hover .card-body > .line-clamp-box.excerpt {\n        background-color: #fff;\n        color: #313B40;\n    }\n\n    #page-grid .card-body .line-clamp-box.excerpt section{\n        max-width: inherit;\n        display: -webkit-box;\n        -webkit-line-clamp: 2;\n        -webkit-box-orient: vertical;\n        overflow: hidden;\n        text-overflow: ellipsis;\n        hyphens: auto;\n        margin: auto;\n        \n    }\n    .line-clamp-box.excerpt section, .line-clamp-box.excerpt section p{\n        font-size:0.8em;\n    }\n    \n<\/style>\n    <section id=\"page-grid\">\n        \n        <div class=\"row row-cols-1 row-cols-md-2 row-cols-lg-1 no-gutters mx-0 \">    <div class =\"col  mb-2 card-wrapper\">\n        <a class=\"d-flex flex-fill card-link-warapper m-md-1\" href=\"https:\/\/semmelweis.hu\/emk\/oktatas\/mesterkepzes\/egeszsegugyi-menedzser-msc\/\">\n            <div class=\"card border border-secondary se-border flex-fill\">\n                <div class=\"row no-gutters mx-0 d-flex flex-nowrap flex-md-wrap align-items-center\">\n                    <div class =\"  col-5 col-md-12 d-none d-md-none  card-image justify-content-center\">\n                        <img loading=\"lazy\" decoding=\"async\" width=\"387\" height=\"393\" src=\"https:\/\/semmelweis.hu\/emk\/files\/2024\/10\/01_WEB_emsc_PNG-2.png\" class=\"landscape wp-post-image\" alt=\"EMSC logo\" \/>\n                    <\/div>\n                    <div class=\"card-body  col flex-column  col-md-12 p-0\">\n                        <div class=\"line-clamp-box p-3\">\n                            <h5 class=\"ml-0 ml-sm-1 mt-2 align-items-center\"  >Eg\u00e9szs\u00e9g\u00fcgyi menedzser (EMSc)<\/h5>\n                        <\/div>\n                        \n                    <\/div>\n                <\/div>\n\n            <\/div>\n        <\/a>\n    <\/div>    <div class =\"col  mb-2 card-wrapper\">\n        <a class=\"d-flex flex-fill card-link-warapper m-md-1\" href=\"https:\/\/semmelweis.hu\/emk\/oktatas\/mesterkepzes\/egeszsegugyi-adattudomany-msc\/\">\n            <div class=\"card border border-secondary se-border flex-fill\">\n                <div class=\"row no-gutters mx-0 d-flex flex-nowrap flex-md-wrap align-items-center\">\n                    <div class =\"  col-5 col-md-12 d-none d-md-none  card-image justify-content-center\">\n                        <img loading=\"lazy\" decoding=\"async\" width=\"387\" height=\"393\" src=\"https:\/\/semmelweis.hu\/emk\/files\/2024\/10\/02_WEB_amsc_PNG-2.png\" class=\"landscape wp-post-image\" alt=\"AMSC logo\" \/>\n                    <\/div>\n                    <div class=\"card-body  col flex-column  col-md-12 p-0\">\n                        <div class=\"line-clamp-box p-3\">\n                            <h5 class=\"ml-0 ml-sm-1 mt-2 align-items-center\"  >Eg\u00e9szs\u00e9g\u00fcgyi adattudom\u00e1ny (AMSc)<\/h5>\n                        <\/div>\n                        \n                    <\/div>\n                <\/div>\n\n            <\/div>\n        <\/a>\n    <\/div>    <div class =\"col  mb-2 card-wrapper\">\n        <a class=\"d-flex flex-fill card-link-warapper m-md-1\" href=\"https:\/\/semmelweis.hu\/emk\/oktatas\/mesterkepzes\/integralt-szocialis-szolgaltatasi-menedzsment-iszszm\/\">\n            <div class=\"card border border-secondary se-border flex-fill\">\n                <div class=\"row no-gutters mx-0 d-flex flex-nowrap flex-md-wrap align-items-center\">\n                    <div class =\"  col-5 col-md-12 d-none d-md-none  card-image justify-content-center\">\n                        <img loading=\"lazy\" decoding=\"async\" width=\"387\" height=\"393\" src=\"https:\/\/semmelweis.hu\/emk\/files\/2024\/10\/04_WEB_iszszm_PNG-2.png\" class=\"landscape wp-post-image\" alt=\"ISZSZM logo\" \/>\n                    <\/div>\n                    <div class=\"card-body  col flex-column  col-md-12 p-0\">\n                        <div class=\"line-clamp-box p-3\">\n                            <h5 class=\"ml-0 ml-sm-1 mt-2 align-items-center\"  >Integr\u00e1lt Szoci\u00e1lis Szolg\u00e1ltat\u00e1si Menedzsment (ISZSZM)<\/h5>\n                        <\/div>\n                        \n                    <\/div>\n                <\/div>\n\n            <\/div>\n        <\/a>\n    <\/div>    <div class =\"col  mb-2 card-wrapper\">\n        <a class=\"d-flex flex-fill card-link-warapper m-md-1\" href=\"https:\/\/semmelweis.hu\/emk\/oktatas\/mesterkepzes\/egeszsegugyi-minosegugyi-es-betegbiztonsagi-menedzsment-msc\/\">\n            <div class=\"card border border-secondary se-border flex-fill\">\n                <div class=\"row no-gutters mx-0 d-flex flex-nowrap flex-md-wrap align-items-center\">\n                    <div class =\"  col-5 col-md-12 d-none d-md-none  card-image justify-content-center\">\n                        <img loading=\"lazy\" decoding=\"async\" width=\"387\" height=\"393\" src=\"https:\/\/semmelweis.hu\/emk\/files\/2024\/10\/03_WEB_embm_PNG-2.png\" class=\"landscape wp-post-image\" alt=\"EMBM logo\" \/>\n                    <\/div>\n                    <div class=\"card-body  col flex-column  col-md-12 p-0\">\n                        <div class=\"line-clamp-box p-3\">\n                            <h5 class=\"ml-0 ml-sm-1 mt-2 align-items-center\"  >Eg\u00e9szs\u00e9g\u00fcgyi-min\u0151s\u00e9g\u00fcgyi \u00e9s betegbiztons\u00e1gi menedzsment (EMBM)<\/h5>\n                        <\/div>\n                        \n                    <\/div>\n                <\/div>\n\n            <\/div>\n        <\/a>\n    <\/div>        <\/div>\n    <\/section>\n<p style=\"text-align: center\"><a class=\"btn btn-secondary\" href=\"https:\/\/semmelweis.hu\/emk\/hallgatoknak\/frissen-felvett-hallgatoknak\/\" target=\"_blank\" rel=\"noopener\">FRISSEN FELVETT HALLGAT\u00d3KNAK<\/a><\/p>\n<p style=\"text-align: justify\">Mesterk\u00e9pz\u00e9seink k\u00f6vetkez\u0151 \u00e9vfolyamai 2026. szeptember\u00e9ben, valamint keresztf\u00e9l\u00e9ves k\u00e9pz\u00e9sk\u00e9nt 2027. febru\u00e1rj\u00e1ban indulnak <strong>Budapesten, magyar nyelven, \u00e1llami \u00f6szt\u00f6nd\u00edjas \u00e9s \u00f6nk\u00f6lts\u00e9ges form\u00e1ban.<\/strong><\/p>\n<h4><a href=\"https:\/\/semmelweis.hu\/emk\/oktatas\/mesterkepzes\/egeszsegugyi-adattudomany-msc\/\" target=\"_blank\" rel=\"noopener\"><strong>Eg\u00e9szs\u00e9g\u00fcgyi adattudom\u00e1ny (AMSc) \u2192<\/strong><\/a><\/h4>\n<ul style=\"list-style-type: square\">\n<li><strong>Enged\u00e9ly <\/strong><strong>sz\u00e1ma: <\/strong>FNYF\/1130-3\/2023.<\/li>\n<li><strong>K\u00e9pz\u00e9si <\/strong><strong>ter\u00fclet: <\/strong>orvos- \u00e9s eg\u00e9szs\u00e9gtudom\u00e1ny<\/li>\n<li><strong>Megszerezhet\u0151 <\/strong><strong>v\u00e9gzetts\u00e9g: <\/strong>okleveles eg\u00e9szs\u00e9g\u00fcgyi adattud\u00f3s<\/li>\n<li><strong>K\u00f6vetkez\u0151 <\/strong><strong>v\u00e1rhat\u00f3 <\/strong><strong>indul\u00e1s: <\/strong>2026. szeptember<\/li>\n<\/ul>\n<h4><a href=\"https:\/\/semmelweis.hu\/emk\/oktatas\/mesterkepzes\/egeszsegugyi-menedzser-msc\/\" target=\"_blank\" rel=\"noopener\"><strong>Eg\u00e9szs\u00e9g\u00fcgyi menedzser (EMSc) <\/strong><strong>\u2192<\/strong><\/a><\/h4>\n<ul style=\"list-style-type: square\">\n<li><strong>Enged\u00e9ly <\/strong><strong>sz\u00e1ma: <\/strong>FNYF\/1630-4\/2020.<\/li>\n<li><strong>K\u00e9pz\u00e9si <\/strong><strong>ter\u00fclet: <\/strong>orvos- \u00e9s eg\u00e9szs\u00e9gtudom\u00e1ny<\/li>\n<li><strong>Megszerezhet\u0151 <\/strong><strong>v\u00e9gzetts\u00e9g: <\/strong>okleveles eg\u00e9szs\u00e9g\u00fcgyi menedzser<\/li>\n<li><strong>K\u00f6vetkez\u0151 <\/strong><strong>v\u00e1rhat\u00f3 <\/strong><strong>indul\u00e1s: <\/strong>2026. szeptember<\/li>\n<\/ul>\n<h4 style=\"text-align: justify\"><a href=\"https:\/\/semmelweis.hu\/emk\/oktatas\/mesterkepzes\/egeszsegugyi-minosegugyi-es-betegbiztonsagi-menedzsment-msc\/\" target=\"_blank\" rel=\"noopener\"><strong>Eg\u00e9szs\u00e9g\u00fcgyi-min\u0151s\u00e9g\u00fcgyi \u00e9s betegbiztons\u00e1gi menedzsment (EMBM) <\/strong><strong>\u2192<\/strong><\/a><\/h4>\n<ul style=\"list-style-type: square\">\n<li><strong>Enged\u00e9ly <\/strong><strong>sz\u00e1ma: <\/strong>FNYF\/179-3\/2023.<\/li>\n<li><strong>K\u00e9pz\u00e9si <\/strong><strong>ter\u00fclet: <\/strong>orvos- \u00e9s eg\u00e9szs\u00e9gtudom\u00e1ny<\/li>\n<li><strong>Megszerezhet\u0151 <\/strong><strong>v\u00e9gzetts\u00e9g: <\/strong>okleveles eg\u00e9szs\u00e9g\u00fcgyi-min\u0151s\u00e9g\u00fcgyi \u00e9s betegbiztons\u00e1gi menedzser<\/li>\n<li><strong>K\u00f6vetkez\u0151 <\/strong><strong>v\u00e1rhat\u00f3 <\/strong><strong>indul\u00e1s: <\/strong>2027. febru\u00e1r<\/li>\n<\/ul>\n<h4 style=\"text-align: justify\"><a href=\"https:\/\/semmelweis.hu\/emk\/oktatas\/mesterkepzes\/integralt-szocialis-szolgaltatasi-menedzsment-iszszm\/\" target=\"_blank\" rel=\"noopener\"><strong>Integr\u00e1lt szoci\u00e1lis szolg\u00e1ltat\u00e1si menedzsment (ISZSZM) <\/strong><strong>\u2192<\/strong><\/a><\/h4>\n<ul style=\"list-style-type: square\">\n<li><strong>Enged\u00e9ly <\/strong><strong>sz\u00e1ma: <\/strong>FNYF\/1395-3\/2024<\/li>\n<li><strong>K\u00e9pz\u00e9si <\/strong><strong>ter\u00fclet: <\/strong>t\u00e1rsadalomtudom\u00e1ny<\/li>\n<li><strong>K\u00e9pz\u00e9si <\/strong><strong>ter\u00fclet: <\/strong>okleveles integr\u00e1lt szoci\u00e1lis szolg\u00e1ltat\u00e1si menedzser<\/li>\n<li><strong>K\u00f6vetkez\u0151 <\/strong><strong>v\u00e1rhat\u00f3 <\/strong><strong>indul\u00e1s: <\/strong>2026.09.04.<\/li>\n<\/ul>\n<hr \/>\n<p style=\"text-align: justify\">A 2026. szeptember\u00e9ben indul\u00f3 \u00e9vfolyamainkra kiz\u00e1r\u00f3lag az orsz\u00e1gos fels\u0151oktat\u00e1si felv\u00e9teli rendszeren, az <strong>E-felv\u00e9telin<\/strong> kereszt\u00fcl lehet jelentkezni 2025. december 15. \u00e9s 2026. febru\u00e1r 15. k\u00f6z\u00f6tt.\u00a0A\u00a0\u00a0<a href=\"https:\/\/www.felvi.hu\/\" target=\"_blank\" rel=\"noopener\">felvi.hu<\/a>\u00a0haszn\u00e1lat\u00e1hoz els\u0151 l\u00e9p\u00e9sk\u00e9nt regisztr\u00e1lni kell a\u00a0<a href=\"https:\/\/www.felvi.hu\/\" target=\"_blank\" rel=\"noopener\">felvi.hu oldalon<\/a>.<\/p>\n<p style=\"text-align: justify\">A jelentkez\u00e9s sor\u00e1n a felvi.hu rendszer\u00e9be kell felt\u00f6lteni az<strong> \u00f6n\u00e9letrajzot \u00e9s a motiv\u00e1ci\u00f3s level<\/strong>et. K\u00e9rj\u00fck, hogy a motiv\u00e1ci\u00f3s lev\u00e9lben adjon t\u00e1j\u00e9koztat\u00e1st arr\u00f3l, hogy mi\u00e9rt jelentkezett erre a k\u00e9pz\u00e9sre \u00e9s milyen c\u00e9ljai vannak a megszerzett ismeretekkel, v\u00e9gzetts\u00e9ggel. A motiv\u00e1ci\u00f3s lev\u00e9l\u00a0 terjedelme ne haladja meg az 1 oldalt!<\/p>\n<p style=\"text-align: justify\">Az egyes k\u00e9pz\u00e9sekkel kapcsolatos, felv\u00e9telit is \u00e9rint\u0151 inform\u00e1ci\u00f3kr\u00f3l, k\u00e9rj\u00fck, hogy az adott k\u00e9pz\u00e9s oldal\u00e1n t\u00e1j\u00e9koz\u00f3djon (a fenti list\u00e1ban a k\u00e9pz\u00e9sek nev\u00e9re kattintva).<\/p>\n","protected":false},"excerpt":{"rendered":"<p><a class=\"btn btn-secondary\" href=\"https:\/\/semmelweis.hu\/emk\/hallgatoknak\/frissen-felvett-hallgatoknak\/\" target=\"_blank\" rel=\"noopener\">FRISSEN FELVETT HALLGAT\u00d3KNAK<\/a> Mesterk\u00e9pz\u00e9seink k\u00f6vetkez\u0151 \u00e9vfolyamai 2026. szeptember\u00e9ben, valamint keresztf\u00e9l\u00e9ves k\u00e9pz\u00e9sk\u00e9nt 2027. febru\u00e1rj\u00e1ban indulnak Budapesten, magyar nyelven, \u00e1llami \u00f6szt\u00f6nd\u00edjas \u00e9s \u00f6nk\u00f6lts\u00e9ges form\u00e1ban. <a href=\"https:\/\/semmelweis.hu\/emk\/oktatas\/mesterkepzes\/egeszsegugyi-adattudomany-msc\/\" target=\"_blank\" rel=\"noopener\">Eg\u00e9szs\u00e9g\u00fcgyi adattudom\u00e1ny (AMSc) \u2192<\/a> Enged\u00e9ly sz\u00e1ma: FNYF\/1130-3\/2023. K\u00e9pz\u00e9si ter\u00fclet: orvos- \u00e9s eg\u00e9szs\u00e9gtudom\u00e1ny Megszerezhet\u0151 v\u00e9gzetts\u00e9g: okleveles eg\u00e9szs\u00e9g\u00fcgyi adattud\u00f3s K\u00f6vetkez\u0151 v\u00e1rhat\u00f3 indul\u00e1s: 2026. szeptember <a href=\"https:\/\/semmelweis.hu\/emk\/oktatas\/mesterkepzes\/egeszsegugyi-menedzser-msc\/\" target=\"_blank\" rel=\"noopener\">Eg\u00e9szs\u00e9g\u00fcgyi menedzser (EMSc) \u2192<\/a> Enged\u00e9ly sz\u00e1ma: FNYF\/1630-4\/2020. K\u00e9pz\u00e9si ter\u00fclet: orvos- \u00e9s eg\u00e9szs\u00e9gtudom\u00e1ny Megszerezhet\u0151 v\u00e9gzetts\u00e9g: okleveles eg\u00e9szs\u00e9g\u00fcgyi menedzser K\u00f6vetkez\u0151 v\u00e1rhat\u00f3 indul\u00e1s: 2026. szeptember &hellip;<\/p>\n","protected":false},"author":101539,"featured_media":26460,"parent":14559,"menu_order":2,"comment_status":"closed","ping_status":"closed","template":"","meta":{"_acf_changed":false,"footnotes":""},"categories":[],"tags":[655,87],"class_list":["post-21503","page","type-page","status-publish","has-post-thumbnail","hentry","tag-mesterkepzes","tag-msc"],"acf":[],"_links":{"self":[{"href":"https:\/\/semmelweis.hu\/emk\/wp-json\/wp\/v2\/pages\/21503","targetHints":{"allow":["GET"]}}],"collection":[{"href":"https:\/\/semmelweis.hu\/emk\/wp-json\/wp\/v2\/pages"}],"about":[{"href":"https:\/\/semmelweis.hu\/emk\/wp-json\/wp\/v2\/types\/page"}],"author":[{"embeddable":true,"href":"https:\/\/semmelweis.hu\/emk\/wp-json\/wp\/v2\/users\/101539"}],"replies":[{"embeddable":true,"href":"https:\/\/semmelweis.hu\/emk\/wp-json\/wp\/v2\/comments?post=21503"}],"version-history":[{"count":10,"href":"https:\/\/semmelweis.hu\/emk\/wp-json\/wp\/v2\/pages\/21503\/revisions"}],"predecessor-version":[{"id":26499,"href":"https:\/\/semmelweis.hu\/emk\/wp-json\/wp\/v2\/pages\/21503\/revisions\/26499"}],"up":[{"embeddable":true,"href":"https:\/\/semmelweis.hu\/emk\/wp-json\/wp\/v2\/pages\/14559"}],"wp:featuredmedia":[{"embeddable":true,"href":"https:\/\/semmelweis.hu\/emk\/wp-json\/wp\/v2\/media\/26460"}],"wp:attachment":[{"href":"https:\/\/semmelweis.hu\/emk\/wp-json\/wp\/v2\/media?parent=21503"}],"wp:term":[{"taxonomy":"category","embeddable":true,"href":"https:\/\/semmelweis.hu\/emk\/wp-json\/wp\/v2\/categories?post=21503"},{"taxonomy":"post_tag","embeddable":true,"href":"https:\/\/semmelweis.hu\/emk\/wp-json\/wp\/v2\/tags?post=21503"}],"curies":[{"name":"wp","href":"https:\/\/api.w.org\/{rel}","templated":true}]}}