{"id":21366,"date":"2023-11-21T14:19:27","date_gmt":"2023-11-21T13:19:27","guid":{"rendered":"https:\/\/semmelweis.hu\/emk\/?page_id=21366"},"modified":"2025-03-27T16:23:29","modified_gmt":"2025-03-27T15:23:29","slug":"a-hack4cure-hackathon-eloadoi","status":"publish","type":"page","link":"https:\/\/semmelweis.hu\/emk\/a-hack4cure-hackathon-eloadoi\/","title":{"rendered":"A Hack4Cure hackathon el\u0151ad\u00f3i &#8211; 2023"},"content":{"rendered":"<p style=\"text-align: justify\"><b><img loading=\"lazy\" decoding=\"async\" class=\"wp-image-21355 alignleft\" src=\"https:\/\/semmelweis.hu\/emk\/files\/2023\/11\/Bubori-Zsolt-400x400.jpg\" alt=\"\" width=\"300\" height=\"300\" srcset=\"https:\/\/semmelweis.hu\/emk\/files\/2023\/11\/Bubori-Zsolt-400x400.jpg 400w, https:\/\/semmelweis.hu\/emk\/files\/2023\/11\/Bubori-Zsolt-1024x1024.jpg 1024w, https:\/\/semmelweis.hu\/emk\/files\/2023\/11\/Bubori-Zsolt-150x150.jpg 150w, https:\/\/semmelweis.hu\/emk\/files\/2023\/11\/Bubori-Zsolt-768x768.jpg 768w, https:\/\/semmelweis.hu\/emk\/files\/2023\/11\/Bubori-Zsolt-1536x1536.jpg 1536w, https:\/\/semmelweis.hu\/emk\/files\/2023\/11\/Bubori-Zsolt-2048x2048.jpg 2048w, https:\/\/semmelweis.hu\/emk\/files\/2023\/11\/Bubori-Zsolt-753x753.jpg 753w\" sizes=\"auto, (max-width: 300px) 100vw, 300px\" \/>Bubori Zsolt,\u00a0<\/b>EIT Health<\/p>\n<p style=\"text-align: justify\">Bubori Zsolt k\u00f6zgazd\u00e1sz, az EIT Health \u00f6kosziszt\u00e9ma vezet\u0151jek\u00e9nt a magyar szerz\u0151d\u00f6tt partnereket k\u00f6ti \u00f6ssze az eur\u00f3pai eg\u00e9szs\u00e9g\u00fcgyi innov\u00e1ci\u00f3s kezdem\u00e9nyez\u00e9sekkel. Karrierje sor\u00e1n \u00fczleti tan\u00e1csad\u00f3k\u00e9nt dolgozott multinacion\u00e1lis c\u00e9geknek, mint p\u00e9ld\u00e1ul az Accenture \u00e9s Microsoft \u00e9s megalap\u00edtotta saj\u00e1t, eg\u00e9szs\u00e9g\u00fcgyi strat\u00e9gia alkot\u00e1ssal \u00e9s vezet\u0151i tan\u00e1csad\u00e1ssal foglalkoz\u00f3 c\u00e9g\u00e9t is. Magyarorsz\u00e1gon \u00e9s k\u00fclf\u00f6ld\u00f6n, az \u00e1llami- \u00e9s mag\u00e1nszf\u00e9r\u00e1ban egyar\u00e1nt sz\u00e1mos projektet vezetett az ut\u00f3bbi 20 \u00e9vben. A Magyar K\u00f6zgazdas\u00e1gi T\u00e1rsas\u00e1g, az Amcham Eg\u00e9szs\u00e9g\u00fcgyi Munkacsoportj\u00e1nak tagja. Sz\u00e1mos mentor\/coach v\u00e1llalkoz\u00e1snak \u00e9s kezdem\u00e9nyez\u00e9snek seg\u00edt a magyar startup \u00f6kosziszt\u00e9ma fejleszt\u00e9se \u00e9rdek\u00e9ben.<\/p>\n<hr \/>\n<p style=\"text-align: justify\"><span style=\"font-weight: 400\"><strong><img loading=\"lazy\" decoding=\"async\" class=\"wp-image-21421 alignleft\" src=\"https:\/\/semmelweis.hu\/emk\/files\/2023\/11\/kovats_tamas-313x400.jpg\" alt=\"\" width=\"300\" height=\"384\" srcset=\"https:\/\/semmelweis.hu\/emk\/files\/2023\/11\/kovats_tamas-313x400.jpg 313w, https:\/\/semmelweis.hu\/emk\/files\/2023\/11\/kovats_tamas-801x1024.jpg 801w, https:\/\/semmelweis.hu\/emk\/files\/2023\/11\/kovats_tamas-768x982.jpg 768w, https:\/\/semmelweis.hu\/emk\/files\/2023\/11\/kovats_tamas-1201x1536.jpg 1201w, https:\/\/semmelweis.hu\/emk\/files\/2023\/11\/kovats_tamas-1601x2048.jpg 1601w, https:\/\/semmelweis.hu\/emk\/files\/2023\/11\/kovats_tamas-753x963.jpg 753w, https:\/\/semmelweis.hu\/emk\/files\/2023\/11\/kovats_tamas.jpg 1885w\" sizes=\"auto, (max-width: 300px) 100vw, 300px\" \/>Kov\u00e1ts Tam\u00e1s<\/strong>, Semmelweis Egyetem Eg\u00e9szs\u00e9g\u00fcgyi Menedzserk\u00e9pz\u0151 K\u00f6zpont<\/span><\/p>\n<p style=\"text-align: justify\"><span style=\"font-weight: 400\">Az ELTE Term\u00e9szettudom\u00e1nyi Kar\u00e1n programoz\u00f3 matematikusk\u00e9nt v\u00e9gzett, t\u00f6bb mint 20 \u00e9ve eg\u00e9szs\u00e9g\u00fcgyi adatokkal foglalkozik. Dolgozott az Orsz\u00e1gos Ment\u0151szolg\u00e1latn\u00e1l \u00e9s az Orsz\u00e1gos V\u00e9rell\u00e1t\u00f3 Szolg\u00e1latn\u00e1l, majd az Eg\u00e9szs\u00e9g\u00fcgyi Strat\u00e9giai Kutat\u00f3int\u00e9zethez ker\u00fclt. Kor\u00e1bban az adatt\u00e1rh\u00e1z fel\u00e9p\u00edt\u00e9s\u00e9re, lek\u00e9rdez\u0151 fel\u00fcletek l\u00e9trehoz\u00e1s\u00e1ra koncentr\u00e1lt. Jelenleg a struktur\u00e1lt adatokb\u00f3l t\u00f6rt\u00e9n\u0151 predikci\u00f3s modellek fel\u00e9p\u00edt\u00e9s\u00e9nek lehet\u0151s\u00e9geit kutatja.<\/span><\/p>\n<hr \/>\n<p style=\"text-align: justify\"><strong><img loading=\"lazy\" decoding=\"async\" class=\"wp-image-21449 alignleft\" src=\"https:\/\/semmelweis.hu\/emk\/files\/2023\/11\/antal_kuthy-400x400.jpg\" alt=\"\" width=\"300\" height=\"300\" srcset=\"https:\/\/semmelweis.hu\/emk\/files\/2023\/11\/antal_kuthy-400x400.jpg 400w, https:\/\/semmelweis.hu\/emk\/files\/2023\/11\/antal_kuthy-150x150.jpg 150w, https:\/\/semmelweis.hu\/emk\/files\/2023\/11\/antal_kuthy-768x768.jpg 768w, https:\/\/semmelweis.hu\/emk\/files\/2023\/11\/antal_kuthy-753x753.jpg 753w, https:\/\/semmelweis.hu\/emk\/files\/2023\/11\/antal_kuthy.jpg 800w\" sizes=\"auto, (max-width: 300px) 100vw, 300px\" \/>Kuthy <\/strong><span style=\"font-weight: 400\"><strong>Antal<\/strong>, <\/span><span style=\"font-weight: 400\">CEO, <\/span><span style=\"font-weight: 400\">E-Group<\/span><\/p>\n<p style=\"text-align: justify\"><span style=\"font-weight: 400\">Kuthy Antal vez\u00e9rigazgat\u00f3k\u00e9nt az \u00fczleti strat\u00e9gi\u00e1\u00e9rt, az innov\u00e1ci\u00f3\u00e9rt, az \u00e9rt\u00e9kes\u00edt\u00e9s\u00e9rt \u00e9s az \u00fczletfejleszt\u00e9s\u00e9rt felel\u0151s, illetve \u0151 az \u201eadatb\u00f3l tud\u00e1st hitelesen\u201d misszi\u00f3 legf\u0151bb k\u00e9pvisel\u0151je. Proakt\u00edv hozz\u00e1\u00e1ll\u00e1s\u00e1val \u00e9s felbecs\u00fclhetetlen piaci ismereteivel \u00faj co-innov\u00e1ci\u00f3s lehet\u0151s\u00e9gekre \u00f6szt\u00f6n\u00f6z, \u00e9s sikeresen t\u00e1mogatja a lab-to-market modellek kidolgoz\u00e1s\u00e1t egyetemek \u00e9s ipari szerepl\u0151k bevon\u00e1s\u00e1val.<\/span><\/p>\n<hr \/>\n<p style=\"text-align: justify\"><span style=\"font-weight: 400\"><strong><img loading=\"lazy\" decoding=\"async\" class=\"wp-image-21424 size-medium alignleft\" src=\"https:\/\/semmelweis.hu\/emk\/files\/2023\/11\/Mikesy-Gergely-300x400.jpg\" alt=\"\" width=\"300\" height=\"400\" \/>Dr. Mikesy Gergely<\/strong>, orvos, eg\u00e9szs\u00e9g\u00fcgyi menedzser, <\/span><span style=\"font-weight: 400\">Semmelweis Egyetem Eg\u00e9szs\u00e9g\u00fcgyi Menedzserk\u00e9pz\u0151 K\u00f6zpont<\/span><\/p>\n<p style=\"text-align: justify\"><span style=\"font-weight: 400\">Az orvosi egyetem elv\u00e9gz\u00e9se ut\u00e1n csatlakozott az Eg\u00e9szs\u00e9g\u00fcgyi Menedzserk\u00e9pz\u0151 K\u00f6zpont csapat\u00e1hoz. F\u0151 t\u00e9mater\u00fcletei a n\u00e9peg\u00e9szs\u00e9g\u00fcgy \u00e9s az eg\u00e9szs\u00e9g\u00fcgyi innov\u00e1ci\u00f3, ezeken bel\u00fcl az adatvez\u00e9relt-, \u00e9s mesters\u00e9ges intelligencia megold\u00e1sok eg\u00e9szs\u00e9g\u00fcgyi bevezet\u00e9s\u00e9nek lehet\u0151s\u00e9geivel foglalkozik.\u00a0<\/span><span style=\"font-weight: 400\">Nagy kedvel\u0151je az innov\u00e1ci\u00f3s versenyeknek, az ut\u00f3bbi \u00e9vekben t\u00f6bb hackathonon vett r\u00e9szt, kor\u00e1bban mint versenyz\u0151, k\u00e9s\u0151bb pedig a szervez\u0151i oldalon. <\/span><span style=\"font-weight: 400\">Mindezek miatt sem k\u00f6nny\u0171 m\u00e1r meglepni, de nagyon v\u00e1rja, hogy ez kiknek siker\u00fcl!<\/span><\/p>\n<hr \/>\n<p style=\"text-align: justify\"><span style=\"font-weight: 400\"><strong><img loading=\"lazy\" decoding=\"async\" class=\"wp-image-21393 alignleft\" src=\"https:\/\/semmelweis.hu\/emk\/files\/2023\/11\/Pesti_Adrian.jpg\" alt=\"\" width=\"300\" height=\"300\" srcset=\"https:\/\/semmelweis.hu\/emk\/files\/2023\/11\/Pesti_Adrian.jpg 360w, https:\/\/semmelweis.hu\/emk\/files\/2023\/11\/Pesti_Adrian-150x150.jpg 150w\" sizes=\"auto, (max-width: 300px) 100vw, 300px\" \/>Dr. Pesti Adri\u00e1n<\/strong>, <\/span><span style=\"font-weight: 400\">Semmelweis Egyetem Patol\u00f3giai, Igazs\u00e1g\u00fcgyi \u00e9s Biztos\u00edt\u00e1si Orvostani Int\u00e9zet<\/span><\/p>\n<p style=\"text-align: justify\"><span style=\"font-weight: 400\">A Budapesti M\u0171szaki \u00e9s Gazdas\u00e1gtudom\u00e1nyi Egyetemen v\u00e9gzett biom\u00e9rn\u00f6kk\u00e9nt 2018-ban, majd a Semmelweis Egyetemen a Patol\u00f3giai Tudom\u00e1nyok Doktori Iskol\u00e1ban PhD fokozatot szerzett 2023-ban. F\u0151 kutat\u00e1si ter\u00fcletei a digit\u00e1lis patol\u00f3gia, ezen bel\u00fcl a mesters\u00e9ges intelligencia felhaszn\u00e1l\u00e1s\u00e1nak lehet\u0151s\u00e9gei, a tumorbiol\u00f3gia, valamint a SARS-CoV-2 v\u00edrus patol\u00f3gi\u00e1j\u00e1nak vizsg\u00e1lata.<\/span><\/p>\n<hr \/>\n<p style=\"text-align: justify\"><b><img loading=\"lazy\" decoding=\"async\" class=\"wp-image-21390 alignleft\" src=\"https:\/\/semmelweis.hu\/emk\/files\/2023\/11\/Szocska_Miklos.jpg\" alt=\"\" width=\"300\" height=\"322\" \/>Dr. Sz\u00f3cska Mikl\u00f3s<\/b>, egyetemi tan\u00e1r, Semmelweis Egyetem, Eg\u00e9szs\u00e9g\u00fcgyi K\u00f6zszolg\u00e1lati Kar, d\u00e9k\u00e1n<\/p>\n<p style=\"text-align: justify\"><span style=\"font-weight: 400\">1989-ben szerzett orvosi diplom\u00e1t a Semmelweis Egyetemen, ahol a k\u00e9pz\u00e9s ideje alatt \u2013 ellenz\u00e9kik\u00e9nt \u2013 az \u00e9vfolyam\u00e1nak eln\u00f6k\u00e9v\u00e9 v\u00e1lasztott\u00e1k. \u00c9rdekl\u0151d\u00e9se ennek hat\u00e1s\u00e1ra az eg\u00e9szs\u00e9g\u00fcgyi menedzsment ir\u00e1ny\u00e1ba fordult, ez\u00e9rt a diplom\u00e1ja megszerz\u00e9s\u00e9t k\u00f6vet\u0151en koll\u00e9g\u00e1ival egy\u00fctt megalap\u00edtotta az az\u00f3ta m\u00e1r k\u00f6zel 30 \u00e9ves Eg\u00e9szs\u00e9g\u00fcgyi Menedzserk\u00e9pz\u0151 K\u00f6zpontot, amelynek jelenleg is vezet\u0151je. A menedzserk\u00e9pz\u0151 tan\u00e1ri kar\u00e1nak tagjak\u00e9nt a Harvard Egyetem John F. Kennedy Korm\u00e1nyzati Iskol\u00e1j\u00e1ban Master of Public Administration diplom\u00e1t szerzett, tov\u00e1bb\u00e1 a Semmelweis Egyetemen v\u00e1ltoztat\u00e1smenedzsment t\u00e9m\u00e1ban sikeresen megv\u00e9dte doktori disszert\u00e1ci\u00f3j\u00e1t. 2010 \u00e9s 2014 k\u00f6z\u00f6tt eg\u00e9szs\u00e9g\u00fcgy\u00e9rt felel\u0151s \u00e1llamtitk\u00e1ri poz\u00edci\u00f3t t\u00f6lt\u00f6tt be. \u00c1llamtitk\u00e1rk\u00e9nt k\u00fcl\u00f6n\u00f6sen nagy hangs\u00falyt fektetett a bizony\u00edt\u00e9kon alapul\u00f3 konzultat\u00edv eg\u00e9szs\u00e9gpolitika meghonos\u00edt\u00e1s\u00e1ra \u00e9s az eg\u00e9szs\u00e9g\u00fcgyi dolgoz\u00f3k b\u00e9remel\u00e9s\u00e9re, de legf\u0151bb eredm\u00e9nyeinek m\u00e9gis a n\u00e9peg\u00e9szs\u00e9g\u00fcgyi term\u00e9kad\u00f3 bevezet\u00e9se, a doh\u00e1nyz\u00e1s visszaszor\u00edt\u00e1sa, a k\u00f3rh\u00e1zi rendszerek k\u00f6zpontos\u00edt\u00e1sa \u00e9s az e-eg\u00e9szs\u00e9g\u00fcgy megalapoz\u00e1sa tekinthet\u0151. 2014-t\u0151l \u00fajra az Eg\u00e9szs\u00e9g\u00fcgyi Menedzserk\u00e9pz\u0151 K\u00f6zpont vezet\u0151je \u00e9s oktat\u00f3ja, 2016 szeptember\u00e9ben a korm\u00e1ny jel\u00f6lte a <\/span><a href=\"https:\/\/hu.wikipedia.org\/wiki\/Eg%C3%A9szs%C3%A9g%C3%BCgyi_Vil%C3%A1gszervezet\"><span style=\"font-weight: 400\">WHO<\/span><\/a><span style=\"font-weight: 400\"> (World Health Organization, az ENSZ eg\u00e9szs\u00e9g\u00fcgyi szervezete) f\u0151igazgat\u00f3i posztj\u00e1ra. 2019-t\u0151l a Semmelweis Egyetem Eg\u00e9szs\u00e9g\u00fcgyi K\u00f6zszolg\u00e1lati Kar\u00e1nak d\u00e9k\u00e1nja, 2023 m\u00e1jus\u00e1t\u00f3l a Bel\u00fcgyminiszt\u00e9rium Mesters\u00e9ges Intelligencia Munkacsoportj\u00e1nak vezet\u0151je. F\u0151bb kutat\u00e1si \u00e9s oktat\u00e1si ter\u00fcletei a h\u00e1l\u00f3zatelemz\u00e9s, a vezet\u00e9sfejleszt\u00e9s \u00e9s v\u00e1ltoztat\u00e1smenedzsment, tov\u00e1bb\u00e1 a mesters\u00e9ges intelligencia \u00e9s adatvez\u00e9rtelt eg\u00e9szs\u00e9g megold\u00e1sok.<\/span><\/p>\n","protected":false},"excerpt":{"rendered":"<p>Bubori Zsolt,\u00a0EIT Health Bubori Zsolt k\u00f6zgazd\u00e1sz, az EIT Health \u00f6kosziszt\u00e9ma vezet\u0151jek\u00e9nt a magyar szerz\u0151d\u00f6tt partnereket k\u00f6ti \u00f6ssze az eur\u00f3pai eg\u00e9szs\u00e9g\u00fcgyi innov\u00e1ci\u00f3s kezdem\u00e9nyez\u00e9sekkel. Karrierje sor\u00e1n \u00fczleti tan\u00e1csad\u00f3k\u00e9nt dolgozott multinacion\u00e1lis c\u00e9geknek, mint p\u00e9ld\u00e1ul az Accenture \u00e9s Microsoft \u00e9s megalap\u00edtotta saj\u00e1t, eg\u00e9szs\u00e9g\u00fcgyi strat\u00e9gia alkot\u00e1ssal \u00e9s vezet\u0151i tan\u00e1csad\u00e1ssal foglalkoz\u00f3 c\u00e9g\u00e9t is. Magyarorsz\u00e1gon \u00e9s k\u00fclf\u00f6ld\u00f6n, az \u00e1llami- \u00e9s mag\u00e1nszf\u00e9r\u00e1ban egyar\u00e1nt &hellip;<\/p>\n","protected":false},"author":101539,"featured_media":0,"parent":0,"menu_order":0,"comment_status":"closed","ping_status":"closed","template":"","meta":{"_acf_changed":false,"footnotes":""},"categories":[300],"tags":[302,304,288],"class_list":["post-21366","page","type-page","status-publish","hentry","category-hack4cure2023","tag-hack4cure","tag-hack4cure2023","tag-hackaton-hu"],"acf":[],"_links":{"self":[{"href":"https:\/\/semmelweis.hu\/emk\/wp-json\/wp\/v2\/pages\/21366","targetHints":{"allow":["GET"]}}],"collection":[{"href":"https:\/\/semmelweis.hu\/emk\/wp-json\/wp\/v2\/pages"}],"about":[{"href":"https:\/\/semmelweis.hu\/emk\/wp-json\/wp\/v2\/types\/page"}],"author":[{"embeddable":true,"href":"https:\/\/semmelweis.hu\/emk\/wp-json\/wp\/v2\/users\/101539"}],"replies":[{"embeddable":true,"href":"https:\/\/semmelweis.hu\/emk\/wp-json\/wp\/v2\/comments?post=21366"}],"version-history":[{"count":10,"href":"https:\/\/semmelweis.hu\/emk\/wp-json\/wp\/v2\/pages\/21366\/revisions"}],"predecessor-version":[{"id":24809,"href":"https:\/\/semmelweis.hu\/emk\/wp-json\/wp\/v2\/pages\/21366\/revisions\/24809"}],"wp:attachment":[{"href":"https:\/\/semmelweis.hu\/emk\/wp-json\/wp\/v2\/media?parent=21366"}],"wp:term":[{"taxonomy":"category","embeddable":true,"href":"https:\/\/semmelweis.hu\/emk\/wp-json\/wp\/v2\/categories?post=21366"},{"taxonomy":"post_tag","embeddable":true,"href":"https:\/\/semmelweis.hu\/emk\/wp-json\/wp\/v2\/tags?post=21366"}],"curies":[{"name":"wp","href":"https:\/\/api.w.org\/{rel}","templated":true}]}}