{"id":21223,"date":"2023-11-06T14:25:43","date_gmt":"2023-11-06T13:25:43","guid":{"rendered":"https:\/\/semmelweis.hu\/emk\/?page_id=21223"},"modified":"2024-03-26T12:43:23","modified_gmt":"2024-03-26T11:43:23","slug":"hack4cure-versenyszabalyzat","status":"publish","type":"page","link":"https:\/\/semmelweis.hu\/emk\/hack4cure-versenyszabalyzat\/","title":{"rendered":"Hack4Cure versenyszab\u00e1lyzat &#8211; 2023"},"content":{"rendered":"<h3 style=\"text-align: center\">Hack4Cure &#8211; Adatb\u00f3l Eg\u00e9szs\u00e9g<\/h3>\n<h3 style=\"text-align: center\">2in1 Hackathon<\/h3>\n<h5 style=\"text-align: center\">Versenyszab\u00e1lyzat<\/h5>\n<h3>\u00a0<\/h3>\n<p><strong>Id\u0151pont<\/strong><\/p>\n<p>A <strong>Hack4Cure<\/strong> 2023. november 30-\u00e1n, cs\u00fct\u00f6rt\u00f6k\u00f6n <strong>12:00<\/strong> \u00f3r\u00e1t\u00f3l 2023. december 1-\u00e9n, p\u00e9nteken <strong>15:00<\/strong> \u00f3r\u00e1ig tart. A r\u00e9sztvev\u0151knek a rendezv\u00e9ny indul\u00e1sa el\u0151tt egy \u00f3r\u00e1val sz\u00fcks\u00e9ges a helysz\u00ednen bejelentkezni.<\/p>\n<p><strong>Helysz\u00edn \u00e9s felszerelts\u00e9g<\/strong><\/p>\n<p>A <strong>Hack4Cure<\/strong> helysz\u00edne a Semmelweis Egyetem Eg\u00e9szs\u00e9g\u00fcgyi K\u00f6zszolg\u00e1lati Kar Eg\u00e9szs\u00e9g\u00fcgyi Menedzserk\u00e9pz\u0151 K\u00f6zpontj\u00e1nak (SE EMK) \u00e9p\u00fclete (c\u00edm: 1125 Budapest, K\u00fatv\u00f6lgyi \u00fat 2.). A versenyhelysz\u00edn lehet\u0151s\u00e9get ny\u00fajt a versenyz\u0151k sz\u00e1m\u00e1ra projektszob\u00e1k haszn\u00e1lat\u00e1ra, illetve relax\u00e1ci\u00f3s sarkok \u00e1llnak a verseny k\u00f6zben pihenni v\u00e1gy\u00f3 r\u00e9sztvev\u0151k rendelkez\u00e9s\u00e9re.<\/p>\n<p>A <strong>Hack4Cure rendezv\u00e9nynek <\/strong>otthont ad\u00f3 \u00e9p\u00fclet vezet\u00e9kn\u00e9lk\u00fcli sz\u00e9less\u00e1v\u00fa internettel ell\u00e1tott, a versenyz\u0151k projektort \u00e9s nyomtat\u00f3t vehetnek ig\u00e9nybe a helysz\u00ednen. A verseny sor\u00e1n haszn\u00e1land\u00f3 elektronikus k\u00e9sz\u00fcl\u00e9keket (notebook, okostelefon, tablet, adatgy\u0171jt\u0151 eszk\u00f6z\u00f6k, stb.) a r\u00e9sztvev\u0151k biztos\u00edtj\u00e1k a saj\u00e1t csapatuk sz\u00e1m\u00e1ra.<\/p>\n<p><strong>2in1 hackathon<\/strong><\/p>\n<p>A <strong>Hack4Cure<\/strong> hackathon k\u00e9t p\u00e1rhuzamosan zajl\u00f3 versenyb\u0151l \u00e1ll.<\/p>\n<p>Az 1. sz\u00e1m\u00fa verseny olyan csapatversenyk\u00e9nt funkcion\u00e1l, amely kifejezetten azoknak a versenyz\u0151knek sz\u00f3l, akik m\u00e1r el\u0151zetesen is csapatk\u00e9nt neveztek a versenyre. Ebben a versenyben lehet\u0151s\u00e9ge van a csapatoknak arra, hogy m\u00e1r a verseny kezdete el\u0151tt is k\u00f6z\u00f6sen foglalkozzanak a t\u00e9m\u00e1val, \u00e9s kv\u00e1zi el\u0151k\u00e9sz\u00edts\u00e9k az esetleges megold\u00e1sokat.<\/p>\n<p>A 2. sz\u00e1m\u00fa verseny az egy\u00e9nileg jelentkezett versenyz\u0151knek sz\u00f3l, akik k\u00f6zvetlen\u00fcl a verseny kezdete el\u0151tt ker\u00fclnek csapatbeoszt\u00e1sra, vagy csatlakoznak csapatokhoz. Az egy\u00e9ni r\u00e9sztvev\u0151k lehet\u0151s\u00e9get kapnak arra, hogy a verseny r\u00e9szek\u00e9nt egy\u00fctt \u00f6tleteljenek, majd egy\u00fctt dolgozhassanak a megold\u00e1sokon.<\/p>\n<p><strong>R\u00e9szv\u00e9tel<\/strong><\/p>\n<p>A <strong>Hack4Cure<\/strong> esem\u00e9nyen akt\u00edv hallgat\u00f3i jogviszonnyal rendelkez\u0151 egyetemi hallgat\u00f3k, PhD. hallgat\u00f3k, illetve a verseny id\u0151pontj\u00e1hoz k\u00e9pest 5 \u00e9ven bel\u00fcl fokozatot szerzett fiatal kutat\u00f3k \u00e9s 5 \u00e9ven bel\u00fcl v\u00e9gzett diplom\u00e1sok vehetnek r\u00e9szt. A szervez\u0151k k\u00e9s\u0151bbi d\u00f6nt\u00e9se alapj\u00e1n a versenyre egy\u00e9b jelentkez\u0151k is regisztr\u00e1lhatnak 35 \u00e9ves korig bez\u00e1r\u00f3lag.\u00a0<\/p>\n<p>A jelentkez\u0151k csapatban vagy egy\u00e9nileg regisztr\u00e1lhatnak az erre kialak\u00edtott online fel\u00fcleten: <a href=\"https:\/\/forms.gle\/iTmADc3UcqCtek8W8\"><strong>https:\/\/forms.gle\/iTmADc3UcqCtek8W8<\/strong><\/a><strong>.<\/strong><\/p>\n<p>A regisztr\u00e1ci\u00f3kra 2023. november 28-\u00e1n 17:00-ig van lehet\u0151s\u00e9g. A szervez\u0151k a sikeres jelentkez\u00e9st minden esetben e-mailben igazolj\u00e1k vissza. A regisztr\u00e1lt tagok az SE EMK weboldal\u00e1n l\u00e9trehozott aloldalon (<a href=\"https:\/\/semmelweis.hu\/emk\/hack4cure\/\"><strong>https:\/\/semmelweis.hu\/emk\/hack4cure\/<\/strong><\/a>), illetve egy nekik fenntartott, z\u00e1rt Facebook-csoportban kapnak inform\u00e1ci\u00f3t az aktu\u00e1lis tudnival\u00f3kr\u00f3l, hat\u00e1rid\u0151kr\u0151l.\u00a0 A z\u00e1rt Facebook-csoport el\u00e9rhet\u0151s\u00e9g\u00e9r\u0151l szint\u00e9n a sikeres regisztr\u00e1ci\u00f3 ut\u00e1n \u00e9rtes\u00fclnek a jelentkez\u0151k.<\/p>\n<p>A csapatok maxim\u00e1lis l\u00e9tsz\u00e1ma a k\u00e9t versenyen \u00f6sszesen 20 db.<\/p>\n<p>A csapatban jelentkez\u0151k regisztr\u00e1ci\u00f3ja:<\/p>\n<ul style=\"list-style-type: square\">\n<li>\u00e9rkez\u00e9si sorrendben t\u00f6rt\u00e9nik,<\/li>\n<li>10 regisztr\u00e1lt csapat ut\u00e1n v\u00e1rakoz\u00e1si list\u00e1ra ker\u00fclnek a tov\u00e1bbi jelentkez\u0151 csapatok.<\/li>\n<\/ul>\n<p>Az egy\u00e9ni jelentkez\u0151k regisztr\u00e1ci\u00f3ja:<\/p>\n<ul style=\"list-style-type: square\">\n<li>\u00e9rkez\u00e9si sorrendben t\u00f6rt\u00e9nik,<\/li>\n<li>40 f\u0151 regisztr\u00e1ci\u00f3ja ut\u00e1n v\u00e1rakoz\u00e1si list\u00e1ra ker\u00fclnek a tov\u00e1bbi egy\u00e9ni jelentkez\u0151k.<\/li>\n<\/ul>\n<p><strong>Csapatok \u00f6ssze\u00e1ll\u00edt\u00e1s\u00e1nak r\u00e9szletei<\/strong><\/p>\n<p>A csapatok legal\u00e1bb 3, legfeljebb 4 f\u0151b\u0151l \u00e1llnak.<\/p>\n<p>A csapatok l\u00e9trehoz\u00e1s\u00e1ra k\u00e9t k\u00fcl\u00f6nb\u00f6z\u0151 m\u00f3dszer \u00e1ll rendelkez\u00e9sre a <strong>Hack4Cure<\/strong> hackathon versenyen. Az egyik lehet\u0151s\u00e9g, hogy a r\u00e9sztvev\u0151k el\u0151zetesen megalakult csapatk\u00e9nt jelentkeznek a versenyre. A m\u00e1sik opci\u00f3 az egy\u00e9ni jelentkez\u0151k eset\u00e9n k\u00edn\u00e1lkozik, akik a verseny kezdet\u00e9t megel\u0151z\u0151en ker\u00fclnek beoszt\u00e1sra a k\u00fcl\u00f6nb\u00f6z\u0151 csapatokba.<\/p>\n<p>A k\u00e9t versenyen r\u00e9sztvev\u0151 csapatok maxim\u00e1lis sz\u00e1ma 20 db, versenyenk\u00e9nt 10-10 db. \u00c9rv\u00e9nyes csapatregisztr\u00e1ci\u00f3 akkor t\u00f6rt\u00e9nik, ha legal\u00e1bb 3, maximum 4 regisztr\u00e1lt jelentkez\u0151 k\u00f6z\u00f6s csapatot alkot.\u00a0<\/p>\n<p><strong>Kommunik\u00e1ci\u00f3<\/strong><\/p>\n<p>A versenyr\u0151l k\u00f6z\u00e9rdek\u0171 inform\u00e1ci\u00f3 az SE EMK honlapj\u00e1n, a <strong>Hack4Cure<\/strong> versenyr\u0151l k\u00fcl\u00f6n l\u00e9trehozott aloldalon (<a href=\"https:\/\/semmelweis.hu\/emk\/hack4cure\/\"><strong>https:\/\/semmelweis.hu\/emk\/hack4cure\/<\/strong><\/a>), illetve Facebook-oldal\u00e1n ( <a href=\"https:\/\/www.facebook.com\/hsmtc\">https:\/\/www.facebook.com\/hsmtc<\/a> ) \u00e9rhet\u0151 el.<\/p>\n<p>Az esem\u00e9ny r\u00e9sztvev\u0151ivel val\u00f3 kommunik\u00e1ci\u00f3 \u00e9s kapcsolattart\u00e1s egy z\u00e1rt Facebook-csoportban, a bels\u0151 honlapon, valamint a regisztr\u00e1ci\u00f3 sor\u00e1n megadott e-mail c\u00edmeken kereszt\u00fcl t\u00f6rt\u00e9nik. A bels\u0151 honlap friss\u00edt\u00e9s\u00e9r\u0151l a z\u00e1rt Facebook-csoportban, illetve e-mail \u00fatj\u00e1n is \u00e9rtes\u00edt\u00e9st kapnak a versenyz\u0151k.<\/p>\n<p><strong>Sz\u00fcks\u00e9ges felszerel\u00e9s<\/strong><\/p>\n<p>A versenyz\u0151 csapatok tagjainak a <strong>Hack4Cure<\/strong> alatt haszn\u00e1lni tervezett elektronikus eszk\u00f6z\u00f6ket (notebook, okostelefon, tablet, adatgy\u0171jt\u0151 eszk\u00f6z\u00f6k, stb.), valamint a k\u00e9nyelmesebb pihen\u00e9st szolg\u00e1l\u00f3 szem\u00e9lyes felszerel\u00e9st (p\u00e1rna, h\u00e1l\u00f3zs\u00e1k) javasolt magukkal hozni. A verseny helysz\u00edn\u00e9n van lehet\u0151s\u00e9g az \u00f6tletek valid\u00e1l\u00e1s\u00e1ra egy el\u0151re e c\u00e9lb\u00f3l kialak\u00edtott adathalmazon val\u00f3 tesztel\u00e9s \u00fatj\u00e1n.<\/p>\n<p><strong>Rendelkez\u00e9sre \u00e1ll\u00f3 infrastrukt\u00fara<\/strong><\/p>\n<p>Az E-Group t\u00e1mogat\u00e1s\u00e1ban egy virtu\u00e1lis infrastrukt\u00fara \u00e9rhet\u0151 el a Hackathon versenyz\u0151i sz\u00e1m\u00e1ra, amelyben\u00a0val\u00f3s, anonimiz\u00e1lt \u00e9s szintetikus eg\u00e9szs\u00e9g\u00fcgyi adatok tal\u00e1lhat\u00f3k, \u00e9s ezek elemz\u00e9s\u00e9hez sz\u00fcks\u00e9ges analitikai eszk\u00f6zt\u00e1r \u00e1ll rendelkez\u00e9sre. A rendelkez\u00e9sre \u00e1ll\u00f3 adatok: szintetikus magyar klinikai sz\u00f6veges adatok, val\u00f3s m\u00e9r\u00e9sekb\u0151l sz\u00e1rmaz\u00f3 EKG adatok \u00e9s gazdag ell\u00e1t\u00e1sbeli adatok (Real World Data, RWD). Ez ut\u00f3bbi OMOP Common Data Model-ben reprezent\u00e1lt szintetikus p\u00e1ciens adatokat el\u00e9rhet\u0151ek el. Ezeket a r\u00e9sztvev\u0151k el\u0151re telep\u00edtett Python \u00e9s R fejleszt\u0151i k\u00f6rnyezetek \u00e9s eszk\u00f6z\u00f6k seg\u00edts\u00e9g\u00e9vel elemezhetik, illetve adatb\u00e1zis el\u00e9r\u00e9shez \u00e9s b\u00f6ng\u00e9sz\u00e9shez sz\u00fcks\u00e9ges szoftver komponensek is rendelkez\u00e9s\u00fckre \u00e1llnak. Helyi \u00e9s t\u00e1voli t\u00e1mogat\u00e1st ny\u00fajtunk a r\u00e9sztvev\u0151knek az \u00e1ltalunk ny\u00fajtott eszk\u00f6z\u00f6k \u00e9s adatforr\u00e1sok felhaszn\u00e1l\u00e1s\u00e1hoz.<\/p>\n<p><strong>A verseny menete<\/strong><\/p>\n<ul>\n<li>A <strong>Hack4Cure<\/strong>-on r\u00e9sztvev\u0151 csapatok a verseny kezdete el\u0151tt 15 perccel terepbej\u00e1r\u00e1son vesznek r\u00e9szt, amikor bemutatj\u00e1k a haszn\u00e1lni tervezett felszerel\u00e9seket, megismerhetik \u00e9s kipr\u00f3b\u00e1lhatj\u00e1k a helysz\u00ednen rendelkez\u00e9sre \u00e1ll\u00f3 technikai \u00e9s infrastruktur\u00e1lis felszerel\u00e9seket, eszk\u00f6z\u00f6ket, valamint a csapatmunka \u00e9s a mentori megbesz\u00e9l\u00e9sek sz\u00edntereit.<\/li>\n<li>A verseny kezdetekor a csapatok megkapj\u00e1k a feladatot. A feladat kioszt\u00e1s\u00e1t\u00f3l kezdve 24 \u00f3ra \u00e1ll rendelkez\u00e9sre a feladat kidolgoz\u00e1s\u00e1hoz \u00e9s a szakmai zs\u0171ri el\u0151tt el\u0151adand\u00f3 \u00f6tperces pitch anyag\u00e1nak elk\u00e9sz\u00edt\u00e9s\u00e9hez.<\/li>\n<li>A szabadon el\u00e9rhet\u0151, ny\u00edlt adatb\u00e1zisok haszn\u00e1lata enged\u00e9lyezett (pl. publik\u00e1ci\u00f3s adatb\u00e1zisok \u2013 pl. PubMed, Google Scholar; valamint k\u00f6z\u00f6ss\u00e9gim\u00e9dia-adatok), illetve lehet\u0151s\u00e9g lesz anonimiz\u00e1lt (z\u00e1rt hazai eg\u00e9szs\u00e9g\u00fcgyi adatokat modellez\u0151 mesters\u00e9ges adathalmazok) adatok haszn\u00e1lat\u00e1ra is. Szenzoros adatgy\u0171jt\u00e9sek helysz\u00ednen nyert adatai is bevonhat\u00f3k az elemz\u00e9sekbe. A feladat megold\u00e1s\u00e1hoz felhaszn\u00e1lhat\u00f3, z\u00e1rt adatb\u00e1zisokat tartalmaz\u00f3 fel\u00fclethez val\u00f3 hozz\u00e1f\u00e9r\u00e9st a szervez\u0151k a verseny kezdetekor adj\u00e1k meg a csapatok sz\u00e1m\u00e1ra.<\/li>\n<li>A verseny ideje alatt a <strong>Hack4Cure<\/strong> hackathon szervez\u0151i biztos\u00edtj\u00e1k a mentorok jelenl\u00e9t\u00e9t \u00e9s seg\u00edts\u00e9g\u00e9t a r\u00e9sztvev\u0151 csapatok sz\u00e1m\u00e1ra. A mentorok rendszeresen \u00e9s felv\u00e1ltva \u00e1llnak rendelkez\u00e9sre, hogy t\u00e1mogass\u00e1k \u00e9s seg\u00edts\u00e9k a csapatokat a megold\u00e1sok kidolgoz\u00e1s\u00e1ban. Minden mentorral val\u00f3 konzult\u00e1ci\u00f3ra minden csapatnak k\u00fcl\u00f6n-k\u00fcl\u00f6n egy alkalommal 15 perc \u00e1ll rendelkez\u00e9s\u00e9re, szabad mentori rendelkez\u00e9sre \u00e1ll\u00e1s eset\u00e9n ig\u00e9nybe vehet\u0151 m\u00e1sodik mentori konzult\u00e1ci\u00f3s lehet\u0151s\u00e9g is. A mentorok el\u00e9rhet\u0151s\u00e9ge \u00e9s konzult\u00e1ci\u00f3s id\u0151pontjai megtal\u00e1lhat\u00f3k lesznek a szervez\u0151k \u00e1ltal \u00f6ssze\u00e1ll\u00edtott mentor napt\u00e1rban, melyet online \u00e9s nyomtatott form\u00e1ban egyar\u00e1nt k\u00f6zz\u00e9tesznek a verseny kezdet\u00e9ig. Ezen a napt\u00e1ron kereszt\u00fcl a r\u00e9sztvev\u0151 csapatok megismerhetik \u00e9s le tudj\u00e1k foglalni a k\u00edv\u00e1nt mentorokkal val\u00f3 tal\u00e1lkoz\u00f3kat a verseny ideje alatt.<\/li>\n<li>December 1-\u00e9n, p\u00e9nteken 13:00-t\u00f3l ker\u00fcl sor a versenyeredm\u00e9nyek zs\u0171ri el\u0151tti el\u0151ad\u00e1s\u00e1ra.<\/li>\n<li>A pitchek ut\u00e1n, a zs\u0171ritagok \u00e9s a mentorok szakmai \u00e9rt\u00e9kel\u00e9s\u00e9t k\u00f6vet\u0151en ker\u00fcl sor a pontok \u00f6sszes\u00edt\u00e9s\u00e9re, majd a zs\u0171ri 15 \u00f3rakor kihirdeti a verseny v\u00e9geredm\u00e9ny\u00e9t.<\/li>\n<li>A <strong>Hack4Cure<\/strong> a jutalmazott csapatok tagjai sz\u00e1m\u00e1ra meg\u00edt\u00e9lt d\u00edjak kioszt\u00e1s\u00e1val \u00e9r v\u00e9get.<\/li>\n<\/ul>\n<p><strong>Versenyz\u0151k ell\u00e1t\u00e1sa<\/strong><\/p>\n<p>A <strong>Hack4Cure<\/strong> versenyz\u0151i r\u00e9sz\u00e9re a rendezv\u00e9ny ideje alatt a szervez\u0151k biztos\u00edtanak hideg- \u00e9s meleg \u00e9telt, valamint az italell\u00e1t\u00e1st. A nem budapesti illet\u0151s\u00e9g\u0171 csapatok sz\u00e1m\u00e1ra sz\u00e1ll\u00e1s ig\u00e9nybev\u00e9teli lehet\u0151s\u00e9g korl\u00e1tozott sz\u00e1mban \u00e1ll rendelkez\u00e9sre a Semmelweis Egyetem koll\u00e9giumaiban.<\/p>\n<p><strong>Kiv\u00e1laszt\u00e1s<\/strong><\/p>\n<p>Az \u00e9rt\u00e9kel\u00e9st a szakmai zs\u0171ri tagjai v\u00e9gzik, a mentorok esetleges v\u00e9lem\u00e9ny\u00e9nek figyelembev\u00e9tel\u00e9vel.<\/p>\n<p>A zs\u0171ri az al\u00e1bbi szempontrendszer alapj\u00e1n \u00e9rt\u00e9keli az egyes csapatok teljes\u00edtm\u00e9ny\u00e9t:<\/p>\n<ol>\n<li>Az alkalmazott megold\u00e1s eredetis\u00e9ge, innov\u00e1ci\u00f3 tartalma (1-10 pont, k\u00e9tszeres szorz\u00f3val)<\/li>\n<li>Megval\u00f3s\u00edthat\u00f3s\u00e1gi terv realit\u00e1sa, kidolgozotts\u00e1ga (1-10 pont)<\/li>\n<li>A megold\u00e1s v\u00e1rhat\u00f3 hat\u00e1sa(i) (1-10 pont)<\/li>\n<li>Prezent\u00e1ci\u00f3 (1-10 pont)<\/li>\n<\/ol>\n<p>Az egy csapat teljes\u00edtm\u00e9ny\u00e9re adhat\u00f3 maxim\u00e1lis pontsz\u00e1m a zs\u0171ri tagjai \u00e1ltal adott maxim\u00e1lisan adhat\u00f3 50 pont szumm\u00e1ja.<\/p>\n<p>A zs\u0171ritagok \u00e1ltal meg\u00edt\u00e9lt egy\u00e9ni pontsz\u00e1mokat a verseny v\u00e9g\u00e9n \u00f6sszeadj\u00e1k, a magasabb pontot el\u00e9r\u0151 csapat nyert. Holtverseny eset\u00e9n a zs\u0171ri d\u00f6nt az egyes csapatok helyez\u00e9s\u00e9r\u0151l.\u00a0<\/p>\n<p><strong>D\u00edjaz\u00e1s<\/strong><\/p>\n<p>A Hack4Cure hackathon <strong>2.000.000 Ft \u00f6sszd\u00edjaz\u00e1s\u00fa verseny.<\/strong><\/p>\n<p>A csapatban jelentkez\u0151k d\u00edjaz\u00e1sa:<\/p>\n<p>1. helyezett csapat : 600.000 Ft<\/p>\n<p>2. helyezett csapat: 300.000 Ft<\/p>\n<p>3. helyezett csapat: 100.000 Ft<\/p>\n<p>Az egy\u00e9ni jelentkez\u0151kb\u0151l a helysz\u00ednen \u00f6ssze\u00e1ll\u00edtott csapatok d\u00edjaz\u00e1sa:<\/p>\n<p>1. helyezett csapat: 600.000 Ft<\/p>\n<p>2. helyezett csapat: 300.000 Ft<\/p>\n<p>3. helyezett csapat: 100.000 Ft<\/p>\n<p>A nyerem\u00e9nyt k\u00e9szp\u00e9nzben \u00e9s\/vagy Edenred utalv\u00e1nyban fizetj\u00fck ki.<\/p>\n<p>A legjobban teljes\u00edt\u0151 csapatoknak az <b>EIT Healthcare projekt\u00a0<\/b>keret\u00e9ben lehet\u0151s\u00e9ge ny\u00edlik egy preakceler\u00e1ci\u00f3s k\u00e9pz\u00e9sben val\u00f3 r\u00e9szv\u00e9telre is, mely egy ide\u00e1lis els\u0151 l\u00e9p\u00e9s lehet az\u00a0<b>eg\u00e9szs\u00e9g\u00fcgyi start-up vil\u00e1g ir\u00e1ny\u00e1ba.<\/b><\/p>\n<p>A versenyszab\u00e1lyzat elfogad\u00e1s\u00e1val a versenyz\u0151k elfogadj\u00e1k a <a href=\"https:\/\/semmelweis.hu\/adatvedelem\">Semmelweis Egyetem adatkezel\u00e9si t\u00e1j\u00e9koztat\u00f3j\u00e1ban<\/a> foglaltakat is.<\/p>\n","protected":false},"excerpt":{"rendered":"<p>Hack4Cure &#8211; Adatb\u00f3l Eg\u00e9szs\u00e9g 2in1 Hackathon Versenyszab\u00e1lyzat \u00a0 Id\u0151pont A Hack4Cure 2023. november 30-\u00e1n, cs\u00fct\u00f6rt\u00f6k\u00f6n 12:00 \u00f3r\u00e1t\u00f3l 2023. december 1-\u00e9n, p\u00e9nteken 15:00 \u00f3r\u00e1ig tart. A r\u00e9sztvev\u0151knek a rendezv\u00e9ny indul\u00e1sa el\u0151tt egy \u00f3r\u00e1val sz\u00fcks\u00e9ges a helysz\u00ednen bejelentkezni. Helysz\u00edn \u00e9s felszerelts\u00e9g A Hack4Cure helysz\u00edne a Semmelweis Egyetem Eg\u00e9szs\u00e9g\u00fcgyi K\u00f6zszolg\u00e1lati Kar Eg\u00e9szs\u00e9g\u00fcgyi Menedzserk\u00e9pz\u0151 K\u00f6zpontj\u00e1nak (SE EMK) \u00e9p\u00fclete (c\u00edm: &hellip;<\/p>\n","protected":false},"author":101539,"featured_media":0,"parent":0,"menu_order":0,"comment_status":"closed","ping_status":"closed","template":"","meta":{"_acf_changed":false,"footnotes":""},"categories":[300],"tags":[302,304,288],"class_list":["post-21223","page","type-page","status-publish","hentry","category-hack4cure2023","tag-hack4cure","tag-hack4cure2023","tag-hackaton-hu"],"acf":[],"_links":{"self":[{"href":"https:\/\/semmelweis.hu\/emk\/wp-json\/wp\/v2\/pages\/21223","targetHints":{"allow":["GET"]}}],"collection":[{"href":"https:\/\/semmelweis.hu\/emk\/wp-json\/wp\/v2\/pages"}],"about":[{"href":"https:\/\/semmelweis.hu\/emk\/wp-json\/wp\/v2\/types\/page"}],"author":[{"embeddable":true,"href":"https:\/\/semmelweis.hu\/emk\/wp-json\/wp\/v2\/users\/101539"}],"replies":[{"embeddable":true,"href":"https:\/\/semmelweis.hu\/emk\/wp-json\/wp\/v2\/comments?post=21223"}],"version-history":[{"count":10,"href":"https:\/\/semmelweis.hu\/emk\/wp-json\/wp\/v2\/pages\/21223\/revisions"}],"predecessor-version":[{"id":21935,"href":"https:\/\/semmelweis.hu\/emk\/wp-json\/wp\/v2\/pages\/21223\/revisions\/21935"}],"wp:attachment":[{"href":"https:\/\/semmelweis.hu\/emk\/wp-json\/wp\/v2\/media?parent=21223"}],"wp:term":[{"taxonomy":"category","embeddable":true,"href":"https:\/\/semmelweis.hu\/emk\/wp-json\/wp\/v2\/categories?post=21223"},{"taxonomy":"post_tag","embeddable":true,"href":"https:\/\/semmelweis.hu\/emk\/wp-json\/wp\/v2\/tags?post=21223"}],"curies":[{"name":"wp","href":"https:\/\/api.w.org\/{rel}","templated":true}]}}