{"id":20679,"date":"2023-04-14T14:00:07","date_gmt":"2023-04-14T12:00:07","guid":{"rendered":"https:\/\/semmelweis.hu\/emk\/?page_id=20679"},"modified":"2026-02-06T12:42:02","modified_gmt":"2026-02-06T11:42:02","slug":"dohanyzasmentes-magyarorszagert","status":"publish","type":"page","link":"https:\/\/semmelweis.hu\/emk\/szakertoi-tevekenyseg-projektek\/futo-projektek\/dohanyzasmentes-magyarorszagert\/","title":{"rendered":"Doh\u00e1nyz\u00e1smentes Magyarorsz\u00e1g\u00e9rt"},"content":{"rendered":"<h2 style=\"text-align: justify\">Doh\u00e1nymentes Eur\u00f3p\u00e1\u00e9rt polg\u00e1ri kezdem\u00e9nyez\u00e9s<\/h2>\n<p style=\"text-align: justify\"><b>EUR\u00d3PAI POLG\u00c1RI KEZDEM\u00c9NYEZ\u00c9S A DOH\u00c1NYMENTES K\u00d6RNYEZET \u00c9S AZ ELS\u0150 EUR\u00d3PAI DOH\u00c1NYMENTES GENER\u00c1CI\u00d3 EL\u00c9R\u00c9S\u00c9RE 2030-RA<\/b><\/p>\n<p style=\"text-align: justify\"><span style=\"font-weight: 400\">A doh\u00e1nyz\u00e1s vil\u00e1gszerte a legink\u00e1bb <\/span><b>megel\u0151zhet\u0151 hal\u00e1lok<\/b><span style=\"font-weight: 400\">nak sz\u00e1m\u00edt. Magyarorsz\u00e1gon a hal\u00e1loz\u00e1sok 20%-\u00e9rt az <\/span><b>akt\u00edv vagy passz\u00edv doh\u00e1nyz\u00e1s<\/b><span style=\"font-weight: 400\"> a felel\u0151s. Az eg\u00e9szs\u00e9ges \u00e9let\u00e9vek elveszt\u00e9s\u00e9nek \u00e9s a korai hal\u00e1loz\u00e1snak haz\u00e1nkban a doh\u00e1nyz\u00e1s a legjelent\u0151sebb kock\u00e1zati t\u00e9nyez\u0151je. A doh\u00e1nyz\u00f3k t\u00falnyom\u00f3 t\u00f6bbs\u00e9ge m\u00e1r serd\u00fcl\u0151kor\u00e1ban a nikotin rabj\u00e1v\u00e1 v\u00e1lik, ez\u00e9rt kiemelt jelent\u0151s\u00e9g\u0171, hogy az \u00faj, fiatal gener\u00e1ci\u00f3kat meg\u00f3vjuk a doh\u00e1ny- \u00e9s nikotinf\u00fcgg\u0151s\u00e9gt\u0151l.<\/span><\/p>\n<p style=\"text-align: justify\"><span style=\"font-weight: 400\">A doh\u00e1nyz\u00e1s nemcsak az <\/span><b>eg\u00e9szs\u00e9gre<\/b><span style=\"font-weight: 400\">, de a <\/span><b>k\u00f6rnyezetre is s\u00falyosan \u00e1rtalmas<\/b><span style=\"font-weight: 400\">. A csikkek az egyik leggyakoribb <\/span><b>hullad\u00e9k<\/b><span style=\"font-weight: 400\">t\u00edpusnak sz\u00e1m\u00edtanak a F\u00f6ld\u00f6n. A csikkek \u00e9s elektronikus doh\u00e1ny\/nikotin-hev\u00edt\u0151 eszk\u00f6z\u00f6k rengeteg<\/span><b> m\u00e9rgez\u0151<\/b><span style=\"font-weight: 400\"> vegy\u00fcletet (pl. nikotin, neh\u00e9zf\u00e9mek, m\u0171anyagok) tartalmaznak, amelyek a talajt, leveg\u0151t, vizeket, a n\u00f6v\u00e9ny- \u00e9s \u00e1llatvil\u00e1got egyar\u00e1nt k\u00e1ros\u00edtj\u00e1k. A cigarett\u00e1kban \u00e9s hev\u00edt\u0151rudakban l\u00e9v\u0151 <\/span><b>filterek m\u0171anyagok<\/b><span style=\"font-weight: 400\">, csak hossz\u00fa \u00e9vek alatt bomlanak le mikrom\u0171anyagokra, amelyek els\u0151sorban a vizeket \u00e9s v\u00edzi \u00e9l\u0151vil\u00e1got szennyezik, k\u00f6zvetve pedig az embereket is.<\/span><\/p>\n<div class=\"fontos_div w-100\" style=\"text-align: justify\">\n<p style=\"text-align: justify\"><strong>Ennek a Kezdem\u00e9nyez\u00e9snek a t\u00e1mogat\u00e1s\u00e1val Te is akt\u00edvan hozz\u00e1j\u00e1rulhatsz a n\u00e9pess\u00e9g eg\u00e9szs\u00e9g\u00e9nek meg\u0151rz\u00e9s\u00e9hez, a k\u00f6rnyezet k\u00edm\u00e9l\u00e9s\u00e9hez \u00e9s egy eg\u00e9szs\u00e9gesebb Eur\u00f3p\u00e1hoz. A t\u00e1mogat\u00f3 nyilatkozat kit\u00f6lt\u00e9s\u00e9vel jogszab\u00e1ly-m\u00f3dos\u00edt\u00e1sokat kezdem\u00e9nyezhetsz a saj\u00e1t, a szeretteid \u00e9s a k\u00f6vetkez\u0151 gener\u00e1ci\u00f3k eg\u00e9szs\u00e9ge \u00e9rdek\u00e9ben.<\/strong><\/p>\n<\/div>\n<p style=\"text-align: justify\"><span style=\"font-weight: 400\">\u00a0<\/span><b>Nyilatkozatoddal t\u00e1mogathatod\u2026<\/b><\/p>\n<ol style=\"text-align: justify\">\n<li style=\"font-weight: 400\"><span style=\"font-weight: 400\">\u2026az els\u0151 <strong>doh\u00e1nymentes eur\u00f3pai gener\u00e1ci\u00f3<\/strong> c\u00e9lkit\u0171z\u00e9s\u00e9nek el\u00e9r\u00e9s\u00e9t, v\u00e9get vetve a doh\u00e1ny- \u00e9s nikotinterm\u00e9kek \u00e9rt\u00e9kes\u00edt\u00e9s\u00e9nek a 2010-ben \u00e9s azut\u00e1n sz\u00fcletett polg\u00e1rok sz\u00e1m\u00e1ra.<\/span><\/li>\n<li><span style=\"font-weight: 400\">\u2026a <strong>doh\u00e1ny- \u00e9s csikkmentes tenger- \u00e9s v\u00edzpartok<\/strong> eur\u00f3pai h\u00e1l\u00f3zat\u00e1nak l\u00e9trej\u00f6tt\u00e9t.<\/span><\/li>\n<li style=\"font-weight: 400\"><span style=\"font-weight: 400\">\u2026a <strong>doh\u00e1ny- \u00e9s csikkmentes nemzeti parkok<\/strong> eur\u00f3pai h\u00e1l\u00f3zat\u00e1nak kialak\u00edt\u00e1s\u00e1t, \u00edgy eg\u00e9szs\u00e9gesebb\u00e9 t\u00e9ve azokat, valamint cs\u00f6kkentve a szennyez\u00e9st \u00e9s a t\u00fczek kock\u00e1zat\u00e1t.\u00a0<\/span><\/li>\n<li style=\"font-weight: 400\"><span style=\"font-weight: 400\">\u2026a <strong>szabadt\u00e9ri doh\u00e1nyf\u00fcst- \u00e9s e-cigaretta-mentes helyek kiterjeszt\u00e9s\u00e9t<\/strong>, k\u00fcl\u00f6n\u00f6s tekintettel olyan ter\u00fcletekre, amelyeket kiskor\u00faak is l\u00e1togatnak (parkok, uszod\u00e1k, sportesem\u00e9nyek \u00e9s m\u00e1s rendezv\u00e9nyek, sport- \u00e9s kultur\u00e1lis l\u00e9tes\u00edtm\u00e9nyek, valamint az \u00e9ttermek teraszai).<\/span><\/li>\n<li style=\"font-weight: 400\"><span style=\"font-weight: 400\">\u2026, hogy <strong>megsz\u0171nj\u00f6n a doh\u00e1nyterm\u00e9kek<\/strong> rekl\u00e1moz\u00e1sa \u00e9s megjelen\u00edt\u00e9se az audiovizu\u00e1lis m\u0171sorokban \u00e9s a k\u00f6z\u00f6ss\u00e9gi m\u00e9di\u00e1ban, k\u00fcl\u00f6n\u00f6s tekintettel a v\u00e9lem\u00e9nyvez\u00e9rek (influenszerek) \u00e9s a term\u00e9kmegjelen\u00edt\u00e9s r\u00e9v\u00e9n t\u00f6rt\u00e9n\u0151 <strong>burkolt rekl\u00e1m<\/strong>ra.<\/span><\/li>\n<li style=\"font-weight: 400\"><span style=\"font-weight: 400\">\u2026 a doh\u00e1nyz\u00e1s \u00e1ltal okozott megbeteged\u00e9sekre ir\u00e1nyul\u00f3 <strong>kutat\u00e1s-fejleszt\u00e9si (&#8222;K+F&#8221;) projektek<\/strong> finansz\u00edroz\u00e1si h\u00e1tter\u00e9nek b\u0151v\u00edt\u00e9s\u00e9t.<\/span><\/li>\n<\/ol>\n<p style=\"text-align: justify\"><strong><a href=\"https:\/\/tfe.ensp.network\/\" target=\"_blank\" rel=\"noopener\">B\u0151vebben a kezdem\u00e9nyez\u00e9sr\u0151l<\/a>.<\/strong><\/p>\n<p style=\"text-align: justify\"><a class=\"button\" href=\"https:\/\/eci.ec.europa.eu\/029\/public\/#\/screen\/home\" target=\"_blank\" rel=\"noopener\">AL\u00c1\u00cdROM A NYILATKOZATOT<\/a><\/p>\n<hr \/>\n<h2 style=\"text-align: justify\">T\u00e1mogat\u00f3ink<\/h2>\n<p style=\"text-align: justify\"><a href=\"https:\/\/memt.hu\/\" target=\"_blank\" rel=\"noopener\">Magyar Eg\u00e9szs\u00e9g\u00fcgyi Menedzsment T\u00e1rsas\u00e1g <\/a><img loading=\"lazy\" decoding=\"async\" class=\"alignnone wp-image-20935\" src=\"https:\/\/semmelweis.hu\/emk\/files\/2023\/06\/MEMT_magyar_logo-400x400.jpg\" alt=\"\" width=\"200\" height=\"200\" srcset=\"https:\/\/semmelweis.hu\/emk\/files\/2023\/06\/MEMT_magyar_logo-400x400.jpg 400w, https:\/\/semmelweis.hu\/emk\/files\/2023\/06\/MEMT_magyar_logo-150x150.jpg 150w, https:\/\/semmelweis.hu\/emk\/files\/2023\/06\/MEMT_magyar_logo.jpg 720w\" sizes=\"auto, (max-width: 200px) 100vw, 200px\" \/><\/p>\n<p style=\"text-align: justify\">\u00a0<a href=\"https:\/\/semmelweis.hu\/boe\/\" target=\"_blank\" rel=\"noopener\">Budapesti Orvostanhallgat\u00f3k Egyes\u00fclete<\/a><a href=\"https:\/\/semmelweis.hu\/boe\/\" target=\"_blank\" rel=\"noopener\"><img loading=\"lazy\" decoding=\"async\" class=\"wp-image-26756 alignnone\" src=\"https:\/\/semmelweis.hu\/emk\/files\/2026\/02\/BOE-1024x512-1.png\" alt=\"BOE\" width=\"292\" height=\"146\" srcset=\"https:\/\/semmelweis.hu\/emk\/files\/2026\/02\/BOE-1024x512-1.png 1024w, https:\/\/semmelweis.hu\/emk\/files\/2026\/02\/BOE-1024x512-1-400x200.png 400w, https:\/\/semmelweis.hu\/emk\/files\/2026\/02\/BOE-1024x512-1-768x384.png 768w, https:\/\/semmelweis.hu\/emk\/files\/2026\/02\/BOE-1024x512-1-753x377.png 753w\" sizes=\"auto, (max-width: 292px) 100vw, 292px\" \/><\/a><\/p>\n<p style=\"text-align: justify\"><a href=\"https:\/\/www.koranyi.hu\/\" target=\"_blank\" rel=\"noopener\">Orsz\u00e1gos Kor\u00e1nyi Pulmonol\u00f3giai Int\u00e9zet<\/a> <img loading=\"lazy\" decoding=\"async\" class=\"alignnone wp-image-20934\" src=\"https:\/\/semmelweis.hu\/emk\/files\/2023\/06\/OKPI_logo-395x400.png\" alt=\"\" width=\"187\" height=\"190\" srcset=\"https:\/\/semmelweis.hu\/emk\/files\/2023\/06\/OKPI_logo-395x400.png 395w, https:\/\/semmelweis.hu\/emk\/files\/2023\/06\/OKPI_logo.png 664w\" sizes=\"auto, (max-width: 187px) 100vw, 187px\" \/><\/p>\n<p style=\"text-align: justify\"><a href=\"https:\/\/www.nnk.gov.hu\/\" target=\"_blank\" rel=\"noopener\">Nemzeti N\u00e9peg\u00e9szs\u00e9g\u00fcgyi K\u00f6zpont<\/a> <a href=\"https:\/\/semmelweis.hu\/emk\/files\/2023\/06\/NNK-logo-felirattal-scaled.jpg\"><img loading=\"lazy\" decoding=\"async\" class=\"wp-image-20933 alignnone\" src=\"https:\/\/semmelweis.hu\/emk\/files\/2023\/06\/NNK-logo-felirattal-400x107.jpg\" alt=\"\" width=\"336\" height=\"90\" srcset=\"https:\/\/semmelweis.hu\/emk\/files\/2023\/06\/NNK-logo-felirattal-400x107.jpg 400w, https:\/\/semmelweis.hu\/emk\/files\/2023\/06\/NNK-logo-felirattal-1024x274.jpg 1024w, https:\/\/semmelweis.hu\/emk\/files\/2023\/06\/NNK-logo-felirattal-768x205.jpg 768w, https:\/\/semmelweis.hu\/emk\/files\/2023\/06\/NNK-logo-felirattal-1536x411.jpg 1536w, https:\/\/semmelweis.hu\/emk\/files\/2023\/06\/NNK-logo-felirattal-2048x548.jpg 2048w, https:\/\/semmelweis.hu\/emk\/files\/2023\/06\/NNK-logo-felirattal-753x201.jpg 753w\" sizes=\"auto, (max-width: 336px) 100vw, 336px\" \/><\/a><\/p>\n<p style=\"text-align: justify\"><a href=\"https:\/\/ojs.mtak.hu\/index.php\/MEJ\" target=\"_blank\" rel=\"noopener\">Multidiszciplin\u00e1ris Eg\u00e9szs\u00e9g \u00e9s J\u00f3ll\u00e9t foly\u00f3irat<\/a> <img loading=\"lazy\" decoding=\"async\" class=\"alignnone wp-image-20932\" src=\"https:\/\/semmelweis.hu\/emk\/files\/2023\/06\/MEJ_logo-400x244.png\" alt=\"\" width=\"213\" height=\"130\" srcset=\"https:\/\/semmelweis.hu\/emk\/files\/2023\/06\/MEJ_logo-400x244.png 400w, https:\/\/semmelweis.hu\/emk\/files\/2023\/06\/MEJ_logo-768x468.png 768w, https:\/\/semmelweis.hu\/emk\/files\/2023\/06\/MEJ_logo-753x459.png 753w, https:\/\/semmelweis.hu\/emk\/files\/2023\/06\/MEJ_logo-620x380.png 620w, https:\/\/semmelweis.hu\/emk\/files\/2023\/06\/MEJ_logo.png 1000w\" sizes=\"auto, (max-width: 213px) 100vw, 213px\" \/><\/p>\n<hr \/>\n<h2 style=\"text-align: justify\">Szakmai anyagok<\/h2>\n<p style=\"text-align: justify\"><strong>Melyik doh\u00e1ny-\/nikotinos term\u00e9ket gondolj\u00e1k \u00e1rtalmasabbnak a hev\u00edtett doh\u00e1nyterm\u00e9ket haszn\u00e1l\u00f3k haz\u00e1nkban? &#8211; Torz k\u00e9p alakult ki a haszn\u00e1l\u00f3k k\u00f6r\u00e9ben<\/strong><\/p>\n<p style=\"text-align: justify\">Az ELTE PPK Pszichol\u00f3giai Int\u00e9zet \u00e9s a Semmelweis Egyetem k\u00f6z\u00f6s szervez\u00e9sben a hev\u00edtett doh\u00e1nyterm\u00e9ket haszn\u00e1l\u00f3k k\u00f6r\u00e9ben ind\u00edtott kutat\u00e1st 2020-ban. A kutat\u00e1s r\u00e9szben azzal a c\u00e9llal indult, hogy felt\u00e1rja a hev\u00edtett doh\u00e1nyterm\u00e9ket (HDT) valaha vagy aktu\u00e1lisan haszn\u00e1l\u00f3k gondolatait a hev\u00edtett doh\u00e1nyterm\u00e9kek, az e-cigaretta \u00e9s a leszok\u00e1st\u00e1mogat\u00f3 nikotinp\u00f3tl\u00f3 gy\u00f3gyszerek relat\u00edv \u00e1rtalmair\u00f3l a hagyom\u00e1nyos cigarett\u00e1hoz k\u00e9pest. A kutat\u00f3csoport szerint az eredm\u00e9nyek alapj\u00e1n b\u0151ven van teend\u0151, f\u0151k\u00e9nt\u00a0 a felvil\u00e1gos\u00edt\u00e1s ter\u00e9n.<\/p>\n<p style=\"text-align: justify\"><span style=\"font-weight: 400\">A kutat\u00e1s el\u0151tt korl\u00e1tozott ismeretek \u00e1lltak rendelkez\u00e9sre arr\u00f3l, hogy a hev\u00edtett doh\u00e1nyterm\u00e9keket fogyaszt\u00f3k mit gondolnak a k\u00fcl\u00f6nf\u00e9le nikotintartalm\u00fa term\u00e9kek relat\u00edv \u00e1rtalm\u00e1r\u00f3l. Az eddigi tudom\u00e1nyos bizony\u00edt\u00e9kok a m\u00e9rgez\u0151 vegy\u00fcletek mennyis\u00e9ge \u00e9s a k\u00fcl\u00f6nb\u00f6z\u0151 doh\u00e1ny- \u00e9s nikotinos term\u00e9kek nikotin-k\u00f6zvet\u00edt\u00e9se alapj\u00e1n a <\/span><b>hagyom\u00e1nyos, \u00e9ghet\u0151 cigarett\u00e1t tartj\u00e1k a legvesz\u00e9lyesebb<\/b><span style=\"font-weight: 400\">nek, m\u00edg a <\/span><b>nikotinp\u00f3tl\u00f3 gy\u00f3gyszereket a legkev\u00e9sb\u00e9 kock\u00e1zatosnak az eg\u00e9szs\u00e9gre<\/b><span style=\"font-weight: 400\">. K\u00f6ztudott, hogy a nikotin f\u00fcgg\u0151s\u00e9get okoz, m\u00e9rgez\u0151 \u00e9s kock\u00e1zatot jelent az eg\u00e9szs\u00e9gre. \u00c1m a gy\u00f3gyszernek min\u0151s\u00fcl\u0151 \u200b\u200bnikotinos term\u00e9kek fogyaszt\u00e1sa sor\u00e1n felmer\u00fcl\u0151 eg\u00e9szs\u00e9gk\u00e1rosod\u00e1s kock\u00e1zata sokkal kisebb, mint a hagyom\u00e1nyos doh\u00e1nyterm\u00e9kek eset\u00e9ben, \u00e9s alacsonyabb, mint a hev\u00edtett doh\u00e1ny- \u00e9s nikotinos term\u00e9kek haszn\u00e1lata sor\u00e1n.<\/span><\/p>\n<p style=\"text-align: justify\"><span style=\"font-weight: 400\">A kutat\u00e1s k\u00e9rd\u00e9seire v\u00e1laszol\u00f3 1423 r\u00e9sztvev\u0151 81%-a akt\u00edv HDT-haszn\u00e1l\u00f3 volt, k\u00f6z\u00fcl\u00fck 78% kiz\u00e1r\u00f3lag HDT-t haszn\u00e1lt. <br \/>\nA <\/span><b>hagyom\u00e1nyos doh\u00e1nyterm\u00e9kekhez k\u00e9pest<\/b><span style=\"font-weight: 400\"> a r\u00e9sztvev\u0151k jelent\u0151s r\u00e9sze, <\/span><b>86%-uk v\u00e9lte \u00fagy, hogy a HDT kev\u00e9sb\u00e9 k\u00e1ros, ezt k\u00f6vett\u00e9k a nikotinp\u00f3tl\u00f3 gy\u00f3gyszerek (80%), majd az e-cigaretta (45%)<\/b><span style=\"font-weight: 400\">. A magyar HDT-haszn\u00e1l\u00f3knak er\u0151sen torz v\u00e9leked\u00e9s\u00fck van a HDT-k, az e-cigaretta \u00e9s a nikotinp\u00f3tl\u00f3 gy\u00f3gyszerek \u00e1rtalmass\u00e1g\u00e1r\u00f3l a hagyom\u00e1nyos cigarett\u00e1hoz k\u00e9pest. A HDT haszn\u00e1l\u00f3k a hagyom\u00e1nyos cigarett\u00e1val \u00f6sszevetve k\u00f6zel hasonl\u00f3 ar\u00e1nyban tekintett\u00e9k kev\u00e9sb\u00e9 \u00e1rtalmasnak a HDT-ket \u00e9s a nikotinp\u00f3tl\u00f3 gy\u00f3gyszereket, m\u00edg sokkal kevesebben gondolt\u00e1k ugyanezt az e-cigarett\u00e1kr\u00f3l. R\u00e1ad\u00e1sul a v\u00e1laszad\u00f3k <\/span><b>20%-a t\u00e9vesen \u00fagy gondolta, hogy a nikotinp\u00f3tl\u00f3 gy\u00f3gyszerek ugyanannyira, vagy sokkal \u00e1rtalmasabbak, mint a hagyom\u00e1nyos cigaretta<\/b><span style=\"font-weight: 400\">, az e-cigarett\u00e1r\u00f3l pedig t\u00f6bb mint 50%-uk v\u00e9lte ugyanezt.\u00a0<\/span><\/p>\n<p style=\"text-align: justify\"><span style=\"font-weight: 400\">A tanulm\u00e1ny eredm\u00e9nyei r\u00e1vil\u00e1g\u00edtanak arra, hogy a hazai HDT haszn\u00e1l\u00f3kat is meggy\u0151zt\u00e9k a doh\u00e1nyipar j\u00f3l struktur\u00e1lt \u00e9s c\u00e9lzott, \u201c\u00e1rtalomcs\u00f6kkent\u00e9st\u201d hangs\u00falyoz\u00f3 marketingstrat\u00e9gi\u00e1i, annak ellen\u00e9re, hogy a <\/span><b>HDT-k \u00e1rtalomcs\u00f6kkent\u0151 hat\u00e1sa<\/b><span style=\"font-weight: 400\"> jelenleg tudom\u00e1nyos \u00e9s f\u00fcggetlen eredm\u00e9nyekkel <\/span><b>nem al\u00e1t\u00e1masztott<\/b><span style=\"font-weight: 400\">. A doh\u00e1nyz\u00f3k sz\u00e1m\u00e1ra <\/span><b>bizony\u00edtottan hat\u00e9kony leszok\u00e1st\u00e1mogat\u00f3 m\u00f3dszerek<\/b><span style=\"font-weight: 400\"> ir\u00e1ny\u00e1ban kev\u00e9ss\u00e9 elk\u00f6telezett k\u00f6rnyezetben \u00e9s a nikotinos term\u00e9kek kock\u00e1zatair\u00f3l sz\u00f3l\u00f3 kiegyens\u00falyozatlan inform\u00e1ci\u00f3k mellett nem meglep\u0151, hogy az <\/span><b>eg\u00e9szs\u00e9gtudatosan gondolkod\u00f3 doh\u00e1nyz\u00f3k<\/b><span style=\"font-weight: 400\"> a doh\u00e1nyipar \u00e1ltal rendszeresen k\u00f6zvet\u00edtett \u00e1rtalomcs\u00f6kkent\u0151 \u00fczenetek hat\u00e1s\u00e1ra \u00e1tv\u00e1ltanak a cigarett\u00e1r\u00f3l a kev\u00e9sb\u00e9 \u00e1rtalmasnak v\u00e9lt HDT haszn\u00e1latra.<\/span><\/p>\n<p style=\"text-align: justify\"><span style=\"font-weight: 400\">A kutat\u00f3csoport legfontosabb \u00fczenete, hogy s\u00fcrg\u0151sen sz\u00fcks\u00e9g lenne a lakoss\u00e1g <\/span><b>felvil\u00e1gos\u00edt\u00e1s<\/b><span style=\"font-weight: 400\">\u00e1ra a k\u00fcl\u00f6nb\u00f6z\u0151 doh\u00e1ny- \u00e9s nikotinos term\u00e9kek relat\u00edv \u00e1rtalmair\u00f3l annak \u00e9rdek\u00e9ben, hogy mindenki val\u00f3s, hiteles,<\/span><b> gazdas\u00e1gi c\u00e9lokt\u00f3l mentes inform\u00e1ci\u00f3k<\/b><span style=\"font-weight: 400\">hoz juthasson, \u00e9s ezek alapj\u00e1n hozhasson d\u00f6nt\u00e9st ebben az eg\u00e9szs\u00e9g\u00e9t jelent\u0151sen befoly\u00e1sol\u00f3 k\u00e9rd\u00e9sben.<\/span><\/p>\n<p style=\"text-align: justify\"><span style=\"font-weight: 400\">A kutat\u00e1s eredm\u00e9nyeit teljes k\u00f6r\u0171en bemutat\u00f3 tanulm\u00e1ny <\/span><a href=\"https:\/\/www.sciencedirect.com\/science\/article\/pii\/S235285322200027X?via%3Dihub\" target=\"_blank\" rel=\"noopener\"><span style=\"font-weight: 400\">itt<\/span><\/a><span style=\"font-weight: 400\"> olvashat\u00f3.<\/span><\/p>\n<hr \/>\n<h2 style=\"text-align: justify\">Sajt\u00f3anyagok<\/h2>\n<h3 style=\"text-align: justify\">2020<\/h3>\n<p style=\"text-align: justify\"><a href=\"https:\/\/www.portfolio.hu\/gazdasag\/20200612\/riasztoak-a-magyar-cigis-trendek-es-kozben-ertekes-tizmilliardokat-hagyhat-az-allam-a-dohanyiparnal-436678\" target=\"_blank\" rel=\"noopener\">Riaszt\u00f3ak a magyar cigis trendek, \u00e9s k\u00f6zben \u00e9rt\u00e9kes t\u00edzmilli\u00e1rdokat hagyhat az \u00e1llam a doh\u00e1nyiparn\u00e1l<\/a><\/p>\n<p style=\"text-align: justify\"><a href=\"https:\/\/www.napi.hu\/magyar-gazdasag\/dohanyzas-betegseg-halal-hevitett-dohanytermek.707945.html\" target=\"_blank\" rel=\"noopener\">Ez okozza \u00e9vente egy kisv\u00e1rosnyi magyar hal\u00e1l\u00e1t<\/a><\/p>\n<p style=\"text-align: justify\"><a href=\"https:\/\/index.hu\/gazdasag\/2020\/11\/16\/dohanyzas-koltsegvetes\/\" target=\"_blank\" rel=\"noopener\">Be k\u00e9ne tiltani, de bajban lenne a k\u00f6lts\u00e9gvet\u00e9s a doh\u00e1nyosok n\u00e9lk\u00fcl<\/a><\/p>\n<p style=\"text-align: justify\"><a href=\"https:\/\/novekedes.hu\/hirek\/havonta-30-szazalekkal-no-az-e-cigik-forgalma\" target=\"_blank\" rel=\"noopener\">Havonta 30 sz\u00e1zal\u00e9kkal n\u0151 az e-cigik forgalma<\/a><\/p>\n<h3 style=\"text-align: justify\">2022<\/h3>\n<p style=\"text-align: justify\"><a href=\"https:\/\/webcache.googleusercontent.com\/search?q=cache%3AFZ8rQxSG8Y4J%3Ahttps%3A%2F%2Fwww.portfolio.hu%2Fgazdasag%2F20220921%2Fmagyarorszag-sem-menekulhet-a-szemunk-lattara-alakul-at-itthon-is-a-cigik-piaca-563559&amp;cd=3&amp;hl=en&amp;ct=clnk&amp;gl=hu&amp;fbclid=IwAR0Vy2VKe127Qn7O8JCAe1hgdvXa4K1Ed67apwVO3OtrYjHGpHtkL0gjFnU\" target=\"_blank\" rel=\"noopener\">Magyarorsz\u00e1g sem menek\u00fclhet: a szem\u00fcnk l\u00e1tt\u00e1ra alakul \u00e1t itthon is a cigik piaca<\/a><\/p>\n<p style=\"text-align: justify\"><a href=\"https:\/\/mandiner.hu\/cikk\/20220708_elf_bar_joo_tamas\" target=\"_blank\" rel=\"noopener\">A hev\u00edtett doh\u00e1nyterm\u00e9kek sors\u00e1ra jut az Elf Bar?<\/a><\/p>\n<p style=\"text-align: justify\"><a href=\"https:\/\/nepszava.hu\/3178776_dohanyzas-nikotin-dohanytermekek-adozas-gyartok\" target=\"_blank\" rel=\"noopener\">Hi\u00e1ba pr\u00f3b\u00e1lj\u00e1k visszaszor\u00edtani a doh\u00e1nyz\u00e1st, ha a gy\u00e1rt\u00f3k mindig \u00faj nikotinos eszk\u00f6z\u00f6ket k\u00edn\u00e1lnak<\/a><\/p>\n<hr \/>\n<h2 style=\"text-align: justify\">Let\u00f6lthet\u0151 anyagok<\/h2>\n<h3 style=\"text-align: justify\">Nyomdai anyagok v\u00e1g\u00f3\u00e9llel<\/h3>\n<p style=\"text-align: justify\"><a href=\"https:\/\/semmelweis.hu\/emk\/files\/2023\/05\/TFE_Plakat_QR-kodos_Nyomtathato_PRINT_READY.pdf\" target=\"_blank\" rel=\"noopener\">Tobbacco Free Europe (TFE) QR k\u00f3d<\/a><\/p>\n<p style=\"text-align: justify\"><a href=\"https:\/\/semmelweis.hu\/emk\/files\/2023\/05\/TFE_Plakat_Infografika_Nyomtathato_PRINT_READY.pdf\" target=\"_blank\" rel=\"noopener\">Tobbacco Free Europe (TFE) infografika<\/a><\/p>\n<p style=\"text-align: justify\"><a href=\"https:\/\/semmelweis.hu\/emk\/files\/2023\/05\/TFE_Konyvjelzo_Nyomtathato_PRINT_READY.pdf\" target=\"_blank\" rel=\"noopener\">Tobbacco Free Europe (TFE) k\u00f6nyvjelz\u0151<\/a><\/p>\n<h3 style=\"text-align: justify\">Nyomtathat\u00f3 digit\u00e1lis anyagok<\/h3>\n<p style=\"text-align: justify\"><a href=\"https:\/\/semmelweis.hu\/emk\/files\/2023\/05\/TFE_Plakat_QR-kodos_DIGITAL.pdf\" target=\"_blank\" rel=\"noopener\">Tobbacco Free Europe (TFE) QR k\u00f3d<\/a><\/p>\n<p style=\"text-align: justify\"><a href=\"https:\/\/semmelweis.hu\/emk\/files\/2023\/05\/TFE_Plakat_Infografika_DIGITAL.pdf\" target=\"_blank\" rel=\"noopener\">Tobbacco Free Europe (TFE) infografika<\/a><\/p>\n<p style=\"text-align: justify\"><a href=\"https:\/\/semmelweis.hu\/emk\/files\/2023\/05\/TFE_Konyvjelzo_DIGITAL.pdf\" target=\"_blank\" rel=\"noopener\">Tobbacco Free Europe (TFE) k\u00f6nyvjelz\u0151<\/a><\/p>\n<h3 style=\"text-align: justify\">K\u00f6z\u00f6ss\u00e9gi m\u00e9di\u00e1ban haszn\u00e1lhat\u00f3 infografika<\/h3>\n<p style=\"text-align: justify\"><a href=\"https:\/\/semmelweis.hu\/emk\/files\/2023\/05\/TFE_SMT_Infografika-2.jpg\" target=\"_blank\" rel=\"noopener\">Tobbacco Free Europe (TFE) infografika (jpg)<\/a><\/p>\n<h3 style=\"text-align: justify\">Sz\u00f3r\u00f3anyagok online fel\u00fcletre \u00e9s nyomtathat\u00f3 form\u00e1ban<\/h3>\n<p style=\"text-align: justify\"><a href=\"https:\/\/semmelweis.hu\/emk\/files\/2023\/05\/TFE_Poszter_QR-kodos_Web-Ujsag-scaled.jpg\" target=\"_blank\" rel=\"noopener\">Tobbacco Free Europe (TFE) QR k\u00f3d<\/a><\/p>\n<p style=\"text-align: justify\"><a href=\"https:\/\/semmelweis.hu\/emk\/files\/2023\/05\/TFE_Poszter_Infografika_Web-Ujsag-scaled.jpg\" target=\"_blank\" rel=\"noopener\">Tobbacco Free Europe (TFE) infografika<\/a><\/p>\n<p style=\"text-align: justify\"><strong><a href=\"https:\/\/semmelweis.hu\/emk\/files\/2023\/05\/TFE_PPT-dia-1.pdf\" target=\"_blank\" rel=\"noopener\">El\u0151ad\u00e1sba illeszthet\u0151 dia<\/a><\/strong><\/p>\n<p style=\"text-align: justify\"><strong><a href=\"https:\/\/semmelweis.hu\/emk\/files\/2023\/04\/QR-code_TFE.pdf-1.pdf-masolata.pdf\" target=\"_blank\" rel=\"noopener\">Tobbacco Free Europe (TFE) QR k\u00f3d<\/a><\/strong><\/p>\n","protected":false},"excerpt":{"rendered":"<p>Doh\u00e1nymentes Eur\u00f3p\u00e1\u00e9rt polg\u00e1ri kezdem\u00e9nyez\u00e9s EUR\u00d3PAI POLG\u00c1RI KEZDEM\u00c9NYEZ\u00c9S A DOH\u00c1NYMENTES K\u00d6RNYEZET \u00c9S AZ ELS\u0150 EUR\u00d3PAI DOH\u00c1NYMENTES GENER\u00c1CI\u00d3 EL\u00c9R\u00c9S\u00c9RE 2030-RA A doh\u00e1nyz\u00e1s vil\u00e1gszerte a legink\u00e1bb megel\u0151zhet\u0151 hal\u00e1loknak sz\u00e1m\u00edt. Magyarorsz\u00e1gon a hal\u00e1loz\u00e1sok 20%-\u00e9rt az akt\u00edv vagy passz\u00edv doh\u00e1nyz\u00e1s a felel\u0151s. Az eg\u00e9szs\u00e9ges \u00e9let\u00e9vek elveszt\u00e9s\u00e9nek \u00e9s a korai hal\u00e1loz\u00e1snak haz\u00e1nkban a doh\u00e1nyz\u00e1s a legjelent\u0151sebb kock\u00e1zati t\u00e9nyez\u0151je. A doh\u00e1nyz\u00f3k t\u00falnyom\u00f3 &hellip;<\/p>\n","protected":false},"author":101539,"featured_media":0,"parent":15842,"menu_order":0,"comment_status":"closed","ping_status":"closed","template":"","meta":{"_acf_changed":false,"footnotes":""},"categories":[],"tags":[],"class_list":["post-20679","page","type-page","status-publish","hentry"],"acf":[],"_links":{"self":[{"href":"https:\/\/semmelweis.hu\/emk\/wp-json\/wp\/v2\/pages\/20679","targetHints":{"allow":["GET"]}}],"collection":[{"href":"https:\/\/semmelweis.hu\/emk\/wp-json\/wp\/v2\/pages"}],"about":[{"href":"https:\/\/semmelweis.hu\/emk\/wp-json\/wp\/v2\/types\/page"}],"author":[{"embeddable":true,"href":"https:\/\/semmelweis.hu\/emk\/wp-json\/wp\/v2\/users\/101539"}],"replies":[{"embeddable":true,"href":"https:\/\/semmelweis.hu\/emk\/wp-json\/wp\/v2\/comments?post=20679"}],"version-history":[{"count":10,"href":"https:\/\/semmelweis.hu\/emk\/wp-json\/wp\/v2\/pages\/20679\/revisions"}],"predecessor-version":[{"id":26758,"href":"https:\/\/semmelweis.hu\/emk\/wp-json\/wp\/v2\/pages\/20679\/revisions\/26758"}],"up":[{"embeddable":true,"href":"https:\/\/semmelweis.hu\/emk\/wp-json\/wp\/v2\/pages\/15842"}],"wp:attachment":[{"href":"https:\/\/semmelweis.hu\/emk\/wp-json\/wp\/v2\/media?parent=20679"}],"wp:term":[{"taxonomy":"category","embeddable":true,"href":"https:\/\/semmelweis.hu\/emk\/wp-json\/wp\/v2\/categories?post=20679"},{"taxonomy":"post_tag","embeddable":true,"href":"https:\/\/semmelweis.hu\/emk\/wp-json\/wp\/v2\/tags?post=20679"}],"curies":[{"name":"wp","href":"https:\/\/api.w.org\/{rel}","templated":true}]}}