{"id":20558,"date":"2023-03-14T12:08:27","date_gmt":"2023-03-14T11:08:27","guid":{"rendered":"https:\/\/semmelweis.hu\/emk\/?page_id=20558"},"modified":"2026-02-06T12:30:54","modified_gmt":"2026-02-06T11:30:54","slug":"secured","status":"publish","type":"page","link":"https:\/\/semmelweis.hu\/emk\/szakertoi-tevekenyseg-projektek\/futo-projektek\/secured\/","title":{"rendered":"SECURED"},"content":{"rendered":"<p><strong>SECURED: Scaling Up secure Processing, Anonymization and generation of Health Data for EU cross border collaborative research and Innovation (Horizon Europe)<\/strong><\/p>\n<p>2023.01.01 &#8211; 2025.12.31<\/p>\n<h3>Projekt\u00a0tartalma, c\u00e9lja:<\/h3>\n<p style=\"text-align: justify\">A SECURED projekt \u00e1ltal\u00e1nos c\u00e9lja a t\u00f6bbszerepl\u0151s sz\u00e1m\u00edt\u00e1sok, az adatok anonimiz\u00e1l\u00e1sa \u00e9s a szintetikus adatok el\u0151\u00e1ll\u00edt\u00e1sa a hat\u00e9konys\u00e1g n\u00f6vel\u00e9se \u00e9s a biztons\u00e1g jav\u00edt\u00e1sa r\u00e9v\u00e9n, a mag\u00e1njelleg\u0171 \u00e9s elfogulatlan mesters\u00e9ges intelligencia \u00e9s adatelemz\u00e9s, az eg\u00e9szs\u00e9g\u00fcgyi adatok \u00e9s adatk\u00f6zpontok, valamint a hat\u00e1rokon \u00e1tny\u00fal\u00f3 egy\u00fcttm\u0171k\u00f6d\u00e9s k\u00f6z\u00e9ppontj\u00e1ban. A projekt a biztons\u00e1gos t\u00f6bbszerepl\u0151s sz\u00e1m\u00edt\u00e1s \u00e9s a hat\u00e9kony anonimiz\u00e1l\u00e1s sz\u00e9les k\u00f6r\u0171 alkalmaz\u00e1s\u00e1t jelenleg akad\u00e1lyoz\u00f3 korl\u00e1tokat fogja kezelni, nevezetesen: a biztons\u00e1gos t\u00f6bbszerepl\u0151s sz\u00e1m\u00edt\u00e1si protokollok jelenlegi kriptogr\u00e1fiai s\u00e9m\u00e1inak korl\u00e1tozott gyakorlati k\u00e9pess\u00e9geit \u00e9s teljes\u00edtm\u00e9ny\u00e9t; az eg\u00e9szs\u00e9g\u00fcgyi adatokra vonatkoz\u00f3 j\u00f3l ismert \u00e9s szabv\u00e1nyos\u00edtott adatanonimiz\u00e1l\u00e1si m\u00f3dszerek hi\u00e1ny\u00e1t; a szintetikus adatok l\u00e9trehoz\u00e1s\u00e1ra szolg\u00e1l\u00f3 dinamikus \u00e9s ig\u00e9ny szerinti szolg\u00e1ltat\u00e1sok hi\u00e1ny\u00e1t; a g\u00e9pi tanul\u00e1s \u00e9s a mesters\u00e9ges intelligencia alap\u00fa adatelemz\u00e9s jelenlegi sz\u00f6vets\u00e9gi protokolljainak \u00f6sszetett \u00e9s ad-hoc jelleg\u00e9t; az eg\u00e9szs\u00e9g\u00fcgyi technol\u00f3giai szolg\u00e1ltat\u00f3k, k\u00fcl\u00f6n\u00f6sen a kkv-k t\u00e1mogat\u00e1s\u00e1nak hi\u00e1ny\u00e1t az adatv\u00e9delmet fokoz\u00f3 technol\u00f3gi\u00e1k bevezet\u00e9s\u00e9hez.<\/p>\n<h3>Projekt szerepl\u0151k:<\/h3>\n<p><strong>Projektvezet\u0151:<\/strong> University of Amsterdam<\/p>\n<p><strong>Az EMK szerepe a projektben:<\/strong> Munkacsomag vezet\u0151<\/p>\n<p><strong>Tov\u00e1bbi konzorciumi tagok\/partnerek:<\/strong><\/p>\n<ul>\n<li>University College Cork<\/li>\n<li>Research Center ATHENA<\/li>\n<li>Erasmus Medical Center<\/li>\n<li>Budapesti M\u0171szaki \u00e9s Gazdas\u00e1gtudom\u00e1nyi Egyetem<\/li>\n<li>ATOS<\/li>\n<li>NXP<\/li>\n<li>Thales<\/li>\n<li>Barcelona Supercomputing Center<\/li>\n<li>ICCS<\/li>\n<li>Hospital Nino Jesus<\/li>\n<li>KULeuven<\/li>\n<li>University of Sassari<\/li>\n<li>Josep Carreras Leukaemia Research Institute<\/li>\n<li>CATALINK<\/li>\n<li>Circular Economy Foundation<\/li>\n<\/ul>\n<p>Tov\u00e1bbi inform\u00e1ci\u00f3 a <a href=\"https:\/\/ec.europa.eu\/info\/funding-tenders\/opportunities\/portal\/screen\/how-to-participate\/org-details\/999999999\/project\/101095717\/program\/43108390\/details\">p\u00e1ly\u00e1zati oldalon<\/a> olvashat\u00f3.<\/p>\n<p><strong>EMK kontakt:<\/strong><\/p>\n<p>n\u00e9v: Aszal\u00f3s Zolt\u00e1n Albert<br \/>\ne-mail: <a href=\"mailto:albert.aszalos@emk.semmelweis.hu\" target=\"_blank\" rel=\"noopener\">albert.aszalos@emk.semmelweis.hu<\/a><\/p>\n<p><img loading=\"lazy\" decoding=\"async\" class=\"aligncenter size-full wp-image-26753\" src=\"https:\/\/semmelweis.hu\/emk\/files\/2026\/02\/SecuredLogoCircle-e1728298321820.png\" alt=\"SECURED\" width=\"512\" height=\"512\" srcset=\"https:\/\/semmelweis.hu\/emk\/files\/2026\/02\/SecuredLogoCircle-e1728298321820.png 512w, https:\/\/semmelweis.hu\/emk\/files\/2026\/02\/SecuredLogoCircle-e1728298321820-400x400.png 400w, https:\/\/semmelweis.hu\/emk\/files\/2026\/02\/SecuredLogoCircle-e1728298321820-150x150.png 150w\" sizes=\"auto, (max-width: 512px) 100vw, 512px\" \/><\/p>\n<p><a href=\"https:\/\/semmelweis.hu\/emk\/files\/2023\/03\/eu_logo.png\"><img loading=\"lazy\" decoding=\"async\" class=\"size-medium wp-image-20555 aligncenter\" src=\"https:\/\/semmelweis.hu\/emk\/files\/2023\/03\/eu_logo-400x84.png\" alt=\"\" width=\"400\" height=\"84\" srcset=\"https:\/\/semmelweis.hu\/emk\/files\/2023\/03\/eu_logo-400x84.png 400w, https:\/\/semmelweis.hu\/emk\/files\/2023\/03\/eu_logo-768x161.png 768w, https:\/\/semmelweis.hu\/emk\/files\/2023\/03\/eu_logo-753x158.png 753w, https:\/\/semmelweis.hu\/emk\/files\/2023\/03\/eu_logo.png 991w\" sizes=\"auto, (max-width: 400px) 100vw, 400px\" \/><\/a><\/p>\n","protected":false},"excerpt":{"rendered":"<p>SECURED: Scaling Up secure Processing, Anonymization and generation of Health Data for EU cross border collaborative research and Innovation (Horizon Europe) 2023.01.01 &#8211; 2025.12.31 Projekt\u00a0tartalma, c\u00e9lja: A SECURED projekt \u00e1ltal\u00e1nos c\u00e9lja a t\u00f6bbszerepl\u0151s sz\u00e1m\u00edt\u00e1sok, az adatok anonimiz\u00e1l\u00e1sa \u00e9s a szintetikus adatok el\u0151\u00e1ll\u00edt\u00e1sa a hat\u00e9konys\u00e1g n\u00f6vel\u00e9se \u00e9s a biztons\u00e1g jav\u00edt\u00e1sa r\u00e9v\u00e9n, a mag\u00e1njelleg\u0171 \u00e9s elfogulatlan mesters\u00e9ges &hellip;<\/p>\n","protected":false},"author":101539,"featured_media":26753,"parent":15842,"menu_order":7,"comment_status":"closed","ping_status":"closed","template":"","meta":{"_acf_changed":false,"footnotes":""},"categories":[],"tags":[318],"class_list":["post-20558","page","type-page","status-publish","has-post-thumbnail","hentry","tag-secured"],"acf":[],"_links":{"self":[{"href":"https:\/\/semmelweis.hu\/emk\/wp-json\/wp\/v2\/pages\/20558","targetHints":{"allow":["GET"]}}],"collection":[{"href":"https:\/\/semmelweis.hu\/emk\/wp-json\/wp\/v2\/pages"}],"about":[{"href":"https:\/\/semmelweis.hu\/emk\/wp-json\/wp\/v2\/types\/page"}],"author":[{"embeddable":true,"href":"https:\/\/semmelweis.hu\/emk\/wp-json\/wp\/v2\/users\/101539"}],"replies":[{"embeddable":true,"href":"https:\/\/semmelweis.hu\/emk\/wp-json\/wp\/v2\/comments?post=20558"}],"version-history":[{"count":10,"href":"https:\/\/semmelweis.hu\/emk\/wp-json\/wp\/v2\/pages\/20558\/revisions"}],"predecessor-version":[{"id":26754,"href":"https:\/\/semmelweis.hu\/emk\/wp-json\/wp\/v2\/pages\/20558\/revisions\/26754"}],"up":[{"embeddable":true,"href":"https:\/\/semmelweis.hu\/emk\/wp-json\/wp\/v2\/pages\/15842"}],"wp:featuredmedia":[{"embeddable":true,"href":"https:\/\/semmelweis.hu\/emk\/wp-json\/wp\/v2\/media\/26753"}],"wp:attachment":[{"href":"https:\/\/semmelweis.hu\/emk\/wp-json\/wp\/v2\/media?parent=20558"}],"wp:term":[{"taxonomy":"category","embeddable":true,"href":"https:\/\/semmelweis.hu\/emk\/wp-json\/wp\/v2\/categories?post=20558"},{"taxonomy":"post_tag","embeddable":true,"href":"https:\/\/semmelweis.hu\/emk\/wp-json\/wp\/v2\/tags?post=20558"}],"curies":[{"name":"wp","href":"https:\/\/api.w.org\/{rel}","templated":true}]}}