{"id":20534,"date":"2023-03-13T14:48:25","date_gmt":"2023-03-13T13:48:25","guid":{"rendered":"https:\/\/semmelweis.hu\/emk\/?page_id=20534"},"modified":"2024-10-22T12:24:54","modified_gmt":"2024-10-22T10:24:54","slug":"data-edih","status":"publish","type":"page","link":"https:\/\/semmelweis.hu\/emk\/en\/projects\/ongoing-projects\/data-edih\/","title":{"rendered":"DATA EDIH"},"content":{"rendered":"<p><strong>DATA EDIH<\/strong><\/p>\n<p>01\/10\/2022 &#8211; 30\/09\/2025<\/p>\n<h3>About the project<\/h3>\n<p style=\"text-align: justify\">The Hungarian DATA EDIH facilitates the digital transformation of the SME&#8217;s, startups and public sector organisations in Hungary, with a general focus on data-related services and industrial focus on the health industry. The most challenging DESI (Digital Economy and Society Index) dimensions for Hungary remain the Integration of digital technology and digital public services. DATA EDIH will provide trainings, technical and financial services on both catching up and advanced levels. The activity of DATA EDIH will be built on existing elements of the domestic innovation ecosystem.<\/p>\n<p style=\"text-align: justify\"><strong>The implementation plan consists of 6 Work Packages:<\/strong><\/p>\n<ol>\n<li>Work Package 1: Project management and coordination<\/li>\n<li>Work Package 2: Reaching out and customer journey<\/li>\n<li>Work Package 3: Skills and training<\/li>\n<li>Work Package 4: Test Before Invest<\/li>\n<li>Work Package 5: Access to finance and business development<\/li>\n<li>Work Package 6: Innovation and Ecosystem Networking<\/li>\n<\/ol>\n<p style=\"text-align: justify\">DATA EDIH project foresees the following outcomes: 15.330 SMEs\/public sector entities reached, 6.000 SMEs\/public sector entities pre-screened, 490 entities that used services; EUR 2 M of additional investment triggered, and 5+15 collaborations foreseen with other EDIHs on national\/ EU-levels. The targeted impact to be achieved is the increased digital maturity of the target group by at least 5% within 3-5 years.<\/p>\n<h3 style=\"text-align: justify\">Members<\/h3>\n<p style=\"text-align: justify\"><strong>Consortium leader:<\/strong> Neumann J\u00e1nos Nonprofit K\u00f6zhaszn\u00fa Kft.<\/p>\n<p><strong>Role of HSMTC:<\/strong> consortium member<\/p>\n<p><strong>Consortium members:<\/strong><\/p>\n<ul>\n<li>BUDAPEST UNIVERSITY OF TECHNOLOGY AND ECONOMICS<\/li>\n<li>UNIVERSITY OF DEBRECEN<\/li>\n<li>ELTE-Soft Kutat\u00e1s-Fejleszt\u0151 Nonprofit Kft<\/li>\n<li>HTEnet Innov\u00e1ci\u00f3s Nonprofit Kft<\/li>\n<li>HUNGARIAN CENTRAL STATISTICAL OFFICE<\/li>\n<li>UNIVERSITY OF PECS<\/li>\n<li>SEMMELWEIS UNIVERSITY<\/li>\n<li>National Data Economy Knowledge Centre (NATUK)<\/li>\n<\/ul>\n<p><strong>HSMTC contact<\/strong><\/p>\n<p>Name: Endre P\u00e1sztor<br \/>\nE-mail: <a href=\"mailto:pasztor.endre@emk.semmelweis.hu\" target=\"_blank\" rel=\"noopener\">pasztor.endre@emk.semmelweis.hu<\/a><\/p>\n<p style=\"text-align: center\"><img loading=\"lazy\" decoding=\"async\" class=\"aligncenter size-large wp-image-23408\" src=\"https:\/\/semmelweis.hu\/emk\/files\/2024\/10\/Data-EDIG-Color-logo-with-background-1024x399.png\" alt=\"Data-EDIH projekt\" width=\"753\" height=\"293\" srcset=\"https:\/\/semmelweis.hu\/emk\/files\/2024\/10\/Data-EDIG-Color-logo-with-background-1024x399.png 1024w, https:\/\/semmelweis.hu\/emk\/files\/2024\/10\/Data-EDIG-Color-logo-with-background-400x156.png 400w, https:\/\/semmelweis.hu\/emk\/files\/2024\/10\/Data-EDIG-Color-logo-with-background-768x299.png 768w, https:\/\/semmelweis.hu\/emk\/files\/2024\/10\/Data-EDIG-Color-logo-with-background-1536x598.png 1536w, https:\/\/semmelweis.hu\/emk\/files\/2024\/10\/Data-EDIG-Color-logo-with-background-2048x798.png 2048w, https:\/\/semmelweis.hu\/emk\/files\/2024\/10\/Data-EDIG-Color-logo-with-background-753x293.png 753w\" sizes=\"auto, (max-width: 753px) 100vw, 753px\" \/><\/p>\n","protected":false},"excerpt":{"rendered":"<p>DATA EDIH 01\/10\/2022 &#8211; 30\/09\/2025 About the project The Hungarian DATA EDIH facilitates the digital transformation of the SME&#8217;s, startups and public sector organisations in Hungary, with a general focus on data-related services and industrial focus on the health industry. The most challenging DESI (Digital Economy and Society Index) dimensions for Hungary remain the Integration &hellip;<\/p>\n","protected":false},"author":101539,"featured_media":0,"parent":16026,"menu_order":0,"comment_status":"closed","ping_status":"closed","template":"","meta":{"_acf_changed":false,"footnotes":""},"categories":[],"tags":[],"class_list":["post-20534","page","type-page","status-publish","hentry"],"acf":[],"_links":{"self":[{"href":"https:\/\/semmelweis.hu\/emk\/wp-json\/wp\/v2\/pages\/20534","targetHints":{"allow":["GET"]}}],"collection":[{"href":"https:\/\/semmelweis.hu\/emk\/wp-json\/wp\/v2\/pages"}],"about":[{"href":"https:\/\/semmelweis.hu\/emk\/wp-json\/wp\/v2\/types\/page"}],"author":[{"embeddable":true,"href":"https:\/\/semmelweis.hu\/emk\/wp-json\/wp\/v2\/users\/101539"}],"replies":[{"embeddable":true,"href":"https:\/\/semmelweis.hu\/emk\/wp-json\/wp\/v2\/comments?post=20534"}],"version-history":[{"count":5,"href":"https:\/\/semmelweis.hu\/emk\/wp-json\/wp\/v2\/pages\/20534\/revisions"}],"predecessor-version":[{"id":23420,"href":"https:\/\/semmelweis.hu\/emk\/wp-json\/wp\/v2\/pages\/20534\/revisions\/23420"}],"up":[{"embeddable":true,"href":"https:\/\/semmelweis.hu\/emk\/wp-json\/wp\/v2\/pages\/16026"}],"wp:attachment":[{"href":"https:\/\/semmelweis.hu\/emk\/wp-json\/wp\/v2\/media?parent=20534"}],"wp:term":[{"taxonomy":"category","embeddable":true,"href":"https:\/\/semmelweis.hu\/emk\/wp-json\/wp\/v2\/categories?post=20534"},{"taxonomy":"post_tag","embeddable":true,"href":"https:\/\/semmelweis.hu\/emk\/wp-json\/wp\/v2\/tags?post=20534"}],"curies":[{"name":"wp","href":"https:\/\/api.w.org\/{rel}","templated":true}]}}