{"id":20532,"date":"2023-03-13T14:38:14","date_gmt":"2023-03-13T13:38:14","guid":{"rendered":"https:\/\/semmelweis.hu\/emk\/?page_id=20532"},"modified":"2026-02-06T12:21:48","modified_gmt":"2026-02-06T11:21:48","slug":"data-edih","status":"publish","type":"page","link":"https:\/\/semmelweis.hu\/emk\/szakertoi-tevekenyseg-projektek\/futo-projektek\/data-edih\/","title":{"rendered":"DATA-EDIH"},"content":{"rendered":"<h2>Data EDIH<\/h2>\n<h3>Projekt id\u0151tartama:<\/h3>\n<p>2022.10.01- 2025.12.31.<\/p>\n<h3>Projekt tartalma, c\u00e9lja<\/h3>\n<p style=\"text-align: justify\">A <strong>Data-EDIH projekt<\/strong> c\u00e9lja, hogy t\u00e1mogassa az eg\u00e9szs\u00e9g\u00fcgyi szervezeteket a digitaliz\u00e1ci\u00f3ban rejl\u0151 lehet\u0151s\u00e9gek min\u00e9l jobb kihaszn\u00e1l\u00e1s\u00e1ban, a digit\u00e1lis transzform\u00e1ci\u00f3 f\u0151bb akad\u00e1lyainak felsz\u00e1mol\u00e1s\u00e1ban \u00e9s digit\u00e1lis \u00e9retts\u00e9g\u00fck jav\u00edt\u00e1s\u00e1ban. A projekt \u00e1ltal\u00e1nos f\u00f3kusza az adatszolg\u00e1ltat\u00e1s \u00e9s a digitaliz\u00e1ci\u00f3, m\u00edg az \u00e1gazati f\u00f3kusza az eg\u00e9szs\u00e9gipar (one health). A projekt 9 konzorciumi tag egy\u00fcttm\u0171k\u00f6d\u00e9sben val\u00f3sul meg.\u00a0<\/p>\n<p><strong>A konzorcium a Data-EDIH projekt szakmai tartalm\u00e1t hat munkacsomag keret\u00e9ben val\u00f3s\u00edtja meg:<\/strong><\/p>\n<ol>\n<li>munkacsomag: Projektmenedzsment \u00e9s koordin\u00e1ci\u00f3<\/li>\n<li>munkacsomag: \u00dcgyfelek el\u00e9r\u00e9se \u00e9s \u00fcgyf\u00e9l\u00fat management<\/li>\n<li>munkacsomag: K\u00e9pz\u00e9si \u00e9s workshop t\u00edpus\u00fa szolg\u00e1ltat\u00e1sok<\/li>\n<li>munkacsomag: Befektet\u00e9s el\u0151tti tesztel\u00e9s, tan\u00e1csad\u00e1si szolg\u00e1ltat\u00e1sok<\/li>\n<li>munkacsomag: Finansz\u00edroz\u00e1s \u00e9s az \u00fczletfejleszt\u00e9s<\/li>\n<li>munkacsomag: Innov\u00e1ci\u00f3 \u00e9s \u00f6kosziszt\u00e9ma-h\u00e1l\u00f3zatok<\/li>\n<\/ol>\n<p><strong>A DATA EDIH az al\u00e1bbi sz\u00e1mszer\u0171 eredm\u00e9nyek el\u00e9r\u00e9st t\u0171zi ki c\u00e9lul:<\/strong><\/p>\n<ul>\n<li>15 330 kkv\/k\u00f6zszektorbeli szervezet el\u00e9r\u00e9se,<\/li>\n<li>6 000 kkv\/k\u00f6zszf\u00e9ra szervezet el\u0151sz\u0171r\u00e9se,<\/li>\n<li><b>a konzorciumi partnerek \u00e1ltal ny\u00fajtott \u00f6sszesen 490 szolg\u00e1ltat\u00e1s<\/b>;<\/li>\n<li>2 milli\u00f3 EUR \u00e9rt\u00e9k\u0171 k\u00f6zvetett beruh\u00e1z\u00e1s,<\/li>\n<li>\u00e9s 5+15 egy\u00fcttm\u0171k\u00f6d\u00e9s m\u00e1s EDIH-ekkel hazai \u00e9s\/vagy uni\u00f3s szinten.<\/li>\n<li>A projekt hat\u00e1sak\u00e9nt a c\u00e9lcsoport digit\u00e1lis \u00e9retts\u00e9ge legal\u00e1bb 5%-kal fog n\u00f6vekedni 3-5 \u00e9ven bel\u00fcl.<\/li>\n<\/ul>\n<h3>Projekt szerepl\u0151k:<\/h3>\n<p><strong>Konzorciumvezet\u0151:<\/strong> Neumann J\u00e1nos Nonprofit K\u00f6zhaszn\u00fa Kft.<\/p>\n<p><strong>Az EMK szerepe a projektben:<\/strong>\u00a0<\/p>\n<p>A Semmelweis Egyetem Eg\u00e9szs\u00e9g\u00fcgyi Menedzserk\u00e9pz\u0151 K\u00f6zpontja (EMK) a projekt konzorciumi partnere, ennek keret\u00e9ben \u00e1tfog\u00f3 szolg\u00e1ltat\u00e1sokat ny\u00fajt a digit\u00e1lis transzform\u00e1ci\u00f3 el\u0151seg\u00edt\u00e9s\u00e9re. Ezen szolg\u00e1ltat\u00e1sok k\u00f6z\u00e9 tartozik\u00a0<\/p>\n<ul>\n<li>a digit\u00e1lis \u00e9retts\u00e9g felm\u00e9r\u00e9se,\u00a0<\/li>\n<li>a testre szabott k\u00e9pz\u00e9si programok kidolgoz\u00e1sa,\u00a0<\/li>\n<li>valamint az eg\u00e9szs\u00e9g\u00fcgyi int\u00e9zm\u00e9nyek digit\u00e1lis strat\u00e9gi\u00e1j\u00e1nak fejleszt\u00e9se.\u00a0<\/li>\n<\/ul>\n<p>Mindezt \u00fagy, hogy k\u00f6z\u00e9ppontban a beteg \u00e1ll, akinek \u00e9rdekei \u00e9s j\u00f3ll\u00e9te minden fejleszt\u00e9si t\u00f6rekv\u00e9s k\u00f6z\u00e9ppontj\u00e1ban \u00e1ll.<\/p>\n<p><strong>Tov\u00e1bbi konzorciumi tagok\/partnerek:<\/strong><\/p>\n<ul>\n<li>Budapesti M\u0171szaki \u00e9s Gazdas\u00e1gtudom\u00e1nyi Egyetem<\/li>\n<li>Debreceni Egyetem<\/li>\n<li>ELTE-Soft Kutat\u00e1s-Fejleszt\u0151 Nonprofit Kft.<\/li>\n<li>HTEnet Innov\u00e1ci\u00f3s Nonprofit Kft.<\/li>\n<li>Magyar K\u00f6zponti Kutat\u00e1si Hivatal<\/li>\n<li>P\u00e9csi Tudom\u00e1nyegyetem &#8211; University of P\u00e9cs<\/li>\n<li>Nemzeti Adatvagyon \u00dcgyn\u00f6ks\u00e9g Kft.<\/li>\n<\/ul>\n<h3>A projekt sor\u00e1n ny\u00fajtott szolg\u00e1ltat\u00e1sok le\u00edr\u00e1sa<\/h3>\n<p style=\"text-align: justify\"><strong>Helyzetfelm\u00e9r\u00e9s: Az els\u0151 l\u00e9p\u00e9sek<\/strong><\/p>\n<p style=\"text-align: justify\">Az egy\u00fcttm\u0171k\u00f6d\u00e9s a szervezetekkel a European Digital Innovation Hubs Network \u00e1ltal kifejlesztett <strong>Digital Maturity Assessment (DMA) k\u00e9rd\u0151\u00edv<\/strong> kit\u00f6lt\u00e9s\u00e9vel \u00e9s \u00e1ttekint\u00e9s\u00e9vel kezd\u0151dik, vagyis a szervezet digit\u00e1lis \u00e9retts\u00e9gi szintj\u00e9nek meghat\u00e1roz\u00e1s\u00e1val.\u00a0<\/p>\n<p style=\"text-align: justify\">Ezt k\u00f6vet\u0151en, illetve ezzel p\u00e1rhuzamosan az EMK szak\u00e9rt\u0151i egy speci\u00e1lisan az eg\u00e9szs\u00e9g\u00fcgyi szervezetek sz\u00e1m\u00e1ra kifejlesztett m\u00f3dszertan seg\u00edts\u00e9g\u00e9vel, a menedzsment tagjaival k\u00f6z\u00f6sen azonos\u00edtj\u00e1k a digit\u00e1lis \u00e9retts\u00e9g azon kulcster\u00fcleteit, amelyek k\u00f6zvetlen\u00fcl vagy k\u00f6zvetetten befoly\u00e1solj\u00e1k a szervezet \u00e9retts\u00e9g\u00e9t. A <strong>helyzetfelm\u00e9r\u0151 workshop <\/strong>egyben alkalmas arra is, hogy a menedzsment tagjai \u2013 szak\u00e9rt\u0151i t\u00e1mogat\u00e1ssal \u2013 azonos\u00edts\u00e1k a szervezet el\u00f6tt \u00e1ll\u00f3 legfontosabb feladatokat, meghat\u00e1rozz\u00e1k a fejleszt\u00e9si ir\u00e1nyokat.\u00a0<\/p>\n<p style=\"text-align: justify\">Az egyeztet\u00e9s c\u00e9lja, hogy elk\u00e9sz\u00fclj\u00f6n egy olyan helyzetelemz\u00e9sen alapul\u00f3 fejleszt\u00e9si terv, amelynek v\u00e9grehajt\u00e1sa seg\u00edt megsz\u00fcntetni azokat az akad\u00e1lyokat, amelyek g\u00e1tolj\u00e1k a szervezet digit\u00e1lis fejl\u0151d\u00e9s\u00e9t \u00e9s hat\u00e9konys\u00e1g\u00e1t, vagyis a betegek jobb, \u00e1tl\u00e1that\u00f3bb \u00e9s kisz\u00e1m\u00edthat\u00f3bb ell\u00e1t\u00e1s\u00e1t.\u00a0<\/p>\n<p style=\"text-align: justify\"><strong>Beavatkoz\u00e1sok tervez\u00e9se: Szem\u00e9lyre szabott fejleszt\u00e9si terv<\/strong><\/p>\n<p style=\"text-align: justify\">A DMA k\u00e9rd\u0151\u00edv \u00e9s a helyzetfelm\u00e9r\u0151 workshop eredm\u00e9nyei alapj\u00e1n egy r\u00e9szletes<strong> fejleszt\u00e9si terv <\/strong>k\u00e9sz\u00fcl, amely konkr\u00e9t l\u00e9p\u00e9seket \u00e9s aj\u00e1nl\u00e1sokat tartalmaz a szervezet tov\u00e1bbi fejl\u0151d\u00e9s\u00e9hez.\u00a0<\/p>\n<p style=\"text-align: justify\">A fejleszt\u00e9si terv azokra a beavatkoz\u00e1si lehet\u0151s\u00e9gekre f\u00f3kusz\u00e1l, amelyek a szervezet saj\u00e1t hat\u00e1sk\u00f6r\u00e9ben is megval\u00f3s\u00edthat\u00f3k. Ezek r\u00e9v\u00e9n a menedzsment a rendelkez\u00e9sre \u00e1ll\u00f3 keretek k\u00f6z\u00f6tt is k\u00e9pes optimaliz\u00e1lni a szolg\u00e1ltat\u00e1sokat, jav\u00edtani a betegek t\u00e1j\u00e9koztat\u00e1s\u00e1t \u00e9s n\u00f6velni az ell\u00e1t\u00e1s sz\u00ednvonal\u00e1t.<\/p>\n<p style=\"text-align: justify\"><strong>Tan\u00e1csad\u00e1s \u00e9s workshopok: A fejleszt\u00e9s t\u00e1mogat\u00e1sa<\/strong><\/p>\n<p style=\"text-align: justify\">Az EMK, valamint a konzorciumi partnerek \u00e1ltal ny\u00fajtott tan\u00e1csad\u00e1si \u00e9s workshop szolg\u00e1ltat\u00e1sok c\u00e9lja, hogy a szervezetek a digit\u00e1lis transzform\u00e1ci\u00f3 minden aspektus\u00e1ban fejl\u0151djenek. A helyzetfelm\u00e9r\u00e9sre alapozott egyedi fejleszt\u00e9si terv tartalmazza azokat a szolg\u00e1ltat\u00e1sokat, amelyeket a szervezet a projekt keret\u00e9ben ig\u00e9nybe vehet.\u00a0<\/p>\n<p style=\"text-align: justify\">A tan\u00e1csad\u00e1si szolg\u00e1ltat\u00e1sok a szervezet sz\u00e1m\u00e1ra olyan egyedi t\u00e1mogat\u00e1st jelentenek, amelyek eredm\u00e9nyek\u00e9nt konkr\u00e9tan hasznos\u00edthat\u00f3 term\u00e9kek keletkeznek a folyamat sor\u00e1n. A tan\u00e1csad\u00e1s ir\u00e1nyulhat p\u00e9ld\u00e1ul a digit\u00e1lis strat\u00e9gia meghat\u00e1roz\u00e1s\u00e1ra, a digitaliz\u00e1ci\u00f3t szolg\u00e1l\u00f3 folyamatoptimaliz\u00e1l\u00e1sra, a menedzsment \u00e9s a munkat\u00e1rsak fejleszt\u00e9s\u00e9re, a vezet\u0151i inform\u00e1ci\u00f3s rendszerek kialak\u00edt\u00e1s\u00e1ra.\u00a0<\/p>\n<p style=\"text-align: justify\">A workshop szolg\u00e1ltat\u00e1sok pedig olyan interakt\u00edv el\u0151ad\u00e1sokat, gyakorlati bemutat\u00f3kat, t\u00f6bb szervezet r\u00e9sztvev\u0151ivel t\u00f6rt\u00e9n\u0151 k\u00f6z\u00f6s gondolkod\u00e1st jelentenek, amelyek a r\u00e9sztvev\u0151k sz\u00e1m\u00e1ra elm\u00e9leti \u00e9s gyakorlati ismeretekkel szolg\u00e1lhatnak a fenntarthat\u00f3 digitaliz\u00e1ci\u00f3, az adatvez\u00e9relt eg\u00e9szs\u00e9g\u00fcgy, a kiberbiztons\u00e1g, valamint a mesters\u00e9ges intelligencia eg\u00e9szs\u00e9g\u00fcgyi alkalmaz\u00e1sa ter\u00e9n, amelyek szint\u00e9n hozz\u00e1j\u00e1rulhatnak az eredm\u00e9nyes szervezeti alkalmaz\u00e1shoz.<\/p>\n<h3 style=\"text-align: justify\">Hogyan t\u00f6rt\u00e9nik a szolg\u00e1ltat\u00e1sok ig\u00e9nybev\u00e9tele?<\/h3>\n<p style=\"text-align: justify\">A projektben val\u00f3 k\u00f6zrem\u0171k\u00f6d\u00e9s m\u00e9rt\u00e9ke t\u00e1g hat\u00e1rok k\u00f6z\u00f6tt mozoghat.\u00a0<\/p>\n<p style=\"text-align: justify\">A szervezet ig\u00e9nyelheti csup\u00e1n a DMA k\u00e9rd\u0151\u00edv kit\u00f6lt\u00e9s\u00e9vel a digit\u00e1lis \u00e9retts\u00e9g\u00e9nek \u00edr\u00e1sos \u00e9rt\u00e9kel\u00e9s\u00e9t, amely a felm\u00e9rt dimenzi\u00f3kban helyzet\u00e9rt\u00e9kel\u0151 meg\u00e1llap\u00edt\u00e1sokat, \u00e9s javasolt fejleszt\u00e9si ir\u00e1nyokat tartalmaz \u00edr\u00e1sos form\u00e1ban. A projekt keret\u00e9ben k\u00e9sz\u00edtett angol nyelv\u0171 \u00e9rt\u00e9kel\u00e9sb\u0151l az EMK szak\u00e9rt\u0151i j\u00f3l struktur\u00e1lt, magyar nyelv\u0171 \u00f6sszegz\u00e9st k\u00e9sz\u00edtenek.\u00a0<\/p>\n<p style=\"text-align: justify\">Ezen k\u00edv\u00fcl a szervezet menedzsmentje ig\u00e9nybe vehet minden tov\u00e1bbi szolg\u00e1ltat\u00e1st is, ak\u00e1r k\u00fcl\u00f6nb\u00f6z\u0151 t\u00e9m\u00e1kra kiterjed\u0151 tan\u00e1csad\u00e1si t\u00e1mogat\u00e1st, valamint t\u00f6bb workshopon val\u00f3 r\u00e9szv\u00e9telt is.<\/p>\n<p><strong>Kiknek aj\u00e1nljuk a fenti szolg\u00e1ltat\u00e1saink ig\u00e9nybev\u00e9tel\u00e9t?\u00a0<\/strong><\/p>\n<p>Az eg\u00e9szs\u00e9g\u00fcgyi k\u00f6zszf\u00e9ra szervezeteinek (pl. k\u00f3rh\u00e1zaknak, rendel\u0151int\u00e9zeteknek, praxisk\u00f6z\u00f6ss\u00e9geknek), valamint eg\u00e9szs\u00e9gipari v\u00e1llalkoz\u00e1soknak.<\/p>\n<p><strong>Helysz\u00edn, id\u0151pont:<\/strong> \u00dcgyf\u00e9llel t\u00f6rt\u00e9nt egyeztet\u00e9s szerint.<\/p>\n<p><strong>A szolg\u00e1ltat\u00e1sok \u00e1ra: <\/strong>A szolg\u00e1ltat\u00e1s t\u00e9r\u00edt\u00e9smentes (a projektben r\u00e9sztvev\u0151 v\u00e1llalkoz\u00e1soknak lehet\u0151s\u00e9g\u00fck van a felmer\u00fclt k\u00f6lts\u00e9geket az \u00fan. \u201ede minimis\u201d vagy innov\u00e1ci\u00f3s t\u00e1mogat\u00e1s keret terh\u00e9re elsz\u00e1molni).<\/p>\n<div class=\"keretes w-100\">\n<p><strong>Tov\u00e1bbi inform\u00e1ci\u00f3k:\u00a0<\/strong><\/p>\n<p><a href=\"https:\/\/adatedih.hu\/\" target=\"_blank\" rel=\"noopener\">https:\/\/adatedih.hu\/<\/a><\/p>\n<p><a href=\"https:\/\/european-digital-innovation-hubs.ec.europa.eu\/home\" target=\"_blank\" rel=\"noopener\">https:\/\/european-digital-innovation-hubs.ec.europa.eu\/home<\/a><\/p>\n<\/div>\n<p><strong>EMK kontaktok:<\/strong><\/p>\n<p>Antal Zsuzsanna <a href=\"mailto:antal.zsuzsanna@emk.semmelweis.hu\" target=\"_blank\" rel=\"noopener\">antal.zsuzsanna@emk.semmelweis.hu<\/a><\/p>\n<p>Kopcs\u00f3 D\u00e1niel <a href=\"mailto:kopcso.daniel@emk.semmelweis.hu\" target=\"_blank\" rel=\"noopener\">kopcso.daniel@emk.semmelweis.hu<\/a><\/p>\n<p>P\u00e1sztor Endre <a href=\"mailto:pasztor.endre@emk.semmelweis.hu\" target=\"_blank\" rel=\"noopener\">pasztor.endre@emk.semmelweis.hu<\/a><\/p>\n<p>\u00c1rva Nikolett <a href=\"mailto:arva.nikolett@emk.semmelweis.hu\" target=\"_blank\" rel=\"noopener\">arva.nikolett@emk.semmelweis.hu<\/a><\/p>\n<p><img loading=\"lazy\" decoding=\"async\" class=\"aligncenter size-large wp-image-23408\" src=\"https:\/\/semmelweis.hu\/emk\/files\/2024\/10\/Data-EDIG-Color-logo-with-background-1024x399.png\" alt=\"Data-EDIH projekt\" width=\"753\" height=\"293\" srcset=\"https:\/\/semmelweis.hu\/emk\/files\/2024\/10\/Data-EDIG-Color-logo-with-background-1024x399.png 1024w, https:\/\/semmelweis.hu\/emk\/files\/2024\/10\/Data-EDIG-Color-logo-with-background-400x156.png 400w, https:\/\/semmelweis.hu\/emk\/files\/2024\/10\/Data-EDIG-Color-logo-with-background-768x299.png 768w, https:\/\/semmelweis.hu\/emk\/files\/2024\/10\/Data-EDIG-Color-logo-with-background-1536x598.png 1536w, https:\/\/semmelweis.hu\/emk\/files\/2024\/10\/Data-EDIG-Color-logo-with-background-2048x798.png 2048w, https:\/\/semmelweis.hu\/emk\/files\/2024\/10\/Data-EDIG-Color-logo-with-background-753x293.png 753w\" sizes=\"auto, (max-width: 753px) 100vw, 753px\" \/><\/p>\n","protected":false},"excerpt":{"rendered":"<p>Data EDIH Projekt id\u0151tartama: 2022.10.01- 2025.12.31. Projekt tartalma, c\u00e9lja A Data-EDIH projekt c\u00e9lja, hogy t\u00e1mogassa az eg\u00e9szs\u00e9g\u00fcgyi szervezeteket a digitaliz\u00e1ci\u00f3ban rejl\u0151 lehet\u0151s\u00e9gek min\u00e9l jobb kihaszn\u00e1l\u00e1s\u00e1ban, a digit\u00e1lis transzform\u00e1ci\u00f3 f\u0151bb akad\u00e1lyainak felsz\u00e1mol\u00e1s\u00e1ban \u00e9s digit\u00e1lis \u00e9retts\u00e9g\u00fck jav\u00edt\u00e1s\u00e1ban. A projekt \u00e1ltal\u00e1nos f\u00f3kusza az adatszolg\u00e1ltat\u00e1s \u00e9s a digitaliz\u00e1ci\u00f3, m\u00edg az \u00e1gazati f\u00f3kusza az eg\u00e9szs\u00e9gipar (one health). A projekt 9 &hellip;<\/p>\n","protected":false},"author":101539,"featured_media":23408,"parent":15842,"menu_order":0,"comment_status":"closed","ping_status":"closed","template":"","meta":{"_acf_changed":false,"footnotes":""},"categories":[],"tags":[443,433],"class_list":["post-20532","page","type-page","status-publish","has-post-thumbnail","hentry","tag-data-edih","tag-digitalis-erettseg"],"acf":[],"_links":{"self":[{"href":"https:\/\/semmelweis.hu\/emk\/wp-json\/wp\/v2\/pages\/20532","targetHints":{"allow":["GET"]}}],"collection":[{"href":"https:\/\/semmelweis.hu\/emk\/wp-json\/wp\/v2\/pages"}],"about":[{"href":"https:\/\/semmelweis.hu\/emk\/wp-json\/wp\/v2\/types\/page"}],"author":[{"embeddable":true,"href":"https:\/\/semmelweis.hu\/emk\/wp-json\/wp\/v2\/users\/101539"}],"replies":[{"embeddable":true,"href":"https:\/\/semmelweis.hu\/emk\/wp-json\/wp\/v2\/comments?post=20532"}],"version-history":[{"count":10,"href":"https:\/\/semmelweis.hu\/emk\/wp-json\/wp\/v2\/pages\/20532\/revisions"}],"predecessor-version":[{"id":25101,"href":"https:\/\/semmelweis.hu\/emk\/wp-json\/wp\/v2\/pages\/20532\/revisions\/25101"}],"up":[{"embeddable":true,"href":"https:\/\/semmelweis.hu\/emk\/wp-json\/wp\/v2\/pages\/15842"}],"wp:featuredmedia":[{"embeddable":true,"href":"https:\/\/semmelweis.hu\/emk\/wp-json\/wp\/v2\/media\/23408"}],"wp:attachment":[{"href":"https:\/\/semmelweis.hu\/emk\/wp-json\/wp\/v2\/media?parent=20532"}],"wp:term":[{"taxonomy":"category","embeddable":true,"href":"https:\/\/semmelweis.hu\/emk\/wp-json\/wp\/v2\/categories?post=20532"},{"taxonomy":"post_tag","embeddable":true,"href":"https:\/\/semmelweis.hu\/emk\/wp-json\/wp\/v2\/tags?post=20532"}],"curies":[{"name":"wp","href":"https:\/\/api.w.org\/{rel}","templated":true}]}}