{"id":2025,"date":"2024-08-06T13:55:06","date_gmt":"2024-08-06T13:55:06","guid":{"rendered":"https:\/\/test.semmelweis.hu\/barmi\/?page_id=2025"},"modified":"2024-10-11T15:57:56","modified_gmt":"2024-10-11T13:57:56","slug":"nemzetkozi-mobilitas","status":"publish","type":"page","link":"https:\/\/semmelweis.hu\/emk\/hallgatoknak\/nemzetkozi-mobilitas\/","title":{"rendered":"Nemzetk\u00f6zi mobilit\u00e1s"},"content":{"rendered":"<p style=\"text-align: justify\"><span style=\"font-weight: 400\">Az<strong> Erasmus programok<\/strong> \u00e1ltal\u00e1nos c\u00e9lkit\u0171z\u00e9se, hogy az eg\u00e9sz \u00e9leten \u00e1t tart\u00f3 tanul\u00e1s r\u00e9v\u00e9n t\u00e1mogassa a tanulm\u00e1nyi el\u0151menetelt, illetve szakmai \u00e9s szem\u00e9lyes fejl\u0151d\u00e9st az oktat\u00e1s \u00e9s a k\u00e9pz\u00e9s ter\u00fclet\u00e9n Eur\u00f3p\u00e1ban, \u00e9s ez\u00e1ltal hozz\u00e1j\u00e1ruljon a fenntarthat\u00f3 n\u00f6veked\u00e9shez, a min\u0151s\u00e9gi munkahelyek megteremt\u00e9shez, a t\u00e1rsadalmi koh\u00e9zi\u00f3hoz, az innov\u00e1ci\u00f3 el\u0151mozd\u00edt\u00e1s\u00e1hoz, valamint az eur\u00f3pai identit\u00e1s \u00e9s az akt\u00edv polg\u00e1ri szerepv\u00e1llal\u00e1s er\u0151s\u00edt\u00e9s\u00e9hez.<\/span><\/p>\n<p style=\"text-align: justify\"><span style=\"font-weight: 400\">A program lehet\u0151v\u00e9 teszi hallgat\u00f3k, oktat\u00f3k \u00e9s m\u00e1s munkat\u00e1rsak sz\u00e1m\u00e1ra, hogy <\/span><\/p>\n<ul>\n<li style=\"text-align: justify\"><span style=\"font-weight: 400\">egy <strong>m\u00e1sik eur\u00f3pai orsz\u00e1gban oktat\u00e1si, szakmai \u00e9s kultur\u00e1lis tapasztalatokat<\/strong> szerezzenek, <\/span><\/li>\n<li style=\"text-align: justify\"><span style=\"font-weight: 400\">\u00f6szt\u00f6nzi a fels\u0151oktat\u00e1si int\u00e9zm\u00e9nyek k\u00f6z\u00f6tti <strong>egy\u00fcttm\u0171k\u00f6d\u00e9sek \u00e9s strat\u00e9giai partners\u00e9gek<\/strong> kialak\u00edt\u00e1s\u00e1t, <\/span><\/li>\n<li style=\"text-align: justify\"><span style=\"font-weight: 400\">el\u0151seg\u00edti a <strong>szakpolitikai reformokat \u00e9s az oktat\u00e1si-k\u00e9pz\u00e9si rendszerek moderniz\u00e1ci\u00f3j\u00e1t<\/strong>.<\/span><\/li>\n<\/ul>\n<p><span style=\"font-weight: 400\">B\u0151vebb inform\u00e1ci\u00f3 az <strong>Erasmus programok<\/strong>r\u00f3l<\/span><a href=\"https:\/\/semmelweis.hu\/erasmus\/erasmus\/\" target=\"_blank\" rel=\"noopener\"><b>\u00a0ITT<\/b><\/a><span style=\"font-weight: 400\"> \u00e9rhet\u0151 el.<\/span><\/p>\n","protected":false},"excerpt":{"rendered":"<p>Az Erasmus programok \u00e1ltal\u00e1nos c\u00e9lkit\u0171z\u00e9se, hogy az eg\u00e9sz \u00e9leten \u00e1t tart\u00f3 tanul\u00e1s r\u00e9v\u00e9n t\u00e1mogassa a tanulm\u00e1nyi el\u0151menetelt, illetve szakmai \u00e9s szem\u00e9lyes fejl\u0151d\u00e9st az oktat\u00e1s \u00e9s a k\u00e9pz\u00e9s ter\u00fclet\u00e9n Eur\u00f3p\u00e1ban, \u00e9s ez\u00e1ltal hozz\u00e1j\u00e1ruljon a fenntarthat\u00f3 n\u00f6veked\u00e9shez, a min\u0151s\u00e9gi munkahelyek megteremt\u00e9shez, a t\u00e1rsadalmi koh\u00e9zi\u00f3hoz, az innov\u00e1ci\u00f3 el\u0151mozd\u00edt\u00e1s\u00e1hoz, valamint az eur\u00f3pai identit\u00e1s \u00e9s az akt\u00edv polg\u00e1ri szerepv\u00e1llal\u00e1s er\u0151s\u00edt\u00e9s\u00e9hez. &hellip;<\/p>\n","protected":false},"author":102350,"featured_media":0,"parent":1966,"menu_order":11,"comment_status":"closed","ping_status":"closed","template":"","meta":{"_acf_changed":false,"footnotes":""},"categories":[],"tags":[],"class_list":["post-2025","page","type-page","status-publish","hentry"],"acf":[],"_links":{"self":[{"href":"https:\/\/semmelweis.hu\/emk\/wp-json\/wp\/v2\/pages\/2025","targetHints":{"allow":["GET"]}}],"collection":[{"href":"https:\/\/semmelweis.hu\/emk\/wp-json\/wp\/v2\/pages"}],"about":[{"href":"https:\/\/semmelweis.hu\/emk\/wp-json\/wp\/v2\/types\/page"}],"author":[{"embeddable":true,"href":"https:\/\/semmelweis.hu\/emk\/wp-json\/wp\/v2\/users\/102350"}],"replies":[{"embeddable":true,"href":"https:\/\/semmelweis.hu\/emk\/wp-json\/wp\/v2\/comments?post=2025"}],"version-history":[{"count":4,"href":"https:\/\/semmelweis.hu\/emk\/wp-json\/wp\/v2\/pages\/2025\/revisions"}],"predecessor-version":[{"id":23259,"href":"https:\/\/semmelweis.hu\/emk\/wp-json\/wp\/v2\/pages\/2025\/revisions\/23259"}],"up":[{"embeddable":true,"href":"https:\/\/semmelweis.hu\/emk\/wp-json\/wp\/v2\/pages\/1966"}],"wp:attachment":[{"href":"https:\/\/semmelweis.hu\/emk\/wp-json\/wp\/v2\/media?parent=2025"}],"wp:term":[{"taxonomy":"category","embeddable":true,"href":"https:\/\/semmelweis.hu\/emk\/wp-json\/wp\/v2\/categories?post=2025"},{"taxonomy":"post_tag","embeddable":true,"href":"https:\/\/semmelweis.hu\/emk\/wp-json\/wp\/v2\/tags?post=2025"}],"curies":[{"name":"wp","href":"https:\/\/api.w.org\/{rel}","templated":true}]}}