{"id":20182,"date":"2022-11-07T11:08:00","date_gmt":"2022-11-07T10:08:00","guid":{"rendered":"https:\/\/semmelweis.hu\/emk\/?page_id=20182"},"modified":"2023-11-06T11:49:11","modified_gmt":"2023-11-06T10:49:11","slug":"szocialis-szolgaltatasok-ma-es-holnap-az-egyenlo-eselyu-hozzaferes-es-reziliens-mukodes-biztositasa-erdekeben-socio-summit-2022-konferenciakotet","status":"publish","type":"page","link":"https:\/\/semmelweis.hu\/emk\/szocialis-szolgaltatasok-ma-es-holnap-az-egyenlo-eselyu-hozzaferes-es-reziliens-mukodes-biztositasa-erdekeben-socio-summit-2022-konferenciakotet\/","title":{"rendered":"Szoci\u00e1lis szolg\u00e1ltat\u00e1sok ma \u00e9s holnap az egyenl\u0151 es\u00e9ly\u0171 hozz\u00e1f\u00e9r\u00e9s \u00e9s reziliens m\u0171k\u00f6d\u00e9s biztos\u00edt\u00e1sa \u00e9rdek\u00e9ben Socio Summit 2022 \u2013 konferenciak\u00f6tet"},"content":{"rendered":"<h1 style=\"text-align: center\"><strong>Szoci\u00e1lis szolg\u00e1ltat\u00e1sok ma \u00e9s holnap az egyenl\u0151 es\u00e9ly\u0171 hozz\u00e1f\u00e9r\u00e9s \u00e9s reziliens m\u0171k\u00f6d\u00e9s biztos\u00edt\u00e1sa \u00e9rdek\u00e9ben Socio Summit 2022 \u2013 konferenciak\u00f6tet<\/strong><\/h1>\n<p>&nbsp;<\/p>\n<div id=\"dflip_post_meta_box_shortcode\" class=\"postbox \">\n<div class=\"inside\">\n<div class=\"dflip-tabs normal-tabs\">\n<div id=\"dflip-tab-content-normal\" class=\"dflip-tab-content dflip-active\" style=\"text-align: center\"><code>&#91;dflip id=\"20184\" &#93;&#91;\/dflip&#93;<\/code><\/div>\n<\/div>\n<\/div>\n<\/div>\n","protected":false},"excerpt":{"rendered":"<p>Szoci\u00e1lis szolg\u00e1ltat\u00e1sok ma \u00e9s holnap az egyenl\u0151 es\u00e9ly\u0171 hozz\u00e1f\u00e9r\u00e9s \u00e9s reziliens m\u0171k\u00f6d\u00e9s biztos\u00edt\u00e1sa \u00e9rdek\u00e9ben Socio Summit 2022 \u2013 konferenciak\u00f6tet<br \/>\n&nbsp;<\/p>\n","protected":false},"author":102074,"featured_media":0,"parent":0,"menu_order":0,"comment_status":"closed","ping_status":"closed","template":"","meta":{"_acf_changed":false,"footnotes":""},"categories":[],"tags":[],"class_list":["post-20182","page","type-page","status-publish","hentry"],"acf":[],"_links":{"self":[{"href":"https:\/\/semmelweis.hu\/emk\/wp-json\/wp\/v2\/pages\/20182","targetHints":{"allow":["GET"]}}],"collection":[{"href":"https:\/\/semmelweis.hu\/emk\/wp-json\/wp\/v2\/pages"}],"about":[{"href":"https:\/\/semmelweis.hu\/emk\/wp-json\/wp\/v2\/types\/page"}],"author":[{"embeddable":true,"href":"https:\/\/semmelweis.hu\/emk\/wp-json\/wp\/v2\/users\/102074"}],"replies":[{"embeddable":true,"href":"https:\/\/semmelweis.hu\/emk\/wp-json\/wp\/v2\/comments?post=20182"}],"version-history":[{"count":2,"href":"https:\/\/semmelweis.hu\/emk\/wp-json\/wp\/v2\/pages\/20182\/revisions"}],"predecessor-version":[{"id":20188,"href":"https:\/\/semmelweis.hu\/emk\/wp-json\/wp\/v2\/pages\/20182\/revisions\/20188"}],"wp:attachment":[{"href":"https:\/\/semmelweis.hu\/emk\/wp-json\/wp\/v2\/media?parent=20182"}],"wp:term":[{"taxonomy":"category","embeddable":true,"href":"https:\/\/semmelweis.hu\/emk\/wp-json\/wp\/v2\/categories?post=20182"},{"taxonomy":"post_tag","embeddable":true,"href":"https:\/\/semmelweis.hu\/emk\/wp-json\/wp\/v2\/tags?post=20182"}],"curies":[{"name":"wp","href":"https:\/\/api.w.org\/{rel}","templated":true}]}}