{"id":20113,"date":"2022-10-05T12:09:38","date_gmt":"2022-10-05T10:09:38","guid":{"rendered":"https:\/\/semmelweis.hu\/emk\/?page_id=20113"},"modified":"2023-11-06T12:04:05","modified_gmt":"2023-11-06T11:04:05","slug":"20113-2","status":"publish","type":"page","link":"https:\/\/semmelweis.hu\/emk\/20113-2\/","title":{"rendered":"PROJEKTBEMUTAT\u00d3 KONFERENCIA  \u00c9S TAN\u00daS\u00cdTV\u00c1NY-\u00c1TAD\u00d3 \u00dcNNEPS\u00c9G"},"content":{"rendered":"<p><strong>PROJEKTBEMUTAT\u00d3 KONFERENCIA <\/strong><strong>\u00c9S TAN\u00daS\u00cdTV\u00c1NY-\u00c1TAD\u00d3 \u00dcNNEPS\u00c9G<\/strong><\/p>\n<p><strong>\u00a0<\/strong><\/p>\n<p>&nbsp;<\/p>\n<p>&nbsp;<\/p>\n<div class=\"keretes\">\n<p><span style=\"font-size: 12pt\"><strong>Id\u0151pont:<\/strong><strong>\u00a0\u00a0\u00a0 <\/strong><strong>2022. okt\u00f3ber 20. 10.00 \u00f3ra<br \/>\n<\/strong><\/span><span style=\"font-size: 12pt\"><span style=\"font-size: 12pt\"><strong>Helysz\u00edn:<\/strong><strong> \u00a0 <\/strong><strong>Katedra Nyelviskola, Budapest V. Anker k\u00f6z 1<\/strong><strong>.<br \/>\n<span style=\"font-size: 14pt\"><a href=\"https:\/\/forms.gle\/1XFGi1cPkQRKVMTf9\">Jelentkezni IDE kattintva lehets\u00e9ges!<\/a><\/span><\/strong><\/span><\/span><\/p>\n<\/div>\n<p><span style=\"font-size: 12pt\"><strong>PROGRAM<\/strong><strong><\/p>\n<p><\/strong><\/span><\/p>\n<p><span style=\"font-size: 12pt\">9:00 &#8211; 10:00\u00a0\u00a0\u00a0\u00a0\u00a0\u00a0\u00a0 \u00c9RKEZ\u00c9S, REGISZTR\u00c1CI\u00d3<\/span><\/p>\n<p><span style=\"font-size: 12pt\">10:00 &#8211; 10:20\u00a0\u00a0\u00a0\u00a0\u00a0 <strong>MEGNYIT\u00c1S, K\u00d6SZ\u00d6NT\u0150<\/strong><\/span><\/p>\n<p><span style=\"font-size: 12pt\">Prof. Dr. Sz\u00f3cska Mikl\u00f3s d\u00e9k\u00e1n<\/span><\/p>\n<p><span style=\"font-size: 12pt\">Semmelweis Egyetem, Eg\u00e9szs\u00e9g\u00fcgyi K\u00f6zszolg\u00e1lati Kar<\/span><\/p>\n<p><span style=\"font-size: 12pt\">\u00a0\u00a0\u00a0\u00a0\u00a0\u00a0\u00a0\u00a0\u00a0\u00a0\u00a0\u00a0\u00a0\u00a0\u00a0\u00a0\u00a0\u00a0\u00a0\u00a0\u00a0\u00a0\u00a0\u00a0\u00a0 <strong>SZAKMAI EL\u0150AD\u00c1SOK<\/strong><\/span><\/p>\n<p><span style=\"font-size: 12pt\">10.20 \u2013 10.50\u00a0\u00a0\u00a0 <strong>Nem dolgoz\u00f3, nem tanul\u00f3 (NEET) fiatalok. \u2013 A probl\u00e9ma jelent\u0151s\u00e9ge \u00e9s a\u00a0 szoci\u00e1lis szolg\u00e1ltat\u00e1sok lehet\u0151s\u00e9gei<\/strong><\/span><\/p>\n<p><span style=\"font-size: 12pt\">\u00a0\u00a0\u00a0\u00a0\u00a0\u00a0\u00a0\u00a0\u00a0\u00a0\u00a0\u00a0\u00a0\u00a0\u00a0\u00a0\u00a0\u00a0\u00a0\u00a0\u00a0\u00a0\u00a0\u00a0\u00a0 Dr. Tausz Katalin szakmai vezet\u0151, Konszenzus Alap\u00edtv\u00e1ny Budapesti Szervezete<\/span><\/p>\n<p><span style=\"font-size: 12pt\">10.50 \u2013 11.20\u00a0\u00a0\u00a0 <strong>Mondj nemet a bullyingra! Bullying a nem tanul\u00f3, nem dolgoz\u00f3 tanul\u00f3k<\/strong><\/span><\/p>\n<p><span style=\"font-size: 12pt\"><strong>\u00a0\u00a0\u00a0\u00a0\u00a0\u00a0\u00a0\u00a0\u00a0\u00a0\u00a0\u00a0\u00a0\u00a0\u00a0\u00a0\u00a0\u00a0\u00a0\u00a0\u00a0\u00a0\u00a0\u00a0\u00a0 k\u00f6r\u00e9ben &#8211; az Erasmus 2020-1-HU01-KA204-078736 projekt bemutat\u00e1sa<\/strong><\/span><\/p>\n<p><span style=\"font-size: 12pt\"><em>\u00a0\u00a0\u00a0\u00a0\u00a0\u00a0\u00a0\u00a0\u00a0\u00a0\u00a0\u00a0\u00a0\u00a0\u00a0\u00a0\u00a0\u00a0\u00a0\u00a0\u00a0\u00a0\u00a0\u00a0\u00a0 <\/em>Kun Zsuzsa projektmenedzser, Konszenzus Alap\u00edtv\u00e1ny Budapesti Szervezete<\/span><\/p>\n<p><span style=\"font-size: 12pt\">11.20 \u2013 11.35\u00a0\u00a0\u00a0\u00a0 F\u00f6venyessy Petra<\/span><\/p>\n<p><span style=\"font-size: 12pt\"><strong>A projektmunka eszk\u00f6zt\u00e1ra a hat\u00e9konyabb gyermekv\u00e9delmi szolg\u00e1ltat\u00e1s\u00e1hoz\u00a0\u2013 projektmunka bemutat\u00e1sa<\/strong><\/span><\/p>\n<p><span style=\"font-size: 12pt\">\u00a0\u00a0\u00a0\u00a0\u00a0\u00a0\u00a0\u00a0\u00a0\u00a0\u00a0\u00a0\u00a0\u00a0\u00a0\u00a0\u00a0\u00a0\u00a0\u00a0\u00a0\u00a0\u00a0\u00a0\u00a0 Bolyai Gyermekotthoni K\u00f6zpont, Budapest<\/span><\/p>\n<p><span style=\"font-size: 12pt\">11.35 \u2013 11.50\u00a0\u00a0\u00a0\u00a0 Projektmunka bemutat\u00e1s<\/span><\/p>\n<p><span style=\"font-size: 12pt\">\u00a0\u00a0\u00a0\u00a0\u00a0\u00a0\u00a0\u00a0\u00a0\u00a0\u00a0\u00a0\u00a0\u00a0\u00a0\u00a0\u00a0\u00a0\u00a0\u00a0\u00a0\u00a0\u00a0\u00a0\u00a0 egyeztet\u00e9s alatt<\/span><\/p>\n<p><span style=\"font-size: 12pt\">\u00a0\u00a0\u00a0\u00a0\u00a0\u00a0\u00a0\u00a0\u00a0\u00a0\u00a0\u00a0\u00a0\u00a0\u00a0\u00a0\u00a0\u00a0\u00a0\u00a0\u00a0\u00a0\u00a0\u00a0\u00a0 Semmelweis Egyetem, Szoci\u00e1lis Vezet\u0151k\u00e9pz\u0151 Tud\u00e1sk\u00f6zpont<\/span><\/p>\n<p><span style=\"font-size: 12pt\">11.50 \u2013 12.20\u00a0\u00a0\u00a0\u00a0 SZENDVICSEB\u00c9D<\/span><\/p>\n<p><span style=\"font-size: 12pt\">12.20 \u2013 13.00\u00a0\u00a0\u00a0\u00a0 <strong>A Mondj nemet a bullyingra! projekt term\u00e9keinek bemutat\u00e1sa<\/strong>: k\u00e9zik\u00f6nyv, tananyag \u00e9s a bullying megel\u0151z\u00e9s\u00e9t szolg\u00e1l\u00f3 j\u00e1t\u00e9k<\/span><\/p>\n<p><span style=\"font-size: 12pt\">13.00 \u2013 13.30\u00a0\u00a0\u00a0\u00a0 K\u00e9rd\u00e9sek, v\u00e1laszok, kapcsol\u00f3d\u00e1si pontok megbesz\u00e9l\u00e9se<\/span><\/p>\n<p><span style=\"font-size: 12pt\">13.30 \u2013 13.45<strong>\u00a0\u00a0\u00a0\u00a0 A tan\u00fas\u00edtv\u00e1nyt szerzett hallgat\u00f3k k\u00f6sz\u00f6nt\u00e9se<\/strong><\/span><\/p>\n<p><span style=\"font-size: 12pt\"><strong>\u00a0\u00a0\u00a0\u00a0\u00a0\u00a0\u00a0\u00a0\u00a0\u00a0\u00a0\u00a0\u00a0\u00a0\u00a0\u00a0\u00a0\u00a0\u00a0\u00a0\u00a0\u00a0\u00a0\u00a0\u00a0 <\/strong>Dr. Sz\u00f3cska Mikl\u00f3s d\u00e9k\u00e1n<\/span><\/p>\n<p><span style=\"font-size: 12pt\">\u00a0\u00a0\u00a0\u00a0\u00a0\u00a0\u00a0\u00a0\u00a0\u00a0\u00a0\u00a0\u00a0\u00a0\u00a0\u00a0\u00a0\u00a0\u00a0\u00a0\u00a0\u00a0\u00a0\u00a0\u00a0 Dr. Juh\u00e1sz P\u00e9ter<\/span><\/p>\n<p><span style=\"font-size: 12pt\">\u00a0\u00a0\u00a0\u00a0\u00a0\u00a0\u00a0\u00a0\u00a0\u00a0\u00a0\u00a0\u00a0\u00a0\u00a0\u00a0\u00a0\u00a0\u00a0\u00a0\u00a0\u00a0\u00a0\u00a0\u00a0 Semmelweis Egyetem Eg\u00e9szs\u00e9g\u00fcgyi K\u00f6zszolg\u00e1lati Kar<\/span><\/p>\n<p><span style=\"font-size: 12pt\">13.45 \u2013 14.00\u00a0\u00a0\u00a0\u00a0 <strong>Tan\u00fas\u00edtv\u00e1nyok \u00fcnnep\u00e9lyes \u00e1tad\u00e1sa<\/strong><\/span><\/p>\n<p><span style=\"font-size: 12pt\">14.00\u00a0\u00a0\u00a0\u00a0\u00a0\u00a0\u00a0\u00a0\u00a0\u00a0\u00a0\u00a0\u00a0\u00a0\u00a0\u00a0 Z\u00c1R\u00c1S<\/span><\/p>\n<p><span style=\"font-size: 12pt\">A konferenci\u00e1ra 50 f\u0151t \u00e1ll m\u00f3dunkban el\u0151zetes jelentkez\u00e9s alapj\u00e1n fogadni. Jelentkez\u00e9si hat\u00e1rid\u0151: 2022. 10. 15.<\/span><\/p>\n<h1>\u00a0<\/h1>\n","protected":false},"excerpt":{"rendered":"<p>PROJEKTBEMUTAT\u00d3 KONFERENCIA \u00c9S TAN\u00daS\u00cdTV\u00c1NY-\u00c1TAD\u00d3 \u00dcNNEPS\u00c9G \u00a0 &nbsp; &nbsp; Id\u0151pont:\u00a0\u00a0\u00a0 2022. okt\u00f3ber 20. 10.00 \u00f3ra Helysz\u00edn: \u00a0 Katedra Nyelviskola, Budapest V. Anker k\u00f6z 1. <a href=\"https:\/\/forms.gle\/1XFGi1cPkQRKVMTf9\">Jelentkezni IDE kattintva lehets\u00e9ges!<\/a> PROGRAM 9:00 &#8211; 10:00\u00a0\u00a0\u00a0\u00a0\u00a0\u00a0\u00a0 \u00c9RKEZ\u00c9S, REGISZTR\u00c1CI\u00d3 10:00 &#8211; 10:20\u00a0\u00a0\u00a0\u00a0\u00a0 MEGNYIT\u00c1S, K\u00d6SZ\u00d6NT\u0150 Prof. Dr. Sz\u00f3cska Mikl\u00f3s d\u00e9k\u00e1n Semmelweis Egyetem, Eg\u00e9szs\u00e9g\u00fcgyi K\u00f6zszolg\u00e1lati Kar \u00a0\u00a0\u00a0\u00a0\u00a0\u00a0\u00a0\u00a0\u00a0\u00a0\u00a0\u00a0\u00a0\u00a0\u00a0\u00a0\u00a0\u00a0\u00a0\u00a0\u00a0\u00a0\u00a0\u00a0\u00a0 SZAKMAI EL\u0150AD\u00c1SOK 10.20 \u2013 10.50\u00a0\u00a0\u00a0 Nem dolgoz\u00f3, nem tanul\u00f3 (NEET) &hellip;<\/p>\n","protected":false},"author":102074,"featured_media":0,"parent":0,"menu_order":0,"comment_status":"closed","ping_status":"closed","template":"","meta":{"_acf_changed":false,"footnotes":""},"categories":[],"tags":[],"class_list":["post-20113","page","type-page","status-publish","hentry"],"acf":[],"_links":{"self":[{"href":"https:\/\/semmelweis.hu\/emk\/wp-json\/wp\/v2\/pages\/20113","targetHints":{"allow":["GET"]}}],"collection":[{"href":"https:\/\/semmelweis.hu\/emk\/wp-json\/wp\/v2\/pages"}],"about":[{"href":"https:\/\/semmelweis.hu\/emk\/wp-json\/wp\/v2\/types\/page"}],"author":[{"embeddable":true,"href":"https:\/\/semmelweis.hu\/emk\/wp-json\/wp\/v2\/users\/102074"}],"replies":[{"embeddable":true,"href":"https:\/\/semmelweis.hu\/emk\/wp-json\/wp\/v2\/comments?post=20113"}],"version-history":[{"count":8,"href":"https:\/\/semmelweis.hu\/emk\/wp-json\/wp\/v2\/pages\/20113\/revisions"}],"predecessor-version":[{"id":20124,"href":"https:\/\/semmelweis.hu\/emk\/wp-json\/wp\/v2\/pages\/20113\/revisions\/20124"}],"wp:attachment":[{"href":"https:\/\/semmelweis.hu\/emk\/wp-json\/wp\/v2\/media?parent=20113"}],"wp:term":[{"taxonomy":"category","embeddable":true,"href":"https:\/\/semmelweis.hu\/emk\/wp-json\/wp\/v2\/categories?post=20113"},{"taxonomy":"post_tag","embeddable":true,"href":"https:\/\/semmelweis.hu\/emk\/wp-json\/wp\/v2\/tags?post=20113"}],"curies":[{"name":"wp","href":"https:\/\/api.w.org\/{rel}","templated":true}]}}