{"id":19898,"date":"2022-06-16T14:21:29","date_gmt":"2022-06-16T12:21:29","guid":{"rendered":"https:\/\/semmelweis.hu\/emk\/?page_id=19898"},"modified":"2023-11-06T11:47:33","modified_gmt":"2023-11-06T10:47:33","slug":"szvk-forum-2022-junius-1-a-szocialis-szolgaltatasok-erdekkepviselete-erdekvedelme","status":"publish","type":"page","link":"https:\/\/semmelweis.hu\/emk\/szvk-forum-2022-junius-1-a-szocialis-szolgaltatasok-erdekkepviselete-erdekvedelme\/","title":{"rendered":"SZVK F\u00f3rum \u2013 2022. j\u00fanius 1. &#8211; A szoci\u00e1lis szolg\u00e1ltat\u00e1sok \u00e9rdekk\u00e9pviselete\/\u00e9rdekv\u00e9delme"},"content":{"rendered":"<p><strong>SZVK F\u00f3rum \u2013 2022. j\u00fanius 1. &#8211; A szoci\u00e1lis szolg\u00e1ltat\u00e1sok \u00e9rdekk\u00e9pviselete\/\u00e9rdekv\u00e9delme<\/strong><\/p>\n<p>&nbsp;<\/p>\n<p>2022. j\u00fanius 1-e ak\u00e1r eml\u00e9kezetes nap is lehetett volna sz\u00e1munkra, hiszen a vil\u00e1gj\u00e1rv\u00e1ny s\u00fajtotta, hossz\u00fa id\u0151szak ut\u00e1n \u00fajra szem\u00e9lyes form\u00e1ban is el\u00e9rhet\u0151v\u00e9 v\u00e1lt az <strong>SZVK F\u00f3rum<\/strong>.<\/p>\n<p style=\"text-align: justify\">A F\u00f3rum mindig egy-egy adott t\u00e9ma k\u00f6r\u00fcl biztos\u00edt keretet a v\u00e9lem\u00e9nyform\u00e1l\u00e1sra, vit\u00e1kra, \u00fcgyeink \u201emegbesz\u00e9l\u00e9s\u00e9re\u201d. A F\u00f3rumok t\u00e9m\u00e1it eddig is ti jelezt\u00e9tek, javasolt\u00e1tok, \u00e9s ezek k\u00f6z\u00fcl a kiv\u00e1lasztott most az \u00e9rdekk\u00e9pviselet, \u00e9rdekv\u00e9delem lett.<\/p>\n<p style=\"text-align: justify\">V\u00e9g\u00fcl a szem\u00e9lyes jelenl\u00e9t rendk\u00edv\u00fcl alacsony sz\u00e1m\u00fa lett, mind\u00f6ssze k\u00e9t, kedves volt hallgat\u00f3nk tisztelt meg minket s az online form\u00e1t sem v\u00e1lasztott\u00e1k t\u00f6megek, \u00edgy ez m\u00e1r \u00f6nmag\u00e1ban is t\u00f6bb k\u00e9rd\u00e9st gener\u00e1lt a vend\u00e9geink fel\u00e9.<\/p>\n<p style=\"text-align: justify\">A panelbesz\u00e9lget\u00e9s vend\u00e9gei k\u00f6z\u00fcl online form\u00e1ban volt vel\u00fcnk <strong>Sz\u0171cs Vikt\u00f3ria<\/strong>, a B\u00f6lcs\u0151dei Dolgoz\u00f3k Demokratikus Szakszervezet\u00e9nek (BDDSZ) eln\u00f6ke, a Szakszervezetek Egy\u00fcttm\u0171k\u00f6d\u00e9si F\u00f3ruma (SZEF) aleln\u00f6ke, az Eur\u00f3pai Bizotts\u00e1g Koragyermekkori Nevel\u00e9s, Gondoz\u00e1s Munkacsoportj\u00e1nak Eur\u00f3pai K\u00f6zszolg\u00e1lati Szakszervezeti Sz\u00f6vets\u00e9g (EPSU) munkav\u00e1llal\u00f3i k\u00e9pvisel\u0151je, az eur\u00f3pai szint\u0171 Szoci\u00e1lis Szolg\u00e1ltat\u00e1sok \u00c1gazati Szoci\u00e1lis P\u00e1rbesz\u00e9d Bizotts\u00e1g munkav\u00e1llal\u00f3i k\u00e9pvisel\u0151i csoportj\u00e1nak tagja valamint <strong>Kocsis J\u00f3zsef<\/strong>, a Szoci\u00e1lis Igazgat\u00f3k \u00e9s Szakemberek Magyarorsz\u00e1gi Egyes\u00fclet\u00e9nek (SZIME) eln\u00f6ke, szem\u00e9lyesen pedig <strong>Dr. Kr\u00e9mer Bal\u00e1zs<\/strong>, egyetemi docens (Debreceni Egyetem), a Szoci\u00e1lis Szakmai Sz\u00f6vets\u00e9g (3SZ) kor\u00e1bbi eln\u00f6ke,<strong> Dr. Petri G\u00e1bor<\/strong>, a Mozg\u00e1skorl\u00e1tozottak Egyes\u00fcleteinek Orsz\u00e1gos Sz\u00f6vets\u00e9ge (MEOSZ) nemzetk\u00f6zi koordin\u00e1tora.<\/p>\n<p style=\"text-align: justify\">A besz\u00e9lget\u00e9s els\u0151 fel\u00e9ben a megh\u00edvottak 10-10 perces keretben bemutatt\u00e1k a k\u00e9pviselt szervezet\u00fck \u00e9s saj\u00e1t, \u00e9rdekv\u00e9delmi munk\u00e1juk f\u0151bb tapasztalatait, sikereiket, f\u0151bb feladataikat.<\/p>\n<p style=\"text-align: justify\"><em>Sz\u0171cs Viktoria<\/em> eln\u00f6k asszony h\u00e1rom fontos pill\u00e9rk\u00e9nt fogalmazta meg a jogszab\u00e1ly\u00e9rt\u00e9kel\u00e9st \u00e9s \u2013kezdem\u00e9nyez\u00e9st, a b\u00e9rharcot \u00e9s a konkr\u00e9t, b\u00edr\u00f3s\u00e1gi \u00fcgyekben val\u00f3 sikeres elj\u00e1r\u00e1st. Jelent\u0151s l\u00e9p\u00e9sk\u00e9nt \u00e9rt\u00e9kelte a SZ\u00c1\u00c9F (Szoci\u00e1lis \u00c1gazati \u00c9rdekegyeztet\u0151 F\u00f3rum) \u00e9letre h\u00edv\u00e1s\u00e1t \u00e9s m\u0171k\u00f6d\u00e9s\u00e9t. Konkr\u00e9t sikerk\u00e9nt eml\u00edtette m\u00e9g a b\u00f6lcs\u0151dei dolgoz\u00f3k \u201emegv\u00e9d\u00e9s\u00e9t a kiszervez\u00e9st\u0151l\u201d \u00e9s a munkaruha \u00fcgy\u00e9nek eredm\u00e9nyes kezel\u00e9s\u00e9t. Kritikak\u00e9nt hangzott el, hogy hi\u00e1nyzik az \u00e1gazatb\u00f3l egy munk\u00e1ltat\u00f3i sz\u00f6vets\u00e9g, hiszen a BDDSZ nem a fenntart\u00f3k vagy az int\u00e9zm\u00e9nyvezet\u0151k \u00e9s a dolgoz\u00f3k k\u00f6z\u00f6tt \u00e1ll, hanem minden szerepl\u0151vel egy\u00fcttm\u0171k\u00f6dve szeretn\u00e9 c\u00e9ljait megval\u00f3s\u00edtani. V\u00e9lem\u00e9nye szerint a szoci\u00e1lis \u00e1gazat \u00e9rdekk\u00e9pviselet \u2013 EU-s szinten is \u2013 hat\u00e1rozottan rosszul szervezett.<\/p>\n<p style=\"text-align: justify\"><em>Kocsis J\u00f3zsef<\/em> eln\u00f6k \u00far els\u0151k\u00e9nt a Szoci\u00e1lis Munka Napja t\u00e9rnyer\u00e9s\u00e9t eml\u00edtette meg sikerk\u00e9nt (b\u00e1r sz\u00fcks\u00e9gesnek tartana egy n\u00e9vv\u00e1ltoztat\u00e1st is, hiszen lehetne e nap a szoci\u00e1lis munk\u00e1sok napja is). Els\u0151dleges c\u00e9lj\u00fck, hogy \u201er\u00f3luk-n\u00e9lk\u00fcl\u00fck\u201d ne hozzanak d\u00f6nt\u00e9st, \u00e9s els\u0151sorban ne \u201eoldalr\u00f3l kiab\u00e1ljunk\u201d be. A konstrukt\u00edv egy\u00fcttm\u0171k\u00f6d\u00e9s h\u00edve, ennek jegy\u00e9ben szervezet strat\u00e9giai egy\u00fcttm\u0171k\u00f6d\u00e9st is k\u00f6t\u00f6tt a korm\u00e1nyzattal. B\u00e1r most sz\u00fcnetet tartottak, de kiemelte az \u00e9ves konferenci\u00e1k gyakorlat\u00e1t, de f\u00e1jlalja, hogy nincsenek f\u00f3rumaink a szakm\u00e1ban.<\/p>\n<p style=\"text-align: justify\"><em>Kr\u00e9mer Bal\u00e1zs<\/em> egy \u00e9rdekfesz\u00edt\u0151, t\u00f6rt\u00e9neti \u00e9s elvi kitekint\u00e9seket is mag\u00e1ban foglal\u00f3 \u2013 egyetemi \u00f3r\u00e1nak is helyt\u00e1ll\u00f3 \u2013 bevezet\u0151t tartott, amelyb\u0151l kider\u00fclt, hogy a k\u00f6zszolg\u00e1ltat\u00e1sokat folytat\u00f3 \u00e1gazatok soha nem voltak j\u00f3 helyzetben (korokt\u00f3l \u00e9s korm\u00e1nyzatokt\u00f3l f\u00fcggetlen\u00fcl is). A franciaorsz\u00e1gi p\u00e9ld\u00e1kat eml\u00edtette, ahol vannak eszk\u00f6z\u00f6k \u00e9s cselekv\u00e9sek az egyes \u00e9rdekpontok el\u00e9r\u00e9s\u00e9re. V\u00e9lem\u00e9nye szerint ma m\u00e1r ink\u00e1bb \u201eidentit\u00e1s harcok\u201d veszik \u00e1t a val\u00f3di \u00e9rdekegyeztet\u00e9s \u00e9s \u2013k\u00e9pviselet hely\u00e9t. Bizonyos m\u00e9rt\u00e9kben a 3SZ kudarcak\u00e9nt \u00e9rt\u00e9kelte, hogy a szoci\u00e1lis munka etikai k\u00f3dexe nem v\u00e1lt a teljes \u00e1gazat alapdokumentum\u00e1v\u00e1, valamint a teljes \u00e1gazatb\u00f3l hi\u00e1nyolja az \u201e\u00f6n\u00e1ll\u00f3 arc\u201d megjelen\u00e9s\u00e9t (ak\u00e1r egy alkalmas szem\u00e9ly k\u00e9p\u00e9ben).<\/p>\n<p style=\"text-align: justify\"><em>Petri G\u00e1bor<\/em> bevezet\u00e9s\u00e9ben a MEOSZ \u00e9rdekv\u00e9delmi szerep\u00e9t \u00e9s siker\u00e9t bemutatva azt er\u0151s\u00edtette meg, hogy az \u201eazonos helyzetben\u201d l\u00e9v\u0151 emberek t\u00e1rsadalmi mozgalma \u00e1ll a szervezet nagys\u00e1ga \u00e9s ereje m\u00f6g\u00f6tt. V\u00e9lem\u00e9nye szerint val\u00f3j\u00e1ban a \u201et\u00e1rsadalmi v\u00e1ltoz\u00e1sok\u00e9rt\u201d val\u00f3 k\u00fczdelem a kulcs, ahol mor\u00e1lis k\u00e9rd\u00e9sek \u00e9s \u00e1ll\u00edt\u00e1sok ment\u00e9n, a legitimit\u00e1s \u00e9s reprezentativit\u00e1s probl\u00e9m\u00e1in kereszt\u00fcl juthatunk a 21. sz\u00e1zadi \u00e9rdekv\u00e9delemig. Kiemelte a spontaneit\u00e1s \u00e9s az inform\u00e1ci\u00f3\u00e1raml\u00e1s szerep\u00e9t \u00e9s jelent\u0151s\u00e9g\u00e9t a mai mozgalmak m\u0171k\u00f6d\u0151k\u00e9pess\u00e9ge kapcs\u00e1n.<\/p>\n<p style=\"text-align: justify\">Az egyetlen, el\u0151zetesen be\u00e9rkezett k\u00e9rd\u00e9s kapcs\u00e1n a r\u00e9sztvev\u0151k elemezt\u00e9k a BDDSZ siker\u00e9nek l\u00e9pcs\u0151it \u00e9s \u00f6sszetev\u0151it: szakmai \u00e9s munkav\u00e1llal\u00f3i \u00e9rdekv\u00e9delem egy\u00fcttm\u0171k\u00f6d\u00e9se, j\u00f3 korm\u00e1nyzati kapcsolatok, stigmatiz\u00e1ci\u00f3t\u00f3l mentes c\u00e9lcsoport, \u00e1llami elk\u00f6telez\u0151d\u00e9s, a fejleszt\u00e9sekben val\u00f3 partners\u00e9gi viszony \u00e9s rendszeres p\u00e1rbesz\u00e9d adj\u00e1k ki a megfelel\u0151 \u201ereceptet\u201d.<\/p>\n<p style=\"text-align: justify\">A szoci\u00e1lis \u00e1gazat \u00e9rdekk\u00e9pviselet kapcs\u00e1n kibontakoz\u00f3 vit\u00e1ban \u2013 amelyben minden r\u00e9sztvev\u0151 akt\u00edv szerepet v\u00e1llalt \u2013 sokf\u00e9le probl\u00e9ma felt\u00e9rk\u00e9pez\u00e9sre ker\u00fclt. Petri G\u00e1bor kiemelte a mai bizalomhi\u00e1nyos t\u00e1rsadalmi m\u0171k\u00f6d\u00e9st, ahol er\u0151s kif\u00e1rad\u00e1s (v\u00e1ls\u00e1gok egym\u00e1s ut\u00e1n egy meggyeng\u00fclt \u00e1gazatban) a jellemz\u0151 \u00e9s nagyon hi\u00e1nyzik a szolg\u00e1ltat\u00e1si min\u0151s\u00e9gm\u00e9r\u00e9s is. Kr\u00e9mer Bal\u00e1zs r\u00e1mutatott, hogy a reformok nem forradalmak \u201emell\u00e9kterm\u00e9kek\u00e9nt\u201d sz\u00fclettek, ezek a rendszerkudarcok sokkal ink\u00e1bb a gyenge \u00e9rdek\u00e9rv\u00e9nyes\u00edt\u00e9snek \u00e9s az egy\u00fcttm\u0171k\u00f6d\u00e9s hi\u00e1ny\u00e1nak tudhat\u00f3k be. Kocsis J\u00f3zsef kiemelte, hogy ne csak k\u00f6vetelj\u00fcnk folyton, hanem a pozit\u00edv, j\u00f3 p\u00e9ld\u00e1k is kapjanak meger\u0151s\u00edt\u00e9st, elismer\u00e9st. Sz\u0171cs Vikt\u00f3ria hozz\u00e1tette, hogy sok munk\u00e1ltat\u00f3 v\u00e1rja a k\u00fcls\u0151 \u00f6szt\u00f6nz\u00e9st \u00e9s legink\u00e1bb az elv\u00e1r\u00e1sok ment\u00e9n tudja elk\u00e9pzelni a m\u0171k\u00f6d\u00e9st, amely \u00edgy elvesz\u00edti az \u00f6n\u00e1ll\u00f3s\u00e1g\u00e1t \u00e9s kezdem\u00e9nyez\u0151k\u00e9szs\u00e9g\u00e9t. \u00c1m alapvet\u0151en fiatal szakma a szoci\u00e1lis ter\u00fclet, s v\u00e9gs\u0151soron b\u00e1rmikor megtal\u00e1lhatja identit\u00e1s\u00e1t.<\/p>\n<p style=\"text-align: justify\">A panelbesz\u00e9lget\u00e9s r\u00e9sztevev\u0151ib\u0151l is t\u00f6bben sz\u00f3t k\u00e9rtek \u00e9s tov\u00e1bb \u00e1rnyalt\u00e1k a k\u00e9pet. V\u00e9gs\u0151soron sz\u00e1mos hasznos, j\u00f3 mun\u00edci\u00f3t kaphatott, aki r\u00e9sztvett ezen az alkalmon. Konszenzus alakult ki abban, hogy v\u00e1ltoz\u00e1sokat csakis k\u00f6z\u00f6s, \u00e9rt\u00e9kekre alapul\u00f3 c\u00e9lkit\u0171z\u00e9s ment\u00e9n \u00e9rdemes v\u00e9giggondolni \u00e9s elind\u00edtani, ahol alapvet\u0151 k\u00e9rd\u00e9s \u00e9s feladat \u2013 \u00f6n\u00e1ll\u00f3 megjelen\u00e9s mellett \u2013 az \u00e1gazat \u00e1ltal kezelt probl\u00e9m\u00e1k t\u00e1rsadalmas\u00edt\u00e1sa \u00e9s a szakmai identit\u00e1s \u00fajrafogalmaz\u00e1sa.<\/p>\n<p>&nbsp;<\/p>\n<p>Ez\u00faton is k\u00f6sz\u00f6nj\u00fck minden \u00e9rdekl\u0151d\u0151 szem\u00e9lyes vagy az online r\u00e9szv\u00e9tel\u00e9t, valamint vend\u00e9geink akt\u00edv r\u00e9szv\u00e9tel\u00e9t az SZVK F\u00f3rumon!<\/p>\n<p>Semmelweis Egyetem Szoci\u00e1lis Vezet\u0151k\u00e9pz\u0151 Tud\u00e1sk\u00f6zpont szervez\u0151 csapata<\/p>\n","protected":false},"excerpt":{"rendered":"<p>SZVK F\u00f3rum \u2013 2022. j\u00fanius 1. &#8211; A szoci\u00e1lis szolg\u00e1ltat\u00e1sok \u00e9rdekk\u00e9pviselete\/\u00e9rdekv\u00e9delme &nbsp; 2022. j\u00fanius 1-e ak\u00e1r eml\u00e9kezetes nap is lehetett volna sz\u00e1munkra, hiszen a vil\u00e1gj\u00e1rv\u00e1ny s\u00fajtotta, hossz\u00fa id\u0151szak ut\u00e1n \u00fajra szem\u00e9lyes form\u00e1ban is el\u00e9rhet\u0151v\u00e9 v\u00e1lt az SZVK F\u00f3rum. A F\u00f3rum mindig egy-egy adott t\u00e9ma k\u00f6r\u00fcl biztos\u00edt keretet a v\u00e9lem\u00e9nyform\u00e1l\u00e1sra, vit\u00e1kra, \u00fcgyeink \u201emegbesz\u00e9l\u00e9s\u00e9re\u201d. A F\u00f3rumok t\u00e9m\u00e1it &hellip;<\/p>\n","protected":false},"author":102074,"featured_media":0,"parent":0,"menu_order":0,"comment_status":"closed","ping_status":"closed","template":"","meta":{"_acf_changed":false,"footnotes":""},"categories":[],"tags":[],"class_list":["post-19898","page","type-page","status-publish","hentry"],"acf":[],"_links":{"self":[{"href":"https:\/\/semmelweis.hu\/emk\/wp-json\/wp\/v2\/pages\/19898","targetHints":{"allow":["GET"]}}],"collection":[{"href":"https:\/\/semmelweis.hu\/emk\/wp-json\/wp\/v2\/pages"}],"about":[{"href":"https:\/\/semmelweis.hu\/emk\/wp-json\/wp\/v2\/types\/page"}],"author":[{"embeddable":true,"href":"https:\/\/semmelweis.hu\/emk\/wp-json\/wp\/v2\/users\/102074"}],"replies":[{"embeddable":true,"href":"https:\/\/semmelweis.hu\/emk\/wp-json\/wp\/v2\/comments?post=19898"}],"version-history":[{"count":1,"href":"https:\/\/semmelweis.hu\/emk\/wp-json\/wp\/v2\/pages\/19898\/revisions"}],"predecessor-version":[{"id":19899,"href":"https:\/\/semmelweis.hu\/emk\/wp-json\/wp\/v2\/pages\/19898\/revisions\/19899"}],"wp:attachment":[{"href":"https:\/\/semmelweis.hu\/emk\/wp-json\/wp\/v2\/media?parent=19898"}],"wp:term":[{"taxonomy":"category","embeddable":true,"href":"https:\/\/semmelweis.hu\/emk\/wp-json\/wp\/v2\/categories?post=19898"},{"taxonomy":"post_tag","embeddable":true,"href":"https:\/\/semmelweis.hu\/emk\/wp-json\/wp\/v2\/tags?post=19898"}],"curies":[{"name":"wp","href":"https:\/\/api.w.org\/{rel}","templated":true}]}}