{"id":19798,"date":"2022-05-17T11:23:32","date_gmt":"2022-05-17T09:23:32","guid":{"rendered":"https:\/\/semmelweis.hu\/emk\/?page_id=19798"},"modified":"2023-11-06T11:46:14","modified_gmt":"2023-11-06T10:46:14","slug":"szvk-forum-2021-10-09","status":"publish","type":"page","link":"https:\/\/semmelweis.hu\/emk\/szvk-forum-2021-10-09\/","title":{"rendered":"SZVK F\u00f3rum 2021.10.09"},"content":{"rendered":"<div><strong>2020. okt\u00f3ber 9. &#8211;\u00a0<span class=\"il\">SZVK<\/span>\u00a0F\u00f3rum<\/strong><\/div>\n<div>\n<div>\n<div dir=\"auto\">\u00a0<\/div>\n<div dir=\"auto\" style=\"text-align: justify\">Fontosnak tartjuk, hogy a szoci\u00e1lis vezet\u0151k\u00e9pz\u00e9s keretet adjon, \u00e9s min\u00e9l jobban szolg\u00e1lhassa a hasznos \u00e9s eredm\u00e9nyes szakmai p\u00e1rbesz\u00e9det, szakmafejleszt\u00e9st. Ennek \u00e9rdek\u00e9ben sokf\u00e9le eszk\u00f6zt pr\u00f3b\u00e1ltunk m\u00e1r kifejleszteni \u2013 z\u00e1rt FB-csoport, <span class=\"il\">SZVK<\/span> Szalon, COVID-menedzsmentkamp\u00e1ny stb.<\/div>\n<\/div>\n<div style=\"text-align: justify\">\n<div dir=\"auto\">K\u00f6vetkez\u0151 l\u00e9p\u00e9sk\u00e9nt elind\u00edtunk egy szakmai besz\u00e9lget\u00e9ssorozatot, ahol a mindennapi k\u00fczdelmeinkr\u0151l, napi t\u00e9m\u00e1inkr\u00f3l, probl\u00e9m\u00e1inkr\u00f3l \u00e9s megold\u00e1sainkr\u00f3l besz\u00e9lget\u00fcnk. Ennek a szakmai besz\u00e9lget\u0151s folyamnak az <span class=\"il\">SzVK<\/span> F\u00f3rum nevet adtuk.<\/div>\n<div dir=\"auto\">\u00a0<\/div>\n<\/div>\n<div style=\"text-align: justify\">\n<div dir=\"auto\">Az <span class=\"il\">SZVK<\/span> F\u00f3rumot jelen k\u00f6r\u00fclm\u00e9nyek k\u00f6z\u00f6tt ONLINE t\u00e9rben \u00e9s form\u00e1ban tudjuk csak megszervezni.<\/div>\n<div dir=\"auto\">\u00a0<\/div>\n<\/div>\n<div style=\"text-align: justify\">\n<div dir=\"auto\">Szeretettel invit\u00e1lunk teh\u00e1t minden \u00e9rdekl\u0151d\u0151t <span style=\"font-size: 1rem\">2020. okt\u00f3ber 9-\u00e9n, p\u00e9nteken, 10 \u00f3r\u00e1ra az els\u0151 <\/span><span class=\"il\" style=\"font-size: 1rem\">SzVK<\/span><span style=\"font-size: 1rem\"> F\u00f3rum-ra, melynek t\u00e9m\u00e1ja <\/span><b style=\"font-size: 1rem\">a szoci\u00e1lis \u00e1gazat \u00e9s a COVID-19.<\/b><\/div>\n<div dir=\"auto\">\u00a0<\/div>\n<\/div>\n<div style=\"text-align: justify\">\n<div dir=\"auto\">R\u00e9szletes programot regisztr\u00e1ci\u00f3 ut\u00e1n, a r\u00e9sztvev\u0151i (zoom) linkkel egy\u00fctt k\u00fcld\u00fcnk ki.<\/div>\n<div dir=\"auto\">\u00a0<\/div>\n<\/div>\n<div style=\"text-align: justify\">\n<div dir=\"auto\">V\u00e1runk minden \u00e9rdekl\u0151d\u0151t a szakmai disput\u00e1ra!<\/div>\n<div dir=\"auto\">\u00a0<\/div>\n<\/div>\n<div>\n<div dir=\"auto\" style=\"text-align: justify\">Dr. \u00c1d\u00e1m Szilvia-egyetemi adjunktus, a Szoci\u00e1lpolitikai Szemle f\u0151szerkeszt\u0151je<\/div>\n<div dir=\"auto\" style=\"text-align: justify\">B\u00f3dy \u00c9va-tan\u00e1ri magcsoport oktat\u00f3, levezet\u0151 eln\u00f6k<\/div>\n<div dir=\"auto\" style=\"text-align: justify\">Nyitrai Imre-strat\u00e9giai vezet\u0151<\/div>\n<\/div>\n<\/div>\n","protected":false},"excerpt":{"rendered":"<p>2020. okt\u00f3ber 9. &#8211;\u00a0SZVK\u00a0F\u00f3rum \u00a0 Fontosnak tartjuk, hogy a szoci\u00e1lis vezet\u0151k\u00e9pz\u00e9s keretet adjon, \u00e9s min\u00e9l jobban szolg\u00e1lhassa a hasznos \u00e9s eredm\u00e9nyes szakmai p\u00e1rbesz\u00e9det, szakmafejleszt\u00e9st. Ennek \u00e9rdek\u00e9ben sokf\u00e9le eszk\u00f6zt pr\u00f3b\u00e1ltunk m\u00e1r kifejleszteni \u2013 z\u00e1rt FB-csoport, SZVK Szalon, COVID-menedzsmentkamp\u00e1ny stb. K\u00f6vetkez\u0151 l\u00e9p\u00e9sk\u00e9nt elind\u00edtunk egy szakmai besz\u00e9lget\u00e9ssorozatot, ahol a mindennapi k\u00fczdelmeinkr\u0151l, napi t\u00e9m\u00e1inkr\u00f3l, probl\u00e9m\u00e1inkr\u00f3l \u00e9s megold\u00e1sainkr\u00f3l besz\u00e9lget\u00fcnk. Ennek &hellip;<\/p>\n","protected":false},"author":101926,"featured_media":0,"parent":0,"menu_order":0,"comment_status":"closed","ping_status":"closed","template":"","meta":{"_acf_changed":false,"footnotes":""},"categories":[],"tags":[],"class_list":["post-19798","page","type-page","status-publish","hentry"],"acf":[],"_links":{"self":[{"href":"https:\/\/semmelweis.hu\/emk\/wp-json\/wp\/v2\/pages\/19798","targetHints":{"allow":["GET"]}}],"collection":[{"href":"https:\/\/semmelweis.hu\/emk\/wp-json\/wp\/v2\/pages"}],"about":[{"href":"https:\/\/semmelweis.hu\/emk\/wp-json\/wp\/v2\/types\/page"}],"author":[{"embeddable":true,"href":"https:\/\/semmelweis.hu\/emk\/wp-json\/wp\/v2\/users\/101926"}],"replies":[{"embeddable":true,"href":"https:\/\/semmelweis.hu\/emk\/wp-json\/wp\/v2\/comments?post=19798"}],"version-history":[{"count":2,"href":"https:\/\/semmelweis.hu\/emk\/wp-json\/wp\/v2\/pages\/19798\/revisions"}],"predecessor-version":[{"id":21221,"href":"https:\/\/semmelweis.hu\/emk\/wp-json\/wp\/v2\/pages\/19798\/revisions\/21221"}],"wp:attachment":[{"href":"https:\/\/semmelweis.hu\/emk\/wp-json\/wp\/v2\/media?parent=19798"}],"wp:term":[{"taxonomy":"category","embeddable":true,"href":"https:\/\/semmelweis.hu\/emk\/wp-json\/wp\/v2\/categories?post=19798"},{"taxonomy":"post_tag","embeddable":true,"href":"https:\/\/semmelweis.hu\/emk\/wp-json\/wp\/v2\/tags?post=19798"}],"curies":[{"name":"wp","href":"https:\/\/api.w.org\/{rel}","templated":true}]}}