{"id":19497,"date":"2022-01-13T16:27:34","date_gmt":"2022-01-13T15:27:34","guid":{"rendered":"https:\/\/semmelweis.hu\/emk\/?page_id=19497"},"modified":"2026-03-12T11:51:37","modified_gmt":"2026-03-12T10:51:37","slug":"tanulmanyok","status":"publish","type":"page","link":"https:\/\/semmelweis.hu\/emk\/szocialis-vezetokepzo-tudaskozpont\/a-projektrol\/tanulmanyok\/","title":{"rendered":"Tanulm\u00e1nyok"},"content":{"rendered":"<h1 class=\"entry-title text-uppercase\"><span style=\"font-size: 18pt\"><a href=\"https:\/\/semmelweis.hu\/emk\/szocialis-vezetokepzo-tudaskozpont\/a-projektrol\/\" target=\"_blank\" rel=\"noopener\">SZOCI\u00c1LIS HUM\u00c1N ER\u0150FORR\u00c1S FEJLESZT\u00c9SE PROJEKT<\/a><\/span><\/h1>\n<p><a href=\"https:\/\/semmelweis.hu\/emk\/files\/2022\/01\/EFOP-3.8.2.-A-minosegbiztositasi-felmeresek-osszegzett-eredmenyei-2.pdf\" target=\"_blank\" rel=\"noopener\">EFOP 3.8.2. A min\u0151s\u00e9gbiztos\u00edt\u00e1si felm\u00e9r\u00e9sek \u00f6sszegzett eredm\u00e9nyei<\/a><\/p>\n<p><a href=\"https:\/\/semmelweis.hu\/emk\/files\/2022\/01\/VEKOP-7.5.1.-A-minosegbiztositasi-felmeresek-osszegzett-eredmenyei.pdf\" target=\"_blank\" rel=\"noopener\">VEKOP 7.5.1.\u00a0 A min\u0151s\u00e9gbiztos\u00edt\u00e1si felm\u00e9r\u00e9sek \u00f6sszegzett eredm\u00e9nyei<\/a><\/p>\n<p><a href=\"https:\/\/semmelweis.hu\/emk\/files\/2022\/01\/A-kepzes-ertekelese-a-hallgatok-altal-keszitett-projektmunkak-tukreben.pdf\" target=\"_blank\" rel=\"noopener\">A k\u00e9pz\u00e9s \u00e9rt\u00e9kel\u00e9se a hallgat\u00f3k \u00e1ltal k\u00e9sz\u00edtett projektmunk\u00e1k t\u00fckr\u00e9ben<\/a><\/p>\n<p><a href=\"https:\/\/semmelweis.hu\/emk\/files\/2022\/01\/A-jarvanyidoszak-alatt-alkalmazott-digitalis-oktatasi-modszertan.pdf\" target=\"_blank\" rel=\"noopener\">A j\u00e1rv\u00e1nyid\u0151szak alatt alkalmazott digit\u00e1lis oktat\u00e1si m\u00f3dszertanr\u00f3l k\u00e9sz\u00fclt r\u00e9szletes besz\u00e1mol\u00f3<\/a><\/p>\n<p><a href=\"https:\/\/semmelweis.hu\/emk\/files\/2022\/01\/A-szocialis-intezmenyvezetok-szakmai-kapcsolatainak-vizsgalata.pdf\" target=\"_blank\" rel=\"noopener\">A szoci\u00e1lis int\u00e9zm\u00e9nyvezet\u0151k szakmai kapcsolatainak vizsg\u00e1lata<\/a><\/p>\n<p><a href=\"https:\/\/semmelweis.hu\/emk\/files\/2022\/01\/Tavoktatassal-kapcsolatos-felmeres-eredmenyei.pdf\" target=\"_blank\" rel=\"noopener\">T\u00e1voktat\u00e1ssal kapcsolatos felm\u00e9r\u00e9s eredm\u00e9nyei<\/a><\/p>\n<hr \/>\n<p><strong>A Szoci\u00e1lis Vezet\u0151k\u00e9pz\u0151 Tud\u00e1sk\u00f6zpont inform\u00e1ci\u00f3i:<\/strong><\/p>\n<ul>\n<li><strong><a href=\"https:\/\/semmelweis.hu\/emk\/szocialis-vezetokepzo-tudaskozpont\/oktatas-2-2\/\" target=\"_blank\" rel=\"noopener\">Oktat\u00e1s<\/a><\/strong><\/li>\n<li><strong><a href=\"https:\/\/semmelweis.hu\/emk\/szocialis-vezetokepzo-tudaskozpont\/intezmenymenedzsment-2\/\" target=\"_blank\" rel=\"noopener\">Int\u00e9zm\u00e9nymenedzsment<\/a><\/strong><\/li>\n<li><strong><a href=\"https:\/\/semmelweis.hu\/emk\/szocialis-vezetokepzo-tudaskozpont\/kiadvanyok-publikaciok\/\" target=\"_blank\" rel=\"noopener\">Kiadv\u00e1nyok\/Publik\u00e1ci\u00f3k<\/a><\/strong><\/li>\n<li><strong><a href=\"https:\/\/semmelweis.hu\/emk\/szocialis-vezetokepzo-tudaskozpont\/esemenynaptar-2\/\" target=\"_blank\" rel=\"noopener\">Esem\u00e9nynapt\u00e1r<\/a><\/strong><\/li>\n<li><strong><a href=\"https:\/\/semmelweis.hu\/emk\/szocialis-vezetokepzo-tudaskozpont\/szocialis-valsagmenedzsment-eszkoztar\/\" target=\"_blank\" rel=\"noopener\">Szoci\u00e1lis V\u00e1ls\u00e1gmenedzsment Eszk\u00f6zt\u00e1r<\/a><\/strong><\/li>\n<li><strong><a href=\"https:\/\/semmelweis.hu\/emk\/szocialis-vezetokepzo-tudaskozpont\/hirlevel\/\" target=\"_blank\" rel=\"noopener\">H\u00edrlev\u00e9l<\/a><\/strong><\/li>\n<li><strong><a href=\"https:\/\/semmelweis.hu\/emk\/szocialis-vezetokepzo-tudaskozpont\/elerhetosegek-2-2\/\" target=\"_blank\" rel=\"noopener\">El\u00e9rhet\u0151s\u00e9gek<\/a><\/strong><\/li>\n<li><strong><a href=\"https:\/\/semmelweis.hu\/emk\/szocialis-vezetokepzo-tudaskozpont\/gyik-2\/\" target=\"_blank\" rel=\"noopener\">GYIK<\/a><\/strong><\/li>\n<li><strong><a href=\"https:\/\/semmelweis.hu\/emk\/szocialis-vezetokepzo-tudaskozpont\/rolunk-mondtak-2\/\" target=\"_blank\" rel=\"noopener\">R\u00f3lunk mondt\u00e1k<\/a><\/strong><\/li>\n<\/ul>\n<div class=\"keretes w-100\">\n<p style=\"text-align: justify\"><strong>A Semmelweis Egyetem Eg\u00e9szs\u00e9g\u00fcgyi K\u00f6zszolg\u00e1lati Kar Eg\u00e9szs\u00e9g\u00fcgyi Menedzserk\u00e9pz\u0151 K\u00f6zpont \u2013 Szoci\u00e1lis Vezet\u0151k\u00e9pz\u0151 Tud\u00e1sk\u00f6zpontot\u00a0 (SZVK)\u00a0<\/strong>\u00e9rint\u0151 k\u00e9rd\u00e9seivel forduljon hozz\u00e1nk bizalommal a\u00a0<a href=\"mailto:szocialisvezetokepzes@emk.semmelweis.hu\" target=\"_blank\" rel=\"noopener\">szocialisvezetokepzes@emk.semmelweis.hu<\/a>\u00a0e-mail-c\u00edmen!<\/p>\n<\/div>\n","protected":false},"excerpt":{"rendered":"<p><a href=\"https:\/\/semmelweis.hu\/emk\/szocialis-vezetokepzo-tudaskozpont\/a-projektrol\/\" target=\"_blank\" rel=\"noopener\">SZOCI\u00c1LIS HUM\u00c1N ER\u0150FORR\u00c1S FEJLESZT\u00c9SE PROJEKT<\/a><br \/>\n<a href=\"https:\/\/semmelweis.hu\/emk\/files\/2022\/01\/EFOP-3.8.2.-A-minosegbiztositasi-felmeresek-osszegzett-eredmenyei-2.pdf\" target=\"_blank\" rel=\"noopener\">EFOP 3.8.2. A min\u0151s\u00e9gbiztos\u00edt\u00e1si felm\u00e9r\u00e9sek \u00f6sszegzett eredm\u00e9nyei<\/a><br \/>\n<a href=\"https:\/\/semmelweis.hu\/emk\/files\/2022\/01\/VEKOP-7.5.1.-A-minosegbiztositasi-felmeresek-osszegzett-eredmenyei.pdf\" target=\"_blank\" rel=\"noopener\">VEKOP 7.5.1.\u00a0 A min\u0151s\u00e9gbiztos\u00edt\u00e1si felm\u00e9r\u00e9sek \u00f6sszegzett eredm\u00e9nyei<\/a><br \/>\n<a href=\"https:\/\/semmelweis.hu\/emk\/files\/2022\/01\/A-kepzes-ertekelese-a-hallgatok-altal-keszitett-projektmunkak-tukreben.pdf\" target=\"_blank\" rel=\"noopener\">A k\u00e9pz\u00e9s \u00e9rt\u00e9kel\u00e9se a hallgat\u00f3k \u00e1ltal k\u00e9sz\u00edtett projektmunk\u00e1k t\u00fckr\u00e9ben<\/a><br \/>\n<a href=\"https:\/\/semmelweis.hu\/emk\/files\/2022\/01\/A-jarvanyidoszak-alatt-alkalmazott-digitalis-oktatasi-modszertan.pdf\" target=\"_blank\" rel=\"noopener\">A j\u00e1rv\u00e1nyid\u0151szak alatt alkalmazott digit\u00e1lis oktat\u00e1si m\u00f3dszertanr\u00f3l k\u00e9sz\u00fclt r\u00e9szletes besz\u00e1mol\u00f3<\/a><br \/>\n<a href=\"https:\/\/semmelweis.hu\/emk\/files\/2022\/01\/A-szocialis-intezmenyvezetok-szakmai-kapcsolatainak-vizsgalata.pdf\" target=\"_blank\" rel=\"noopener\">A szoci\u00e1lis int\u00e9zm\u00e9nyvezet\u0151k szakmai kapcsolatainak vizsg\u00e1lata<\/a><br \/>\n<a href=\"https:\/\/semmelweis.hu\/emk\/files\/2022\/01\/Tavoktatassal-kapcsolatos-felmeres-eredmenyei.pdf\" target=\"_blank\" rel=\"noopener\">T\u00e1voktat\u00e1ssal kapcsolatos felm\u00e9r\u00e9s eredm\u00e9nyei<\/a><\/p>\n<p>A Szoci\u00e1lis Vezet\u0151k\u00e9pz\u0151 Tud\u00e1sk\u00f6zpont inform\u00e1ci\u00f3i:<\/p>\n<p><a href=\"https:\/\/semmelweis.hu\/emk\/szocialis-vezetokepzo-tudaskozpont\/oktatas-2-2\/\" target=\"_blank\" rel=\"noopener\">Oktat\u00e1s<\/a><br \/>\n<a href=\"https:\/\/semmelweis.hu\/emk\/szocialis-vezetokepzo-tudaskozpont\/intezmenymenedzsment-2\/\" target=\"_blank\" rel=\"noopener\">Int\u00e9zm\u00e9nymenedzsment<\/a><br \/>\n<a href=\"https:\/\/semmelweis.hu\/emk\/szocialis-vezetokepzo-tudaskozpont\/kiadvanyok-publikaciok\/\" target=\"_blank\" rel=\"noopener\">Kiadv\u00e1nyok\/Publik\u00e1ci\u00f3k<\/a><br \/>\n<a href=\"https:\/\/semmelweis.hu\/emk\/szocialis-vezetokepzo-tudaskozpont\/esemenynaptar-2\/\" target=\"_blank\" rel=\"noopener\">Esem\u00e9nynapt\u00e1r<\/a><br \/>\n<a href=\"https:\/\/semmelweis.hu\/emk\/szocialis-vezetokepzo-tudaskozpont\/szocialis-valsagmenedzsment-eszkoztar\/\" target=\"_blank\" rel=\"noopener\">Szoci\u00e1lis V\u00e1ls\u00e1gmenedzsment Eszk\u00f6zt\u00e1r<\/a><br \/>\n<a href=\"https:\/\/semmelweis.hu\/emk\/szocialis-vezetokepzo-tudaskozpont\/hirlevel\/\" target=\"_blank\" rel=\"noopener\">H\u00edrlev\u00e9l<\/a><br \/>\n<a href=\"https:\/\/semmelweis.hu\/emk\/szocialis-vezetokepzo-tudaskozpont\/elerhetosegek-2-2\/\" target=\"_blank\" rel=\"noopener\">El\u00e9rhet\u0151s\u00e9gek<\/a><br \/>\n<a href=\"https:\/\/semmelweis.hu\/emk\/szocialis-vezetokepzo-tudaskozpont\/gyik-2\/\" target=\"_blank\" rel=\"noopener\">GYIK<\/a><br \/>\n<a href=\"https:\/\/semmelweis.hu\/emk\/szocialis-vezetokepzo-tudaskozpont\/rolunk-mondtak-2\/\" target=\"_blank\" rel=\"noopener\">R\u00f3lunk mondt\u00e1k<\/a><\/p>\n<p>A Semmelweis Egyetem Eg\u00e9szs\u00e9g\u00fcgyi K\u00f6zszolg\u00e1lati Kar Eg\u00e9szs\u00e9g\u00fcgyi Menedzserk\u00e9pz\u0151 K\u00f6zpont \u2013 Szoci\u00e1lis Vezet\u0151k\u00e9pz\u0151 Tud\u00e1sk\u00f6zpontot\u00a0 (SZVK)\u00a0\u00e9rint\u0151 k\u00e9rd\u00e9seivel forduljon hozz\u00e1nk bizalommal a\u00a0<a href=\"mailto:szocialisvezetokepzes@emk.semmelweis.hu\" target=\"_blank\" rel=\"noopener\">szocialisvezetokepzes@emk.semmelweis.hu<\/a>\u00a0e-mail-c\u00edmen!<\/p>\n","protected":false},"author":101926,"featured_media":0,"parent":17475,"menu_order":7,"comment_status":"closed","ping_status":"closed","template":"","meta":{"_acf_changed":false,"footnotes":""},"categories":[],"tags":[],"class_list":["post-19497","page","type-page","status-publish","hentry"],"acf":[],"_links":{"self":[{"href":"https:\/\/semmelweis.hu\/emk\/wp-json\/wp\/v2\/pages\/19497","targetHints":{"allow":["GET"]}}],"collection":[{"href":"https:\/\/semmelweis.hu\/emk\/wp-json\/wp\/v2\/pages"}],"about":[{"href":"https:\/\/semmelweis.hu\/emk\/wp-json\/wp\/v2\/types\/page"}],"author":[{"embeddable":true,"href":"https:\/\/semmelweis.hu\/emk\/wp-json\/wp\/v2\/users\/101926"}],"replies":[{"embeddable":true,"href":"https:\/\/semmelweis.hu\/emk\/wp-json\/wp\/v2\/comments?post=19497"}],"version-history":[{"count":8,"href":"https:\/\/semmelweis.hu\/emk\/wp-json\/wp\/v2\/pages\/19497\/revisions"}],"predecessor-version":[{"id":26902,"href":"https:\/\/semmelweis.hu\/emk\/wp-json\/wp\/v2\/pages\/19497\/revisions\/26902"}],"up":[{"embeddable":true,"href":"https:\/\/semmelweis.hu\/emk\/wp-json\/wp\/v2\/pages\/17475"}],"wp:attachment":[{"href":"https:\/\/semmelweis.hu\/emk\/wp-json\/wp\/v2\/media?parent=19497"}],"wp:term":[{"taxonomy":"category","embeddable":true,"href":"https:\/\/semmelweis.hu\/emk\/wp-json\/wp\/v2\/categories?post=19497"},{"taxonomy":"post_tag","embeddable":true,"href":"https:\/\/semmelweis.hu\/emk\/wp-json\/wp\/v2\/tags?post=19497"}],"curies":[{"name":"wp","href":"https:\/\/api.w.org\/{rel}","templated":true}]}}