{"id":19440,"date":"2022-01-05T14:21:58","date_gmt":"2022-01-05T13:21:58","guid":{"rendered":"https:\/\/semmelweis.hu\/emk\/?page_id=19440"},"modified":"2025-09-09T16:34:29","modified_gmt":"2025-09-09T14:34:29","slug":"implemental","status":"publish","type":"page","link":"https:\/\/semmelweis.hu\/emk\/szakertoi-tevekenyseg-projektek\/lezart-projektek\/implemental\/","title":{"rendered":"ImpleMental"},"content":{"rendered":"<p><strong>Joint Action to support best practice implementation in the area of mental health<\/strong><\/p>\n<p>ImpleMental Joint Action<\/p>\n<p>2021.10.01 \u2013 2024.09.30<\/p>\n<p><strong>Projekt tartalma, c\u00e9lja:<\/strong><\/p>\n<p style=\"text-align: justify\">A Joint Action (JA) c\u00e9lja, hogy t\u00e1mogassa az Eur\u00f3pai Uni\u00f3 Tag\u00e1llamait olyan j\u00f3gyakorlatok bevezet\u00e9s\u00e9ben, amelyek fejlesztik \u00e9s el\u0151t\u00e9rbe helyezik a lakoss\u00e1g ment\u00e1lis eg\u00e9szs\u00e9g\u00e9t \u00e9s j\u00f3ll\u00e9t\u00e9t\u00e9t, valamint annak ell\u00e1t\u00e1s\u00e1t. Emellett kiemelt c\u00e9lkit\u0171z\u00e9s innovat\u00edv megold\u00e1sokkal biztos\u00edtani az ell\u00e1t\u00e1s hat\u00e9konys\u00e1g\u00e1t a ment\u00e1lis eg\u00e9szs\u00e9g ter\u00fclet\u00e9n.<\/p>\n<p style=\"text-align: justify\">A JA sor\u00e1n k\u00e9t j\u00f3gyakorlat ker\u00fcl f\u00f3kuszba, egy belga eg\u00e9szs\u00e9g\u00fcgyi rendszerre vonatkoz\u00f3 reform, \u00e9s egy osztr\u00e1k j\u00f3 gyakorlat az \u00f6ngyilkoss\u00e1g megel\u0151z\u00e9s ter\u00fclet\u00e9r\u0151l. Ezen j\u00f3 gyakorlatok c\u00e9lja, hogy bemutass\u00e1k a tag\u00e1llamoknak a ment\u00e1lis eg\u00e9szs\u00e9g\u00fcgyi ell\u00e1t\u00e1s \u00e9s szolg\u00e1ltat\u00e1sok innovat\u00edv \u00e9s fenntarthat\u00f3 rendszer-fejleszt\u00e9s\u00e9t, \u00e9s a t\u00f6bbszint\u0171 prevenci\u00f3s h\u00e1l\u00f3zatok fontoss\u00e1g\u00e1t.<\/p>\n<p style=\"text-align: justify\">A munka sor\u00e1n els\u0151dleges szempont,<br \/>\n\u2022 hogy az eg\u00e9szs\u00e9g\u00fcgy ter\u00fclet\u00e9n \u00e9s a kapcsol\u00f3d\u00f3 szakter\u00fcleteken kapacit\u00e1sfejleszt\u00e9s menjen v\u00e9gbe,<br \/>\n\u2022 hogy a tag\u00e1llamok val\u00f3s \u00e9s eredm\u00e9nyes rendszer \u00e1talak\u00edt\u00e1sokat, v\u00e1ltoztat\u00e1sokat eszk\u00f6z\u00f6ljenek,<br \/>\n\u2022 hogy t\u00f6rekedjenek az integr\u00e1lt ell\u00e1t\u00e1si modell megval\u00f3s\u00edt\u00e1s\u00e1ra, \u00a0<br \/>\n\u2022 hogy szorgalmazz\u00e1k a lehet\u0151 legszorosabb egy\u00fcttm\u0171k\u00f6d\u00e9st a relev\u00e1ns stakeholderek k\u00f6z\u00f6tt,<br \/>\n\u2022 \u00e9s fokozott ir\u00e1nymutat\u00e1st \u00e9s egy\u00fcttm\u0171k\u00f6d\u00e9st biztos\u00edtsanak a nemzetk\u00f6zi-, nemzeti- \u00e9s region\u00e1lis szint\u0171 hat\u00f3s\u00e1gok k\u00f6z\u00f6tt.<\/p>\n<p style=\"text-align: justify\">A k\u00e9t, bevezet\u00e9sre javasolt j\u00f3gyakorlat:<br \/>\n\u2013 A ment\u00e1lis eg\u00e9szs\u00e9g\u00fcgyi ell\u00e1t\u00e1s rendszer\u00e9nek reformja, Belga mint\u00e1ra (Mental health care delivery system reform, Belgium): ig\u00e9ny \u00e9s kereslet-vez\u00e9relt bentlak\u00e1sos ell\u00e1t\u00e1s biztos\u00edt\u00e1sa, integr\u00e1lt, beteg-k\u00f6zpont\u00fa ment\u00e1lis eg\u00e9szs\u00e9g\u00fcgyi ell\u00e1t\u00e1s.<br \/>\n\u2013 \u00d6ngyilkoss\u00e1g megel\u0151z\u00e9s, osztr\u00e1k minta (Suicide Prevention Austria, SUPRA): t\u00f6bbszint\u0171 prevenci\u00f3s program az \u00f6ngyilkoss\u00e1g megel\u0151z\u00e9s\u00e9re.<\/p>\n<p><strong>Projekt szerepl\u0151k<\/strong>:<\/p>\n<p><strong>Konzorciumvezet\u0151:<\/strong> Ethnikos Organismos Dimosias Ygeias (National Public Health Organisation, Greece)<\/p>\n<p><span style=\"text-decoration: underline\">Tov\u00e1bbi konzorciumi tagok\/partnerek:<\/span><\/p>\n<ul>\n<li>AUSTRIAN FEDERAL MINISTRY OF SOCIAL AFFAIRS, HEALTH, CARE AND CONSUMER PROTECTION<\/li>\n<li>AUSTRIAN NATIONAL PUBLIC HEALTH INSTITUTE \u2013 GESUNDHEIT \u00d6STERREICH GMBH<\/li>\n<li>NATIONAL CENTER FOR PUBLIC HEALTH AND ANALYSIS<\/li>\n<li>CROATIAN INSTITUTE OF PUBLIC HEALTH<\/li>\n<li>MENTAL HEALTH SERVICES DIRECTORATE<\/li>\n<li>MINISTRY OF HEALTH OF THE CZECH REPUBLIC<\/li>\n<li>NATIONAL INSTITUTE FOR MENTAL HEALTH<\/li>\n<li>MINISTRY OF SOCIAL AFFAIRS<\/li>\n<li>NATIONAL INSTITUTE FOR HEALTH DEVELOPMENT<\/li>\n<li>FINNISH INSTITUTE FOR HEALTH AND WELFARE<\/li>\n<li>MINISTRY OF SOLIDARITY AND HEALTH<\/li>\n<li>INSERM<\/li>\n<li>FEDERAL CENTRE FOR HEALTH EDUCATION<\/li>\n<li>NATIONAL HEALTHCARE SERVICE CENTER1<\/li>\n<li>SEMMELWEIS UNIVERSITY \u2013 HEALTH SERVICES MANAGEMENT TRAINING CENTRE<\/li>\n<li>UNIVERSITY OF DEBRECEN \u2013 THE FACULTY OF PUBLIC HEALTH<\/li>\n<li>DIRECTORATE OF HEALTH IN ICELAND<\/li>\n<li>LOMBARDY REGION<\/li>\n<li>LOCAL HEALTH AUTHORITY OF LECCO<\/li>\n<li>MARIO NEGRI INSTITUTE FOR PHARMACOLOGICAL RESEARCH<\/li>\n<li>POLITECNICO DI MILANO UNIVERSITY<\/li>\n<li>FATEBENEFRATELLI CENTER \u201d SAINT JOHN OF GOD\u201d \u2013 BRESCIA<\/li>\n<li>BICOCCA UNIVERSITY, MILAN \u2013 DEPARTMENT OF STATISTICS AND QUANTITATIVE METHODS<\/li>\n<li>MINISTRY OF HEALTH OF THE REPUBLIC OF LITHUANIA<\/li>\n<li>MINISTRY FOR HEALTH \u2013 MENTAL HEALTH SERVICES<\/li>\n<li>TRIMBOS INSTITUTE<\/li>\n<li>MINISTRY OF HEALTH AND CARE SERVICES<\/li>\n<li>NORWEGIAN DIRECTORATE OF HEALTH<\/li>\n<li>NORWEGIAN INSTITUTE OF PUBLIC HEALTH<\/li>\n<li>INSTITUTE OF PUBLIC HEALTH OF SERBIA \u201cDR MILAN JOVANOVIC BATUT\u201d<\/li>\n<li>NACIONALNI IN\u0160TITUT ZA JAVNO ZDRAVJE \u2013 NATIONAL INSTITUTE OF PUBLIC HEALTH<\/li>\n<li>SERVICIO MURCIANO DE SALUD<\/li>\n<li>FUNDACI\u00d3N PARA LA FORMACI\u00d3N E INVESTIGACI\u00d3N SANITARIAS DE LA REGI\u00d3N DE MURCIA<\/li>\n<li>CONSEJER\u00cdA DE MUJER, IGUALDAD, LGTBI, FAMILIAS Y POL\u00cdTICA SOCIAL DE LA REGI\u00d3N DE MURCIA<\/li>\n<li>SERVICIO ANDALUZ DE SALUD<\/li>\n<li>FUNDACI\u00d3N P\u00daBLICA ANDALUZA PROGRESO Y SALUD<\/li>\n<li>SERVICIO NAVARRO DE SALUD-OSASUNBIDEA<\/li>\n<li>SERVICIO CATAL\u00c1N DE SALUD<\/li>\n<li>SERVICIO VASCO DE SALUD \u2013OSAKIDETZA<\/li>\n<li>SERVICIO MADRILE\u00d1O DE SALUD<\/li>\n<li>PUBLIC HEALTH AGENCY OF SWEDEN<\/li>\n<\/ul>\n<p><strong>EMK kontakt<\/strong><\/p>\n<p>n\u00e9v: Dr. \u00c1d\u00e1m Szilvia<br \/>\n<span style=\"font-size: 1rem\">telefon: + 36 1 488 7613<br \/>\n<\/span>e-mail: <a href=\"mailto:adam.szilvia@emk.semmelweis.hu\">adam.szilvia@emk.semmelweis.hu<\/a><br \/>\n<a href=\"https:\/\/ja-implemental.eu\/\">https:\/\/ja-implemental.eu\/<\/a><\/p>\n","protected":false},"excerpt":{"rendered":"<p>Joint Action to support best practice implementation in the area of mental health ImpleMental Joint Action 2021.10.01 \u2013 2024.09.30 Projekt tartalma, c\u00e9lja: A Joint Action (JA) c\u00e9lja, hogy t\u00e1mogassa az Eur\u00f3pai Uni\u00f3 Tag\u00e1llamait olyan j\u00f3gyakorlatok bevezet\u00e9s\u00e9ben, amelyek fejlesztik \u00e9s el\u0151t\u00e9rbe helyezik a lakoss\u00e1g ment\u00e1lis eg\u00e9szs\u00e9g\u00e9t \u00e9s j\u00f3ll\u00e9t\u00e9t\u00e9t, valamint annak ell\u00e1t\u00e1s\u00e1t. Emellett kiemelt c\u00e9lkit\u0171z\u00e9s innovat\u00edv megold\u00e1sokkal &hellip;<\/p>\n","protected":false},"author":101539,"featured_media":0,"parent":15855,"menu_order":0,"comment_status":"closed","ping_status":"closed","template":"","meta":{"_acf_changed":false,"footnotes":""},"categories":[],"tags":[986],"class_list":["post-19440","page","type-page","status-publish","hentry","tag-implemental"],"acf":[],"_links":{"self":[{"href":"https:\/\/semmelweis.hu\/emk\/wp-json\/wp\/v2\/pages\/19440","targetHints":{"allow":["GET"]}}],"collection":[{"href":"https:\/\/semmelweis.hu\/emk\/wp-json\/wp\/v2\/pages"}],"about":[{"href":"https:\/\/semmelweis.hu\/emk\/wp-json\/wp\/v2\/types\/page"}],"author":[{"embeddable":true,"href":"https:\/\/semmelweis.hu\/emk\/wp-json\/wp\/v2\/users\/101539"}],"replies":[{"embeddable":true,"href":"https:\/\/semmelweis.hu\/emk\/wp-json\/wp\/v2\/comments?post=19440"}],"version-history":[{"count":10,"href":"https:\/\/semmelweis.hu\/emk\/wp-json\/wp\/v2\/pages\/19440\/revisions"}],"predecessor-version":[{"id":25858,"href":"https:\/\/semmelweis.hu\/emk\/wp-json\/wp\/v2\/pages\/19440\/revisions\/25858"}],"up":[{"embeddable":true,"href":"https:\/\/semmelweis.hu\/emk\/wp-json\/wp\/v2\/pages\/15855"}],"wp:attachment":[{"href":"https:\/\/semmelweis.hu\/emk\/wp-json\/wp\/v2\/media?parent=19440"}],"wp:term":[{"taxonomy":"category","embeddable":true,"href":"https:\/\/semmelweis.hu\/emk\/wp-json\/wp\/v2\/categories?post=19440"},{"taxonomy":"post_tag","embeddable":true,"href":"https:\/\/semmelweis.hu\/emk\/wp-json\/wp\/v2\/tags?post=19440"}],"curies":[{"name":"wp","href":"https:\/\/api.w.org\/{rel}","templated":true}]}}