{"id":19261,"date":"2021-10-01T15:56:44","date_gmt":"2021-10-01T13:56:44","guid":{"rendered":"https:\/\/semmelweis.hu\/emk\/?page_id=19261"},"modified":"2026-03-12T12:01:09","modified_gmt":"2026-03-12T11:01:09","slug":"hirlevel","status":"publish","type":"page","link":"https:\/\/semmelweis.hu\/emk\/szocialis-vezetokepzo-tudaskozpont\/hirlevel\/","title":{"rendered":"H\u00edrlev\u00e9l"},"content":{"rendered":"<p style=\"text-align: justify\">\u00c9rtes\u00fclj\u00f6n \u00d6n is a Semmelweis Egyetem Egyetem Eg\u00e9szs\u00e9g\u00fcgyi K\u00f6zszolg\u00e1lati Kar Eg\u00e9szs\u00e9g\u00fcgyi Menedzserk\u00e9pz\u0151 K\u00f6zpontban m\u0171k\u00f6d\u0151 <strong>Szoci\u00e1lis Vezet\u0151k\u00e9pz\u0151 Tud\u00e1sk\u00f6zpont<\/strong>\u00a0\u00fajdons\u00e1gair\u00f3l, esem\u00e9nyeir\u0151l, k\u00e9pz\u00e9seir\u0151l!<\/p>\n<p style=\"text-align: center\"><a class=\"button\" href=\"https:\/\/97febb0d.sibforms.com\/serve\/MUIFAMaJ7ux_s5cRlg_s-PSxzygKPLKWQ7lYOo187TjT7dnQnK2hooevBguzbsOQxfG4dt1zeRZZCt7SzabwoXaj4PCktgSDSXjUcc1Lo2MLomzW0tZQhsKUSSNLbAgI67hirj1CbNSQFfAyvR5WnkY3-sbQyKvBU0ULvmflRYOGd3PjewlagIOtvjnCEhZX7T0JQW4vvzpXH23N\" target=\"_blank\" rel=\"noopener\">Iratkozzon fel h\u00edrlevel\u00fcnkre!<\/a><\/p>\n<h5>KOR\u00c1BBI H\u00cdRLEVELEINK<\/h5>\n<h3>2026<\/h3>\n<p><a href=\"https:\/\/sh1.sendinblue.com\/3j60k4mrgxxpfe.html?t=1767952629638\" target=\"_blank\" rel=\"noopener\">2026. janu\u00e1r 8.<\/a><\/p>\n<h3>2025<\/h3>\n<p><a href=\"https:\/\/sh1.sendinblue.com\/3j5wcfargxxpfe.html?t=1767952581824\" target=\"_blank\" rel=\"noopener\">2025. december 18.<\/a><\/p>\n<p><a href=\"https:\/\/sh1.sendinblue.com\/3j52uhyrgxxpfe.html?t=1767952509919\" target=\"_blank\" rel=\"noopener\">2025. november 7.<\/a><\/p>\n<p><a href=\"https:\/\/sh1.sendinblue.com\/3j454vargxxpfe.html?t=1760702912638\" target=\"_blank\" rel=\"noopener\">2025. okt\u00f3ber 16.<\/a><\/p>\n<p><a href=\"https:\/\/sh1.sendinblue.com\/3j337jargxxpfe.html?t=1760702654997\" target=\"_blank\" rel=\"noopener\">2025. szeptember 9.<\/a><\/p>\n<p><a href=\"https:\/\/sh1.sendinblue.com\/3j29plyrgxxpfe.html?t=1756813925041\" target=\"_blank\" rel=\"noopener\">2025. augusztus 5.<\/a><\/p>\n<p><a href=\"https:\/\/sh1.sendinblue.com\/3j1susmrgxxpfe.html?t=1750424902986\" target=\"_blank\" rel=\"noopener\">2025. j\u00fanius 13.<\/a><\/p>\n<p><a href=\"https:\/\/sh1.sendinblue.com\/3j0mprargxxpfe.html?t=1750424837506\" target=\"_blank\" rel=\"noopener\">2025. m\u00e1jus 14.<\/a><\/p>\n<p><a href=\"https:\/\/sh1.sendinblue.com\/3j0ii1yrgxxpfe.html?t=1750424625525\" target=\"_blank\" rel=\"noopener\">2025. m\u00e1jus 8.<\/a><\/p>\n<p><a href=\"https:\/\/sh1.sendinblue.com\/3iz3xlyrgxxpfe.html?t=1742879105789\" target=\"_blank\" rel=\"noopener\"><span style=\"font-weight: 400\">2025. m\u00e1rcius 24.<\/span><\/a><\/p>\n<p><a href=\"https:\/\/sh1.sendinblue.com\/3iyafomrgxxpfe.html?t=1742878988413\" target=\"_blank\" rel=\"noopener\"><span style=\"font-weight: 400\">2025. m\u00e1rcius 4.<\/span><\/a><\/p>\n<p><a href=\"https:\/\/sh1.sendinblue.com\/3iwrnjargxxpfe.html?t=1738735656646\" target=\"_blank\" rel=\"noopener\"><span style=\"font-weight: 400\">2025. febru\u00e1r 4.<\/span><\/a><\/p>\n<p><a href=\"https:\/\/sh1.sendinblue.com\/3iwf0fargxxpfe.html?t=1738735768777\" target=\"_blank\" rel=\"noopener\"><span style=\"font-weight: 400\">2025. janu\u00e1r 15.<\/span><\/a><\/p>\n<p><a href=\"https:\/\/sh1.sendinblue.com\/3iswlbargxxpfe.html?t=1738735858609\" target=\"_blank\" rel=\"noopener\"><span style=\"font-weight: 400\">2025. janu\u00e1r 2.<\/span><\/a><\/p>\n<hr \/>\n<h3>2024<\/h3>\n<p><a href=\"https:\/\/sh1.sendinblue.com\/3isjy7argxxpfe.html?t=1738736173517\" target=\"_blank\" rel=\"noopener\"><span style=\"font-weight: 400\">2024. december 12.<\/span><\/a><\/p>\n<p><a href=\"https:\/\/sh1.sendinblue.com\/3irunzargxxpfe.html?t=1738736338507\" target=\"_blank\" rel=\"noopener\"><span style=\"font-weight: 400\">2024. november 20.<\/span><\/a><\/p>\n<p><a href=\"https:\/\/sh1.sendinblue.com\/3ir5drargxxpfe.html?t=1738736426836\" target=\"_blank\" rel=\"noopener\"><span style=\"font-weight: 400\">2024. okt\u00f3ber 21.<\/span><\/a><\/p>\n<p><a href=\"https:\/\/sh1.sendinblue.com\/3iqsqnargxxpfe.html?t=1738736561914\" target=\"_blank\" rel=\"noopener\"><span style=\"font-weight: 400\">2024. szeptember 26.<\/span><\/a><\/p>\n<p><a href=\"https:\/\/sh1.sendinblue.com\/3iqg3jargxxpfe.html?t=1738736754034\" target=\"_blank\" rel=\"noopener\"><span style=\"font-weight: 400\">2024. szeptember 10.<\/span><\/a><\/p>\n<p><a href=\"https:\/\/sh1.sendinblue.com\/3ipz8pyrgxxpfe.html?t=1738736920217\" target=\"_blank\" rel=\"noopener\"><span style=\"font-weight: 400\">2024. augusztus 22.<\/span><\/a><\/p>\n<p><a href=\"https:\/\/sh1.sendinblue.com\/3ip5qsmrgxxpfe.html?t=1738737124356\" target=\"_blank\" rel=\"noopener\"><span style=\"font-weight: 400\">2024. j\u00falius 11.<\/span><\/a><\/p>\n<p><a href=\"https:\/\/sh1.sendinblue.com\/3ip1j3argxxpfe.html?t=1738737343871\" target=\"_blank\" rel=\"noopener\"><span style=\"font-weight: 400\">2024. j\u00fanius 27.<\/span><\/a><\/p>\n<p><a href=\"https:\/\/sh1.sendinblue.com\/3inve1yrgxxpfe.html?t=1738737453869\" target=\"_blank\" rel=\"noopener\"><span style=\"font-weight: 400\">2024. m\u00e1jus 13.<\/span><\/a><\/p>\n<p><a href=\"https:\/\/sh1.sendinblue.com\/3inmynargxxpfe.html?t=1738737612835\" target=\"_blank\" rel=\"noopener\"><span style=\"font-weight: 400\">2024. \u00e1prilis 29.<\/span><\/a><\/p>\n<p><a href=\"https:\/\/sh1.sendinblue.com\/3inabjargxxpfe.html?t=1738737729520\" target=\"_blank\" rel=\"noopener\"><span style=\"font-weight: 400\">2024. \u00e1prilis 22.<\/span><\/a><\/p>\n<p><a href=\"https:\/\/sh1.sendinblue.com\/3il295yrgxxpfe.html?t=1738737856212\" target=\"_blank\" rel=\"noopener\"><span style=\"font-weight: 400\">2024. m\u00e1rcius 21.<\/span><\/a><\/p>\n<p><a href=\"https:\/\/sh1.sendinblue.com\/3ik0btyrgxxpfe.html?t=1738738106418\" target=\"_blank\" rel=\"noopener\"><span style=\"font-weight: 400\">2024. febru\u00e1r 19.<\/span><\/a><\/p>\n<p><a href=\"https:\/\/sh1.sendinblue.com\/3iiu6smrgxxpfe.html?t=1738738304110\" target=\"_blank\" rel=\"noopener\"><span style=\"font-weight: 400\">2024. janu\u00e1r 26.<\/span><\/a><span style=\"font-weight: 400\"> \u00a0<\/span><\/p>\n<p><a href=\"https:\/\/sh1.sendinblue.com\/3iilrdyrgxxpfe.html?t=1738738456492\" target=\"_blank\" rel=\"noopener\"><span style=\"font-weight: 400\">2024. janu\u00e1r 10.<\/span><\/a><\/p>\n<hr \/>\n<h3>2023<\/h3>\n<p><a href=\"https:\/\/sh1.sendinblue.com\/3igujtyrgxxpfe.html?t=1738741775561\" target=\"_blank\" rel=\"noopener\"><span style=\"font-weight: 400\">2023. november 30.<\/span><\/a><\/p>\n<p><a href=\"https:\/\/sh1.sendinblue.com\/3ifwu7argxxpfe.html?t=1738741865658\" target=\"_blank\" rel=\"noopener\"><span style=\"font-weight: 400\">2023. november 16.<\/span><\/a><\/p>\n<p><a href=\"https:\/\/sh1.sendinblue.com\/3ifk73argxxpfe.html?t=1738741943001\" target=\"_blank\" rel=\"noopener\"><span style=\"font-weight: 400\">2023. november 10.<\/span><\/a><\/p>\n<p><a href=\"https:\/\/sh1.sendinblue.com\/3if7jzargxxpfe.html?t=1738742437761\" target=\"_blank\" rel=\"noopener\"><span style=\"font-weight: 400\">2023. okt\u00f3ber 24.<\/span><\/a><\/p>\n<p><a href=\"https:\/\/sh1.sendinblue.com\/3ib8a1yrgxxpfe.html?t=1738742490868\" target=\"_blank\" rel=\"noopener\"><span style=\"font-weight: 400\">2023. okt\u00f3ber 6.<\/span><\/a><\/p>\n<p><a href=\"https:\/\/sh1.sendinblue.com\/3iaes4mrgxxpfe.html?t=1738742550838\" target=\"_blank\" rel=\"noopener\"><span style=\"font-weight: 400\">2023. szeptember 8.<\/span><\/a><\/p>\n<p><a href=\"https:\/\/sh1.sendinblue.com\/3i8axgmrgxxpfe.html?t=1738742619014\" target=\"_blank\" rel=\"noopener\"><span style=\"font-weight: 400\">2023. j\u00fanius 8.<\/span><\/a><\/p>\n<p><a href=\"https:\/\/sh1.sendinblue.com\/3i62v3argxxpfe.html?t=1738742696592\" target=\"_blank\" rel=\"noopener\"><span style=\"font-weight: 400\">2023. m\u00e1jus 5.<\/span><\/a><\/p>\n<p><a href=\"https:\/\/sh1.sendinblue.com\/3i50xrargxxpfe.html?t=1738742795361\" target=\"_blank\" rel=\"noopener\"><span style=\"font-weight: 400\">2023. \u00e1prilis 12.<\/span><\/a><\/p>\n<p><a href=\"https:\/\/sh1.sendinblue.com\/3i4sicmrgxxpfe.html?t=1738742843336\" target=\"_blank\" rel=\"noopener\"><span style=\"font-weight: 400\">2023. m\u00e1rcius 28.<\/span><\/a><\/p>\n<p><a href=\"https:\/\/sh1.sendinblue.com\/3i39q7argxxpfe.html?t=1738742896813\" target=\"_blank\" rel=\"noopener\"><span style=\"font-weight: 400\">2023. febru\u00e1r 20.<\/span><\/a><\/p>\n<p><a href=\"https:\/\/sh1.sendinblue.com\/3i1zdgmrgxxpfe.html?t=1738742981725\" target=\"_blank\" rel=\"noopener\">2023. febru\u00e1r 2.<\/a><\/p>\n<p><a href=\"https:\/\/sh1.sendinblue.com\/3i1v5rargxxpfe.html?t=1738743020555\" target=\"_blank\" rel=\"noopener\"><span style=\"font-weight: 400\">2023. janu\u00e1r 27.<\/span><\/a><\/p>\n<hr \/>\n<h3>2022<\/h3>\n<p><a href=\"https:\/\/sh1.sendinblue.com\/3i0cdlyrgxxpfe.html?t=1738743378531\" target=\"_blank\" rel=\"noopener\"><span style=\"font-weight: 400\">2022. december 6.<\/span><\/a><\/p>\n<p><a href=\"https:\/\/sh1.sendinblue.com\/3hz20vargxxpfe.html?t=1738743440656\" target=\"_blank\" rel=\"noopener\"><span style=\"font-weight: 400\">2022. okt\u00f3ber 27.<\/span><\/a><\/p>\n<p><a href=\"https:\/\/sh1.sendinblue.com\/3hulw4mrgxxpfe.html?t=1738744110773\" target=\"_blank\" rel=\"noopener\"><span style=\"font-weight: 400\">2022. okt\u00f3ber 7.<\/span><\/a><\/p>\n<p><a href=\"https:\/\/sh1.sendinblue.com\/3htbjdyrgxxpfe.html?t=1738744277274\" target=\"_blank\" rel=\"noopener\"><span style=\"font-weight: 400\">2022. szeptember 13.<\/span><\/a><\/p>\n<p><a href=\"https:\/\/sh1.sendinblue.com\/3hsqgvargxxpfe.html?t=1738744391781\" target=\"_blank\" rel=\"noopener\"><span style=\"font-weight: 400\">2022. augusztus 12.<\/span><\/a><\/p>\n<p><a href=\"https:\/\/sh1.sendinblue.com\/3hs16nargxxpfe.html?t=1738744436122\" target=\"_blank\" rel=\"noopener\"><span style=\"font-weight: 400\">2022. augusztus 3.<\/span><\/a><\/p>\n<p><a href=\"https:\/\/sh1.sendinblue.com\/3hqqtwmrgxxpfe.html?t=1738744480803\" target=\"_blank\" rel=\"noopener\"><span style=\"font-weight: 400\">2022. j\u00fanius 24.<\/span><\/a><\/p>\n<p><a href=\"https:\/\/sh1.sendinblue.com\/3hq1jomrgxxpfe.html?t=1738744518946\" target=\"_blank\" rel=\"noopener\"><span style=\"font-weight: 400\">2022. j\u00fanius 10.<\/span><\/a><\/p>\n<p><a href=\"https:\/\/sh1.sendinblue.com\/3hp3u1yrgxxpfe.html?t=1738744560018\" target=\"_blank\" rel=\"noopener\"><span style=\"font-weight: 400\">2022. m\u00e1jus 11.<\/span><\/a><\/p>\n<p><a href=\"https:\/\/sh1.sendinblue.com\/3ho1wpyrgxxpfe.html?t=1738744602256\" target=\"_blank\" rel=\"noopener\"><span style=\"font-weight: 400\">2022. \u00e1prilis 29.<\/span><\/a><\/p>\n<p><a href=\"https:\/\/sh1.sendinblue.com\/3hly21yrgxxpfe.html?t=1738744650456\" target=\"_blank\" rel=\"noopener\"><span style=\"font-weight: 400\">2022. m\u00e1rcius 11.<\/span><\/a><\/p>\n<p><a href=\"https:\/\/sh1.sendinblue.com\/3hltucmrgxxpfe.html?t=1738744692901\" target=\"_blank\" rel=\"noopener\"><span style=\"font-weight: 400\">2022. m\u00e1rcius 9.<\/span><\/a><\/p>\n<p><a href=\"https:\/\/sh1.sendinblue.com\/3hkrx0mrgxxpfe.html?t=1738744749359\" target=\"_blank\" rel=\"noopener\"><span style=\"font-weight: 400\">2022. janu\u00e1r 27.<\/span><\/a><\/p>\n<hr \/>\n<p><span style=\"color: #313b40;font-family: Montserrat, sans-serif;font-size: 24px;font-weight: 600\">2021<\/span><\/p>\n<p><a href=\"https:\/\/sh1.sendinblue.com\/3hccicmrgxxpfe.html?t=1738744954533\" target=\"_blank\" rel=\"noopener\"><span style=\"font-weight: 400\">2021. szeptember 30.<\/span><\/a><\/p>\n<p><a href=\"https:\/\/sh1.sendinblue.com\/3h186hyrgxxpfe.html?t=1738745191717\" target=\"_blank\" rel=\"noopener\"><span style=\"font-weight: 400\">2021. m\u00e1rcius 12.<\/span><\/a><\/p>\n<hr \/>\n<h3>2020<\/h3>\n<p><a href=\"https:\/\/sh1.sendinblue.com\/3gu34kmrgxxpfe.html?t=1738745285891\" target=\"_blank\" rel=\"noopener\"><span style=\"font-weight: 400\">2020. december 10. <\/span><\/a><\/p>\n<p><a href=\"https:\/\/sh1.sendinblue.com\/3gr9zomrgxxpfe.html?t=1738745387637\" target=\"_blank\" rel=\"noopener\"><span style=\"font-weight: 400\">2020. november 11.<\/span><\/a><\/p>\n<hr \/>\n<h5>Tov\u00e1bbi hasznos inform\u00e1ci\u00f3k<\/h5>\n<ul style=\"list-style-type: square\">\n<li><strong><a href=\"https:\/\/semmelweis.hu\/emk\/szocialis-vezetokepzo-tudaskozpont\/oktatas-2-2\/\" target=\"_blank\" rel=\"noopener\">Oktat\u00e1s<\/a><\/strong><\/li>\n<li><strong><a href=\"https:\/\/semmelweis.hu\/emk\/szocialis-vezetokepzo-tudaskozpont\/intezmenymenedzsment-2\/\" target=\"_blank\" rel=\"noopener\">Int\u00e9zm\u00e9nymenedzsment<\/a><\/strong><\/li>\n<li><strong><a href=\"https:\/\/semmelweis.hu\/emk\/szocialis-vezetokepzo-tudaskozpont\/kiadvanyok-publikaciok\/\" target=\"_blank\" rel=\"noopener\">Kiadv\u00e1nyok\/Publik\u00e1ci\u00f3k<\/a><\/strong><\/li>\n<li><strong><a href=\"https:\/\/semmelweis.hu\/emk\/szocialis-vezetokepzo-tudaskozpont\/esemenynaptar-2\/\" target=\"_blank\" rel=\"noopener\">Esem\u00e9nynapt\u00e1r<\/a><\/strong><\/li>\n<li><strong><a href=\"https:\/\/semmelweis.hu\/emk\/szocialis-vezetokepzo-tudaskozpont\/szocialis-valsagmenedzsment-eszkoztar\/\" target=\"_blank\" rel=\"noopener\">Szoci\u00e1lis V\u00e1ls\u00e1gmenedzsment Eszk\u00f6zt\u00e1r<\/a><\/strong><\/li>\n<li><strong><a href=\"https:\/\/semmelweis.hu\/emk\/szocialis-vezetokepzo-tudaskozpont\/elerhetosegek-2-2\/\" target=\"_blank\" rel=\"noopener\">El\u00e9rhet\u0151s\u00e9gek<\/a><\/strong><\/li>\n<li><strong><a href=\"https:\/\/semmelweis.hu\/emk\/szocialis-vezetokepzo-tudaskozpont\/gyik-2\/\" target=\"_blank\" rel=\"noopener\">GYIK<\/a><\/strong><\/li>\n<li><strong><a href=\"https:\/\/semmelweis.hu\/emk\/szocialis-vezetokepzo-tudaskozpont\/rolunk-mondtak-2\/\" target=\"_blank\" rel=\"noopener\">R\u00f3lunk mondt\u00e1k<\/a><\/strong><\/li>\n<\/ul>\n<div class=\"keretes w-100\">\n<p style=\"text-align: justify\">A<strong> Szoci\u00e1lis Vezet\u0151k\u00e9pz\u0151 Tud\u00e1sk\u00f6zpontot\u00a0 (SZVK) <\/strong>\u00e9rint\u0151 k\u00e9rd\u00e9seivel forduljon hozz\u00e1nk bizalommal a\u00a0<a href=\"mailto:szocialisvezetokepzes@emk.semmelweis.hu\" target=\"_blank\" rel=\"noopener\">szocialisvezetokepzes@emk.semmelweis.hu<\/a>\u00a0e-mail-c\u00edmen!<\/p>\n<\/div>\n","protected":false},"excerpt":{"rendered":"<p>\u00c9rtes\u00fclj\u00f6n \u00d6n is a Semmelweis Egyetem Egyetem Eg\u00e9szs\u00e9g\u00fcgyi K\u00f6zszolg\u00e1lati Kar Eg\u00e9szs\u00e9g\u00fcgyi Menedzserk\u00e9pz\u0151 K\u00f6zpontban m\u0171k\u00f6d\u0151 Szoci\u00e1lis Vezet\u0151k\u00e9pz\u0151 Tud\u00e1sk\u00f6zpont\u00a0\u00fajdons\u00e1gair\u00f3l, esem\u00e9nyeir\u0151l, k\u00e9pz\u00e9seir\u0151l! <a class=\"button\" href=\"https:\/\/97febb0d.sibforms.com\/serve\/MUIFAMaJ7ux_s5cRlg_s-PSxzygKPLKWQ7lYOo187TjT7dnQnK2hooevBguzbsOQxfG4dt1zeRZZCt7SzabwoXaj4PCktgSDSXjUcc1Lo2MLomzW0tZQhsKUSSNLbAgI67hirj1CbNSQFfAyvR5WnkY3-sbQyKvBU0ULvmflRYOGd3PjewlagIOtvjnCEhZX7T0JQW4vvzpXH23N\" target=\"_blank\" rel=\"noopener\">Iratkozzon fel h\u00edrlevel\u00fcnkre!<\/a> KOR\u00c1BBI H\u00cdRLEVELEINK 2026 <a href=\"https:\/\/sh1.sendinblue.com\/3j60k4mrgxxpfe.html?t=1767952629638\" target=\"_blank\" rel=\"noopener\">2026. janu\u00e1r 8.<\/a> 2025 <a href=\"https:\/\/sh1.sendinblue.com\/3j5wcfargxxpfe.html?t=1767952581824\" target=\"_blank\" rel=\"noopener\">2025. december 18.<\/a> <a href=\"https:\/\/sh1.sendinblue.com\/3j52uhyrgxxpfe.html?t=1767952509919\" target=\"_blank\" rel=\"noopener\">2025. november 7.<\/a> <a href=\"https:\/\/sh1.sendinblue.com\/3j454vargxxpfe.html?t=1760702912638\" target=\"_blank\" rel=\"noopener\">2025. okt\u00f3ber 16.<\/a> <a href=\"https:\/\/sh1.sendinblue.com\/3j337jargxxpfe.html?t=1760702654997\" target=\"_blank\" rel=\"noopener\">2025. szeptember 9.<\/a> <a href=\"https:\/\/sh1.sendinblue.com\/3j29plyrgxxpfe.html?t=1756813925041\" target=\"_blank\" rel=\"noopener\">2025. augusztus 5.<\/a> <a href=\"https:\/\/sh1.sendinblue.com\/3j1susmrgxxpfe.html?t=1750424902986\" target=\"_blank\" rel=\"noopener\">2025. j\u00fanius 13.<\/a> <a href=\"https:\/\/sh1.sendinblue.com\/3j0mprargxxpfe.html?t=1750424837506\" target=\"_blank\" rel=\"noopener\">2025. m\u00e1jus 14.<\/a> <a href=\"https:\/\/sh1.sendinblue.com\/3j0ii1yrgxxpfe.html?t=1750424625525\" target=\"_blank\" rel=\"noopener\">2025. m\u00e1jus 8.<\/a> <a href=\"https:\/\/sh1.sendinblue.com\/3iz3xlyrgxxpfe.html?t=1742879105789\" target=\"_blank\" rel=\"noopener\">2025. m\u00e1rcius 24.<\/a> <a href=\"https:\/\/sh1.sendinblue.com\/3iyafomrgxxpfe.html?t=1742878988413\" target=\"_blank\" rel=\"noopener\">2025. m\u00e1rcius 4.<\/a> <a href=\"https:\/\/sh1.sendinblue.com\/3iwrnjargxxpfe.html?t=1738735656646\" target=\"_blank\" rel=\"noopener\">2025. febru\u00e1r 4.<\/a> <a href=\"https:\/\/sh1.sendinblue.com\/3iwf0fargxxpfe.html?t=1738735768777\" target=\"_blank\" rel=\"noopener\">2025. janu\u00e1r 15.<\/a> <a href=\"https:\/\/sh1.sendinblue.com\/3iswlbargxxpfe.html?t=1738735858609\" target=\"_blank\" rel=\"noopener\">2025. janu\u00e1r 2.<\/a> 2024 <a href=\"https:\/\/sh1.sendinblue.com\/3isjy7argxxpfe.html?t=1738736173517\" target=\"_blank\" rel=\"noopener\">2024. december 12.<\/a> <a href=\"https:\/\/sh1.sendinblue.com\/3irunzargxxpfe.html?t=1738736338507\" target=\"_blank\" rel=\"noopener\">2024. november 20.<\/a> <a href=\"https:\/\/sh1.sendinblue.com\/3ir5drargxxpfe.html?t=1738736426836\" target=\"_blank\" rel=\"noopener\">2024. okt\u00f3ber 21.<\/a> <a href=\"https:\/\/sh1.sendinblue.com\/3iqsqnargxxpfe.html?t=1738736561914\" target=\"_blank\" rel=\"noopener\">2024. szeptember 26.<\/a> <a href=\"https:\/\/sh1.sendinblue.com\/3iqg3jargxxpfe.html?t=1738736754034\" target=\"_blank\" rel=\"noopener\">2024. szeptember 10.<\/a> <a href=\"https:\/\/sh1.sendinblue.com\/3ipz8pyrgxxpfe.html?t=1738736920217\" target=\"_blank\" rel=\"noopener\">2024. augusztus 22.<\/a> <a href=\"https:\/\/sh1.sendinblue.com\/3ip5qsmrgxxpfe.html?t=1738737124356\" target=\"_blank\" rel=\"noopener\">2024. j\u00falius 11.<\/a> <a href=\"https:\/\/sh1.sendinblue.com\/3ip1j3argxxpfe.html?t=1738737343871\" target=\"_blank\" rel=\"noopener\">2024. j\u00fanius 27.<\/a> <a href=\"https:\/\/sh1.sendinblue.com\/3inve1yrgxxpfe.html?t=1738737453869\" target=\"_blank\" rel=\"noopener\">2024. m\u00e1jus 13.<\/a> <a href=\"https:\/\/sh1.sendinblue.com\/3inmynargxxpfe.html?t=1738737612835\" target=\"_blank\" rel=\"noopener\">2024. \u00e1prilis 29.<\/a> <a href=\"https:\/\/sh1.sendinblue.com\/3inabjargxxpfe.html?t=1738737729520\" target=\"_blank\" rel=\"noopener\">2024. \u00e1prilis 22.<\/a> <a href=\"https:\/\/sh1.sendinblue.com\/3il295yrgxxpfe.html?t=1738737856212\" target=\"_blank\" rel=\"noopener\">2024. m\u00e1rcius 21.<\/a> <a href=\"https:\/\/sh1.sendinblue.com\/3ik0btyrgxxpfe.html?t=1738738106418\" target=\"_blank\" rel=\"noopener\">2024. febru\u00e1r 19.<\/a> <a href=\"https:\/\/sh1.sendinblue.com\/3iiu6smrgxxpfe.html?t=1738738304110\" target=\"_blank\" rel=\"noopener\">2024. janu\u00e1r 26.<\/a> \u00a0 <a href=\"https:\/\/sh1.sendinblue.com\/3iilrdyrgxxpfe.html?t=1738738456492\" target=\"_blank\" rel=\"noopener\">2024. janu\u00e1r 10.<\/a> 2023 <a href=\"https:\/\/sh1.sendinblue.com\/3igujtyrgxxpfe.html?t=1738741775561\" target=\"_blank\" rel=\"noopener\">2023. november 30.<\/a> <a href=\"https:\/\/sh1.sendinblue.com\/3ifwu7argxxpfe.html?t=1738741865658\" target=\"_blank\" rel=\"noopener\">2023. november 16.<\/a> <a href=\"https:\/\/sh1.sendinblue.com\/3ifk73argxxpfe.html?t=1738741943001\" target=\"_blank\" rel=\"noopener\">2023. november 10.<\/a> <a href=\"https:\/\/sh1.sendinblue.com\/3if7jzargxxpfe.html?t=1738742437761\" target=\"_blank\" rel=\"noopener\">2023. okt\u00f3ber 24.<\/a> <a href=\"https:\/\/sh1.sendinblue.com\/3ib8a1yrgxxpfe.html?t=1738742490868\" target=\"_blank\" rel=\"noopener\">2023. okt\u00f3ber 6.<\/a> <a href=\"https:\/\/sh1.sendinblue.com\/3iaes4mrgxxpfe.html?t=1738742550838\" target=\"_blank\" rel=\"noopener\">2023. szeptember 8.<\/a> <a href=\"https:\/\/sh1.sendinblue.com\/3i8axgmrgxxpfe.html?t=1738742619014\" target=\"_blank\" rel=\"noopener\">2023. j\u00fanius 8.<\/a> <a href=\"https:\/\/sh1.sendinblue.com\/3i62v3argxxpfe.html?t=1738742696592\" target=\"_blank\" rel=\"noopener\">2023. m\u00e1jus 5.<\/a> <a href=\"https:\/\/sh1.sendinblue.com\/3i50xrargxxpfe.html?t=1738742795361\" target=\"_blank\" rel=\"noopener\">2023. \u00e1prilis 12.<\/a> <a href=\"https:\/\/sh1.sendinblue.com\/3i4sicmrgxxpfe.html?t=1738742843336\" target=\"_blank\" rel=\"noopener\">2023. m\u00e1rcius 28.<\/a> <a href=\"https:\/\/sh1.sendinblue.com\/3i39q7argxxpfe.html?t=1738742896813\" target=\"_blank\" rel=\"noopener\">2023. febru\u00e1r 20.<\/a> <a href=\"https:\/\/sh1.sendinblue.com\/3i1zdgmrgxxpfe.html?t=1738742981725\" target=\"_blank\" rel=\"noopener\">2023. febru\u00e1r 2.<\/a> <a href=\"https:\/\/sh1.sendinblue.com\/3i1v5rargxxpfe.html?t=1738743020555\" target=\"_blank\" rel=\"noopener\">2023. janu\u00e1r 27.<\/a> 2022 <a href=\"https:\/\/sh1.sendinblue.com\/3i0cdlyrgxxpfe.html?t=1738743378531\" target=\"_blank\" rel=\"noopener\">2022. december 6.<\/a> <a href=\"https:\/\/sh1.sendinblue.com\/3hz20vargxxpfe.html?t=1738743440656\" target=\"_blank\" rel=\"noopener\">2022. okt\u00f3ber 27.<\/a> <a href=\"https:\/\/sh1.sendinblue.com\/3hulw4mrgxxpfe.html?t=1738744110773\" target=\"_blank\" rel=\"noopener\">2022. okt\u00f3ber 7.<\/a> <a href=\"https:\/\/sh1.sendinblue.com\/3htbjdyrgxxpfe.html?t=1738744277274\" target=\"_blank\" rel=\"noopener\">2022. szeptember 13.<\/a> <a href=\"https:\/\/sh1.sendinblue.com\/3hsqgvargxxpfe.html?t=1738744391781\" target=\"_blank\" rel=\"noopener\">2022. augusztus 12.<\/a> <a href=\"https:\/\/sh1.sendinblue.com\/3hs16nargxxpfe.html?t=1738744436122\" target=\"_blank\" rel=\"noopener\">2022. augusztus 3.<\/a> <a href=\"https:\/\/sh1.sendinblue.com\/3hqqtwmrgxxpfe.html?t=1738744480803\" target=\"_blank\" rel=\"noopener\">2022. j\u00fanius 24.<\/a> <a href=\"https:\/\/sh1.sendinblue.com\/3hq1jomrgxxpfe.html?t=1738744518946\" target=\"_blank\" rel=\"noopener\">2022. j\u00fanius 10.<\/a> <a href=\"https:\/\/sh1.sendinblue.com\/3hp3u1yrgxxpfe.html?t=1738744560018\" target=\"_blank\" rel=\"noopener\">2022. m\u00e1jus 11.<\/a> <a href=\"https:\/\/sh1.sendinblue.com\/3ho1wpyrgxxpfe.html?t=1738744602256\" target=\"_blank\" rel=\"noopener\">2022. \u00e1prilis 29.<\/a> <a href=\"https:\/\/sh1.sendinblue.com\/3hly21yrgxxpfe.html?t=1738744650456\" target=\"_blank\" rel=\"noopener\">2022. m\u00e1rcius 11.<\/a> <a href=\"https:\/\/sh1.sendinblue.com\/3hltucmrgxxpfe.html?t=1738744692901\" target=\"_blank\" rel=\"noopener\">2022. m\u00e1rcius 9.<\/a> <a href=\"https:\/\/sh1.sendinblue.com\/3hkrx0mrgxxpfe.html?t=1738744749359\" target=\"_blank\" rel=\"noopener\">2022. janu\u00e1r 27.<\/a> 2021 <a href=\"https:\/\/sh1.sendinblue.com\/3hccicmrgxxpfe.html?t=1738744954533\" target=\"_blank\" rel=\"noopener\">2021. szeptember 30.<\/a> <a href=\"https:\/\/sh1.sendinblue.com\/3h186hyrgxxpfe.html?t=1738745191717\" target=\"_blank\" rel=\"noopener\">2021. m\u00e1rcius 12.<\/a> 2020 <a href=\"https:\/\/sh1.sendinblue.com\/3gu34kmrgxxpfe.html?t=1738745285891\" target=\"_blank\" rel=\"noopener\">2020. december 10. <\/a> <a href=\"https:\/\/sh1.sendinblue.com\/3gr9zomrgxxpfe.html?t=1738745387637\" target=\"_blank\" rel=\"noopener\">2020. november 11.<\/a> Tov\u00e1bbi hasznos inform\u00e1ci\u00f3k <a href=\"https:\/\/semmelweis.hu\/emk\/szocialis-vezetokepzo-tudaskozpont\/oktatas-2-2\/\" target=\"_blank\" rel=\"noopener\">Oktat\u00e1s<\/a> <a href=\"https:\/\/semmelweis.hu\/emk\/szocialis-vezetokepzo-tudaskozpont\/intezmenymenedzsment-2\/\" target=\"_blank\" rel=\"noopener\">Int\u00e9zm\u00e9nymenedzsment<\/a> <a href=\"https:\/\/semmelweis.hu\/emk\/szocialis-vezetokepzo-tudaskozpont\/kiadvanyok-publikaciok\/\" target=\"_blank\" rel=\"noopener\">Kiadv\u00e1nyok\/Publik\u00e1ci\u00f3k<\/a> <a href=\"https:\/\/semmelweis.hu\/emk\/szocialis-vezetokepzo-tudaskozpont\/esemenynaptar-2\/\" target=\"_blank\" rel=\"noopener\">Esem\u00e9nynapt\u00e1r<\/a> <a href=\"https:\/\/semmelweis.hu\/emk\/szocialis-vezetokepzo-tudaskozpont\/szocialis-valsagmenedzsment-eszkoztar\/\" target=\"_blank\" rel=\"noopener\">Szoci\u00e1lis V\u00e1ls\u00e1gmenedzsment Eszk\u00f6zt\u00e1r<\/a> <a href=\"https:\/\/semmelweis.hu\/emk\/szocialis-vezetokepzo-tudaskozpont\/elerhetosegek-2-2\/\" target=\"_blank\" rel=\"noopener\">El\u00e9rhet\u0151s\u00e9gek<\/a> <a href=\"https:\/\/semmelweis.hu\/emk\/szocialis-vezetokepzo-tudaskozpont\/gyik-2\/\" target=\"_blank\" rel=\"noopener\">GYIK<\/a> <a href=\"https:\/\/semmelweis.hu\/emk\/szocialis-vezetokepzo-tudaskozpont\/rolunk-mondtak-2\/\" target=\"_blank\" rel=\"noopener\">R\u00f3lunk mondt\u00e1k<\/a> A Szoci\u00e1lis Vezet\u0151k\u00e9pz\u0151 Tud\u00e1sk\u00f6zpontot\u00a0 (SZVK) \u00e9rint\u0151 k\u00e9rd\u00e9seivel forduljon hozz\u00e1nk bizalommal a\u00a0 <a href=\"mailto:szocialisvezetokepzes@emk.semmelweis.hu\" target=\"_blank\" rel=\"noopener\">szocialisvezetokepzes@emk.semmelweis.hu<\/a> &hellip;<\/p>\n","protected":false},"author":101926,"featured_media":0,"parent":17224,"menu_order":5,"comment_status":"closed","ping_status":"closed","template":"","meta":{"_acf_changed":false,"footnotes":""},"categories":[],"tags":[603],"class_list":["post-19261","page","type-page","status-publish","hentry","tag-hirlevel"],"acf":[],"_links":{"self":[{"href":"https:\/\/semmelweis.hu\/emk\/wp-json\/wp\/v2\/pages\/19261","targetHints":{"allow":["GET"]}}],"collection":[{"href":"https:\/\/semmelweis.hu\/emk\/wp-json\/wp\/v2\/pages"}],"about":[{"href":"https:\/\/semmelweis.hu\/emk\/wp-json\/wp\/v2\/types\/page"}],"author":[{"embeddable":true,"href":"https:\/\/semmelweis.hu\/emk\/wp-json\/wp\/v2\/users\/101926"}],"replies":[{"embeddable":true,"href":"https:\/\/semmelweis.hu\/emk\/wp-json\/wp\/v2\/comments?post=19261"}],"version-history":[{"count":10,"href":"https:\/\/semmelweis.hu\/emk\/wp-json\/wp\/v2\/pages\/19261\/revisions"}],"predecessor-version":[{"id":26907,"href":"https:\/\/semmelweis.hu\/emk\/wp-json\/wp\/v2\/pages\/19261\/revisions\/26907"}],"up":[{"embeddable":true,"href":"https:\/\/semmelweis.hu\/emk\/wp-json\/wp\/v2\/pages\/17224"}],"wp:attachment":[{"href":"https:\/\/semmelweis.hu\/emk\/wp-json\/wp\/v2\/media?parent=19261"}],"wp:term":[{"taxonomy":"category","embeddable":true,"href":"https:\/\/semmelweis.hu\/emk\/wp-json\/wp\/v2\/categories?post=19261"},{"taxonomy":"post_tag","embeddable":true,"href":"https:\/\/semmelweis.hu\/emk\/wp-json\/wp\/v2\/tags?post=19261"}],"curies":[{"name":"wp","href":"https:\/\/api.w.org\/{rel}","templated":true}]}}