{"id":19240,"date":"2021-10-01T14:00:06","date_gmt":"2021-10-01T12:00:06","guid":{"rendered":"https:\/\/semmelweis.hu\/emk\/?page_id=19240"},"modified":"2026-03-12T11:32:47","modified_gmt":"2026-03-12T10:32:47","slug":"lezajlott-esemenyeink","status":"publish","type":"page","link":"https:\/\/semmelweis.hu\/emk\/szocialis-vezetokepzo-tudaskozpont\/a-projektrol\/lezajlott-esemenyeink\/","title":{"rendered":"Lezajlott esem\u00e9nyeink"},"content":{"rendered":"<p class=\"entry-title text-uppercase\"><a href=\"https:\/\/semmelweis.hu\/emk\/szocialis-vezetokepzo-tudaskozpont\/a-projektrol\/\" target=\"_blank\" rel=\"noopener\"><strong>Szoci\u00e1lis hum\u00e1n er\u0151forr\u00e1s fejleszt\u00e9se projekt<\/strong><\/a><\/p>\n<p><strong>2021<\/strong><\/p>\n<p><a href=\"https:\/\/semmelweis.hu\/emk\/files\/2022\/01\/PROGRAM_ZAROKONFERENCIA_ES_TANUSITVANY-ATADO_2021_10_26-1.pdf\" target=\"_blank\" rel=\"noopener\">Tan\u00fas\u00edtv\u00e1ny\u00e1tad\u00f3 \u00e9s z\u00e1r\u00f3konferencia &#8211; 2021.10.26.<\/a><\/p>\n<p><a href=\"https:\/\/semmelweis.hu\/emk\/files\/2021\/10\/PROGRAM_KONFERENCIA_\u00c9S_TAN\u00daS\u00cdTV\u00c1NY-\u00c1TAD\u00d3_2021_06_28.pdf\" target=\"_blank\" rel=\"noopener\">Tan\u00fas\u00edtv\u00e1ny\u00e1tad\u00f3 &#8211; 2021.06.28.<\/a><\/p>\n<p><a href=\"https:\/\/semmelweis.hu\/emk\/files\/2021\/05\/PROGRAM_R%C3%89GI%C3%93S_KONFERENCIA_.pdf\" target=\"_blank\" rel=\"noopener\">R\u00e9gi\u00f3s konferencia &#8211; 2021.06.03.<\/a><\/p>\n<hr \/>\n<p><strong>2020<\/strong><\/p>\n<p><a href=\"https:\/\/semmelweis.hu\/emk\/files\/2020\/11\/PROGRAM_KONFERENCIA_%C3%89S_TAN%C3%9AS%C3%8DTV%C3%81NY-%C3%81TAD%C3%93_2020_11_12-1.pdf\" target=\"_blank\" rel=\"noopener\">Tan\u00fas\u00edtv\u00e1ny\u00e1tad\u00f3 &#8211; 2020.11.12.<\/a><\/p>\n<p><a href=\"https:\/\/semmelweis.hu\/emk\/szvk-forum-2021-10-09\/\" target=\"_blank\" rel=\"noopener\">F\u00f3rum &#8211; 2020.10.09.<\/a><\/p>\n<hr \/>\n<p><strong>2019<\/strong><\/p>\n<p><a href=\"https:\/\/semmelweis.hu\/emk\/hungaromed-2\/\" target=\"_blank\" rel=\"noopener\">HungaroMed &#8211; 2019.10.07-09.<\/a><\/p>\n<p><a href=\"https:\/\/semmelweis.hu\/emk\/files\/2020\/09\/MEGHIVO_KONFERENCIA_ES_TANUSITVANY-ATADO.pdf\" target=\"_blank\" rel=\"noopener\">Tan\u00fas\u00edtv\u00e1ny\u00e1tad\u00f3 &#8211; 2019.09.23.<\/a><\/p>\n<hr \/>\n<p><strong>2018<\/strong><\/p>\n<p><a href=\"https:\/\/semmelweis.hu\/emk\/szocialis-agazati-konzultacio-2018\/\" target=\"_blank\" rel=\"noopener\">Szoci\u00e1lis \u00c1gazati Konzult\u00e1ci\u00f3 &#8211; 2018.\u00a0<\/a><\/p>\n<hr \/>\n<h5>Tov\u00e1bbi hasznos inform\u00e1ci\u00f3k<\/h5>\n<ul>\n<li><strong><a href=\"https:\/\/semmelweis.hu\/emk\/szocialis-vezetokepzo-tudaskozpont\/a-szocialis-vezetokepzesrol\/\" target=\"_blank\" rel=\"noopener\">A szoci\u00e1lis vezet\u0151k\u00e9pz\u00e9sr\u0151l<\/a><\/strong><\/li>\n<li><strong><a href=\"https:\/\/semmelweis.hu\/emk\/szocialis-vezetokepzo-tudaskozpont\/oktatas-2-2\/\" target=\"_blank\" rel=\"noopener\">Oktat\u00e1s<\/a><\/strong><\/li>\n<li><strong><a href=\"https:\/\/semmelweis.hu\/emk\/szocialis-vezetokepzo-tudaskozpont\/intezmenymenedzsment-2\/\" target=\"_blank\" rel=\"noopener\">Int\u00e9zm\u00e9nymenedzsment<\/a><\/strong><\/li>\n<li><strong><a href=\"https:\/\/semmelweis.hu\/emk\/szocialis-vezetokepzo-tudaskozpont\/kiadvanyok-publikaciok\/\" target=\"_blank\" rel=\"noopener\">Kiadv\u00e1nyok\/Publik\u00e1ci\u00f3k<\/a><\/strong><\/li>\n<li><strong><a href=\"https:\/\/semmelweis.hu\/emk\/szocialis-vezetokepzo-tudaskozpont\/esemenynaptar-2\/\" target=\"_blank\" rel=\"noopener\">Esem\u00e9nynapt\u00e1r<\/a><\/strong><\/li>\n<li><strong><a href=\"https:\/\/semmelweis.hu\/emk\/szocialis-vezetokepzo-tudaskozpont\/szocialis-valsagmenedzsment-eszkoztar\/\" target=\"_blank\" rel=\"noopener\">Szoci\u00e1lis V\u00e1ls\u00e1gmenedzsment Eszk\u00f6zt\u00e1r<\/a><\/strong><\/li>\n<li><strong><a href=\"https:\/\/semmelweis.hu\/emk\/szocialis-vezetokepzo-tudaskozpont\/hirlevel\/\" target=\"_blank\" rel=\"noopener\">H\u00edrlev\u00e9l<\/a><\/strong><\/li>\n<li><strong><a href=\"https:\/\/semmelweis.hu\/emk\/szocialis-vezetokepzo-tudaskozpont\/elerhetosegek-2-2\/\" target=\"_blank\" rel=\"noopener\">El\u00e9rhet\u0151s\u00e9gek<\/a><\/strong><\/li>\n<li><strong><a href=\"https:\/\/semmelweis.hu\/emk\/szocialis-vezetokepzo-tudaskozpont\/gyik-2\/\" target=\"_blank\" rel=\"noopener\">GYIK<\/a><\/strong><\/li>\n<li><strong><a href=\"https:\/\/semmelweis.hu\/emk\/szocialis-vezetokepzo-tudaskozpont\/rolunk-mondtak-2\/\" target=\"_blank\" rel=\"noopener\">R\u00f3lunk mondt\u00e1k<\/a><\/strong><\/li>\n<\/ul>\n<div class=\"keretes w-100\">\n<p style=\"text-align: justify\"><strong>A Semmelweis Egyetem Eg\u00e9szs\u00e9g\u00fcgyi K\u00f6zszolg\u00e1lati Kar Eg\u00e9szs\u00e9g\u00fcgyi Menedzserk\u00e9pz\u0151 K\u00f6zpont \u2013 Szoci\u00e1lis Vezet\u0151k\u00e9pz\u0151 Tud\u00e1sk\u00f6zpontot\u00a0 (SZVK)\u00a0<\/strong>\u00e9rint\u0151 k\u00e9rd\u00e9seivel forduljon hozz\u00e1nk bizalommal a\u00a0<a href=\"mailto:szocialisvezetokepzes@emk.semmelweis.hu\" target=\"_blank\" rel=\"noopener\">szocialisvezetokepzes@emk.semmelweis.hu<\/a>\u00a0e-mail-c\u00edmen!<\/p>\n<\/div>\n","protected":false},"excerpt":{"rendered":"<p><a href=\"https:\/\/semmelweis.hu\/emk\/szocialis-vezetokepzo-tudaskozpont\/a-projektrol\/\" target=\"_blank\" rel=\"noopener\">Szoci\u00e1lis hum\u00e1n er\u0151forr\u00e1s fejleszt\u00e9se projekt<\/a><br \/>\n2021<br \/>\n<a href=\"https:\/\/semmelweis.hu\/emk\/files\/2022\/01\/PROGRAM_ZAROKONFERENCIA_ES_TANUSITVANY-ATADO_2021_10_26-1.pdf\" target=\"_blank\" rel=\"noopener\">Tan\u00fas\u00edtv\u00e1ny\u00e1tad\u00f3 \u00e9s z\u00e1r\u00f3konferencia &#8211; 2021.10.26.<\/a><br \/>\n<a href=\"https:\/\/semmelweis.hu\/emk\/files\/2021\/10\/PROGRAM_KONFERENCIA_\u00c9S_TAN\u00daS\u00cdTV\u00c1NY-\u00c1TAD\u00d3_2021_06_28.pdf\" target=\"_blank\" rel=\"noopener\">Tan\u00fas\u00edtv\u00e1ny\u00e1tad\u00f3 &#8211; 2021.06.28.<\/a><br \/>\n<a href=\"https:\/\/semmelweis.hu\/emk\/files\/2021\/05\/PROGRAM_R%C3%89GI%C3%93S_KONFERENCIA_.pdf\" target=\"_blank\" rel=\"noopener\">R\u00e9gi\u00f3s konferencia &#8211; 2021.06.03.<\/a><\/p>\n<p>2020<br \/>\n<a href=\"https:\/\/semmelweis.hu\/emk\/files\/2020\/11\/PROGRAM_KONFERENCIA_%C3%89S_TAN%C3%9AS%C3%8DTV%C3%81NY-%C3%81TAD%C3%93_2020_11_12-1.pdf\" target=\"_blank\" rel=\"noopener\">Tan\u00fas\u00edtv\u00e1ny\u00e1tad\u00f3 &#8211; 2020.11.12.<\/a><br \/>\n<a href=\"https:\/\/semmelweis.hu\/emk\/szvk-forum-2021-10-09\/\" target=\"_blank\" rel=\"noopener\">F\u00f3rum &#8211; 2020.10.09.<\/a><\/p>\n<p>2019<br \/>\n<a href=\"https:\/\/semmelweis.hu\/emk\/hungaromed-2\/\" target=\"_blank\" rel=\"noopener\">HungaroMed &#8211; 2019.10.07-09.<\/a><br \/>\n<a href=\"https:\/\/semmelweis.hu\/emk\/files\/2020\/09\/MEGHIVO_KONFERENCIA_ES_TANUSITVANY-ATADO.pdf\" target=\"_blank\" rel=\"noopener\">Tan\u00fas\u00edtv\u00e1ny\u00e1tad\u00f3 &#8211; 2019.09.23.<\/a><\/p>\n<p>2018<br \/>\n<a href=\"https:\/\/semmelweis.hu\/emk\/szocialis-agazati-konzultacio-2018\/\" target=\"_blank\" rel=\"noopener\">Szoci\u00e1lis \u00c1gazati Konzult\u00e1ci\u00f3 &#8211; 2018.\u00a0<\/a><\/p>\n<p>Tov\u00e1bbi hasznos inform\u00e1ci\u00f3k<\/p>\n<p><a href=\"https:\/\/semmelweis.hu\/emk\/szocialis-vezetokepzo-tudaskozpont\/a-szocialis-vezetokepzesrol\/\" target=\"_blank\" rel=\"noopener\">A szoci\u00e1lis vezet\u0151k\u00e9pz\u00e9sr\u0151l<\/a><br \/>\n<a href=\"https:\/\/semmelweis.hu\/emk\/szocialis-vezetokepzo-tudaskozpont\/oktatas-2-2\/\" target=\"_blank\" rel=\"noopener\">Oktat\u00e1s<\/a><br \/>\n<a href=\"https:\/\/semmelweis.hu\/emk\/szocialis-vezetokepzo-tudaskozpont\/intezmenymenedzsment-2\/\" target=\"_blank\" rel=\"noopener\">Int\u00e9zm\u00e9nymenedzsment<\/a><br \/>\n<a href=\"https:\/\/semmelweis.hu\/emk\/szocialis-vezetokepzo-tudaskozpont\/kiadvanyok-publikaciok\/\" target=\"_blank\" rel=\"noopener\">Kiadv\u00e1nyok\/Publik\u00e1ci\u00f3k<\/a><br \/>\n<a href=\"https:\/\/semmelweis.hu\/emk\/szocialis-vezetokepzo-tudaskozpont\/esemenynaptar-2\/\" target=\"_blank\" rel=\"noopener\">Esem\u00e9nynapt\u00e1r<\/a><br \/>\n<a href=\"https:\/\/semmelweis.hu\/emk\/szocialis-vezetokepzo-tudaskozpont\/szocialis-valsagmenedzsment-eszkoztar\/\" target=\"_blank\" rel=\"noopener\">Szoci\u00e1lis V\u00e1ls\u00e1gmenedzsment Eszk\u00f6zt\u00e1r<\/a><br \/>\n<a href=\"https:\/\/semmelweis.hu\/emk\/szocialis-vezetokepzo-tudaskozpont\/hirlevel\/\" target=\"_blank\" rel=\"noopener\">H\u00edrlev\u00e9l<\/a><br \/>\n<a href=\"https:\/\/semmelweis.hu\/emk\/szocialis-vezetokepzo-tudaskozpont\/elerhetosegek-2-2\/\" target=\"_blank\" rel=\"noopener\">El\u00e9rhet\u0151s\u00e9gek<\/a><br \/>\n<a href=\"https:\/\/semmelweis.hu\/emk\/szocialis-vezetokepzo-tudaskozpont\/gyik-2\/\" target=\"_blank\" rel=\"noopener\">GYIK<\/a><br \/>\n<a href=\"https:\/\/semmelweis.hu\/emk\/szocialis-vezetokepzo-tudaskozpont\/rolunk-mondtak-2\/\" target=\"_blank\" rel=\"noopener\">R\u00f3lunk mondt\u00e1k<\/a><\/p>\n<p>A Semmelweis Egyetem Eg\u00e9szs\u00e9g\u00fcgyi K\u00f6zszolg\u00e1lati Kar Eg\u00e9szs\u00e9g\u00fcgyi Menedzserk\u00e9pz\u0151 K\u00f6zpont \u2013 Szoci\u00e1lis Vezet\u0151k\u00e9pz\u0151 Tud\u00e1sk\u00f6zpontot\u00a0 (SZVK)\u00a0\u00e9rint\u0151 k\u00e9rd\u00e9seivel forduljon hozz\u00e1nk bizalommal a\u00a0<a href=\"mailto:szocialisvezetokepzes@emk.semmelweis.hu\" target=\"_blank\" rel=\"noopener\">szocialisvezetokepzes@emk.semmelweis.hu<\/a>\u00a0e-mail-c\u00edmen!<\/p>\n","protected":false},"author":101926,"featured_media":0,"parent":17475,"menu_order":3,"comment_status":"closed","ping_status":"closed","template":"","meta":{"_acf_changed":false,"footnotes":""},"categories":[],"tags":[],"class_list":["post-19240","page","type-page","status-publish","hentry"],"acf":[],"_links":{"self":[{"href":"https:\/\/semmelweis.hu\/emk\/wp-json\/wp\/v2\/pages\/19240","targetHints":{"allow":["GET"]}}],"collection":[{"href":"https:\/\/semmelweis.hu\/emk\/wp-json\/wp\/v2\/pages"}],"about":[{"href":"https:\/\/semmelweis.hu\/emk\/wp-json\/wp\/v2\/types\/page"}],"author":[{"embeddable":true,"href":"https:\/\/semmelweis.hu\/emk\/wp-json\/wp\/v2\/users\/101926"}],"replies":[{"embeddable":true,"href":"https:\/\/semmelweis.hu\/emk\/wp-json\/wp\/v2\/comments?post=19240"}],"version-history":[{"count":10,"href":"https:\/\/semmelweis.hu\/emk\/wp-json\/wp\/v2\/pages\/19240\/revisions"}],"predecessor-version":[{"id":26895,"href":"https:\/\/semmelweis.hu\/emk\/wp-json\/wp\/v2\/pages\/19240\/revisions\/26895"}],"up":[{"embeddable":true,"href":"https:\/\/semmelweis.hu\/emk\/wp-json\/wp\/v2\/pages\/17475"}],"wp:attachment":[{"href":"https:\/\/semmelweis.hu\/emk\/wp-json\/wp\/v2\/media?parent=19240"}],"wp:term":[{"taxonomy":"category","embeddable":true,"href":"https:\/\/semmelweis.hu\/emk\/wp-json\/wp\/v2\/categories?post=19240"},{"taxonomy":"post_tag","embeddable":true,"href":"https:\/\/semmelweis.hu\/emk\/wp-json\/wp\/v2\/tags?post=19240"}],"curies":[{"name":"wp","href":"https:\/\/api.w.org\/{rel}","templated":true}]}}