{"id":19135,"date":"2021-09-16T12:06:51","date_gmt":"2021-09-16T10:06:51","guid":{"rendered":"https:\/\/semmelweis.hu\/emk\/?page_id=19135"},"modified":"2026-03-12T11:12:58","modified_gmt":"2026-03-12T10:12:58","slug":"szocialis-vezetokepzes","status":"publish","type":"page","link":"https:\/\/semmelweis.hu\/emk\/szocialis-vezetokepzo-tudaskozpont\/oktatas-2-2\/szocialis-vezetokepzes\/","title":{"rendered":"Szoci\u00e1lis vezet\u0151k\u00e9pz\u00e9s"},"content":{"rendered":"<h2>Szoci\u00e1lis vezet\u0151k\u00e9pz\u00e9s<\/h2>\n<p>K\u00e9t kulcs \u00e9rt\u00e9k: <strong>TUDATOSS\u00c1G \u2013 GYAKORLATIASS\u00c1G<\/strong><\/p>\n<p style=\"text-align: justify\">A szoci\u00e1lis igazgat\u00e1sr\u00f3l \u00e9s szoci\u00e1lis ell\u00e1t\u00e1sokr\u00f3l sz\u00f3l\u00f3 1993. \u00e9vi III. tv. 92\/D. \u00a7 (2) bekezd\u00e9se \u00e9rtelm\u00e9ben\u00a0<strong>2018. janu\u00e1r 1-t\u0151l<\/strong>\u00a0a szem\u00e9lyes gondoskod\u00e1st ny\u00fajt\u00f3 szoci\u00e1lis, gyermekj\u00f3l\u00e9ti \u00e9s gyermekv\u00e9delmi tev\u00e9kenys\u00e9get v\u00e9gz\u0151,\u00a0<strong>vezet\u0151i megb\u00edz\u00e1ssal rendelkez\u0151 szem\u00e9lyek<\/strong><strong>\u00a0k\u00e9pz\u00e9s\u00e9nek rendszere \u00e1talak\u00edt\u00e1sra ker\u00fclt<\/strong>.<\/p>\n<p style=\"text-align: justify\">&#8222;Az \u00faj k\u00e9pz\u00e9si rendszerben a vezet\u0151i megb\u00edz\u00e1s felt\u00e9tele az\u00a0alap vezet\u0151k\u00e9pz\u00e9sen\u00a0(80\u00a0\u00f3ra) vagy\u00a0mester vezet\u0151k\u00e9pz\u00e9sen (120 \u00f3ra), majd n\u00e9gy\u00e9venk\u00e9nt\u00a0meg\u00faj\u00edt\u00f3 k\u00e9pz\u00e9sen (15, ill.\u00a025\u00a0\u00f3ra) val\u00f3 r\u00e9szv\u00e9tel.&#8221;<\/p>\n<div class=\"keretes w-100\"><strong>K\u00e9pz\u00e9sek:<\/strong><\/p>\n<ul style=\"list-style-type: disc\">\n<li><strong><a href=\"https:\/\/semmelweis.hu\/emk\/szocialis-vezetokepzo-tudaskozpont\/oktatas-2-2\/szocialis-vezetokepzes\/alapozo-kepzes\/\" target=\"_blank\" rel=\"noopener noreferrer\">Alapoz\u00f3 k\u00e9pz\u00e9sek<\/a><\/strong><\/li>\n<li><strong><a href=\"https:\/\/semmelweis.hu\/emk\/szocialis-vezetokepzo-tudaskozpont\/oktatas-2-2\/szocialis-vezetokepzes\/megujito-kepzes\/\" target=\"_blank\" rel=\"noopener\">Meg\u00faj\u00edt\u00f3 k\u00e9pz\u00e9sek<\/a><\/strong><\/li>\n<li><strong><a href=\"https:\/\/semmelweis.hu\/emk\/szocialis-vezetokepzo-tudaskozpont\/oktatas-2-2\/szocialis-vezetokepzes\/szocialis-szakmai-tovabbkepzesek\/\" target=\"_blank\" rel=\"noopener\">Szakmai tov\u00e1bbk\u00e9pz\u00e9sek<\/a><\/strong><\/li>\n<\/ul>\n<\/div>\n<p style=\"text-align: center\"><a class=\"button\" href=\"https:\/\/semmelweis.hu\/emk\/dokumentumok\/\">Dokumentumt\u00e1r<\/a><\/p>\n<hr \/>\n<p style=\"text-align: justify\">A Semmelweis Egyetem Eg\u00e9szs\u00e9g\u00fcgyi K\u00f6zszolg\u00e1lati Kar Eg\u00e9szs\u00e9g\u00fcgyi Menedzserk\u00e9pz\u0151 K\u00f6zpontban m\u0171k\u00f6d\u0151 <strong>Szoci\u00e1lis Vezet\u0151k\u00e9pz\u0151 Tud\u00e1sk\u00f6zpontot (SZVK) <\/strong>\u00e9rint\u0151 k\u00e9rd\u00e9seivel forduljon hozz\u00e1nk bizalommal a <a href=\"mailto:szocialisvezetokepzes@emk.semmelweis.hu\">szocialisvezetokepzes@emk.semmelweis.hu<\/a> e-mail-c\u00edmen!<\/p>\n<p><strong>Tov\u00e1bbi hasznos inform\u00e1ci\u00f3k:<\/strong><\/p>\n<ul style=\"list-style-type: square\">\n<li><strong><a href=\"https:\/\/semmelweis.hu\/emk\/szocialis-vezetokepzo-tudaskozpont\/a-szocialis-vezetokepzesrol\/\" target=\"_blank\" rel=\"noopener\">A szoci\u00e1lis vezet\u0151k\u00e9pz\u00e9sr\u0151l<\/a><\/strong><\/li>\n<li><strong><a href=\"https:\/\/semmelweis.hu\/emk\/szocialis-vezetokepzo-tudaskozpont\/kiadvanyok-publikaciok\/\" target=\"_blank\" rel=\"noopener\">Kiadv\u00e1nyok\/Publik\u00e1ci\u00f3k<\/a><\/strong><\/li>\n<li><strong><a href=\"https:\/\/semmelweis.hu\/emk\/szocialis-vezetokepzo-tudaskozpont\/esemenynaptar-2\/\" target=\"_blank\" rel=\"noopener\">Esem\u00e9nynapt\u00e1r<\/a><\/strong><\/li>\n<li><strong><a href=\"https:\/\/semmelweis.hu\/emk\/szocialis-vezetokepzo-tudaskozpont\/szocialis-valsagmenedzsment-eszkoztar\/\" target=\"_blank\" rel=\"noopener\">Szoci\u00e1lis V\u00e1ls\u00e1gmenedzsment Eszk\u00f6zt\u00e1r<\/a><\/strong><\/li>\n<li><strong><a href=\"https:\/\/semmelweis.hu\/emk\/szocialis-vezetokepzo-tudaskozpont\/hirlevel\/\" target=\"_blank\" rel=\"noopener\">H\u00edrlev\u00e9l<\/a><\/strong><\/li>\n<li><strong><a href=\"https:\/\/semmelweis.hu\/emk\/szocialis-vezetokepzo-tudaskozpont\/elerhetosegek-2-2\/\" target=\"_blank\" rel=\"noopener\">El\u00e9rhet\u0151s\u00e9gek<\/a><\/strong><\/li>\n<li><strong><a href=\"https:\/\/semmelweis.hu\/emk\/szocialis-vezetokepzo-tudaskozpont\/gyik-2\/\">GYIK<\/a><\/strong><\/li>\n<li><strong><a href=\"https:\/\/semmelweis.hu\/emk\/szocialis-vezetokepzo-tudaskozpont\/rolunk-mondtak-2\/\" target=\"_blank\" rel=\"noopener\">R\u00f3lunk mondt\u00e1k<\/a><\/strong><\/li>\n<\/ul>\n","protected":false},"excerpt":{"rendered":"<p>Szoci\u00e1lis vezet\u0151k\u00e9pz\u00e9s K\u00e9t kulcs \u00e9rt\u00e9k: TUDATOSS\u00c1G \u2013 GYAKORLATIASS\u00c1G A szoci\u00e1lis igazgat\u00e1sr\u00f3l \u00e9s szoci\u00e1lis ell\u00e1t\u00e1sokr\u00f3l sz\u00f3l\u00f3 1993. \u00e9vi III. tv. 92\/D. \u00a7 (2) bekezd\u00e9se \u00e9rtelm\u00e9ben\u00a02018. janu\u00e1r 1-t\u0151l\u00a0a szem\u00e9lyes gondoskod\u00e1st ny\u00fajt\u00f3 szoci\u00e1lis, gyermekj\u00f3l\u00e9ti \u00e9s gyermekv\u00e9delmi tev\u00e9kenys\u00e9get v\u00e9gz\u0151,\u00a0vezet\u0151i megb\u00edz\u00e1ssal rendelkez\u0151 szem\u00e9lyek\u00a0k\u00e9pz\u00e9s\u00e9nek rendszere \u00e1talak\u00edt\u00e1sra ker\u00fclt. &#8222;Az \u00faj k\u00e9pz\u00e9si rendszerben a vezet\u0151i megb\u00edz\u00e1s felt\u00e9tele az\u00a0alap vezet\u0151k\u00e9pz\u00e9sen\u00a0(80\u00a0\u00f3ra) vagy\u00a0mester vezet\u0151k\u00e9pz\u00e9sen (120 \u00f3ra), &hellip;<\/p>\n","protected":false},"author":101926,"featured_media":0,"parent":17575,"menu_order":2,"comment_status":"closed","ping_status":"closed","template":"","meta":{"_acf_changed":false,"footnotes":""},"categories":[],"tags":[],"class_list":["post-19135","page","type-page","status-publish","hentry"],"acf":[],"_links":{"self":[{"href":"https:\/\/semmelweis.hu\/emk\/wp-json\/wp\/v2\/pages\/19135","targetHints":{"allow":["GET"]}}],"collection":[{"href":"https:\/\/semmelweis.hu\/emk\/wp-json\/wp\/v2\/pages"}],"about":[{"href":"https:\/\/semmelweis.hu\/emk\/wp-json\/wp\/v2\/types\/page"}],"author":[{"embeddable":true,"href":"https:\/\/semmelweis.hu\/emk\/wp-json\/wp\/v2\/users\/101926"}],"replies":[{"embeddable":true,"href":"https:\/\/semmelweis.hu\/emk\/wp-json\/wp\/v2\/comments?post=19135"}],"version-history":[{"count":11,"href":"https:\/\/semmelweis.hu\/emk\/wp-json\/wp\/v2\/pages\/19135\/revisions"}],"predecessor-version":[{"id":26882,"href":"https:\/\/semmelweis.hu\/emk\/wp-json\/wp\/v2\/pages\/19135\/revisions\/26882"}],"up":[{"embeddable":true,"href":"https:\/\/semmelweis.hu\/emk\/wp-json\/wp\/v2\/pages\/17575"}],"wp:attachment":[{"href":"https:\/\/semmelweis.hu\/emk\/wp-json\/wp\/v2\/media?parent=19135"}],"wp:term":[{"taxonomy":"category","embeddable":true,"href":"https:\/\/semmelweis.hu\/emk\/wp-json\/wp\/v2\/categories?post=19135"},{"taxonomy":"post_tag","embeddable":true,"href":"https:\/\/semmelweis.hu\/emk\/wp-json\/wp\/v2\/tags?post=19135"}],"curies":[{"name":"wp","href":"https:\/\/api.w.org\/{rel}","templated":true}]}}