{"id":18760,"date":"2021-04-09T14:59:52","date_gmt":"2021-04-09T12:59:52","guid":{"rendered":"https:\/\/semmelweis.hu\/emk\/?page_id=18760"},"modified":"2024-10-11T13:36:53","modified_gmt":"2024-10-11T11:36:53","slug":"szakiranyu-tovabbkepzeseink","status":"publish","type":"page","link":"https:\/\/semmelweis.hu\/emk\/oktatas\/szakiranyu-tovabbkepzeseink\/","title":{"rendered":"Szakir\u00e1ny\u00fa tov\u00e1bbk\u00e9pz\u00e9seink"},"content":{"rendered":"<h2>Ritka betegs\u00e9ggel \u00e9l\u0151 szem\u00e9lyek \u00e9s csal\u00e1djaik \u00e9let\u00fat-koordin\u00e1tora<\/h2>\n<p style=\"text-align: justify\">Magyarorsz\u00e1gon el\u0151sz\u00f6r 2024 \u0151sz\u00e9n indul a\u00a0<strong>Ritka betegs\u00e9ggel \u00e9l\u0151 szem\u00e9lyek \u00e9s csal\u00e1djaik \u00e9let\u00fat-koordin\u00e1tora<\/strong>\u00a0megnevez\u00e9s\u0171 szakir\u00e1ny\u00fa tov\u00e1bbk\u00e9pz\u00e9s,<\/p>\n<ul style=\"list-style-type: disc\">\n<li style=\"text-align: justify\">az ELTE B\u00e1rczi Guszt\u00e1v Gy\u00f3gypedag\u00f3giai Kar Gy\u00f3gypedag\u00f3giai Tov\u00e1bbk\u00e9pz\u0151 K\u00f6zpont,<\/li>\n<li style=\"text-align: justify\">a Semmelweis Egyetem Eg\u00e9szs\u00e9g\u00fcgyi Menedzserk\u00e9pz\u0151 K\u00f6zpont,<\/li>\n<li style=\"text-align: justify\">a Szoci\u00e1lis Vezet\u0151k\u00e9pz\u0151 Tud\u00e1sk\u00f6zpont<\/li>\n<li style=\"text-align: justify\">\u00e9s a Ritka \u00e9s Velesz\u00fcletett Rendelleness\u00e9ggel \u00e9l\u0151k Orsz\u00e1gos Sz\u00f6vets\u00e9ge (RIROSZ)<\/li>\n<\/ul>\n<p style=\"text-align: justify\">k\u00f6z\u00f6s k\u00e9pz\u00e9se.\u00a0<\/p>\n<div class=\"fontos_div\">\n<p style=\"text-align: justify\">A\u00a0<strong>ritka betegs\u00e9gek<\/strong>\u00a0olyan betegs\u00e9gek, amelyek k\u00e9tezer emberb\u0151l kevesebb, mint egyet \u00e9rintenek, m\u00e9gis 6-8 000 k\u00fcl\u00f6nb\u00f6z\u0151 t\u00edpus\u00fa ritka betegs\u00e9get azonos\u00edtottak m\u00e1r a vil\u00e1gban.<br \/>\nA betegs\u00e9gek k\u00f6z\u00f6s jellemz\u0151i, hogy nagy sz\u00e1mban \u00e9letvesz\u00e9lyes vagy kr\u00f3nikus le\u00e9p\u00fcl\u00e9ssel j\u00e1rhatnak, befoly\u00e1solhatj\u00e1k a beteg \u00e9letmin\u0151s\u00e9g\u00e9t \u00e9s t\u00f6bbs\u00e9g\u00fckh\u00f6z valamilyen fogyat\u00e9koss\u00e1g is t\u00e1rsulhat. A ritka betegs\u00e9gek 50-70%-a gyermekeket \u00e9rint.<\/p>\n<\/div>\n<p><strong>A k\u00e9pz\u00e9si id\u0151:<\/strong>\u00a04 f\u00e9l\u00e9v<\/p>\n<p><strong>A szakk\u00e9pzetts\u00e9g megszerz\u00e9s\u00e9hez sz\u00fcks\u00e9ges kreditek sz\u00e1ma:<\/strong>\u00a0120 kredit<\/p>\n<p><strong>K\u00e9pz\u00e9s indul\u00e1sa:<\/strong>\u00a02024. szeptember<\/p>\n<p><strong>K\u00e9pz\u00e9s d\u00edja:<\/strong>\u00a0238 000 Ft\/hallgat\u00f3\/f\u00e9l\u00e9v<\/p>\n<p><strong>Jelentkez\u00e9si hat\u00e1rid\u0151:<\/strong>\u00a0meghosszabb\u00edt\u00e1sra ker\u00fclt 2024. augusztus 20-ig!<\/p>\n<p><strong>Motiv\u00e1ci\u00f3s\/felv\u00e9teli besz\u00e9lget\u00e9s id\u0151pontja:<\/strong>\u00a02024. augusztus 27. kedd 10 \u00f3r\u00e1t\u00f3l\u00a0<\/p>\n<p>A k\u00e9pz\u00e9ssel kapcsolatos \u00e9s a jelentkez\u00e9s felt\u00e9teleir\u0151l sz\u00f3l\u00f3 r\u00e9szletes inform\u00e1ci\u00f3\u00a0<a href=\"https:\/\/barczi.elte.hu\/content\/ritka-betegseggel-elo-szemelyek-es-csaladjaik-eletut-koordinatora-szakiranyu-tovabbkepzes.t.3063?m=487&amp;fbclid=IwZXh0bgNhZW0CMTAAAR3UceNSkfDe-ekmkIjpClJU6m74uj7PaFol2Iw8RiYUOwsjDZTCUw8Lv5A_aem_KY12ZQO1R10n3buSjaCjKg\" target=\"_blank\" rel=\"noopener\">ITT<\/a>\u00a0tal\u00e1lhat\u00f3.<\/p>\n<hr \/>\n<p style=\"text-align: justify\">A <strong><a href=\"https:\/\/semmelweis.hu\/emk\/szocialis-vezetokepzo-tudaskozpont\/oktatas-2-2\/szocialis-szolgaltatasmenedzsment-szakiranyu-tovabbkepzes\/\">Szoci\u00e1lis szolg\u00e1ltat\u00e1smenedzsment (SZSZM)<\/a> \u00e9s a Min\u0151s\u00e9g\u00fcgyi \u00e9s Betegbiztons\u00e1gi Menedzser (MBM) szakir\u00e1ny\u00fa tov\u00e1bbk\u00e9pz\u00e9st jelenleg nem ind\u00edtjuk.<\/strong><\/p>\n<p>&nbsp;<\/p>\n","protected":false},"excerpt":{"rendered":"<p>Ritka betegs\u00e9ggel \u00e9l\u0151 szem\u00e9lyek \u00e9s csal\u00e1djaik \u00e9let\u00fat-koordin\u00e1tora Magyarorsz\u00e1gon el\u0151sz\u00f6r 2024 \u0151sz\u00e9n indul a\u00a0Ritka betegs\u00e9ggel \u00e9l\u0151 szem\u00e9lyek \u00e9s csal\u00e1djaik \u00e9let\u00fat-koordin\u00e1tora\u00a0megnevez\u00e9s\u0171 szakir\u00e1ny\u00fa tov\u00e1bbk\u00e9pz\u00e9s, az ELTE B\u00e1rczi Guszt\u00e1v Gy\u00f3gypedag\u00f3giai Kar Gy\u00f3gypedag\u00f3giai Tov\u00e1bbk\u00e9pz\u0151 K\u00f6zpont, a Semmelweis Egyetem Eg\u00e9szs\u00e9g\u00fcgyi Menedzserk\u00e9pz\u0151 K\u00f6zpont, a Szoci\u00e1lis Vezet\u0151k\u00e9pz\u0151 Tud\u00e1sk\u00f6zpont \u00e9s a Ritka \u00e9s Velesz\u00fcletett Rendelleness\u00e9ggel \u00e9l\u0151k Orsz\u00e1gos Sz\u00f6vets\u00e9ge (RIROSZ) k\u00f6z\u00f6s k\u00e9pz\u00e9se.\u00a0 A\u00a0ritka betegs\u00e9gek\u00a0olyan betegs\u00e9gek, &hellip;<\/p>\n","protected":false},"author":101539,"featured_media":0,"parent":14559,"menu_order":3,"comment_status":"closed","ping_status":"closed","template":"","meta":{"_acf_changed":false,"footnotes":""},"categories":[],"tags":[],"class_list":["post-18760","page","type-page","status-publish","hentry"],"acf":[],"_links":{"self":[{"href":"https:\/\/semmelweis.hu\/emk\/wp-json\/wp\/v2\/pages\/18760","targetHints":{"allow":["GET"]}}],"collection":[{"href":"https:\/\/semmelweis.hu\/emk\/wp-json\/wp\/v2\/pages"}],"about":[{"href":"https:\/\/semmelweis.hu\/emk\/wp-json\/wp\/v2\/types\/page"}],"author":[{"embeddable":true,"href":"https:\/\/semmelweis.hu\/emk\/wp-json\/wp\/v2\/users\/101539"}],"replies":[{"embeddable":true,"href":"https:\/\/semmelweis.hu\/emk\/wp-json\/wp\/v2\/comments?post=18760"}],"version-history":[{"count":7,"href":"https:\/\/semmelweis.hu\/emk\/wp-json\/wp\/v2\/pages\/18760\/revisions"}],"predecessor-version":[{"id":23219,"href":"https:\/\/semmelweis.hu\/emk\/wp-json\/wp\/v2\/pages\/18760\/revisions\/23219"}],"up":[{"embeddable":true,"href":"https:\/\/semmelweis.hu\/emk\/wp-json\/wp\/v2\/pages\/14559"}],"wp:attachment":[{"href":"https:\/\/semmelweis.hu\/emk\/wp-json\/wp\/v2\/media?parent=18760"}],"wp:term":[{"taxonomy":"category","embeddable":true,"href":"https:\/\/semmelweis.hu\/emk\/wp-json\/wp\/v2\/categories?post=18760"},{"taxonomy":"post_tag","embeddable":true,"href":"https:\/\/semmelweis.hu\/emk\/wp-json\/wp\/v2\/tags?post=18760"}],"curies":[{"name":"wp","href":"https:\/\/api.w.org\/{rel}","templated":true}]}}