{"id":18722,"date":"2021-03-25T16:17:03","date_gmt":"2021-03-25T15:17:03","guid":{"rendered":"https:\/\/semmelweis.hu\/emk\/?page_id=18722"},"modified":"2023-03-09T16:06:06","modified_gmt":"2023-03-09T15:06:06","slug":"x-ehealth","status":"publish","type":"page","link":"https:\/\/semmelweis.hu\/emk\/en\/projects\/closed-projects\/x-ehealth\/","title":{"rendered":"X-eHealth"},"content":{"rendered":"<p><strong>X-eHealth &#8211; eXchanging electronic Health Records in a commom framework<\/strong><\/p>\n<p>01\/09\/2020 \u2013 31\/08\/2022<\/p>\n<p><strong>About the project<\/strong><\/p>\n<p>X-eHealth\u2019s project stands herein for a project of strategic relevance for tomorrow\u2019s European eHealth Union. Assembling at the time of this proposal submission a shared commitment of 47 health actors, the underlying idea of this project is to develop the basis for a workable, interoperable, secure and cross border Electronic Health Record exchange Format in order to lay the foundation for the advance of eHealth sector while using the 3 pillars put forward by the EC as reference.<\/p>\n<p>Aimed at promoting a faster and sustainable EU digital transformation, this Cooperative and Support Action is made up of 8 Work Package in which 4 exclusively focus on technical-functional activities (WP4 to WP7). From Generic Aspects to System Architecture and Integration, passing by Functional and Technical Specifications, X-eHealth objective is to move towards a uniform interoperable data-sharing format framework. In addition, to enhance EU\u2019s public health state of play, WP1 and WP8 are responsible for implementation studies, practicality and continuity of eHealth interoperability development.<\/p>\n<p>On this basis and building upon the already in place Patient Summary, X-eHealth purpose is to develop the foundations for a common framework for medical imaging, discharge letters, laboratory results and rare diseases to flow both alongside citizens care pathway and across health entities between EU Member States and Neighbour Countries. Focus on cross-border services, this consortium aims to advance an interoperable Common European Health Data Space for citizens and health providers engagement in accordance with privacy and cybersecurity regulations. To achieve this end, X-eHealth gathers 36 consortium partners plus 5 collaborative partners and 6 eHealth skilled experts, eager to develop the abovementioned 4 domains, and distinguished by policy and political actors mixed with national competent authorities to indeed concretely plan, implement and maintain national eHealth infrastructures.<\/p>\n<p><strong>Members:<\/strong><\/p>\n<p>Consortium leader: SPMS \u2013 Servi\u00e7os Partilhados do Minist\u00e9rio da Sa\u00fade, EPE (Portugal)<\/p>\n<p>Role of HSMTC: Consortium member<\/p>\n<p>Consortium members:<\/p>\n<ul>\n<li>ATNA &#8211; Bundesministerium f\u00fcr Arbeit, Soziales, Gesundheit und Konsumentenschutz\u00a0(Austria)<\/li>\n<li>G\u00d6G <strong>&#8211; <\/strong>Austrian National Public Health Institute\u00a0 in German; Gesundheit \u00d6sterreich GmbH (Austria)<\/li>\n<li>FPS Health Be<strong> &#8211; <\/strong>FPS Health Belgium\u00a0(Belgium)<\/li>\n<li>IHE \u2013 EUR<strong> &#8211; <\/strong>IHE-Europe (Belgium)<\/li>\n<li>HL7 Europe<strong> &#8211; <\/strong>HL7 International Foundation Europe (Belgium)<\/li>\n<li>NEN &#8211; Stichting Nederlands Normalisatie Instituut (The Netherlands)<\/li>\n<li>HZZO &#8211; Hrvatski zavod za zdravstveno osiguranje\u00a0 (Croatia)<\/li>\n<li>UCY &#8211; University of Cyprus\u00a0(Cyprus)<\/li>\n<li>MZCR\/NCEZ &#8211; National eHealth Centre, Ministry of Health of the Czech Republic (Czech Republic)<\/li>\n<li>Kraj Vyso\u010dina &#8211; Vyso\u010dina Region (Czech Republic)<\/li>\n<li>MSAE\/MoSA &#8211; Ministry of Social Affairs\/Health and Welfare Information Systems\u2018 Centre (Estonia)<\/li>\n<li>ANS &#8211; Agence du Num\u00e9rique en Sant\u00e9 (France)<\/li>\n<li>MoH-FR &#8211; Ministry of Solidarity and health\u00a0(France)<\/li>\n<li>DIMDI<strong> &#8211; <\/strong>German Institute of Medical Documentation and Information (Germany)<\/li>\n<li>GEMATIK &#8211; gematik GmbH\u00a0(Germany)<\/li>\n<li>TMF &#8211; Technology, Methods, and Infrastructure for Networked Medical Research (Germany)<\/li>\n<li>MoH-GR<strong> &#8211; <\/strong>Hellenic Ministry of Health (Greece)\u00a0<\/li>\n<li>AEEK\/NHSC<strong> &#8211; <\/strong>\u00c1llami Eg\u00e9szs\u00e9g\u00fcgyi Ell\u00e1t\u00f3 K\u00f6zpont\u00a0(Hungary)<\/li>\n<li>SE\/SU<strong> &#8211; <\/strong>SEMMELWEIS UNIVERSITY (Hungary)<\/li>\n<li>DoH-IE<strong> &#8211; <\/strong>Department of Health\u00a0(Ireland)<\/li>\n<li>AgID <strong>&#8211; <\/strong>Agenzia per l\u2019Italia Digitale\u00a0(Italy)<\/li>\n<li>ARIA<strong> &#8211; <\/strong>ARIA S.p.A. \u2013 Azienda Regionale per l\u2019Innovazione e gli Acquisti\u00a0(Italy)<\/li>\n<li>MIN SAL\/MoH IT<strong> &#8211; <\/strong>MINISTERO DELLA SALUTE (Italy)<\/li>\n<li>REGLOMB<strong> &#8211; <\/strong>Regione Lombardia (Italy)<\/li>\n<li>INT &#8211; Fondazione IRCCS Istituto Nazionale Tumori (Italy)<\/li>\n<li>NVD &#8211; National Health Service of the Republic of Latvia (Latvia)<\/li>\n<li>SAM\/MoH-LT &#8211; Ministry of Health of The Republic of Lithuania (Lithuania)<\/li>\n<li>NICTIZ\u00a0&#8211; Nationaal ICT Instituut in de Zorg (The Netherlands)<\/li>\n<li>NCZI &#8211; National Health Information Centre (Slovakia)<\/li>\n<li>NIJZ &#8211; Nacionalni in\u0161titut za javno zdravje (Slovenia)<\/li>\n<li>TICSALUT &#8211; FUNDACI\u00d3 TICSALUT\u00a0(Spain)<\/li>\n<li>Equalis AB &#8211; Equalis AB\u00a0(Sweden)<\/li>\n<li>SEHA\/eH. Ag. &#8211; Swedish eHealth Agency (E-h\u00e4lsomyndigheten), Sweden<\/li>\n<li>INSERM &#8211; French National Institute of Health and Medical Research (France)<\/li>\n<\/ul>\n<p><strong>HSMTC contact<\/strong><\/p>\n<p>Name:\u00a0M\u00e1rton Kis<br \/>\nPhone: +36\u00a01 488 7635<br \/>\nE-mail:\u00a0kis.marton@emk.semmelweis.hu<\/p>\n","protected":false},"excerpt":{"rendered":"<p>X-eHealth &#8211; eXchanging electronic Health Records in a commom framework 01\/09\/2020 \u2013 31\/08\/2022 About the project X-eHealth\u2019s project stands herein for a project of strategic relevance for tomorrow\u2019s European eHealth Union. Assembling at the time of this proposal submission a shared commitment of 47 health actors, the underlying idea of this project is to develop &hellip;<\/p>\n","protected":false},"author":101539,"featured_media":0,"parent":16038,"menu_order":25,"comment_status":"closed","ping_status":"closed","template":"","meta":{"_acf_changed":false,"footnotes":""},"categories":[],"tags":[],"class_list":["post-18722","page","type-page","status-publish","hentry"],"acf":[],"_links":{"self":[{"href":"https:\/\/semmelweis.hu\/emk\/wp-json\/wp\/v2\/pages\/18722","targetHints":{"allow":["GET"]}}],"collection":[{"href":"https:\/\/semmelweis.hu\/emk\/wp-json\/wp\/v2\/pages"}],"about":[{"href":"https:\/\/semmelweis.hu\/emk\/wp-json\/wp\/v2\/types\/page"}],"author":[{"embeddable":true,"href":"https:\/\/semmelweis.hu\/emk\/wp-json\/wp\/v2\/users\/101539"}],"replies":[{"embeddable":true,"href":"https:\/\/semmelweis.hu\/emk\/wp-json\/wp\/v2\/comments?post=18722"}],"version-history":[{"count":1,"href":"https:\/\/semmelweis.hu\/emk\/wp-json\/wp\/v2\/pages\/18722\/revisions"}],"predecessor-version":[{"id":18723,"href":"https:\/\/semmelweis.hu\/emk\/wp-json\/wp\/v2\/pages\/18722\/revisions\/18723"}],"up":[{"embeddable":true,"href":"https:\/\/semmelweis.hu\/emk\/wp-json\/wp\/v2\/pages\/16038"}],"wp:attachment":[{"href":"https:\/\/semmelweis.hu\/emk\/wp-json\/wp\/v2\/media?parent=18722"}],"wp:term":[{"taxonomy":"category","embeddable":true,"href":"https:\/\/semmelweis.hu\/emk\/wp-json\/wp\/v2\/categories?post=18722"},{"taxonomy":"post_tag","embeddable":true,"href":"https:\/\/semmelweis.hu\/emk\/wp-json\/wp\/v2\/tags?post=18722"}],"curies":[{"name":"wp","href":"https:\/\/api.w.org\/{rel}","templated":true}]}}