{"id":18583,"date":"2021-02-24T17:07:31","date_gmt":"2021-02-24T16:07:31","guid":{"rendered":"https:\/\/semmelweis.hu\/emk\/?page_id=18583"},"modified":"2025-06-13T13:26:47","modified_gmt":"2025-06-13T11:26:47","slug":"tehdas","status":"publish","type":"page","link":"https:\/\/semmelweis.hu\/emk\/szakertoi-tevekenyseg-projektek\/lezart-projektek\/tehdas\/","title":{"rendered":"TEHDAS"},"content":{"rendered":"<p style=\"text-align: justify\"><strong>TEHDAS &#8211; Towards a European Health Data Space<\/strong><\/p>\n<p style=\"text-align: justify\">CHAFEA<\/p>\n<p style=\"text-align: justify\">2021.02.01. &#8211; 2023.08.01.<\/p>\n<p style=\"text-align: justify\"><strong>Projekt tartalma, c\u00e9lja:<\/strong><\/p>\n<p style=\"text-align: justify\">Az egy\u00fcttes fell\u00e9p\u00e9s (joint action) seg\u00edti a tag\u00e1llamokat \u00e9s az Eur\u00f3pai Bizotts\u00e1got a n\u00e9peg\u00e9szs\u00e9g\u00fcgy, eg\u00e9szs\u00e9g\u00fcgyi ell\u00e1t\u00e1s, kutat\u00e1s \u00e9s innov\u00e1ci\u00f3 c\u00e9lj\u00e1b\u00f3l az eg\u00e9szs\u00e9g\u00fcgyi adatok megoszt\u00e1s\u00e1nak az el\u0151k\u00e9sz\u00edt\u00e9s\u00e9ben. A projekt konkr\u00e9t c\u00e9lja az Eur\u00f3pai Bizotts\u00e1g \u00e1ltal tervezett Eur\u00f3pai Eg\u00e9szs\u00e9g\u00fcgyi Adatt\u00e9r (European Health Data Space, EHDS) l\u00e9trehoz\u00e1s\u00e1nak szakmai t\u00e1mogat\u00e1sa. A projekt egyik kiemelt feladata az EU \u00e1ltal\u00e1nos adatv\u00e9delmi rendelet (GDPR) alkalmaz\u00e1s\u00e1nak felm\u00e9r\u00e9se \u00e9s \u00e9rt\u00e9kel\u00e9se az EU tag\u00e1llamaiban.<\/p>\n<p style=\"text-align: justify\"><strong>Projekt szerepl\u0151k<\/strong>:<\/p>\n<p style=\"text-align: justify\"><strong>Konzorciumvezet\u0151:<\/strong> Finnish Innovation Fund (SITRA)<\/p>\n<p style=\"text-align: justify\"><strong>EMK szerepv\u00e1llal\u00e1sa: <\/strong>Orsz\u00e1gos K\u00f3rh\u00e1zi F\u0151igazgat\u00f3s\u00e1ghoz (OKF\u0150) csatlakozott partner<\/p>\n<p style=\"text-align: justify\"><strong>Tov\u00e1bbi konzorciumi tagok\/partnerek:<\/strong><\/p>\n<ul style=\"text-align: justify\">\n<li>Bundesministerium f\u00fcr Soziales, Gesundheit, Pflege und Konsumentenschutz, Austria<\/li>\n<li>Federal Public Service Health, Food Chain Safety and Environment, Belgium<\/li>\n<li>Ministry of Health Republic of Bulgaria<\/li>\n<li>Croatian Health Insurance Fund<\/li>\n<li>Ministry of Health, Cyprus<\/li>\n<li>The Ministry of Health of the Czech Republic<\/li>\n<li>Danish Ministry of Health<\/li>\n<li>Ministry of Social Affairs, Estonia<\/li>\n<li>French Health Data Hub<\/li>\n<li>Bundesministerium f\u00fcr Gesundheit (BMG), Germany<\/li>\n<li>6th Health Region of Peloponnese, Ionian Islands, Epirus and Western, Greece<\/li>\n<li>Orsz\u00e1gos K\u00f3rh\u00e1zi F\u0151igazgat\u00f3s\u00e1g (OKF\u0150)<\/li>\n<li>Department of Health, Ireland<\/li>\n<li>Ministero della Salute, Italia<\/li>\n<li>Ministry of Health of the Republic of Lithuania<\/li>\n<li>Directorate Health Information and Research &#8211; Ministry for Health, Malta<\/li>\n<li>Transplant Agency of the Republic of Moldova<\/li>\n<li>Directorate Information Policy of the Ministry of Health, Welfare and Sports, Netherlands<\/li>\n<li>Norwegian Ministry of Health<\/li>\n<li>Shared Services of the Ministry of Health, Portugal<\/li>\n<li>Institute of Public Health of Serbia<\/li>\n<li>National Institute of Public Health, Slovenia<\/li>\n<li>Instituto Aragon\u00e9s de Ciencias de la Salud, Spain<\/li>\n<li>Swedish e-Health Agency<\/li>\n<li>National Health Service, UK<\/li>\n<\/ul>\n<p style=\"text-align: justify\"><strong>EMK kontakt<\/strong>:<\/p>\n<p style=\"text-align: justify\">n\u00e9v: \u00a0Bencze L\u00e1szl\u00f3<br \/>\ntelefon: \u00a0+36 1 488 7635<br \/>\nE-mail: <a href=\"mailto:bencze.laszlo@emk.semmelweis.hu\">bencze.laszlo@emk.semmelweis.hu<\/a><\/p>\n","protected":false},"excerpt":{"rendered":"<p>TEHDAS &#8211; Towards a European Health Data Space CHAFEA 2021.02.01. &#8211; 2023.08.01. Projekt tartalma, c\u00e9lja: Az egy\u00fcttes fell\u00e9p\u00e9s (joint action) seg\u00edti a tag\u00e1llamokat \u00e9s az Eur\u00f3pai Bizotts\u00e1got a n\u00e9peg\u00e9szs\u00e9g\u00fcgy, eg\u00e9szs\u00e9g\u00fcgyi ell\u00e1t\u00e1s, kutat\u00e1s \u00e9s innov\u00e1ci\u00f3 c\u00e9lj\u00e1b\u00f3l az eg\u00e9szs\u00e9g\u00fcgyi adatok megoszt\u00e1s\u00e1nak az el\u0151k\u00e9sz\u00edt\u00e9s\u00e9ben. A projekt konkr\u00e9t c\u00e9lja az Eur\u00f3pai Bizotts\u00e1g \u00e1ltal tervezett Eur\u00f3pai Eg\u00e9szs\u00e9g\u00fcgyi Adatt\u00e9r (European Health &hellip;<\/p>\n","protected":false},"author":101539,"featured_media":0,"parent":15855,"menu_order":9,"comment_status":"closed","ping_status":"closed","template":"","meta":{"_acf_changed":false,"footnotes":""},"categories":[],"tags":[635],"class_list":["post-18583","page","type-page","status-publish","hentry","tag-tehdas"],"acf":[],"_links":{"self":[{"href":"https:\/\/semmelweis.hu\/emk\/wp-json\/wp\/v2\/pages\/18583","targetHints":{"allow":["GET"]}}],"collection":[{"href":"https:\/\/semmelweis.hu\/emk\/wp-json\/wp\/v2\/pages"}],"about":[{"href":"https:\/\/semmelweis.hu\/emk\/wp-json\/wp\/v2\/types\/page"}],"author":[{"embeddable":true,"href":"https:\/\/semmelweis.hu\/emk\/wp-json\/wp\/v2\/users\/101539"}],"replies":[{"embeddable":true,"href":"https:\/\/semmelweis.hu\/emk\/wp-json\/wp\/v2\/comments?post=18583"}],"version-history":[{"count":6,"href":"https:\/\/semmelweis.hu\/emk\/wp-json\/wp\/v2\/pages\/18583\/revisions"}],"predecessor-version":[{"id":25313,"href":"https:\/\/semmelweis.hu\/emk\/wp-json\/wp\/v2\/pages\/18583\/revisions\/25313"}],"up":[{"embeddable":true,"href":"https:\/\/semmelweis.hu\/emk\/wp-json\/wp\/v2\/pages\/15855"}],"wp:attachment":[{"href":"https:\/\/semmelweis.hu\/emk\/wp-json\/wp\/v2\/media?parent=18583"}],"wp:term":[{"taxonomy":"category","embeddable":true,"href":"https:\/\/semmelweis.hu\/emk\/wp-json\/wp\/v2\/categories?post=18583"},{"taxonomy":"post_tag","embeddable":true,"href":"https:\/\/semmelweis.hu\/emk\/wp-json\/wp\/v2\/tags?post=18583"}],"curies":[{"name":"wp","href":"https:\/\/api.w.org\/{rel}","templated":true}]}}