{"id":18580,"date":"2021-02-24T17:04:44","date_gmt":"2021-02-24T16:04:44","guid":{"rendered":"https:\/\/semmelweis.hu\/emk\/?page_id=18580"},"modified":"2026-02-06T12:26:53","modified_gmt":"2026-02-06T11:26:53","slug":"tashi","status":"publish","type":"page","link":"https:\/\/semmelweis.hu\/emk\/szakertoi-tevekenyseg-projektek\/futo-projektek\/tashi\/","title":{"rendered":"TaSHI"},"content":{"rendered":"<p><a href=\"https:\/\/semmelweis.hu\/emk\/files\/2023\/03\/eu_logo-1.png\"><img loading=\"lazy\" decoding=\"async\" class=\"alignnone size-medium wp-image-20616\" src=\"https:\/\/semmelweis.hu\/emk\/files\/2023\/03\/eu_logo-1-400x120.png\" alt=\"\" width=\"400\" height=\"120\" srcset=\"https:\/\/semmelweis.hu\/emk\/files\/2023\/03\/eu_logo-1-400x120.png 400w, https:\/\/semmelweis.hu\/emk\/files\/2023\/03\/eu_logo-1-1024x308.png 1024w, https:\/\/semmelweis.hu\/emk\/files\/2023\/03\/eu_logo-1-768x231.png 768w, https:\/\/semmelweis.hu\/emk\/files\/2023\/03\/eu_logo-1-753x226.png 753w, https:\/\/semmelweis.hu\/emk\/files\/2023\/03\/eu_logo-1.png 1054w\" sizes=\"auto, (max-width: 400px) 100vw, 400px\" \/><\/a><\/p>\n<p><strong>TaSHI \u2013 Empowering EU health policies on Task SHifting<\/strong><\/p>\n<p>2021.04.01- 2024.03.31.<\/p>\n<p><strong>Projekt tartalma, c\u00e9lja:<\/strong><\/p>\n<p style=\"text-align: justify\">Az eg\u00e9szs\u00e9g\u00fcgyben t\u00f6rt\u00e9n\u0151 task shifting (feladat \u00e1truh\u00e1z\u00e1s) kezdem\u00e9nyez\u00e9sek n\u00f6velhetik az integr\u00e1lt, betegk\u00f6zpont\u00fa eg\u00e9szs\u00e9g\u00fcgyi ell\u00e1t\u00e1s fel\u00e9 t\u00f6rt\u00e9n\u0151 elmozdul\u00e1s er\u0151fesz\u00edt\u00e9seit. A task shiftingnek kulcsszerepe van a j\u00f3l m\u0171k\u00f6d\u0151, fenntarthat\u00f3 eg\u00e9szs\u00e9g\u00fcgyi rendszerek megval\u00f3s\u00edt\u00e1s\u00e1ban, de ugyanakkor a jelenlegi ell\u00e1t\u00e1sszervez\u00e9st \u00e9s m\u0171k\u00f6d\u0151 gyakorlatokat \u00e9rint\u0151 v\u00e1ltoztat\u00e1sok bevezet\u00e9se kih\u00edv\u00e1st is jelent.<\/p>\n<p style=\"text-align: justify\">A projekt c\u00e9lja, hogy hozz\u00e1adott \u00e9rt\u00e9ket biztos\u00edtson uni\u00f3s, nemzeti \u00e9s region\u00e1lis szinten a task-shifting folyamatokkal kapcsolatos ismeretek \u00f6sszegy\u0171jt\u00e9s\u00e9re \u00e9s terjeszt\u00e9s\u00e9re, ez\u00e1ltal lehet\u0151v\u00e9 t\u00e9ve az eg\u00e9szs\u00e9g\u00fcgyi munkaer\u0151 sz\u00e1m\u00e1ra a task shiftinggel kapcsolatos folyamatok megval\u00f3s\u00edt\u00e1s\u00e1t.<\/p>\n<p><strong>Projekt szerepl\u0151k<\/strong>:<\/p>\n<p><strong>Konzorciumvezet\u0151:<\/strong> Semmelweis Egyetem Eg\u00e9szs\u00e9g\u00fcgyi Menedzserk\u00e9pz\u0151 K\u00f6zpont (SE-EMK)<\/p>\n<p><strong>Az EMK szerepe: <\/strong>Konzorciumvezet\u0151, Disszemin\u00e1ci\u00f3s \u00e9s Kommunik\u00e1ci\u00f3s munkacsomag vezet\u0151<\/p>\n<p><strong>Tov\u00e1bbi konzorciumi tagok\/partnerek:<\/strong><\/p>\n<ul>\n<li>AGENZIA NAZIONALE PER I SERVIZI SANITARI REGIONALI (AGENAS)<\/li>\n<li>POLIS-LOMBARDIA<\/li>\n<li>STICHTING NEDERLANDS INSTITUUT VOOR ONDERZOEK VAN DE GEZONDHEIDSZORG (NIVEL)<\/li>\n<li>UNIVERSITETET I SOROST-NORGE (UNIVERSITY OF SOUTH-EASTERN NORWAY)<\/li>\n<li>LIETUVOS RESPUBLIKOS SVEIKATOS APSAUGOS MINISTERIJA\u00a0 (MOH LT \u2013 LT)<\/li>\n<li>SOTSIAALMINISTEERIUM (MoSA)<\/li>\n<\/ul>\n<p><strong>EMK kontakt<\/strong>:<\/p>\n<p>n\u00e9v: K\u00f3der Fruzsina<br \/>\ntelefon: + 36 1 488 7613<br \/>\ne-mail: <a href=\"mailto:koder.fruzsina@emk.semmelweis.hu\" target=\"_blank\" rel=\"noopener\">koder.fruzsina@emk.semmelweis.hu<\/a><\/p>\n<p>B\u0151vebb inform\u00e1ci\u00f3: <a href=\"http:\/\/tashiproject.eu\/\" target=\"_blank\" rel=\"noopener\">tashiproject.eu\u00a0<\/a><\/p>\n<p style=\"text-align: center\"><img loading=\"lazy\" decoding=\"async\" class=\"aligncenter size-large wp-image-23634\" src=\"https:\/\/semmelweis.hu\/emk\/files\/2024\/11\/TaSHI-logo1-1024x761.png\" alt=\"TaSHI\" width=\"753\" height=\"560\" data-wp-editing=\"1\" srcset=\"https:\/\/semmelweis.hu\/emk\/files\/2024\/11\/TaSHI-logo1-1024x761.png 1024w, https:\/\/semmelweis.hu\/emk\/files\/2024\/11\/TaSHI-logo1-400x297.png 400w, https:\/\/semmelweis.hu\/emk\/files\/2024\/11\/TaSHI-logo1-768x571.png 768w, https:\/\/semmelweis.hu\/emk\/files\/2024\/11\/TaSHI-logo1-753x560.png 753w, https:\/\/semmelweis.hu\/emk\/files\/2024\/11\/TaSHI-logo1.png 1356w\" sizes=\"auto, (max-width: 753px) 100vw, 753px\" \/><\/p>\n<hr \/>\n<p><strong>Kapcsol\u00f3d\u00f3 h\u00edrek:<\/strong><\/p>\n<ul style=\"list-style-type: square\">\n<li><a href=\"https:\/\/semmelweis.hu\/emk\/2024\/04\/09\/megjelent-a-tashi-projektzaro-kiadvanya\/\" target=\"_blank\" rel=\"noopener\">Megjelent a TaSHI projektz\u00e1r\u00f3 kiadv\u00e1nya<\/a><\/li>\n<li class=\"entry-title\"><a href=\"https:\/\/semmelweis.hu\/emk\/2024\/04\/05\/az-eu-egeszsegugyi-rendszereinek-rugalmasabba-tetelet-celozta-a-haromeves-tashi-projekt\/\" target=\"_blank\" rel=\"noopener\">Az EU eg\u00e9szs\u00e9g\u00fcgyi rendszereinek rugalmasabb\u00e1 t\u00e9tel\u00e9t c\u00e9lozta a h\u00e1rom\u00e9ves TaSHI projekt<\/a><\/li>\n<li class=\"entry-title\"><a href=\"https:\/\/semmelweis.hu\/emk\/2023\/12\/15\/elkeszult-a-tashi-project-utmutatoja-a-feladatmegosztasrol\/\" target=\"_blank\" rel=\"noopener\">Elk\u00e9sz\u00fclt a TaSHi project \u00fatmutat\u00f3ja a feladatmegoszt\u00e1sr\u00f3l<\/a><\/li>\n<li class=\"entry-title\"><a href=\"https:\/\/semmelweis.hu\/emk\/2023\/12\/05\/elkeszult-a-tashi-project-gyakorlati-kepzesi-anyagokat-tartalmazo-jelentese\/\" target=\"_blank\" rel=\"noopener\">Elk\u00e9sz\u00fclt a TaSHi projekt gyakorlati k\u00e9pz\u00e9si anyagokat tartalmaz\u00f3 jelent\u00e9se<\/a><\/li>\n<\/ul>\n","protected":false},"excerpt":{"rendered":"<p><a href=\"https:\/\/semmelweis.hu\/emk\/files\/2023\/03\/eu_logo-1.png\"><\/a> TaSHI \u2013 Empowering EU health policies on Task SHifting 2021.04.01- 2024.03.31. Projekt tartalma, c\u00e9lja: Az eg\u00e9szs\u00e9g\u00fcgyben t\u00f6rt\u00e9n\u0151 task shifting (feladat \u00e1truh\u00e1z\u00e1s) kezdem\u00e9nyez\u00e9sek n\u00f6velhetik az integr\u00e1lt, betegk\u00f6zpont\u00fa eg\u00e9szs\u00e9g\u00fcgyi ell\u00e1t\u00e1s fel\u00e9 t\u00f6rt\u00e9n\u0151 elmozdul\u00e1s er\u0151fesz\u00edt\u00e9seit. A task shiftingnek kulcsszerepe van a j\u00f3l m\u0171k\u00f6d\u0151, fenntarthat\u00f3 eg\u00e9szs\u00e9g\u00fcgyi rendszerek megval\u00f3s\u00edt\u00e1s\u00e1ban, de ugyanakkor a jelenlegi ell\u00e1t\u00e1sszervez\u00e9st \u00e9s m\u0171k\u00f6d\u0151 gyakorlatokat \u00e9rint\u0151 v\u00e1ltoztat\u00e1sok bevezet\u00e9se &hellip;<\/p>\n","protected":false},"author":101539,"featured_media":18884,"parent":15842,"menu_order":0,"comment_status":"closed","ping_status":"closed","template":"","meta":{"_acf_changed":false,"footnotes":""},"categories":[],"tags":[],"class_list":["post-18580","page","type-page","status-publish","has-post-thumbnail","hentry"],"acf":[],"_links":{"self":[{"href":"https:\/\/semmelweis.hu\/emk\/wp-json\/wp\/v2\/pages\/18580","targetHints":{"allow":["GET"]}}],"collection":[{"href":"https:\/\/semmelweis.hu\/emk\/wp-json\/wp\/v2\/pages"}],"about":[{"href":"https:\/\/semmelweis.hu\/emk\/wp-json\/wp\/v2\/types\/page"}],"author":[{"embeddable":true,"href":"https:\/\/semmelweis.hu\/emk\/wp-json\/wp\/v2\/users\/101539"}],"replies":[{"embeddable":true,"href":"https:\/\/semmelweis.hu\/emk\/wp-json\/wp\/v2\/comments?post=18580"}],"version-history":[{"count":10,"href":"https:\/\/semmelweis.hu\/emk\/wp-json\/wp\/v2\/pages\/18580\/revisions"}],"predecessor-version":[{"id":25240,"href":"https:\/\/semmelweis.hu\/emk\/wp-json\/wp\/v2\/pages\/18580\/revisions\/25240"}],"up":[{"embeddable":true,"href":"https:\/\/semmelweis.hu\/emk\/wp-json\/wp\/v2\/pages\/15842"}],"wp:featuredmedia":[{"embeddable":true,"href":"https:\/\/semmelweis.hu\/emk\/wp-json\/wp\/v2\/media\/18884"}],"wp:attachment":[{"href":"https:\/\/semmelweis.hu\/emk\/wp-json\/wp\/v2\/media?parent=18580"}],"wp:term":[{"taxonomy":"category","embeddable":true,"href":"https:\/\/semmelweis.hu\/emk\/wp-json\/wp\/v2\/categories?post=18580"},{"taxonomy":"post_tag","embeddable":true,"href":"https:\/\/semmelweis.hu\/emk\/wp-json\/wp\/v2\/tags?post=18580"}],"curies":[{"name":"wp","href":"https:\/\/api.w.org\/{rel}","templated":true}]}}