{"id":18576,"date":"2021-02-24T17:00:14","date_gmt":"2021-02-24T16:00:14","guid":{"rendered":"https:\/\/semmelweis.hu\/emk\/?page_id=18576"},"modified":"2025-06-13T14:30:59","modified_gmt":"2025-06-13T12:30:59","slug":"semmelweis-tkp","status":"publish","type":"page","link":"https:\/\/semmelweis.hu\/emk\/szakertoi-tevekenyseg-projektek\/lezart-projektek\/semmelweis-tkp\/","title":{"rendered":"Semmelweis TKP"},"content":{"rendered":"<p style=\"text-align: justify\"><strong>Semmelweis TKP &#8211; T\u00e9mater\u00fcleti kiv\u00e1l\u00f3s\u00e1gi program<\/strong><\/p>\n<p style=\"text-align: justify\">2019.05.01.- 2027.07.31.<\/p>\n<p style=\"text-align: justify\"><strong>Projekt tartalma, c\u00e9lja:<\/strong><\/p>\n<p style=\"text-align: justify\">A projekt f\u0151 c\u00e9lja a Mesters\u00e9ges Intelligencia \u00e9s az \u00f6ntanul\u00f3 rendszerek alkalmaz\u00e1sa az eg\u00e9szs\u00e9gtudom\u00e1nyi kutat\u00e1si, fejleszt\u00e9si \u00e9s innov\u00e1ci\u00f3s tev\u00e9kenys\u00e9gekben. Ezen bel\u00fcl a f\u0151 ir\u00e1ny a n\u00e9peg\u00e9szs\u00e9g\u00fcgyileg kiemelt ter\u00fclet (eml\u0151tumor \u00e9s vastagb\u00e9ltumor) sz\u0171r\u00e9si tev\u00e9kenys\u00e9g\u00e9hez kapcsol\u00f3d\u00f3 mesters\u00e9ges intelligencia fejleszt\u00e9se \u00e9s az egyik ter\u00fclet gyakorlati alkalmaz\u00e1s\u00e1nak k\u00eds\u00e9rleti bevezet\u00e9se.<\/p>\n<p style=\"text-align: justify\"><strong>Projekt szerepl\u0151k<\/strong>:<\/p>\n<p style=\"text-align: justify\"><strong>Konzorciumvezet\u0151:<\/strong> SE rektori hivatal<\/p>\n<p style=\"text-align: justify\"><strong>EMK szerepv\u00e1llal\u00e1sa: <\/strong>konzorciumi tag<\/p>\n<p style=\"text-align: justify\"><strong>EMK kontakt<\/strong>:<\/p>\n<p style=\"text-align: justify\">n\u00e9v: Hozbor Andrea<br \/>\ne-mail<a href=\"mailto:erdos.hozbor.andrea@emk.semmelweis.hu\">: erdos.hozbor.andrea@emk.semmelweis.hu<\/a><\/p>\n","protected":false},"excerpt":{"rendered":"<p>Semmelweis TKP &#8211; T\u00e9mater\u00fcleti kiv\u00e1l\u00f3s\u00e1gi program 2019.05.01.- 2027.07.31. Projekt tartalma, c\u00e9lja: A projekt f\u0151 c\u00e9lja a Mesters\u00e9ges Intelligencia \u00e9s az \u00f6ntanul\u00f3 rendszerek alkalmaz\u00e1sa az eg\u00e9szs\u00e9gtudom\u00e1nyi kutat\u00e1si, fejleszt\u00e9si \u00e9s innov\u00e1ci\u00f3s tev\u00e9kenys\u00e9gekben. Ezen bel\u00fcl a f\u0151 ir\u00e1ny a n\u00e9peg\u00e9szs\u00e9g\u00fcgyileg kiemelt ter\u00fclet (eml\u0151tumor \u00e9s vastagb\u00e9ltumor) sz\u0171r\u00e9si tev\u00e9kenys\u00e9g\u00e9hez kapcsol\u00f3d\u00f3 mesters\u00e9ges intelligencia fejleszt\u00e9se \u00e9s az egyik ter\u00fclet gyakorlati alkalmaz\u00e1s\u00e1nak k\u00eds\u00e9rleti &hellip;<\/p>\n","protected":false},"author":101539,"featured_media":0,"parent":15855,"menu_order":24,"comment_status":"closed","ping_status":"closed","template":"","meta":{"_acf_changed":false,"footnotes":""},"categories":[],"tags":[294,855],"class_list":["post-18576","page","type-page","status-publish","hentry","tag-mesterseges-intelligencia","tag-temateruleti-kivalosagi-program"],"acf":[],"_links":{"self":[{"href":"https:\/\/semmelweis.hu\/emk\/wp-json\/wp\/v2\/pages\/18576","targetHints":{"allow":["GET"]}}],"collection":[{"href":"https:\/\/semmelweis.hu\/emk\/wp-json\/wp\/v2\/pages"}],"about":[{"href":"https:\/\/semmelweis.hu\/emk\/wp-json\/wp\/v2\/types\/page"}],"author":[{"embeddable":true,"href":"https:\/\/semmelweis.hu\/emk\/wp-json\/wp\/v2\/users\/101539"}],"replies":[{"embeddable":true,"href":"https:\/\/semmelweis.hu\/emk\/wp-json\/wp\/v2\/comments?post=18576"}],"version-history":[{"count":3,"href":"https:\/\/semmelweis.hu\/emk\/wp-json\/wp\/v2\/pages\/18576\/revisions"}],"predecessor-version":[{"id":25336,"href":"https:\/\/semmelweis.hu\/emk\/wp-json\/wp\/v2\/pages\/18576\/revisions\/25336"}],"up":[{"embeddable":true,"href":"https:\/\/semmelweis.hu\/emk\/wp-json\/wp\/v2\/pages\/15855"}],"wp:attachment":[{"href":"https:\/\/semmelweis.hu\/emk\/wp-json\/wp\/v2\/media?parent=18576"}],"wp:term":[{"taxonomy":"category","embeddable":true,"href":"https:\/\/semmelweis.hu\/emk\/wp-json\/wp\/v2\/categories?post=18576"},{"taxonomy":"post_tag","embeddable":true,"href":"https:\/\/semmelweis.hu\/emk\/wp-json\/wp\/v2\/tags?post=18576"}],"curies":[{"name":"wp","href":"https:\/\/api.w.org\/{rel}","templated":true}]}}