{"id":18573,"date":"2021-02-24T16:57:23","date_gmt":"2021-02-24T15:57:23","guid":{"rendered":"https:\/\/semmelweis.hu\/emk\/?page_id=18573"},"modified":"2025-06-13T13:02:00","modified_gmt":"2025-06-13T11:02:00","slug":"oases","status":"publish","type":"page","link":"https:\/\/semmelweis.hu\/emk\/szakertoi-tevekenyseg-projektek\/lezart-projektek\/oases\/","title":{"rendered":"OASES"},"content":{"rendered":"<p style=\"text-align: justify\"><a href=\"https:\/\/semmelweis.hu\/emk\/files\/2023\/03\/eu_logo-1.png\"><img loading=\"lazy\" decoding=\"async\" class=\"alignnone size-medium wp-image-20616\" src=\"https:\/\/semmelweis.hu\/emk\/files\/2023\/03\/eu_logo-1-400x120.png\" alt=\"\" width=\"400\" height=\"120\" srcset=\"https:\/\/semmelweis.hu\/emk\/files\/2023\/03\/eu_logo-1-400x120.png 400w, https:\/\/semmelweis.hu\/emk\/files\/2023\/03\/eu_logo-1-1024x308.png 1024w, https:\/\/semmelweis.hu\/emk\/files\/2023\/03\/eu_logo-1-768x231.png 768w, https:\/\/semmelweis.hu\/emk\/files\/2023\/03\/eu_logo-1-753x226.png 753w, https:\/\/semmelweis.hu\/emk\/files\/2023\/03\/eu_logo-1.png 1054w\" sizes=\"auto, (max-width: 400px) 100vw, 400px\" \/><\/a><\/p>\n<p style=\"text-align: justify\"><strong>OASES \u2013 prOmoting evidence-bASed rEformS\u00a0on medical deserts<\/strong><\/p>\n<p style=\"text-align: justify\">2021.03.01- 2024.02.29.<\/p>\n<p style=\"text-align: justify\"><strong>Projekt tartalma, c\u00e9lja:<\/strong><\/p>\n<p style=\"text-align: justify\">Az OASES projekt c\u00e9lja a bizony\u00edt\u00e9kon alapul\u00f3 reformok el\u0151seg\u00edt\u00e9se az eur\u00f3pai eg\u00e9szs\u00e9g\u00fcgyi dolgoz\u00f3k helyzet\u00e9nek jav\u00edt\u00e1s\u00e1ra, kih\u00edv\u00e1saik cs\u00f6kkent\u00e9s\u00e9re vonatkoz\u00f3an, az \u00fagynevezett \u201emedical desert\u201d orsz\u00e1gr\u00e9szekre \u00f6sszpontos\u00edtva. Ezek azon ter\u00fcletek, ahol az eg\u00e9szs\u00e9g\u00fcgyi ell\u00e1t\u00e1s a dolgoz\u00f3k \u00e9s az er\u0151forr\u00e1sok hi\u00e1ny\u00e1b\u00f3l ered\u0151en nem megfelel\u0151 vagy nem elegend\u0151.<\/p>\n<p style=\"text-align: justify\">A projekt c\u00e9lja, hogy el\u0151seg\u00edtse az ezen ter\u00fcletekre ir\u00e1nyul\u00f3 t\u00e1mogat\u00e1si javaslatok megfogalmaz\u00e1s\u00e1t, a vonatkoz\u00f3 eg\u00e9szs\u00e9gpolitikai lehet\u0151s\u00e9gek kidolgoz\u00e1s\u00e1t, valamint m\u0171k\u00f6d\u0151 j\u00f3gyakorlatok kialak\u00edt\u00e1s\u00e1t.<\/p>\n<p style=\"text-align: justify\"><strong>Projekt szerepl\u0151k<\/strong>:<\/p>\n<p style=\"text-align: justify\"><strong>Konzorciumvezet\u0151:<\/strong> <strong>AGENAS<\/strong> \u2013 Agenzia nazionale per i servizi sanitari regionali, Olaszorsz\u00e1g<\/p>\n<p style=\"text-align: justify\"><strong>EMK szerepv\u00e1llal\u00e1sa:\u00a0<\/strong>konzorciumi tag<\/p>\n<p style=\"text-align: justify\"><strong>Tov\u00e1bbi konzorciumi tagok\/partnerek:<\/strong><\/p>\n<ul style=\"text-align: justify\">\n<li>International Network for Health Workforce Education (INHWE), Ciprus<\/li>\n<li>EHESP \u2013 Ecole des hautes \u00e9tudes en sant\u00e9 publique, Franciaorsz\u00e1g<\/li>\n<li>Babe\u0219-Bolyai University, Rom\u00e1nia<\/li>\n<li>THL \u2013 Terveyden ja hyvinvoinnin laitos, Finnorsz\u00e1g<\/li>\n<li>IRDES \u2013 Institute Research And Documentation In Economy De La Sant\u00e9, Franciaorsz\u00e1g<\/li>\n<li>National Agency for Public Health, Republic of Moldova<\/li>\n<\/ul>\n<p style=\"text-align: justify\"><strong>EMK kontakt<\/strong>:<\/p>\n<p style=\"text-align: justify\">n\u00e9v:\u00a0 Sziklai M\u00e1rta<br \/>\ntelefon: + 36 1 488 7613<br \/>\ne-mail: <a href=\"mailto:sziklai.marta@emk.semmelweis.hu\" target=\"_blank\" rel=\"noopener\">sziklai.marta@emk.semmelweis.hu<\/a><\/p>\n<p style=\"text-align: justify\">B\u0151vebb inform\u00e1ci\u00f3: <a href=\"http:\/\/oasesproject.eu\/\" target=\"_blank\" rel=\"noopener\">oasesproject.eu<\/a><\/p>\n","protected":false},"excerpt":{"rendered":"<p><a href=\"https:\/\/semmelweis.hu\/emk\/files\/2023\/03\/eu_logo-1.png\"><\/a> OASES \u2013 prOmoting evidence-bASed rEformS\u00a0on medical deserts 2021.03.01- 2024.02.29. Projekt tartalma, c\u00e9lja: Az OASES projekt c\u00e9lja a bizony\u00edt\u00e9kon alapul\u00f3 reformok el\u0151seg\u00edt\u00e9se az eur\u00f3pai eg\u00e9szs\u00e9g\u00fcgyi dolgoz\u00f3k helyzet\u00e9nek jav\u00edt\u00e1s\u00e1ra, kih\u00edv\u00e1saik cs\u00f6kkent\u00e9s\u00e9re vonatkoz\u00f3an, az \u00fagynevezett \u201emedical desert\u201d orsz\u00e1gr\u00e9szekre \u00f6sszpontos\u00edtva. Ezek azon ter\u00fcletek, ahol az eg\u00e9szs\u00e9g\u00fcgyi ell\u00e1t\u00e1s a dolgoz\u00f3k \u00e9s az er\u0151forr\u00e1sok hi\u00e1ny\u00e1b\u00f3l ered\u0151en nem megfelel\u0151 vagy nem elegend\u0151. &hellip;<\/p>\n","protected":false},"author":101539,"featured_media":0,"parent":15855,"menu_order":6,"comment_status":"closed","ping_status":"closed","template":"","meta":{"_acf_changed":false,"footnotes":""},"categories":[],"tags":[559],"class_list":["post-18573","page","type-page","status-publish","hentry","tag-oases"],"acf":[],"_links":{"self":[{"href":"https:\/\/semmelweis.hu\/emk\/wp-json\/wp\/v2\/pages\/18573","targetHints":{"allow":["GET"]}}],"collection":[{"href":"https:\/\/semmelweis.hu\/emk\/wp-json\/wp\/v2\/pages"}],"about":[{"href":"https:\/\/semmelweis.hu\/emk\/wp-json\/wp\/v2\/types\/page"}],"author":[{"embeddable":true,"href":"https:\/\/semmelweis.hu\/emk\/wp-json\/wp\/v2\/users\/101539"}],"replies":[{"embeddable":true,"href":"https:\/\/semmelweis.hu\/emk\/wp-json\/wp\/v2\/comments?post=18573"}],"version-history":[{"count":10,"href":"https:\/\/semmelweis.hu\/emk\/wp-json\/wp\/v2\/pages\/18573\/revisions"}],"predecessor-version":[{"id":25306,"href":"https:\/\/semmelweis.hu\/emk\/wp-json\/wp\/v2\/pages\/18573\/revisions\/25306"}],"up":[{"embeddable":true,"href":"https:\/\/semmelweis.hu\/emk\/wp-json\/wp\/v2\/pages\/15855"}],"wp:attachment":[{"href":"https:\/\/semmelweis.hu\/emk\/wp-json\/wp\/v2\/media?parent=18573"}],"wp:term":[{"taxonomy":"category","embeddable":true,"href":"https:\/\/semmelweis.hu\/emk\/wp-json\/wp\/v2\/categories?post=18573"},{"taxonomy":"post_tag","embeddable":true,"href":"https:\/\/semmelweis.hu\/emk\/wp-json\/wp\/v2\/tags?post=18573"}],"curies":[{"name":"wp","href":"https:\/\/api.w.org\/{rel}","templated":true}]}}