{"id":18497,"date":"2021-02-11T12:49:55","date_gmt":"2021-02-11T11:49:55","guid":{"rendered":"https:\/\/semmelweis.hu\/emk\/?page_id=18497"},"modified":"2024-10-11T13:13:42","modified_gmt":"2024-10-11T11:13:42","slug":"praxiskozosseg-a-gyakorlatban","status":"publish","type":"page","link":"https:\/\/semmelweis.hu\/emk\/oktatas\/treningek-es-tovabbkepzesek\/praxiskozosseg-a-gyakorlatban\/","title":{"rendered":"Praxisk\u00f6z\u00f6ss\u00e9g a gyakorlatban"},"content":{"rendered":"<p style=\"text-align: justify\">A program sor\u00e1n az alapell\u00e1t\u00e1s j\u00f6v\u0151j\u00e9t jelent\u0151 <strong>praxisk\u00f6z\u00f6ss\u00e9gek<\/strong> m\u0171k\u00f6d\u00e9s\u00e9t tekintj\u00fck \u00e1t makro \u00e9s mikro szinten, hazai \u00e9s nemzetk\u00f6zi tapasztalatok alapj\u00e1n.<\/p>\n<p style=\"text-align: justify\">Felk\u00e9sz\u00fcl\u00e9si lehet\u0151s\u00e9get biztos\u00edtunk a NEAK finansz\u00edroz\u00e1sra t\u00f6rt\u00e9n\u0151 \u00e1t\u00e1ll\u00e1shoz, a k\u00f6z\u00f6s c\u00e9g alap\u00edt\u00e1s\u00e1hoz \u00e9s a gazd\u00e1lkod\u00e1shoz, finansz\u00edroz\u00e1si ismeretekkel, \u00fczleti terv k\u00e9sz\u00edt\u00e9s\u00e9vel \u00e9s kontrolling alapismeretekkel.<\/p>\n<p style=\"text-align: justify\">Gyakorlati ismereteket ny\u00fajtunk a <strong>praxisk\u00f6z\u00f6ss\u00e9gek megalap\u00edt\u00e1s\u00e1hoz \u00e9s m\u0171k\u00f6dtet\u00e9s\u00e9he<\/strong>z, a m\u00e1r m\u0171k\u00f6d\u0151 praxisk\u00f6z\u00f6ss\u00e9gek tapasztalatai alapj\u00e1n. El\u0151ad\u00f3ink a hazai praxisk\u00f6z\u00f6ss\u00e9gi programokban meghat\u00e1roz\u00f3 szerepet v\u00e1llal\u00f3 orvosok, k\u00f6zgazd\u00e1szok \u00e9s finansz\u00edroz\u00e1si szak\u00e9rt\u0151k.<\/p>\n<p><strong>Programfelel\u0151s:<\/strong> <a href=\"https:\/\/semmelweis.hu\/emk\/oktatas\/munkatarsak-oktatoi-csapat\/sinko-eszter-dr\/\" target=\"_blank\" rel=\"noopener\">Dr. Sink\u00f3 Eszter<\/a><\/p>\n<div class=\"w-100\">\n<div class=\"fontos_div\">\n<p><strong>K\u00e9pz\u00e9s\u00fcnk ig\u00e9ny szerint, megfelel\u0151 l\u00e9tsz\u00e1m eset\u00e9n indul.\u00a0<\/strong><\/p>\n<\/div>\n<\/div>\n<p><strong>Tov\u00e1bbi inform\u00e1ci\u00f3:<\/strong><br \/>\n<a href=\"https:\/\/semmelweis.hu\/emk\/oktatas\/munkatarsak-oktatoi-csapat\/horkai-viktoria\/\" target=\"_blank\" rel=\"noopener\">Horkai Vikt\u00f3ria<\/a> \u2013 programkoordin\u00e1tor<br \/>\nEmail:\u00a0<a href=\"mailto:horkai.viktoria@emk.semmelweis.hu\" target=\"_blank\" rel=\"noopener\">horkai.viktoria@emk.semmelweis.hu<\/a><br \/>\nTelefon: +36 20 663 2033<\/p>\n","protected":false},"excerpt":{"rendered":"<p>A program sor\u00e1n az alapell\u00e1t\u00e1s j\u00f6v\u0151j\u00e9t jelent\u0151 praxisk\u00f6z\u00f6ss\u00e9gek m\u0171k\u00f6d\u00e9s\u00e9t tekintj\u00fck \u00e1t makro \u00e9s mikro szinten, hazai \u00e9s nemzetk\u00f6zi tapasztalatok alapj\u00e1n. Felk\u00e9sz\u00fcl\u00e9si lehet\u0151s\u00e9get biztos\u00edtunk a NEAK finansz\u00edroz\u00e1sra t\u00f6rt\u00e9n\u0151 \u00e1t\u00e1ll\u00e1shoz, a k\u00f6z\u00f6s c\u00e9g alap\u00edt\u00e1s\u00e1hoz \u00e9s a gazd\u00e1lkod\u00e1shoz, finansz\u00edroz\u00e1si ismeretekkel, \u00fczleti terv k\u00e9sz\u00edt\u00e9s\u00e9vel \u00e9s kontrolling alapismeretekkel. Gyakorlati ismereteket ny\u00fajtunk a praxisk\u00f6z\u00f6ss\u00e9gek megalap\u00edt\u00e1s\u00e1hoz \u00e9s m\u0171k\u00f6dtet\u00e9s\u00e9hez, a m\u00e1r m\u0171k\u00f6d\u0151 praxisk\u00f6z\u00f6ss\u00e9gek &hellip;<\/p>\n","protected":false},"author":101539,"featured_media":0,"parent":14915,"menu_order":0,"comment_status":"closed","ping_status":"closed","template":"","meta":{"_acf_changed":false,"footnotes":""},"categories":[],"tags":[],"class_list":["post-18497","page","type-page","status-publish","hentry"],"acf":[],"_links":{"self":[{"href":"https:\/\/semmelweis.hu\/emk\/wp-json\/wp\/v2\/pages\/18497","targetHints":{"allow":["GET"]}}],"collection":[{"href":"https:\/\/semmelweis.hu\/emk\/wp-json\/wp\/v2\/pages"}],"about":[{"href":"https:\/\/semmelweis.hu\/emk\/wp-json\/wp\/v2\/types\/page"}],"author":[{"embeddable":true,"href":"https:\/\/semmelweis.hu\/emk\/wp-json\/wp\/v2\/users\/101539"}],"replies":[{"embeddable":true,"href":"https:\/\/semmelweis.hu\/emk\/wp-json\/wp\/v2\/comments?post=18497"}],"version-history":[{"count":10,"href":"https:\/\/semmelweis.hu\/emk\/wp-json\/wp\/v2\/pages\/18497\/revisions"}],"predecessor-version":[{"id":23210,"href":"https:\/\/semmelweis.hu\/emk\/wp-json\/wp\/v2\/pages\/18497\/revisions\/23210"}],"up":[{"embeddable":true,"href":"https:\/\/semmelweis.hu\/emk\/wp-json\/wp\/v2\/pages\/14915"}],"wp:attachment":[{"href":"https:\/\/semmelweis.hu\/emk\/wp-json\/wp\/v2\/media?parent=18497"}],"wp:term":[{"taxonomy":"category","embeddable":true,"href":"https:\/\/semmelweis.hu\/emk\/wp-json\/wp\/v2\/categories?post=18497"},{"taxonomy":"post_tag","embeddable":true,"href":"https:\/\/semmelweis.hu\/emk\/wp-json\/wp\/v2\/tags?post=18497"}],"curies":[{"name":"wp","href":"https:\/\/api.w.org\/{rel}","templated":true}]}}