{"id":18424,"date":"2021-01-29T14:46:41","date_gmt":"2021-01-29T13:46:41","guid":{"rendered":"https:\/\/semmelweis.hu\/emk\/?page_id=18424"},"modified":"2025-06-03T16:26:55","modified_gmt":"2025-06-03T14:26:55","slug":"az-otthonukban-invazivan-lelegeztetett-gyermekek-szakorvosi-ellenorzese","status":"publish","type":"page","link":"https:\/\/semmelweis.hu\/emk\/szakertoi-tevekenyseg-projektek\/lezart-projektek\/egeszsegugyi-ellatorendszer-szakmai-modszertani-fejlesztese\/jogyakorlatok-gyujtese-fejlesztese-oktatasa\/rovid-osszefoglalok\/az-otthonukban-invazivan-lelegeztetett-gyermekek-szakorvosi-ellenorzese\/","title":{"rendered":"Magyarorsz\u00e1gi Reform\u00e1tus Egyh\u00e1z Bethesda Gyermekk\u00f3rh\u00e1z 2."},"content":{"rendered":"<p style=\"text-align: justify\"><strong>Magyarorsz\u00e1gi Reform\u00e1tus Egyh\u00e1z Bethesda Gyermekk\u00f3rh\u00e1z: Az otthonukban invaz\u00edvan l\u00e9legeztetett gyermekek szakorvosi ellen\u0151rz\u00e9se<\/strong><\/p>\n<p style=\"text-align: justify\">Vil\u00e1gviszonylatban tapasztalhat\u00f3 tendencia az olyan betegs\u00e9ggel sz\u00fclet\u0151 gyermekek, valamint gy\u00f3gy\u00edthatatlan betegs\u00e9ggel \u00e9l\u0151 feln\u0151ttek sz\u00e1m\u00e1nak n\u00f6veked\u00e9se, akiknek \u00e9lete l\u00e9legeztet\u0151g\u00e9phez k\u00f6t\u00f6tt. Napjainkban a korszer\u0171 \u00e9s szakszer\u0171 g\u00e9pi l\u00e9legeztet\u00e9s szignifik\u00e1nsan jav\u00edtja a beteg \u00e9letkil\u00e1t\u00e1sait, illetve hossz\u00fa t\u00e1von az \u00e9letmin\u0151s\u00e9g\u00e9t is. Egyre n\u00f6vekv\u0151 ig\u00e9ny a csal\u00e1dok r\u00e9sz\u00e9r\u0151l, hogy respir\u00e1tor-dependens hozz\u00e1tartoz\u00f3jukat otthonukban, a szeretetteljes csal\u00e1di mili\u0151ben \u00e1polhass\u00e1k, mindazon neh\u00e9zs\u00e9gek \u00e9s \u00e1ldozathozatalok ellen\u00e9re, amivel egy l\u00e9legeztetett beteg otthon\u00e1pol\u00e1sa egy\u00fctt j\u00e1r. A j\u00f3gyakorlat alkalmaz\u00e1s\u00e1val n\u00f6vekszik a respir\u00e1tor-dependens gyermekek otthoni l\u00e9legeztet\u00e9s\u00e9nek biztons\u00e1ga. A rendszeres szakorvosi ellen\u0151rz\u00e9s r\u00e9v\u00e9n kor\u00e1bban \u00e9szlelhet\u0151v\u00e9 v\u00e1lnak a technikai probl\u00e9m\u00e1k \u00e9s az \u00e1llapotroml\u00e1s. A hib\u00e1k elh\u00e1r\u00edt\u00e1sa, a beteg gy\u00f3gyszeres kezel\u00e9se cs\u00f6kkenti a progresszi\u00f3 kock\u00e1zat\u00e1t, \u00e9s a k\u00f3rh\u00e1zi \u00fajrafelv\u00e9tel sz\u00fcks\u00e9gess\u00e9g\u00e9t. Az ellen\u0151rz\u00f6tt otthoni \u00e1pol\u00e1s nagyobb biztons\u00e1got ny\u00fajt az otthoni ell\u00e1t\u00f3knak, helyre\u00e1ll\u00edtja a csal\u00e1d egys\u00e9g\u00e9t, a legjobb k\u00f6r\u00fclm\u00e9nyeket biztos\u00edtja a kr\u00f3nikusan beteg gyermek szellemi \u00e9s lelki fejl\u0151d\u00e9s\u00e9hez, cs\u00f6kkenti a nozokomi\u00e1lis sz\u00f6v\u0151dm\u00e9nyeket, \u00edgy n\u00f6veli \u00e9s jav\u00edtja az \u00e9lettartamot \u00e9s az \u00e9letkil\u00e1t\u00e1sokat, valamint az \u00e9letmin\u0151s\u00e9get.<\/p>\n<p style=\"text-align: justify\"><strong>A j\u00f3gyakorlat bemutat\u00e1sa<\/strong><\/p>\n<p style=\"text-align: justify\">Ma m\u00e1r haz\u00e1nkban is szakmai koncepci\u00f3, hogy azoknak a betegeknek, akiket betegs\u00e9g\u00fck sor\u00e1n 30 napon t\u00fal, vagy alapbetegs\u00e9g\u00fck miatt id\u0151korl\u00e1t n\u00e9lk\u00fcl g\u00e9pi l\u00e9legeztet\u00e9sben kell r\u00e9szes\u00edteni, de egy\u00e9b szervt\u00e1mogat\u00f3 kezel\u00e9st nem ig\u00e9nyelnek, optim\u00e1lis \u00e1pol\u00e1s\u00e1t tart\u00f3s l\u00e9legeztet\u00e9si k\u00f6zpontban, vagy otthonukban lehet biztos\u00edtani. Mivel a hazai gyermekell\u00e1t\u00e1sban mind\u00f6ssze egy tart\u00f3s l\u00e9legeztet\u00e9si oszt\u00e1ly m\u0171k\u00f6dik 6 \u00e1ggyal, jelenleg a tart\u00f3s l\u00e9legeztet\u00e9st ig\u00e9nyl\u0151 gyermekek csak az akut intenz\u00edv oszt\u00e1lyokon l\u00e1that\u00f3k el, amennyiben a sz\u00fcl\u0151k\/t\u00f6rv\u00e9nyes k\u00e9pvisel\u0151k nem k\u00e9rik, vagy nem tudj\u00e1k v\u00e1llalni az otthoni \u00e1pol\u00e1st.<\/p>\n<p style=\"text-align: justify\">A MRE Bethesda Gyermekk\u00f3rh\u00e1za \u00e1ltal otthon ellen\u0151rz\u00f6tt invaz\u00edvan l\u00e9legeztetett gyermekek sz\u00e1ma 2014 \u00f3ta folyamatosan n\u0151, a Nemzeti Eg\u00e9szs\u00e9gbiztos\u00edt\u00e1si Alapkezel\u0151 (NEAK) 2018 novemberi adatai szerint a haz\u00e1nkban \u00f6sszesen 25 otthon l\u00e9legeztetett gyermek k\u00f6z\u00fcl 11 beteget a Bethesda K\u00f3rh\u00e1z gondoz. Ahhoz, hogy egyre t\u00f6bb respir\u00e1tor-dependens gyermekn\u00e9l val\u00f3sulhasson meg az otthoni ell\u00e1t\u00e1s, a szakmai, jogi, technol\u00f3giai \u00e9s csal\u00e1di krit\u00e9riumokon k\u00edv\u00fcl olyan hozz\u00e1\u00e9rt\u0151 multidiszciplin\u00e1ris munkacsoport \u00f6sszehangolt tev\u00e9kenys\u00e9ge is sz\u00fcks\u00e9ges, amelyben a feladat-\u00e9s hat\u00e1sk\u00f6r\u00f6k, tev\u00e9kenys\u00e9g \u00e9rt\u00e9kel\u00e9s, \u00e9s hibajav\u00edt\u00f3 int\u00e9zked\u00e9sek pontosan szab\u00e1lyozottak.<\/p>\n<p style=\"text-align: justify\">A gyermekek invaz\u00edv \u00e9s noninvaz\u00edv otthoni l\u00e9legeztet\u00e9s\u00e9r\u0151l sz\u00f3l\u00f3 hazai eg\u00e9szs\u00e9g\u00fcgyi szakmai ir\u00e1nyelvet a fejleszt\u0151 csoport k\u00fclf\u00f6ldi ir\u00e1nyelv adapt\u00e1ci\u00f3j\u00e1val k\u00e9sz\u00edtette. Az ir\u00e1nyelv aj\u00e1nl\u00e1sa \u00e9rtelm\u00e9ben az otthon l\u00e9legeztetett gyermekek eg\u00e9szs\u00e9g\u00fcgyi gondoz\u00e1sa k\u00e9t f\u0151 pill\u00e9ren alapul: a k\u00f3rh\u00e1zi szakorvosi, \u00e9s az alapell\u00e1t\u00e1s szakorvosi gondoz\u00e1s\u00e1n. A hazabocs\u00e1t\u00e1s csak az ir\u00e1nyelvben el\u0151\u00edrt felt\u00e9telek teljes\u00fcl\u00e9se eset\u00e9n biztons\u00e1gos. Fontos krit\u00e9rium, hogy a csal\u00e1d k\u00e9rv\u00e9nyezze, kell\u0151 motiv\u00e1ci\u00f3val, anyagi \u00e9s megk\u00fczd\u00e9si er\u0151forr\u00e1sokkal rendelkezzen, felk\u00e9sz\u00fclt legyen a v\u00e1rhat\u00f3 feladatokra \u00e9s neh\u00e9zs\u00e9gekre egyar\u00e1nt,\u00a0 a gyermek \u00e1llapota pedig t\u00f6bb h\u00e9ten \u00e1t folyamatosan stabilit\u00e1st mutasson, otthoni l\u00e9legeztet\u00e9sre alkalmas legyen.\u00a0 Az otthon invaz\u00edvan l\u00e9legeztetett gyermek sz\u00e1m\u00e1ra \u00e1lland\u00f3 k\u00e9pzett szem\u00e9ly jelenl\u00e9te sz\u00fcks\u00e9ges, ami legal\u00e1bb k\u00e9t otthoni seg\u00edt\u0151 el\u0151zetes professzion\u00e1lis kik\u00e9pz\u00e9s\u00e9vel val\u00f3s\u00edthat\u00f3 meg. A hazabocs\u00e1t\u00e1s ut\u00e1n legal\u00e1bb 4-6 hetenk\u00e9nti pulmonol\u00f3giai \u00e9s \u00e1ltal\u00e1nos \u00e1llapot felm\u00e9r\u00e9s javasolt, valamint az alapbetegs\u00e9g v\u00e1rhat\u00f3 progresszi\u00f3j\u00e1t\u00f3l f\u00fcgg\u0151en el\u0151sz\u00f6r 3-6 havonk\u00e9nt, a k\u00e9s\u0151bbiekben \u00e9vente egy alkalommal sz\u00fcks\u00e9ges a k\u00f3rh\u00e1zban t\u00f6rt\u00e9n\u0151 st\u00e1tuszr\u00f6gz\u00edt\u00e9s. A helysz\u00edni viziteket v\u00e9gz\u0151 szakorvossal kapcsolatos elv\u00e1r\u00e1s az intenz\u00edv ter\u00e1pi\u00e1s k\u00e9pzetts\u00e9g \u00e9s a l\u00e9legeztet\u00e9ssel kapcsolatos szakmai tapasztalat. Feladata a helysz\u00edni vizitek sor\u00e1n a gyermek fizik\u00e1lis vizsg\u00e1lata, \u00e1llapot\u00e1nak meg\u00edt\u00e9l\u00e9se, a technikai probl\u00e9m\u00e1k \u00e9s\u00a0 az \u00e9letmin\u0151s\u00e9g felm\u00e9r\u00e9se, a g\u00e9pi adatok ellen\u0151rz\u00e9se \u00e9s param\u00e9tereinek optimaliz\u00e1l\u00e1sa, a t\u00e1pl\u00e1lts\u00e1gi \u00e1llapot felm\u00e9r\u00e9se \u00e9s a t\u00e1pl\u00e1l\u00e1s egyedi megtervez\u00e9se is. A gyermek lehet\u0151 legnagyobb fok\u00fa otthoni biztons\u00e1ga \u00e9s a sz\u00fcl\u0151k terheinek, felel\u0151ss\u00e9g\u00e9nek k\u00f6nny\u00edt\u00e9se \u00e9rdek\u00e9ben rendk\u00edv\u00fcl fontos a h\u00e1zi gyermekorvos \u00e9s az otthoni ellen\u0151rz\u00e9st v\u00e9gz\u0151 k\u00f3rh\u00e1zi orvos szoros egy\u00fcttm\u0171k\u00f6d\u00e9se. Az otthoni ellen\u0151rz\u00e9sek dokument\u00e1l\u00e1sa a vizit minden l\u00e9nyeges szempontj\u00e1ra t\u00f6rt\u00e9n\u0151 kiterjeszt\u00e9s\u00e9t, a sz\u00fcks\u00e9ges teend\u0151ket, illetve az adatgy\u0171jt\u00e9s, elemz\u00e9s \u00e9s hibajav\u00edt\u00f3 int\u00e9zked\u00e9sek megval\u00f3sul\u00e1s\u00e1t is hat\u00e9konyan szolg\u00e1lja. Az ir\u00e1nyelv tartalmaz egy erre a c\u00e9lra szerkesztett otthonellen\u0151rz\u00e9si napl\u00f3t is.<\/p>\n<p style=\"text-align: justify\">Az int\u00e9zm\u00e9ny az ellen\u0151rz\u00e9s szervez\u00e9s\u00e9t \u00e9s szakszer\u0171s\u00e9g\u00e9t akkredit\u00e1lt munkacsoport m\u0171k\u00f6dtet\u00e9s\u00e9vel tudja legjobban biztos\u00edtani. A munkacsoport multidiszciplin\u00e1ris: tagjai intenz\u00edv ter\u00e1pi\u00e1s, pulmonol\u00f3gus, rehabilit\u00e1ci\u00f3s, neurol\u00f3gus, gastroenterol\u00f3gus, f\u00fcl-orr-g\u00e9g\u00e9sz, pszichol\u00f3gus, dietetikus, gy\u00f3gytorn\u00e1sz, ment\u00e1lhigi\u00e9n\u00e9s, palliat\u00edv specialista, szoros egy\u00fcttm\u0171k\u00f6d\u00e9sben a gyermek h\u00e1ziorvos\u00e1val. A munkacsoport vezet\u0151je jel\u00f6li ki az adott beteg otthoni ellen\u0151rz\u00e9s\u00e9t v\u00e9gz\u0151 szakorvost, \u00e9s meghat\u00e1rozza a feladatokat, melyeknek az al\u00e1bbiakra kell kiterjedni\u00fck: a beteg \u00e1ltal\u00e1nos \u00e1llapot\u00e1nak, fejl\u0151d\u00e9si param\u00e9tereinek, a l\u00e9legeztet\u0151g\u00e9p m\u0171k\u00f6d\u00e9s\u00e9nek \u00e9s be\u00e1ll\u00edtott param\u00e9tereinek ellen\u0151rz\u00e9se, a fogy\u00f3anyag ut\u00e1np\u00f3tl\u00e1s, gastrotubus-\u00e9s tracheakan\u00fclcsere, szakkonz\u00edliumok, valamint \u00e9venk\u00e9nti k\u00f3rh\u00e1zi st\u00e1tuszr\u00f6gz\u00edt\u00e9s megszervez\u00e9se. A respir\u00e1tort forgalmaz\u00f3 c\u00e9ggel fenntartott kapcsolat a g\u00e9phib\u00e1k k\u00e9sedelem n\u00e9lk\u00fcli elh\u00e1r\u00edt\u00e1s\u00e1t teszi lehet\u0151v\u00e9. A sz\u00fcl\u0151kkel t\u00f6rt\u00e9n\u0151 kapcsolattart\u00e1s jav\u00edtja a hozz\u00e1tartoz\u00f3k biztons\u00e1g\u00e9rzet\u00e9t, \u00e9s seg\u00edt egyes felmer\u00fcl\u0151 neh\u00e9zs\u00e9gek megold\u00e1s\u00e1ban.<\/p>\n<p style=\"text-align: justify\">A feladattal megb\u00edzott szakorvos az esed\u00e9kes otthoni vizit el\u0151tt 10-14 nappal felveszi a kapcsolatot a sz\u00fcl\u0151kkel a tal\u00e1lkoz\u00e1s id\u0151pontj\u00e1nak meghat\u00e1roz\u00e1sa, valamint a sz\u00fcl\u0151k \u00e1ltal jelzett fogy\u00f3anyag ut\u00e1np\u00f3tl\u00e1si ig\u00e9ny beszerz\u00e9se \u00e9rdek\u00e9ben. A megbesz\u00e9lt id\u0151pontot jelzi a munkahelyi vezet\u0151j\u00e9nek, aki kijel\u00f6li a helyettes\u00edt\u0151 kompetens szem\u00e9lyt, \u00e9s konkretiz\u00e1lja annak feladatait. A szakorvos megrendeli a sz\u00fcks\u00e9ges anyagut\u00e1np\u00f3tl\u00e1st, felv\u00e9telezi a rakt\u00e1rb\u00f3l, \u00e9s \u00e1tv\u00e9teli elismerv\u00e9ny ellen\u00e9ben \u00e1tadja a sz\u00fcl\u0151knek. Elbesz\u00e9lget a csal\u00e1dtagokkal az el\u0151z\u0151 tal\u00e1lkoz\u00e1s ut\u00e1ni esem\u00e9nyekr\u0151l, probl\u00e9m\u00e1kr\u00f3l, v\u00e1ltoz\u00e1sokr\u00f3l,\u00a0 \u00e9s ellen\u0151rz\u0151 napl\u00f3j\u00e1ba feljegyzi azokat. Elv\u00e9gzi a gyermek fizik\u00e1lis vizsg\u00e1lat\u00e1t, megm\u00e9ri fejl\u0151d\u00e9si \u00e9s vit\u00e1lis param\u00e9tereit. Ellen\u0151rzi a respir\u00e1tor be\u00e1ll\u00edtott \u00e9rt\u00e9keit \u00e9s szinkronit\u00e1s\u00e1t a beteggel, elv\u00e9gzi a sz\u00fcks\u00e9ges \u00e9s helysz\u00ednen lehets\u00e9ges m\u00f3dos\u00edt\u00e1sokat<strong><em>. <\/em><\/strong>Gy\u00f3gyszeres \u00e9s t\u00e1pl\u00e1l\u00e1si, \u00e1pol\u00e1si, \u00e9letm\u00f3dbeli javaslatokat is ad. Tev\u00e9kenys\u00e9g\u00e9t dokument\u00e1lja. Az ellen\u0151rz\u00e9si napl\u00f3 egy p\u00e9ld\u00e1ny\u00e1t \u00e1tadja a csal\u00e1dnak, hogy a csal\u00e1dorvos sz\u00e1m\u00e1ra is rendelkez\u00e9sre \u00e1lljon<strong><em>. <\/em><\/strong>A tapasztaltakr\u00f3l a munkacsoport vezet\u0151j\u00e9nek is besz\u00e1mol, iktatja az ellen\u0151rz\u00e9si napl\u00f3t, a megjel\u00f6lt beszerz\u00e9si feladatokat elind\u00edtja, az \u00fatik\u00f6lts\u00e9gpap\u00edrt kit\u00f6ltve \u00e1tadja a munka\u00fcgyi oszt\u00e1lynak.<\/p>\n<p style=\"text-align: justify\">Az otthonl\u00e9legeztet\u00e9st ellen\u0151rz\u0151 munkacsoport akkor m\u0171k\u00f6dik j\u00f3l, ha tagjai az ir\u00e1nyelv \u00e9s helyi protokoll szerint j\u00e1rnak el, megval\u00f3s\u00edtj\u00e1k a beteg rendszeres otthoni ellen\u0151rz\u00e9s\u00e9t, megk\u00f6nny\u00edtik a csal\u00e1d terheit a szakkonz\u00edliumok megszervez\u00e9s\u00e9vel, a fogy\u00f3eszk\u00f6z ut\u00e1np\u00f3tl\u00e1s biztos\u00edt\u00e1s\u00e1val. Szakmai tev\u00e9kenys\u00e9g\u00fck eredm\u00e9nyek\u00e9nt cs\u00f6kken a s\u00fcrg\u0151ss\u00e9gi riaszt\u00e1s (ment\u0151k, \u00fcgyelet), valamint a nem tervezett k\u00f3rh\u00e1zi betegfelv\u00e9tel gyakoris\u00e1ga, illetve a benntart\u00f3zkod\u00e1s id\u0151tartama, megn\u00f6vekszik a beteg \u00e9lettartama, javul \u00e9letmin\u0151s\u00e9ge, \u00e9s a csal\u00e1d komfort\u00e9rzete, el\u00e9gedetts\u00e9ge.<\/p>\n<p style=\"text-align: justify\">A Bethesda Gyermekk\u00f3rh\u00e1z munkacsoportj\u00e1nak eredm\u00e9nyeit m\u00e9lt\u00f3k\u00e9pp t\u00e1masztja al\u00e1, hogy 2019-ben az otthonl\u00e9legeztet\u00e9s ellen\u0151rz\u00e9si program elnyerte a \u201cCsal\u00e1dbar\u00e1t oszt\u00e1ly\u201d kit\u0171ntet\u00e9st.<\/p>\n<p style=\"text-align: center\"><a class=\"btn btn-secondary\">A j\u00f3gyakorlat teljes le\u00edr\u00e1sa\u00a0<\/a><\/p>\n<div class=\"fontos_div\">\n<div class=\"w-100\" style=\"text-align: justify\"><strong>Hol \u00e9rdekl\u0151dhet?<\/strong><\/div>\n<div class=\"w-100\" style=\"text-align: justify\">dr. Mikos Borb\u00e1la oszt\u00e1lyvezet\u0151 f\u0151orvos<\/div>\n<div class=\"w-100\" style=\"text-align: justify\"><a href=\"mailto:borbala.mikos@gmail.com\" target=\"_blank\" rel=\"noopener\">borbala.mikos@gmail.com<\/a><\/div>\n<div class=\"w-100\" style=\"text-align: justify\">dr. K\u00e1r\u00e1sz Hajnalka f\u0151orvos<\/div>\n<div class=\"w-100\" style=\"text-align: justify\">dr. Gergely Anita f\u0151orvos<\/div>\n<div class=\"w-100\" style=\"text-align: justify\">dr. Liszkay G\u00e1bor f\u0151orvos<\/div>\n<div class=\"w-100\" style=\"text-align: justify\">dr. Velkey Gy\u00f6rgy J\u00e1nos f\u0151igazgat\u00f3 f\u0151orvos<\/div>\n<\/div>\n","protected":false},"excerpt":{"rendered":"<p>Magyarorsz\u00e1gi Reform\u00e1tus Egyh\u00e1z Bethesda Gyermekk\u00f3rh\u00e1z: Az otthonukban invaz\u00edvan l\u00e9legeztetett gyermekek szakorvosi ellen\u0151rz\u00e9se Vil\u00e1gviszonylatban tapasztalhat\u00f3 tendencia az olyan betegs\u00e9ggel sz\u00fclet\u0151 gyermekek, valamint gy\u00f3gy\u00edthatatlan betegs\u00e9ggel \u00e9l\u0151 feln\u0151ttek sz\u00e1m\u00e1nak n\u00f6veked\u00e9se, akiknek \u00e9lete l\u00e9legeztet\u0151g\u00e9phez k\u00f6t\u00f6tt. Napjainkban a korszer\u0171 \u00e9s szakszer\u0171 g\u00e9pi l\u00e9legeztet\u00e9s szignifik\u00e1nsan jav\u00edtja a beteg \u00e9letkil\u00e1t\u00e1sait, illetve hossz\u00fa t\u00e1von az \u00e9letmin\u0151s\u00e9g\u00e9t is. Egyre n\u00f6vekv\u0151 ig\u00e9ny a csal\u00e1dok r\u00e9sz\u00e9r\u0151l, &hellip;<\/p>\n","protected":false},"author":101539,"featured_media":0,"parent":17196,"menu_order":0,"comment_status":"closed","ping_status":"closed","template":"","meta":{"_acf_changed":false,"footnotes":""},"categories":[],"tags":[],"class_list":["post-18424","page","type-page","status-publish","hentry"],"acf":[],"_links":{"self":[{"href":"https:\/\/semmelweis.hu\/emk\/wp-json\/wp\/v2\/pages\/18424","targetHints":{"allow":["GET"]}}],"collection":[{"href":"https:\/\/semmelweis.hu\/emk\/wp-json\/wp\/v2\/pages"}],"about":[{"href":"https:\/\/semmelweis.hu\/emk\/wp-json\/wp\/v2\/types\/page"}],"author":[{"embeddable":true,"href":"https:\/\/semmelweis.hu\/emk\/wp-json\/wp\/v2\/users\/101539"}],"replies":[{"embeddable":true,"href":"https:\/\/semmelweis.hu\/emk\/wp-json\/wp\/v2\/comments?post=18424"}],"version-history":[{"count":3,"href":"https:\/\/semmelweis.hu\/emk\/wp-json\/wp\/v2\/pages\/18424\/revisions"}],"predecessor-version":[{"id":25196,"href":"https:\/\/semmelweis.hu\/emk\/wp-json\/wp\/v2\/pages\/18424\/revisions\/25196"}],"up":[{"embeddable":true,"href":"https:\/\/semmelweis.hu\/emk\/wp-json\/wp\/v2\/pages\/17196"}],"wp:attachment":[{"href":"https:\/\/semmelweis.hu\/emk\/wp-json\/wp\/v2\/media?parent=18424"}],"wp:term":[{"taxonomy":"category","embeddable":true,"href":"https:\/\/semmelweis.hu\/emk\/wp-json\/wp\/v2\/categories?post=18424"},{"taxonomy":"post_tag","embeddable":true,"href":"https:\/\/semmelweis.hu\/emk\/wp-json\/wp\/v2\/tags?post=18424"}],"curies":[{"name":"wp","href":"https:\/\/api.w.org\/{rel}","templated":true}]}}