{"id":18382,"date":"2021-01-18T13:42:09","date_gmt":"2021-01-18T12:42:09","guid":{"rendered":"https:\/\/semmelweis.hu\/emk\/?page_id=18382"},"modified":"2021-01-18T13:44:41","modified_gmt":"2021-01-18T12:44:41","slug":"mentor-trening","status":"publish","type":"page","link":"https:\/\/semmelweis.hu\/emk\/szakertoi-tevekenyseg-projektek\/lezart-projektek\/entermode\/mentor-trening\/","title":{"rendered":"Mentor tr\u00e9ning"},"content":{"rendered":"<p>Az EnterMode projekt fontos eleme a kidolgozott szakmai gyakorlati m\u00f3dszertan pilot programok keret\u00e9ben t\u00f6rt\u00e9n\u0151 tesztel\u00e9se. Ennek el\u0151k\u00e9sz\u00edt\u00e9sek\u00e9nt ker\u00fclt sor 2020 szeptember-okt\u00f3ber folyam\u00e1n egy n\u00e9gy alkalmas workshopra a g\u00f6r\u00f6g Ioannina Egyetem szervez\u00e9s\u00e9ben, a koronav\u00edrus-j\u00e1rv\u00e1ny miatt online form\u00e1ban. A rendezv\u00e9nyen a konzorciumtagok mellett k\u00fcls\u0151 partnerek \u00e9s egyetemi hallgat\u00f3k is r\u00e9szt vettek.<\/p>\n<p>Az els\u0151 alkalom az EnterMode modell \u00e1ltal\u00e1nos bemutat\u00e1sa \u00e9s a DISCUSS gyakorlati k\u00f6z\u00f6ss\u00e9g (community of practice) m\u0171k\u00f6d\u00e9s\u00e9nek demonstr\u00e1ci\u00f3ja ut\u00e1n a fels\u0151oktat\u00e1si int\u00e9zm\u00e9nyek szerep\u00e9re \u00e9s feladataira f\u00f3kusz\u00e1lt. A vend\u00e9gl\u00e1t\u00f3 egyetem szak\u00e9rt\u0151je ismertette az \u00e1ltaluk szervezett szakmai gyakorlati programok megval\u00f3s\u00edt\u00e1s\u00e1nak folyamat\u00e1t, az egyes l\u00e9p\u00e9sek sor\u00e1n felmer\u00fcl\u0151 k\u00e9rd\u00e9seket \u00e9s probl\u00e9m\u00e1kat. A konzorciumvezet\u0151 Kassai M\u0171szaki Egyetem munkat\u00e1rsa az EnterMode modellben alkalmazott m\u00e9r\u00e9si, \u00e9rt\u00e9kel\u00e9si m\u00f3dszertanokat \u00e9s a program adminisztrat\u00edv elemeit mutatta be, v\u00e9g\u00fcl a nap az elhangzottak k\u00f6tetlen megbesz\u00e9l\u00e9s\u00e9vel z\u00e1rult.<\/p>\n<p>A m\u00e1sodik nap k\u00f6z\u00e9ppontj\u00e1ban a gyakornokokat fogad\u00f3 v\u00e1llalatok szerepe \u00e1llt. Sz\u00f3 volt t\u00f6bbek k\u00f6z\u00f6tt a mentor szerep\u00e9r\u0151l \u00e9s feladatair\u00f3l, az inkub\u00e1ci\u00f3 fogalm\u00e1r\u00f3l \u00e9s jelent\u0151s\u00e9g\u00e9r\u0151l, valamint az EntreComp v\u00e1llalkoz\u00f3i kompetencia-keretrendszerr\u0151l. A workshop z\u00e1r\u00e1sak\u00e9nt n\u00e9h\u00e1ny partner-v\u00e1llalat bemutatott egy-egy p\u00e9lda kih\u00edv\u00e1st, amelyekhez hasonl\u00f3 feladatokat kell majd megoldaniuk a pilot programban r\u00e9szt vev\u0151 gyakornokoknak.<\/p>\n<p>A harmadik workshopon a fejleszt\u0151k bemutatt\u00e1k a projekt keret\u00e9ben kidolgozott komoly j\u00e1t\u00e9kot. A partner-egyetemek hallgat\u00f3inak lehet\u0151s\u00e9ge ny\u00edlt a j\u00e1t\u00e9k r\u00f6vid tesztel\u00e9s\u00e9re, a tapasztalataikr\u00f3l egy \u00e9rt\u00e9kel\u0151 k\u00e9rd\u0151\u00edv kit\u00f6lt\u00e9s\u00e9vel, valamint sz\u00f3ban adhattak visszajelz\u00e9st.<\/p>\n<p>Az utols\u00f3 alkalom sor\u00e1n a projektpartnerek megvitatt\u00e1k a tapasztalatokat, visszajelz\u00e9seket, valamint sz\u00f3 volt arr\u00f3l is, hogy a fels\u0151oktat\u00e1si int\u00e9zm\u00e9nyek hogyan seg\u00edthetik a partner-v\u00e1llalatok mentorainak munk\u00e1j\u00e1t. V\u00e9g\u00fcl bemutat\u00e1sra ker\u00fclt a j\u00e1rv\u00e1nyhelyzet kih\u00edv\u00e1saira v\u00e1laszul kidolgozott virtu\u00e1lis gyakornoki program, amely lehet\u0151v\u00e9 teszi az EnterMode modell lehet\u0151s\u00e9geinek kiakn\u00e1z\u00e1s\u00e1t szem\u00e9lyes jelen\u00e9t n\u00e9lk\u00fcl is.<\/p>\n<p>A workshopokon szerzett hasznos ismereteket k\u00e9s\u0151bb a Semmelweis Egyetem hallgat\u00f3it fogad\u00f3 v\u00e1llalatok mentorai sz\u00e1m\u00e1ra szervezett webin\u00e1rium keret\u00e9ben adtuk tov\u00e1bb, ez\u00e1ltal biztos\u00edtva a gyakornoki programok g\u00f6rd\u00fcl\u00e9keny elindul\u00e1s\u00e1t.<\/p>\n<p>&nbsp;<\/p>\n<p><a href=\"https:\/\/semmelweis.hu\/emk\/files\/2020\/12\/entermode_logo.jpg\"><img loading=\"lazy\" decoding=\"async\" class=\"alignnone wp-image-18260 size-full\" src=\"https:\/\/semmelweis.hu\/emk\/files\/2020\/12\/entermode_logo.jpg\" alt=\"\" width=\"660\" height=\"315\" srcset=\"https:\/\/semmelweis.hu\/emk\/files\/2020\/12\/entermode_logo.jpg 660w, https:\/\/semmelweis.hu\/emk\/files\/2020\/12\/entermode_logo-400x191.jpg 400w\" sizes=\"auto, (max-width: 660px) 100vw, 660px\" \/><\/a><\/p>\n","protected":false},"excerpt":{"rendered":"<p>Az EnterMode projekt fontos eleme a kidolgozott szakmai gyakorlati m\u00f3dszertan pilot programok keret\u00e9ben t\u00f6rt\u00e9n\u0151 tesztel\u00e9se. Ennek el\u0151k\u00e9sz\u00edt\u00e9sek\u00e9nt ker\u00fclt sor 2020 szeptember-okt\u00f3ber folyam\u00e1n egy n\u00e9gy alkalmas workshopra a g\u00f6r\u00f6g Ioannina Egyetem szervez\u00e9s\u00e9ben, a koronav\u00edrus-j\u00e1rv\u00e1ny miatt online form\u00e1ban. A rendezv\u00e9nyen a konzorciumtagok mellett k\u00fcls\u0151 partnerek \u00e9s egyetemi hallgat\u00f3k is r\u00e9szt vettek. Az els\u0151 alkalom az EnterMode modell &hellip;<\/p>\n","protected":false},"author":101539,"featured_media":0,"parent":15696,"menu_order":2,"comment_status":"closed","ping_status":"closed","template":"","meta":{"_acf_changed":false,"footnotes":""},"categories":[],"tags":[],"class_list":["post-18382","page","type-page","status-publish","hentry"],"acf":[],"_links":{"self":[{"href":"https:\/\/semmelweis.hu\/emk\/wp-json\/wp\/v2\/pages\/18382","targetHints":{"allow":["GET"]}}],"collection":[{"href":"https:\/\/semmelweis.hu\/emk\/wp-json\/wp\/v2\/pages"}],"about":[{"href":"https:\/\/semmelweis.hu\/emk\/wp-json\/wp\/v2\/types\/page"}],"author":[{"embeddable":true,"href":"https:\/\/semmelweis.hu\/emk\/wp-json\/wp\/v2\/users\/101539"}],"replies":[{"embeddable":true,"href":"https:\/\/semmelweis.hu\/emk\/wp-json\/wp\/v2\/comments?post=18382"}],"version-history":[{"count":4,"href":"https:\/\/semmelweis.hu\/emk\/wp-json\/wp\/v2\/pages\/18382\/revisions"}],"predecessor-version":[{"id":18386,"href":"https:\/\/semmelweis.hu\/emk\/wp-json\/wp\/v2\/pages\/18382\/revisions\/18386"}],"up":[{"embeddable":true,"href":"https:\/\/semmelweis.hu\/emk\/wp-json\/wp\/v2\/pages\/15696"}],"wp:attachment":[{"href":"https:\/\/semmelweis.hu\/emk\/wp-json\/wp\/v2\/media?parent=18382"}],"wp:term":[{"taxonomy":"category","embeddable":true,"href":"https:\/\/semmelweis.hu\/emk\/wp-json\/wp\/v2\/categories?post=18382"},{"taxonomy":"post_tag","embeddable":true,"href":"https:\/\/semmelweis.hu\/emk\/wp-json\/wp\/v2\/tags?post=18382"}],"curies":[{"name":"wp","href":"https:\/\/api.w.org\/{rel}","templated":true}]}}