{"id":18247,"date":"2020-12-17T09:41:33","date_gmt":"2020-12-17T08:41:33","guid":{"rendered":"https:\/\/semmelweis.hu\/emk\/?page_id=18247"},"modified":"2026-04-09T13:22:33","modified_gmt":"2026-04-09T11:22:33","slug":"alapozo-kepzes","status":"publish","type":"page","link":"https:\/\/semmelweis.hu\/emk\/szocialis-vezetokepzo-tudaskozpont\/oktatas-2-2\/szocialis-vezetokepzes\/alapozo-kepzes\/","title":{"rendered":"Alapoz\u00f3 k\u00e9pz\u00e9s"},"content":{"rendered":"<h1>ALAPOZ\u00d3 k\u00e9pz\u00e9sek<\/h1>\n<p>Az alapoz\u00f3 k\u00e9pz\u00e9s r\u00e9szletes programj\u00e1t az\u00a0<a href=\"https:\/\/semmelweis.hu\/emk\/files\/2020\/06\/Vezetokepzes_OP.pdf\" target=\"_blank\" rel=\"noopener noreferrer\">oktat\u00e1si program<\/a>b\u00f3l ismerheti meg.\u00a0<\/p>\n<p><strong><a href=\"https:\/\/semmelweis.hu\/emk\/files\/2024\/08\/Algoritmus-SZVK.pdf\" target=\"_blank\" rel=\"noopener\">Seg\u00edts\u00e9g a k\u00e9pz\u00e9si k\u00f6telezetts\u00e9g eld\u00f6nt\u00e9s\u00e9hez<\/a><\/strong><\/p>\n<p><strong><a href=\"https:\/\/semmelweis.hu\/emk\/files\/2024\/08\/GYIK_2024.07.25.pdf\" target=\"_blank\" rel=\"noopener noreferrer\">GYIK<\/a><\/strong><\/p>\n<p style=\"text-align: center\"><a class=\"button\" href=\"https:\/\/semmelweis.hu\/emk\/szocialis-vezetokepzo-tudaskozpont\/oktatas-2-2\/szocialis-vezetokepzes\/dokumentumok\/\" target=\"_blank\" rel=\"noopener\">DOKUMENTUMT\u00c1R<\/a><\/p>\n<p style=\"text-align: justify\">A Semmelweis Egyetem Eg\u00e9szs\u00e9g\u00fcgyi K\u00f6zszolg\u00e1lati Kar Eg\u00e9szs\u00e9g\u00fcgyi Menedzserk\u00e9pz\u0151 K\u00f6zpontban m\u0171k\u00f6d\u0151\u00a0Szoci\u00e1lis Vezet\u0151k\u00e9pz\u0151 Tud\u00e1sk\u00f6zpontot (SZVK)\u00a0\u00e9rint\u0151 k\u00e9rd\u00e9seivel forduljon hozz\u00e1nk bizalommal a\u00a0<a href=\"mailto:szocialisvezetokepzes@emk.semmelweis.hu\" target=\"_blank\" rel=\"noopener\">szocialisvezetokepzes@emk.semmelweis.hu<\/a>\u00a0e-mail-c\u00edmen!<\/p>\n<hr \/>\n<h3>Meghirdet\u00e9s alatt \u00e1ll\u00f3 k\u00e9pz\u00e9sek:<\/h3>\n<p style=\"text-align: center\"><strong><a class=\"button\" href=\"https:\/\/ojkf.nszi.gov.hu\/index.php\" target=\"_blank\" rel=\"noopener\">JELENTKEZ\u00c9S<\/a><\/strong><\/p>\n<div class=\"keretes\">\n<p><span style=\"text-decoration: underline\"><strong>Alap<\/strong> vezet\u0151k\u00e9pz\u00e9s (alapoz\u00f3)<\/span><\/p>\n<div>\n<p>\u2013 2026. m\u00e1rcius 26-i indul\u00e1s &#8211; <span style=\"color: #ff0000\">betelt<br \/>\n<\/span><strong>(csoport ID: 191)<\/strong><\/p>\n<p>\u2013 2026. m\u00e1jus 14-i indul\u00e1s &#8211; <span style=\"color: #ff0000\">betelt<\/span><br \/>\n<strong>(csoport ID: 193)<\/strong><\/p>\n<div>&#8211; 2026. szeptember 24-i indul\u00e1s <br \/>\n<strong>(csoport ID sz\u00e1m: 207)<\/strong><\/div>\n<div>\u00a0<\/div>\n<div>&#8211; 2026. november 12-i indul\u00e1s <br \/>\n<strong>(csoport ID sz\u00e1m: 208<\/strong><\/div>\n<\/div>\n<div>\u00a0<\/div>\n<p><strong>K\u00e9pz\u00e9si d\u00edj:<\/strong>\u00a0150 000 Ft<\/p>\n<\/div>\n<div class=\"keretes\">\n<p><span style=\"text-decoration: underline\"><strong>Mester<\/strong> vezet\u0151k\u00e9pz\u00e9s (alapoz\u00f3):<\/span><\/p>\n<p>\u2013 2026. \u00e1prilis 1-i indul\u00e1s &#8211; <span style=\"color: #ff0000\">betelt<\/span><br \/>\n<strong>(csoport ID: 192)<\/strong><\/p>\n<p>\u2013 2026.\u00a0\u00a0j\u00fanius 3-i indul\u00e1s &#8211; <span style=\"color: #ff0000\">betelt<\/span><br \/>\n<strong>(csoport ID: 194)<\/strong><\/p>\n<p>&#8211; 2026. okt\u00f3ber 14-i indul\u00e1s <br \/>\n<strong>(csoport ID sz\u00e1m: 209)<\/strong><\/p>\n<div>\n<strong>K\u00e9pz\u00e9si d\u00edj: <\/strong>250 000 Ft<\/div>\n<\/div>\n<hr \/>\n<ul style=\"list-style-type: square\">\n<li><strong><a href=\"https:\/\/semmelweis.hu\/emk\/szocialis-vezetokepzo-tudaskozpont\/oktatas-2-2\/\" target=\"_blank\" rel=\"noopener\">Oktat\u00e1s<\/a><\/strong><\/li>\n<li><strong><a href=\"https:\/\/semmelweis.hu\/emk\/szocialis-vezetokepzo-tudaskozpont\/intezmenymenedzsment-2\/\" target=\"_blank\" rel=\"noopener\">Int\u00e9zm\u00e9nymenedzsment<\/a><\/strong><\/li>\n<li><strong><a href=\"https:\/\/semmelweis.hu\/emk\/szocialis-vezetokepzo-tudaskozpont\/kiadvanyok-publikaciok\/\" target=\"_blank\" rel=\"noopener\">Kiadv\u00e1nyok\/Publik\u00e1ci\u00f3k<\/a><\/strong><\/li>\n<li><strong><a href=\"https:\/\/semmelweis.hu\/emk\/szocialis-vezetokepzo-tudaskozpont\/esemenynaptar-2\/\" target=\"_blank\" rel=\"noopener\">Esem\u00e9nynapt\u00e1r<\/a><\/strong><\/li>\n<li><strong><a href=\"https:\/\/semmelweis.hu\/emk\/szocialis-vezetokepzo-tudaskozpont\/szocialis-valsagmenedzsment-eszkoztar\/\" target=\"_blank\" rel=\"noopener\">Szoci\u00e1lis V\u00e1ls\u00e1gmenedzsment Eszk\u00f6zt\u00e1r<\/a><\/strong><\/li>\n<li><strong><a href=\"https:\/\/semmelweis.hu\/emk\/szocialis-vezetokepzo-tudaskozpont\/hirlevel\/\" target=\"_blank\" rel=\"noopener\">H\u00edrlev\u00e9l<\/a><\/strong><\/li>\n<li><strong><a href=\"https:\/\/semmelweis.hu\/emk\/szocialis-vezetokepzo-tudaskozpont\/elerhetosegek-2-2\/\" target=\"_blank\" rel=\"noopener\">El\u00e9rhet\u0151s\u00e9gek<\/a><\/strong><\/li>\n<li><strong><a href=\"https:\/\/semmelweis.hu\/emk\/szocialis-vezetokepzo-tudaskozpont\/gyik-2\/\" target=\"_blank\" rel=\"noopener\">GYIK<\/a><\/strong><\/li>\n<li><strong><a href=\"https:\/\/semmelweis.hu\/emk\/szocialis-vezetokepzo-tudaskozpont\/rolunk-mondtak-2\/\" target=\"_blank\" rel=\"noopener\">R\u00f3lunk mondt\u00e1k<\/a><\/strong><\/li>\n<\/ul>\n","protected":false},"excerpt":{"rendered":"<p>ALAPOZ\u00d3 k\u00e9pz\u00e9sek Az alapoz\u00f3 k\u00e9pz\u00e9s r\u00e9szletes programj\u00e1t az\u00a0 <a href=\"https:\/\/semmelweis.hu\/emk\/files\/2020\/06\/Vezetokepzes_OP.pdf\" target=\"_blank\" rel=\"noopener noreferrer\">oktat\u00e1si program<\/a> b\u00f3l ismerheti meg.\u00a0 <a href=\"https:\/\/semmelweis.hu\/emk\/files\/2024\/08\/Algoritmus-SZVK.pdf\" target=\"_blank\" rel=\"noopener\">Seg\u00edts\u00e9g a k\u00e9pz\u00e9si k\u00f6telezetts\u00e9g eld\u00f6nt\u00e9s\u00e9hez<\/a> <a href=\"https:\/\/semmelweis.hu\/emk\/files\/2024\/08\/GYIK_2024.07.25.pdf\" target=\"_blank\" rel=\"noopener noreferrer\">GYIK<\/a> <a class=\"button\" href=\"https:\/\/semmelweis.hu\/emk\/szocialis-vezetokepzo-tudaskozpont\/oktatas-2-2\/szocialis-vezetokepzes\/dokumentumok\/\" target=\"_blank\" rel=\"noopener\">DOKUMENTUMT\u00c1R<\/a> A Semmelweis Egyetem Eg\u00e9szs\u00e9g\u00fcgyi K\u00f6zszolg\u00e1lati Kar Eg\u00e9szs\u00e9g\u00fcgyi Menedzserk\u00e9pz\u0151 K\u00f6zpontban m\u0171k\u00f6d\u0151\u00a0Szoci\u00e1lis Vezet\u0151k\u00e9pz\u0151 Tud\u00e1sk\u00f6zpontot (SZVK)\u00a0\u00e9rint\u0151 k\u00e9rd\u00e9seivel forduljon hozz\u00e1nk bizalommal a\u00a0 <a href=\"mailto:szocialisvezetokepzes@emk.semmelweis.hu\" target=\"_blank\" rel=\"noopener\">szocialisvezetokepzes@emk.semmelweis.hu<\/a> \u00a0e-mail-c\u00edmen! Meghirdet\u00e9s alatt \u00e1ll\u00f3 k\u00e9pz\u00e9sek: <a class=\"button\" href=\"https:\/\/ojkf.nszi.gov.hu\/index.php\" target=\"_blank\" rel=\"noopener\">JELENTKEZ\u00c9S<\/a> Alap vezet\u0151k\u00e9pz\u00e9s (alapoz\u00f3) \u2013 2026. m\u00e1rcius 26-i indul\u00e1s &#8211; betelt (csoport ID: 191) \u2013 2026. m\u00e1jus 14-i indul\u00e1s &#8211; betelt (csoport &hellip;<\/p>\n","protected":false},"author":101742,"featured_media":0,"parent":19135,"menu_order":1,"comment_status":"closed","ping_status":"closed","template":"","meta":{"_acf_changed":false,"footnotes":""},"categories":[],"tags":[],"class_list":["post-18247","page","type-page","status-publish","hentry"],"acf":[],"_links":{"self":[{"href":"https:\/\/semmelweis.hu\/emk\/wp-json\/wp\/v2\/pages\/18247","targetHints":{"allow":["GET"]}}],"collection":[{"href":"https:\/\/semmelweis.hu\/emk\/wp-json\/wp\/v2\/pages"}],"about":[{"href":"https:\/\/semmelweis.hu\/emk\/wp-json\/wp\/v2\/types\/page"}],"author":[{"embeddable":true,"href":"https:\/\/semmelweis.hu\/emk\/wp-json\/wp\/v2\/users\/101742"}],"replies":[{"embeddable":true,"href":"https:\/\/semmelweis.hu\/emk\/wp-json\/wp\/v2\/comments?post=18247"}],"version-history":[{"count":14,"href":"https:\/\/semmelweis.hu\/emk\/wp-json\/wp\/v2\/pages\/18247\/revisions"}],"predecessor-version":[{"id":27031,"href":"https:\/\/semmelweis.hu\/emk\/wp-json\/wp\/v2\/pages\/18247\/revisions\/27031"}],"up":[{"embeddable":true,"href":"https:\/\/semmelweis.hu\/emk\/wp-json\/wp\/v2\/pages\/19135"}],"wp:attachment":[{"href":"https:\/\/semmelweis.hu\/emk\/wp-json\/wp\/v2\/media?parent=18247"}],"wp:term":[{"taxonomy":"category","embeddable":true,"href":"https:\/\/semmelweis.hu\/emk\/wp-json\/wp\/v2\/categories?post=18247"},{"taxonomy":"post_tag","embeddable":true,"href":"https:\/\/semmelweis.hu\/emk\/wp-json\/wp\/v2\/tags?post=18247"}],"curies":[{"name":"wp","href":"https:\/\/api.w.org\/{rel}","templated":true}]}}