{"id":18233,"date":"2020-12-16T13:14:06","date_gmt":"2020-12-16T12:14:06","guid":{"rendered":"https:\/\/semmelweis.hu\/emk\/?page_id=18233"},"modified":"2025-06-03T16:08:12","modified_gmt":"2025-06-03T14:08:12","slug":"inhalacios-eszkozhasznalat-oktatasa","status":"publish","type":"page","link":"https:\/\/semmelweis.hu\/emk\/szakertoi-tevekenyseg-projektek\/lezart-projektek\/egeszsegugyi-ellatorendszer-szakmai-modszertani-fejlesztese\/jogyakorlatok-gyujtese-fejlesztese-oktatasa\/rovid-osszefoglalok\/inhalacios-eszkozhasznalat-oktatasa\/","title":{"rendered":"XVI. Ker\u00fclet Kertv\u00e1rosi Eg\u00e9szs\u00e9g\u00fcgyi Szolg\u00e1lata 2."},"content":{"rendered":"<p style=\"text-align: justify\"><strong>XVI. Ker\u00fclet Kertv\u00e1rosi Eg\u00e9szs\u00e9g\u00fcgyi Szolg\u00e1lata: Inhal\u00e1ci\u00f3s eszk\u00f6zhaszn\u00e1lat oktat\u00e1sa<\/strong><\/p>\n<p style=\"text-align: justify\">Az inhal\u00e1ci\u00f3s eszk\u00f6zhaszn\u00e1lat el\u0151nye, hogy a gy\u00f3gyszer k\u00f6zvetlen\u00fcl a t\u00fcd\u0151be ker\u00fcl. A megfelel\u0151en haszn\u00e1lt inhal\u00e1ci\u00f3s eszk\u00f6znek k\u00f6sz\u00f6nhet\u0151en n\u0151 a gy\u00f3gyszer hat\u00e9konys\u00e1ga \u00e9s cs\u00f6kken a mell\u00e9khat\u00e1sa. A helytelen eszk\u00f6zhaszn\u00e1lat k\u00f6vetkezm\u00e9nyek\u00e9nt viszont s\u00falyosabb lehet a betegs\u00e9g kimenetele (pl. COPD), n\u0151 az exacerb\u00e1ci\u00f3k \u00e9s a hospitaliz\u00e1ci\u00f3k sz\u00e1ma, hi\u00e1ba haszn\u00e1lja a beteg gyakrabban az inhal\u00e1ci\u00f3s eszk\u00f6zt, hiszen a helytelen alkalmaz\u00e1s sor\u00e1n nem jut be megfelel\u0151 mennyis\u00e9g\u0171 adag a t\u00fcd\u0151be. A j\u00f3gyakorlat bevezet\u00e9s\u00e9nek k\u00f6zvetlen c\u00e9lja az volt, hogy a helyes eszk\u00f6zhaszn\u00e1lat seg\u00edts\u00e9g\u00e9vel javuljon a gy\u00f3gyszeres kezel\u00e9s hat\u00e1sa. A ter\u00e1pi\u00e1nak k\u00f6sz\u00f6nhet\u0151en jobb lett a betegek k\u00f6z\u00e9rzete, n\u0151tt a terhelhet\u0151s\u00e9ge, cs\u00f6kkent az exacerb\u00e1ci\u00f3k sz\u00e1ma. A p\u00e1ciensek \u00e9letmin\u0151s\u00e9ge hossz\u00fat\u00e1von is \u00e9rezhet\u0151en javult. A betegoktat\u00e1s fejleszt\u00e9s\u00e9nek k\u00f6zvetett c\u00e9lja a nem tervezett orvos-beteg tal\u00e1lkoz\u00e1sok sz\u00e1m\u00e1nak cs\u00f6kkent\u00e9se \u00e9s a betegel\u00e9gedetts\u00e9g n\u00f6vel\u00e9se volt. A soron k\u00edv\u00fcli betegmegjelen\u00e9sek, a s\u00fcrg\u0151s ell\u00e1t\u00e1si esetsz\u00e1mok cs\u00f6kken\u00e9s\u00e9vel t\u00f6bb id\u0151 maradt azokra, akik el\u0151sz\u00f6r kerest\u00e9k fel a szakrendel\u00e9st.<\/p>\n<p style=\"text-align: justify\"><strong>A j\u00f3gyakorlat bemutat\u00e1sa<\/strong><\/p>\n<p style=\"text-align: justify\">Az inhal\u00e1ci\u00f3s eszk\u00f6zoktat\u00e1s fejleszt\u00e9s\u00e9nek meghat\u00e1roz\u00f3 pontja a folyamat szab\u00e1lyoz\u00e1sa volt. Els\u0151 l\u00e9p\u00e9sk\u00e9nt egy oszt\u00e1ly\u00e9rtekezleten felm\u00e9rt\u00e9k az aktu\u00e1lis gyakorlatot, ami igen nagy v\u00e1ltoz\u00e9konys\u00e1got mutatott az oszt\u00e1lyon bel\u00fcl is. A betegek oktat\u00e1s\u00e1nak sz\u00fcks\u00e9gszer\u0171s\u00e9g\u00e9t egy\u00e9rtelm\u0171en al\u00e1t\u00e1masztott\u00e1k a rendelkez\u00e9sre \u00e1ll\u00f3 eredm\u00e9nyek (l\u00e9gz\u00e9sfunkci\u00f3s vizsg\u00e1lat, beteg \u00e1ltal bemutatott eszk\u00f6zhaszn\u00e1lt). A fejleszt\u00e9si folyamat sor\u00e1n meghat\u00e1rozt\u00e1k az oktat\u00e1si t\u00e9m\u00e1t, a sz\u00fcks\u00e9ges eszk\u00f6z\u00f6ket (demo eszk\u00f6z\u00f6k, betegt\u00e1j\u00e9koztat\u00f3 anyagok), az oktat\u00e1st v\u00e9gz\u0151 munkat\u00e1rsak szem\u00e9ly\u00e9t \u00e9s az eduk\u00e1ci\u00f3val kapcsolatos dokument\u00e1ci\u00f3s elv\u00e1r\u00e1sokat. Kialak\u00edtott\u00e1k a munkak\u00f6ri feladatokat \u00e9s a k\u00e9pz\u00e9si m\u00f3dszert (eszk\u00f6zhaszn\u00e1lat bemutat\u00e1sa, gyakoroltat\u00e1s a beteggel placeboval, \u00edr\u00e1sos t\u00e1j\u00e9koztat\u00f3 anyag \u00e1tad\u00e1sa). A kialak\u00edtott oktat\u00e1si m\u00f3dszer bevezet\u00e9s\u00e9re 1 h\u00f3napos pilot id\u0151szak ut\u00e1n, az eredm\u00e9nyek \u00e9rt\u00e9kel\u00e9s\u00e9t k\u00f6vet\u0151en ker\u00fclt sor.<\/p>\n<p style=\"text-align: justify\">A t\u00fcd\u0151gy\u00f3gy\u00e1sz szakorvos a beteg kivizsg\u00e1l\u00e1sa ut\u00e1n, a fel\u00e1ll\u00edtott diagn\u00f3zisnak megfelel\u0151en elrendeli a megfelel\u0151 inhalat\u00edv gy\u00f3gyszer haszn\u00e1lat\u00e1t.\u00a0 Az inhal\u00e1ci\u00f3s eszk\u00f6z t\u00edpusa f\u00fcgg a beteg \u00e1llapot\u00e1t\u00f3l, kor\u00e1t\u00f3l \u00e9s anyagi helyzet\u00e9t\u0151l. Ezt minden esetben figyelembe kell venni (pl. nem tudja kisz\u00edvni, van olcs\u00f3bb kiszerel\u00e9s), hiszen az a c\u00e9l, hogy j\u00f3l tudja haszn\u00e1lni. A hat\u00f3anyagot, a pontos d\u00f3zist \u00e9s a gyakoris\u00e1got az ambul\u00e1ns lapon r\u00f6gz\u00edtik. Az inhal\u00e1ci\u00f3s eszk\u00f6z betan\u00edt\u00e1sa szakasszisztensi feladat. Nagyon sokf\u00e9le inhal\u00e1ci\u00f3s eszk\u00f6z van forgalomban. A megfelel\u0151en kiv\u00e1lasztott k\u00e9sz\u00fcl\u00e9ket az asszisztens megmutatja, szeml\u00e9lteti az optim\u00e1lis haszn\u00e1lat\u00e1t a betan\u00edt\u00f3 eszk\u00f6z\u00f6n \u00a0\u00e9s a beteggel t\u00f6bb \u00edzben egym\u00e1s ut\u00e1n elgyakoroltatja. Az oktat\u00e1s t\u00e9nye megjelenik a betegdokument\u00e1ci\u00f3ban\/az ambul\u00e1ns lapon.<\/p>\n<p style=\"text-align: justify\">A be\u00e1ll\u00edtott ter\u00e1pi\u00e1t minden esetben ellen\u0151rzik egy h\u00f3nap m\u00falva. A kontroll sor\u00e1n az eszk\u00f6zhaszn\u00e1latot is tesztelik \u00e9s az ambul\u00e1ns lapon r\u00f6gz\u00edtik. A beteget megk\u00e9rik, hogy hozza mag\u00e1val a saj\u00e1t inhal\u00e1ci\u00f3s eszk\u00f6z\u00e9t, hogy megn\u00e9zz\u00e9k, hogy j\u00f3l haszn\u00e1lja-e (ha otthon felejti, akkor a saj\u00e1t betan\u00edt\u00f3 k\u00e9sz\u00fcl\u00e9ken tesztelik). \u00a0Ha nem \u00e9rnek el megfelel\u0151 javul\u00e1st az adott p\u00e1ciens \u00e1llapot\u00e1ban akkor \u00fajragondolj\u00e1k a ter\u00e1pi\u00e1t \u00e9s gy\u00f3gyszert v\u00e1ltanak, term\u00e9szetesen az \u00faj eszk\u00f6z haszn\u00e1lat\u00e1ra is megtan\u00edtj\u00e1k a beteget.<\/p>\n<p style=\"text-align: justify\">A j\u00f3gyakorlat alkalmaz\u00e1s\u00e1val el\u00e9rhet\u0151 gazdas\u00e1gi hat\u00e1s a beteg r\u00e9sz\u00e9r\u0151l m\u00e1r r\u00f6vidt\u00e1von is \u00e9rz\u00e9kelhet\u0151, m\u00edg hosszabb t\u00e1von az eg\u00e9szs\u00e9g\u00fcgyi ell\u00e1t\u00f3rendszer oldal\u00e1r\u00f3l is tapasztalhat\u00f3 lehet.<\/p>\n<p style=\"text-align: center\"><a class=\"btn btn-secondary\">A j\u00f3gyakorlat teljes le\u00edr\u00e1sa\u00a0<\/a><\/p>\n<div class=\"fontos_div\">\n<div class=\"w-100\" style=\"text-align: justify\"><strong>Hol \u00e9rdekl\u0151dhet?<\/strong><\/div>\n<div class=\"w-100\" style=\"text-align: justify\">Aranyin\u00e9 Nagy \u00c1gnes t\u00fcd\u0151gondoz\u00f3 vezet\u0151asszisztens<\/div>\n<div class=\"w-100\" style=\"text-align: justify\"><a href=\"mailto:aranyine@szakrendelo16.hu\" target=\"_blank\" rel=\"noopener\">aranyine@szakrendelo16.hu<\/a><\/div>\n<div class=\"w-100\" style=\"text-align: justify\">Ga\u00e1l S\u00e1ndorn\u00e9 szakasszisztens<\/div>\n<div class=\"w-100\" style=\"text-align: justify\">dr. T\u00f3t \u00c9va rendel\u00e9svezet\u0151 f\u0151orvos<\/div>\n<\/div>\n","protected":false},"excerpt":{"rendered":"<p>XVI. Ker\u00fclet Kertv\u00e1rosi Eg\u00e9szs\u00e9g\u00fcgyi Szolg\u00e1lata: Inhal\u00e1ci\u00f3s eszk\u00f6zhaszn\u00e1lat oktat\u00e1sa Az inhal\u00e1ci\u00f3s eszk\u00f6zhaszn\u00e1lat el\u0151nye, hogy a gy\u00f3gyszer k\u00f6zvetlen\u00fcl a t\u00fcd\u0151be ker\u00fcl. A megfelel\u0151en haszn\u00e1lt inhal\u00e1ci\u00f3s eszk\u00f6znek k\u00f6sz\u00f6nhet\u0151en n\u0151 a gy\u00f3gyszer hat\u00e9konys\u00e1ga \u00e9s cs\u00f6kken a mell\u00e9khat\u00e1sa. A helytelen eszk\u00f6zhaszn\u00e1lat k\u00f6vetkezm\u00e9nyek\u00e9nt viszont s\u00falyosabb lehet a betegs\u00e9g kimenetele (pl. COPD), n\u0151 az exacerb\u00e1ci\u00f3k \u00e9s a hospitaliz\u00e1ci\u00f3k sz\u00e1ma, hi\u00e1ba haszn\u00e1lja a &hellip;<\/p>\n","protected":false},"author":101539,"featured_media":0,"parent":17196,"menu_order":0,"comment_status":"closed","ping_status":"closed","template":"","meta":{"_acf_changed":false,"footnotes":""},"categories":[],"tags":[],"class_list":["post-18233","page","type-page","status-publish","hentry"],"acf":[],"_links":{"self":[{"href":"https:\/\/semmelweis.hu\/emk\/wp-json\/wp\/v2\/pages\/18233","targetHints":{"allow":["GET"]}}],"collection":[{"href":"https:\/\/semmelweis.hu\/emk\/wp-json\/wp\/v2\/pages"}],"about":[{"href":"https:\/\/semmelweis.hu\/emk\/wp-json\/wp\/v2\/types\/page"}],"author":[{"embeddable":true,"href":"https:\/\/semmelweis.hu\/emk\/wp-json\/wp\/v2\/users\/101539"}],"replies":[{"embeddable":true,"href":"https:\/\/semmelweis.hu\/emk\/wp-json\/wp\/v2\/comments?post=18233"}],"version-history":[{"count":3,"href":"https:\/\/semmelweis.hu\/emk\/wp-json\/wp\/v2\/pages\/18233\/revisions"}],"predecessor-version":[{"id":25187,"href":"https:\/\/semmelweis.hu\/emk\/wp-json\/wp\/v2\/pages\/18233\/revisions\/25187"}],"up":[{"embeddable":true,"href":"https:\/\/semmelweis.hu\/emk\/wp-json\/wp\/v2\/pages\/17196"}],"wp:attachment":[{"href":"https:\/\/semmelweis.hu\/emk\/wp-json\/wp\/v2\/media?parent=18233"}],"wp:term":[{"taxonomy":"category","embeddable":true,"href":"https:\/\/semmelweis.hu\/emk\/wp-json\/wp\/v2\/categories?post=18233"},{"taxonomy":"post_tag","embeddable":true,"href":"https:\/\/semmelweis.hu\/emk\/wp-json\/wp\/v2\/tags?post=18233"}],"curies":[{"name":"wp","href":"https:\/\/api.w.org\/{rel}","templated":true}]}}