{"id":18203,"date":"2020-12-15T13:49:17","date_gmt":"2020-12-15T12:49:17","guid":{"rendered":"https:\/\/semmelweis.hu\/emk\/?page_id=18203"},"modified":"2025-06-03T16:01:02","modified_gmt":"2025-06-03T14:01:02","slug":"csaladkozpontu-szuletesfelkeszites-a-kiegyensulyozott-csaladokert","status":"publish","type":"page","link":"https:\/\/semmelweis.hu\/emk\/szakertoi-tevekenyseg-projektek\/lezart-projektek\/egeszsegugyi-ellatorendszer-szakmai-modszertani-fejlesztese\/jogyakorlatok-gyujtese-fejlesztese-oktatasa\/rovid-osszefoglalok\/csaladkozpontu-szuletesfelkeszites-a-kiegyensulyozott-csaladokert\/","title":{"rendered":"Pest Megyei Fl\u00f3r Ferenc K\u00f3rh\u00e1z 2."},"content":{"rendered":"<p style=\"text-align: justify\"><strong>Pest Megyei Fl\u00f3r Ferenc K\u00f3rh\u00e1z: Csal\u00e1dk\u00f6zpont\u00fa sz\u00fclet\u00e9sfelk\u00e9sz\u00edt\u00e9s a kiegyens\u00falyozott csal\u00e1dok\u00e9rt<\/strong><\/p>\n<p style=\"text-align: justify\">\u00d6reged\u0151 t\u00e1rsadalmunkban fontos a gyermekv\u00e1llal\u00e1si kedv n\u00f6vel\u00e9se, ami t\u00e1mogathat\u00f3 a pozit\u00edv sz\u00fcl\u00e9si-sz\u00fclet\u00e9si \u00e9lm\u00e9nnyel, a csal\u00e1d meger\u0151s\u00edt\u00e9s\u00e9vel, melynek egyik alapja lehet a k\u00f6z\u00f6s euf\u00f3ri\u00e1s csal\u00e1dk\u00f6zpont\u00fa sz\u00fcl\u00e9s, amely er\u0151s\u00edti a k\u00f6z\u00f6s felel\u0151ss\u00e9get a gyermek ir\u00e1nt. Ehhez igyekeztek hozz\u00e1j\u00e1rulni a Pest Megyei Fl\u00f3r Ferenc K\u00f3rh\u00e1zban a csal\u00e1dk\u00f6zpont\u00fa sz\u00fcl\u00e9sfelk\u00e9sz\u00edt\u00e9s j\u00f3gyakorlat\u00e1nak kialak\u00edt\u00e1s\u00e1val. Az eg\u00e9szs\u00e9ges, boldog csal\u00e1d l\u00e9trej\u00f6tt\u00e9hez meghat\u00e1roz\u00f3 a v\u00e1rand\u00f3s\u00e1g, a sz\u00fcl\u00e9s \u00e9s az azt k\u00f6vet\u0151 id\u0151szak, az anyai f\u00e9lelmek cs\u00f6kkent\u00e9se, az any\u00e1t t\u00e1mogat\u00f3 k\u00f6rnyezet kialak\u00edt\u00e1sa \u00e9s a korai k\u00f6t\u0151d\u00e9s meger\u0151s\u00edt\u00e9se. A csal\u00e1dk\u00f6zpont\u00fa sz\u00fcl\u00e9sfelk\u00e9sz\u00edt\u00e9s v\u00e9gs\u0151 c\u00e9lja a \u201eboldog, kiegyens\u00falyozott csal\u00e1d sz\u00fclet\u00e9se.\u201d Az int\u00e9zetben t\u00e1mogat\u00e1st ny\u00fajtanak az indul\u00f3 csal\u00e1doknak szerepeik kialak\u00edt\u00e1s\u00e1ban, \u00e9s a csal\u00e1don bel\u00fcli seg\u00edt\u0151 attit\u0171d kialak\u00edt\u00e1s\u00e1ban is. Olyan elm\u00e9leti \u00e9s gyakorlati tud\u00e1st kapnak, aminek hat\u00e1s\u00e1ra biztons\u00e1gosabban haza adhat\u00f3 az anya \u00e9s az \u00fajsz\u00fcl\u00f6tt, az \u00e1pol\u00e1si folyamatok \u00e9s a vonatkoz\u00f3 protokollok magabiztos ismeret\u00e9nek k\u00f6sz\u00f6nhet\u0151en. A pozit\u00edv \u00e9lm\u00e9ny el\u00e9r\u00e9se \u00e9rdek\u00e9ben meghat\u00e1roz\u00f3, hogy a ter\u00fclethez tartoz\u00f3 csal\u00e1dokkal bizalmi kapcsolat alakuljon ki. A t\u00f6bb mint egy \u00e9vtizedes gyakorlat bizony\u00edtotta a foglalkoz\u00e1sok sz\u00fcks\u00e9gess\u00e9g\u00e9t, a j\u00f3gyakorlatot a ny\u00fajtott szolg\u00e1ltat\u00e1s ig\u00e9nye tartja fenn, az egyre sz\u0171k\u00fcl\u0151 hum\u00e1ner\u0151forr\u00e1s ell\u00e1t\u00e1s ellen\u00e9re is.<\/p>\n<p style=\"text-align: justify\"><strong>A j\u00f3gyakorlat bemutat\u00e1sa<\/strong><\/p>\n<p style=\"text-align: justify\">A Pest Megyei Fl\u00f3r Ferenc K\u00f3rh\u00e1zban 2004-ben kezdt\u00e9k el a sz\u00fcl\u00e9sfelk\u00e9sz\u00edt\u00e9st, az\u00f3ta nagyon sokat v\u00e1ltozott a tematika \u00e9s a m\u00f3dszertan. Leggyakrabban fekv\u0151beteg int\u00e9zm\u00e9nyben t\u00f6rt\u00e9nt az oktat\u00e1s, de a k\u00f6zeli telep\u00fcl\u00e9seken is megval\u00f3sultak hasonl\u00f3 programok. Voltak v\u00e1rand\u00f3s csal\u00e1dok, akik mindk\u00e9t esem\u00e9nyen r\u00e9szt vettek. A gondozottak jelz\u00e9sei alapj\u00e1n t\u00f6bb v\u00e1ltoztat\u00e1st is be\u00e9p\u00edtettek a programba, mint p\u00e9ld\u00e1ul a mell \u00f6nvizsg\u00e1lata, a radiol\u00f3gus vagy a betegjogi k\u00e9pvisel\u0151 el\u0151ad\u00e1sa.<\/p>\n<p style=\"text-align: justify\">Az apai tudatoss\u00e1g ig\u00e9ny folyamatos er\u0151s\u00f6d\u00e9s\u00e9nek k\u00f6sz\u00f6nhet\u0151en 2007-t\u0151l &#8211; k\u00fcl\u00f6n f\u00e9rficsoport l\u00e9trehoz\u00e1s\u00e1val &#8211; megkezdt\u00e9k az int\u00e9zetben az APA\u2013felk\u00e9sz\u00edt\u00e9st is. A foglalkoz\u00e1sok sor\u00e1n tudatos\u00edtott\u00e1k a r\u00e9sztvev\u0151kben, hogy jelenl\u00e9t\u00fck a sz\u00fcl\u00e9s sor\u00e1n megsz\u00fcnteti az elhagyatotts\u00e1g, a kiszolg\u00e1ltatotts\u00e1g \u00e9rz\u00e9s\u00e9t, cs\u00f6kkenti a szorong\u00e1st \u00e9s elviselhet\u0151bb\u00e9 teszi a sz\u00fcl\u00e9s megpr\u00f3b\u00e1ltat\u00e1sait. Az egy\u00fctt sz\u00fcl\u00e9s kedvez\u0151en hat a csal\u00e1di k\u00f6t\u0151d\u00e9sekre is. A felk\u00e9sz\u00edt\u00e9snek k\u00f6sz\u00f6nhet\u0151en kompetensebb ap\u00e1k lehettek jelen a sz\u00fcl\u00e9sn\u00e9l \u00e9s a csal\u00e1dban is. Az ap\u00e1kkal val\u00f3 foglakoz\u00e1s szuggeszt\u00edv, j\u00f3 hangulat\u00fa, elm\u00e9leti, besz\u00e9lget\u0151s m\u00f3dszerrel t\u00f6rt\u00e9nt. K\u00f6rben \u00fclve, csoportdinamikai technik\u00e1kkal val\u00f3sult meg, a k\u00f3rh\u00e1zi v\u00e9d\u0151n\u0151 vezet\u00e9s\u00e9vel. El\u0151sz\u00f6r 4-6 havonta, majd az ig\u00e9nyek n\u00f6veked\u00e9s\u00e9vel 2014-t\u0151l \u00e1tdolgozott tematik\u00e1val m\u00e1r 2-3 havonta ker\u00fclt sor az \u201eAPA felk\u00e9sz\u00edt\u0151kre\u201d.<\/p>\n<p style=\"text-align: justify\">A babamassz\u00e1zs <em>(hasf\u00e1j\u00e1s megel\u0151z\u00e9s kezel\u00e9s<\/em>) oktat\u00e1s\u00e1t 2010-ben kezdt\u00e9k el. A k\u00e9pzett \u201dbabamassz\u00e1zs oktat\u00f3\u201d el\u0151sz\u00f6r a k\u00f3rh\u00e1zban bent l\u00e9v\u0151 any\u00e1k k\u00f6r\u00e9ben kezdte el az eduk\u00e1ci\u00f3t. Az oktat\u00e1s \u00e1ltal a sz\u00fcl\u0151k felismert\u00e9k a taktilis inger jelent\u0151s\u00e9g\u00e9t, felk\u00e9sz\u00fclve v\u00e1rt\u00e1k az els\u0151 b\u0151r-b\u0151r kontaktust, vagy sz\u0151rkontaktust, ismerve annak idegrendszert \u00e9rlel\u0151 hat\u00e1sait. A tanfolyamon a baba ig\u00e9nyeir\u0151l is besz\u00e9lgettek, megtan\u00edtott\u00e1k a sz\u00fcl\u0151ket a baba viselked\u00e9s\u00e9nek elt\u00e9r\u00e9seire \u00e9s a sz\u00fcl\u0151i seg\u00edt\u00e9s k\u00fcl\u00f6nb\u00f6z\u0151 m\u00f3dszereire. A testi \u00e9rint\u00e9s a csal\u00e1d sz\u00e1m\u00e1ra term\u00e9szetesebb lett, kommunik\u00e1ci\u00f3s \u00e9s konfliktus kezel\u00e9si strat\u00e9gi\u00e1v\u00e1 v\u00e1lhatott. A v\u00e1rand\u00f3s\u00e1g idej\u00e9n megl\u00e9v\u0151 fokozott \u201einform\u00e1ci\u00f3s \u00e9hs\u00e9gnek\u201d k\u00f6sz\u00f6nhet\u0151en megkezd\u0151dhetett a csal\u00e1dok \u201e\u00e9rz\u00e9keny\u00edt\u00e9se is\u201d a gyermekkel val\u00f3 kapcsol\u00f3d\u00e1sra. A sz\u00fcl\u00e9sfelk\u00e9sz\u00edt\u00e9sen felmer\u00fclt ig\u00e9nyekre reag\u00e1lva szervezt\u00e9k meg a 4 alkalomb\u00f3l \u00e1ll\u00f3 tanfolyamokat. A babamassz\u00e1zs oktat\u00e1sa el\u0151k\u00e9sz\u00edtette az arany\u00f3ra j\u00f3gyakorlat\u00e1nak ig\u00e9ny\u00e9t \u00e9s bevezet\u00e9s\u00e9t. \u00a0Ennek l\u00e9nyege, hogy az \u00fajsz\u00fcl\u00f6tt a sz\u00fclet\u00e9se ut\u00e1ni els\u0151 \u00f3r\u00e1ban a legakt\u00edvabb, \u00edgy ebben az id\u0151szakban t\u00f6rekedni kell a b\u0151rkontaktus folyamatos biztos\u00edt\u00e1s\u00e1ra, \u00e9s az els\u0151 mellre\u00a0helyez\u00e9sre.<\/p>\n<p style=\"text-align: justify\">A sz\u00fcl\u00e9sfelk\u00e9sz\u00edt\u00e9s programban a t\u00e9m\u00e1k forg\u00f3 rendszerben ak\u00e1r t\u00f6bbsz\u00f6r is meghallgathat\u00f3k voltak. A k\u00f3rh\u00e1zi honlapon \u00e9s a sz\u00f3r\u00f3lapon megadott el\u00e9rhet\u0151s\u00e9geken egyar\u00e1nt lehetett \u00e9rdekl\u0151dni. Legnagyobb l\u00e9tsz\u00e1mban a sz\u00fcl\u00e9sz-n\u0151gy\u00f3gy\u00e1sz orvos el\u0151ad\u00e1s\u00e1n vettek r\u00e9szt. A tapasztalatok szerint az egy\u00fctt sz\u00fcl\u00e9sek ar\u00e1nya sokkal magasabb volt a sz\u00fcl\u00e9sfelk\u00e9sz\u00edt\u00e9sen r\u00e9szt vev\u0151 p\u00e1rok k\u00f6z\u00f6tt, mint azokn\u00e1l, akik nem vettek r\u00e9szt ilyen oktat\u00e1sokon. Fontos volt tudatos\u00edtani a sz\u00fcl\u00e9sre k\u00e9sz\u00fcl\u0151 p\u00e1rokban, hogy azok az ap\u00e1k, akik r\u00e9szt vesznek a foglalkoz\u00e1sokon sokkal akt\u00edvabban \u00e9s eredm\u00e9nyesebben tudnak seg\u00edteni a sz\u00fcl\u00e9s alatt \u00e9s ut\u00e1n is.<\/p>\n<p style=\"text-align: justify\">A sz\u00fcl\u00e9sfelk\u00e9sz\u00edt\u00e9s a Pest Megyei Fl\u00f3r Ferenc K\u00f3rh\u00e1zban egy j\u00f3 kezdem\u00e9nyez\u00e9sk\u00e9nt indult, j\u00f3gyakorlatk\u00e9nt folytatt\u00e1k, \u00e9s a szakemberek \u00e9s a laikusok ig\u00e9nyeit is figyelembe v\u00e9ve \u00a0folyamatosan fejlesztett\u00e9k. 2019-t\u0151l baba-bar\u00e1t szeml\u00e9letnek megfelel\u0151en \u00faj\u00edtott\u00e1k meg a foglalkoz\u00e1s tematik\u00e1j\u00e1t. A sz\u00fcl\u00e9sfelk\u00e9sz\u00edt\u00e9sek szakmai vezet\u0151je az \u00fajsz\u00fcl\u00f6tt oszt\u00e1ly neonetol\u00f3gusa lett. \u00a0Baba-bar\u00e1t k\u00f3rh\u00e1zk\u00e9nt a v\u00e1rand\u00f3s\u00e1gra, a sz\u00fcl\u00e9sre, a szoptat\u00e1s oktat\u00e1s\u00e1ra, \u00e9s az \u201earany\u00f3r\u00e1ra\u201d helyezik a hangs\u00falyt, a foglalkoz\u00e1sok j\u00f3l kidolgozott tematika szerint zajlanak. Az \u00e9rintettek t\u00e1j\u00e9koztat\u00e1sa a k\u00f3rh\u00e1zi honlapon a r\u00e9szletes program ismertet\u00e9s\u00e9vel val\u00f3sul meg. Az el\u0151ad\u00f3k: sz\u00fcl\u00e9szn\u0151gy\u00f3gy\u00e1sz \u00e9s neonetol\u00f3gus szakorvosok, sz\u00fcl\u00e9szn\u0151k \u00e9s csecsem\u0151s n\u0151v\u00e9r. A sz\u00fcl\u00e9sfelk\u00e9sz\u00edt\u0151 sor\u00e1n felmer\u00fclt ig\u00e9nyek alapj\u00e1n tov\u00e1bbra is van lehet\u0151s\u00e9g p\u00e9ld\u00e1ul gy\u00f3gytorn\u00e1sz, dietetikus vagy pszichol\u00f3gus \u00e1ltali el\u0151ad\u00e1sok megtart\u00e1s\u00e1ra is. Ebben a szeml\u00e9letben nincs k\u00fcl\u00f6n szervezett \u201eapa felk\u00e9sz\u00edt\u0151\u201d foglalkoz\u00e1s \u00e9s babamassz\u00e1zs oktat\u00e1s, itt a p\u00e1rok egy\u00fcttes felk\u00e9sz\u00edt\u00e9se a c\u00e9l.\u00a0 A hangs\u00falyt a k\u00f3rh\u00e1zi bent tart\u00f3zkod\u00e1s id\u0151szak\u00e1ra helyezik, \u00edgy kevesebb, de m\u00e9lyebb inform\u00e1ci\u00f3 tudatos\u00edt\u00e1sa t\u00f6rt\u00e9nik.\u00a0 Az oszt\u00e1ly\/sz\u00fcl\u0151szoba l\u00e1togat\u00e1st meghat\u00e1rozott sz\u00e1m\u00fa f\u0151vel tudja a k\u00f3rh\u00e1z biztos\u00edtani, \u00edgy ehhez el\u0151jelentkez\u00e9s sz\u00fcks\u00e9ges. (maximum 14 f\u0151).<\/p>\n<p style=\"text-align: justify\">A j\u00f3gyakorlat nyomon k\u00f6vet\u00e9se az \u00e9rintettek ig\u00e9nyeinek figyelembe v\u00e9tel\u00e9vel t\u00f6rt\u00e9nt. Az eredm\u00e9nyeket az oktat\u00f3k \u00e9s az ell\u00e1t\u00f3k tapasztalatainak \u00f6sszegy\u0171jt\u00e9s\u00e9vel igazolt\u00e1k. A \u00a0sz\u00fcl\u00e9sfelk\u00e9sz\u00edt\u00e9st betegoktat\u00e1ss\u00e1 nyilv\u00e1n\u00edtva k\u00e9pz\u00e9si el\u00e9gedetts\u00e9gm\u00e9r\u00e9s vezethet\u0151 be, amely sor\u00e1n felm\u00e9rhet\u0151 az el\u0151ad\u00e1sok, \u00e1tadott ismeretek \u00e9s a kapott inform\u00e1ci\u00f3 hasznoss\u00e1ga, \u00e9rthet\u0151s\u00e9ge. Ezen k\u00edv\u00fcl m\u00e9rhet\u0151 az oktat\u00e1s hat\u00e9konys\u00e1ga is: old\u00f3dott-e a p\u00e1rok fesz\u00fclts\u00e9ge \u00e9s n\u0151tt-e a biztons\u00e1g\u00e9rzet\u00fck, mivel ezek a felk\u00e9sz\u00edt\u00e9s f\u0151 c\u00e9ljai. Fontos indik\u00e1tor lehet az oktat\u00f3k sz\u00e1ma, k\u00e9pzetts\u00e9ge, az oktat\u00e1sra ford\u00edtott id\u0151, a kurzusok sz\u00e1ma, az oktat\u00e1si anyagok rendelkez\u00e9sre \u00e1ll\u00e1sa vagy a r\u00e9sztvev\u0151k sz\u00e1ma. A folyamat egyes l\u00e9p\u00e9seinek megval\u00f3sul\u00e1s\u00e1t\u00a0 az el\u0151ad\u00e1son r\u00e9sztvev\u0151k aktivit\u00e1s\u00e1val,\u00a0 az el\u0151fordul\u00f3 k\u00e9rd\u00e9sek tipiz\u00e1l\u00e1s\u00e1val, a be\u00e9p\u00fclt tud\u00e1sanyag j\u00e1t\u00e9kos visszak\u00e9rdez\u00e9s\u00e9vel is nyomon lehet k\u00f6vetni. K\u00e9pet adhatnak az oktat\u00e1s eredm\u00e9nyess\u00e9g\u00e9r\u0151l a sz\u00fcl\u00e9szeti ell\u00e1t\u00e1s ut\u00e1ni beteg el\u00e9gedetts\u00e9gi k\u00e9rd\u0151\u00edvek \u00e9rt\u00e9kei, vagy a gondoz\u00e1s sor\u00e1n tapasztalhat\u00f3 eredm\u00e9nyek, mint p\u00e9ld\u00e1ul az \u00fajsz\u00fcl\u00f6tt fogad\u00e1sa vagy a szoptat\u00e1si hajland\u00f3s\u00e1g.<\/p>\n<p style=\"text-align: center\"><a class=\"btn btn-secondary\" href=\"https:\/\/jogyakorlatok.betegbiztonsag.info\/#\/best-practice\/LtKcC8tV3Jgz1dzkIcVtw\" target=\"_blank\" rel=\"noopener\">A j\u00f3gyakorlat teljes le\u00edr\u00e1sa<\/a><\/p>\n<div class=\"fontos_div\">\n<div class=\"w-100\" style=\"text-align: justify\"><strong>Hol \u00e9rdekl\u0151dhet?<\/strong><\/div>\n<div class=\"w-100\" style=\"text-align: justify\">\u00c1cs Roz\u00e1lia, k\u00f3rh\u00e1zi v\u00e9d\u0151n\u0151<\/div>\n<div class=\"w-100\" style=\"text-align: justify\"><a href=\"mailto:acs.rozalia@florhosp.hu\" target=\"_blank\" rel=\"noopener\">acs.rozalia@florhosp.hu<\/a><\/div>\n<div class=\"w-100\" style=\"text-align: justify\">Brunnern\u00e9 Silye Anna, min\u0151s\u00e9g\u00fcgyi vezet\u0151<\/div>\n<\/div>\n","protected":false},"excerpt":{"rendered":"<p>Pest Megyei Fl\u00f3r Ferenc K\u00f3rh\u00e1z: Csal\u00e1dk\u00f6zpont\u00fa sz\u00fclet\u00e9sfelk\u00e9sz\u00edt\u00e9s a kiegyens\u00falyozott csal\u00e1dok\u00e9rt \u00d6reged\u0151 t\u00e1rsadalmunkban fontos a gyermekv\u00e1llal\u00e1si kedv n\u00f6vel\u00e9se, ami t\u00e1mogathat\u00f3 a pozit\u00edv sz\u00fcl\u00e9si-sz\u00fclet\u00e9si \u00e9lm\u00e9nnyel, a csal\u00e1d meger\u0151s\u00edt\u00e9s\u00e9vel, melynek egyik alapja lehet a k\u00f6z\u00f6s euf\u00f3ri\u00e1s csal\u00e1dk\u00f6zpont\u00fa sz\u00fcl\u00e9s, amely er\u0151s\u00edti a k\u00f6z\u00f6s felel\u0151ss\u00e9get a gyermek ir\u00e1nt. Ehhez igyekeztek hozz\u00e1j\u00e1rulni a Pest Megyei Fl\u00f3r Ferenc K\u00f3rh\u00e1zban a csal\u00e1dk\u00f6zpont\u00fa sz\u00fcl\u00e9sfelk\u00e9sz\u00edt\u00e9s &hellip;<\/p>\n","protected":false},"author":101539,"featured_media":0,"parent":17196,"menu_order":0,"comment_status":"closed","ping_status":"closed","template":"","meta":{"_acf_changed":false,"footnotes":""},"categories":[],"tags":[],"class_list":["post-18203","page","type-page","status-publish","hentry"],"acf":[],"_links":{"self":[{"href":"https:\/\/semmelweis.hu\/emk\/wp-json\/wp\/v2\/pages\/18203","targetHints":{"allow":["GET"]}}],"collection":[{"href":"https:\/\/semmelweis.hu\/emk\/wp-json\/wp\/v2\/pages"}],"about":[{"href":"https:\/\/semmelweis.hu\/emk\/wp-json\/wp\/v2\/types\/page"}],"author":[{"embeddable":true,"href":"https:\/\/semmelweis.hu\/emk\/wp-json\/wp\/v2\/users\/101539"}],"replies":[{"embeddable":true,"href":"https:\/\/semmelweis.hu\/emk\/wp-json\/wp\/v2\/comments?post=18203"}],"version-history":[{"count":4,"href":"https:\/\/semmelweis.hu\/emk\/wp-json\/wp\/v2\/pages\/18203\/revisions"}],"predecessor-version":[{"id":25179,"href":"https:\/\/semmelweis.hu\/emk\/wp-json\/wp\/v2\/pages\/18203\/revisions\/25179"}],"up":[{"embeddable":true,"href":"https:\/\/semmelweis.hu\/emk\/wp-json\/wp\/v2\/pages\/17196"}],"wp:attachment":[{"href":"https:\/\/semmelweis.hu\/emk\/wp-json\/wp\/v2\/media?parent=18203"}],"wp:term":[{"taxonomy":"category","embeddable":true,"href":"https:\/\/semmelweis.hu\/emk\/wp-json\/wp\/v2\/categories?post=18203"},{"taxonomy":"post_tag","embeddable":true,"href":"https:\/\/semmelweis.hu\/emk\/wp-json\/wp\/v2\/tags?post=18203"}],"curies":[{"name":"wp","href":"https:\/\/api.w.org\/{rel}","templated":true}]}}