{"id":18199,"date":"2020-12-15T13:44:29","date_gmt":"2020-12-15T12:44:29","guid":{"rendered":"https:\/\/semmelweis.hu\/emk\/?page_id=18199"},"modified":"2025-06-03T16:09:21","modified_gmt":"2025-06-03T14:09:21","slug":"betegoktatas-dietetikai-szakambulancian","status":"publish","type":"page","link":"https:\/\/semmelweis.hu\/emk\/szakertoi-tevekenyseg-projektek\/lezart-projektek\/egeszsegugyi-ellatorendszer-szakmai-modszertani-fejlesztese\/jogyakorlatok-gyujtese-fejlesztese-oktatasa\/rovid-osszefoglalok\/betegoktatas-dietetikai-szakambulancian\/","title":{"rendered":"Pest Megyei Fl\u00f3r Ferenc K\u00f3rh\u00e1z 1."},"content":{"rendered":"<p style=\"text-align: justify\"><strong>Pest Megyei Fl\u00f3r Ferenc K\u00f3rh\u00e1z: Betegoktat\u00e1s Dietetikai Szakambulanci\u00e1n <\/strong><\/p>\n<p style=\"text-align: justify\">A t\u00e1pl\u00e1lkoz\u00e1s jelent\u0151sen befoly\u00e1solja az eg\u00e9szs\u00e9gi \u00e1llapotot, a v\u00e1rhat\u00f3 \u00e9lettartamot, a munkak\u00e9pess\u00e9get \u00e9s a munk\u00e1ban elt\u00f6lt\u00f6tt akt\u00edv \u00e9vek sz\u00e1m\u00e1t. A magyar lakoss\u00e1g kedvez\u0151tlen eg\u00e9szs\u00e9gi \u00e1llapot\u00e1nak kialakul\u00e1s\u00e1ban d\u00f6nt\u0151 szerepe van a helytelen t\u00e1pl\u00e1lkoz\u00e1si szok\u00e1soknak. Haz\u00e1nkban a vezet\u0151 k\u00e9t hal\u00e1lok -a sz\u00edv-\u00e9rrendszeri valamint a daganatos megbeteged\u00e9sek betegs\u00e9gcsoportjainak &#8211; komoly rizik\u00f3faktora az elh\u00edz\u00e1s, a fokozott s\u00f3-\u00e9s zs\u00edrbevitel. A di\u00e9t\u00e1t ig\u00e9nyl\u0151 k\u00f3r\u00e1llapot sz\u00e9les betegcsoportot, magas esetsz\u00e1mot \u00e9rint. A tapasztalatok alapj\u00e1n a gy\u00f3gy\u00edt\u00f3-megel\u0151z\u0151 betegell\u00e1t\u00e1sban megjelen\u0151 p\u00e1ciensek d\u00f6nt\u0151 h\u00e1nyada nem kap szakszer\u0171 \u00e9trendi tan\u00e1csad\u00e1st betegs\u00e9g\u00e9vel kapcsolatban. Ez a betegs\u00e9g fokoz\u00f3d\u00e1s\u00e1hoz, sz\u00f6v\u0151dm\u00e9nyek korai megjelen\u00e9s\u00e9hez vezethet. A dietetikai szaktan\u00e1csad\u00e1s c\u00e9lja, hogy t\u00e1mogass\u00e1k a beteg szakszer\u0171 kezel\u00e9s\u00e9t, \u00e1tadj\u00e1k mindazt a tud\u00e1st, amellyel a beteg \u00f6n\u00e1ll\u00f3an is k\u00e9pes di\u00e9t\u00e1j\u00e1t megtervezni, \u00e9s a gyakorlatban megval\u00f3s\u00edtani. A Pest Megyei Fl\u00f3r Ferenc K\u00f3rh\u00e1zban az eg\u00e9sz szem\u00e9lyis\u00e9gre kiterjed\u0151 c\u00e9ltudatos fejleszt\u00e9st szeretn\u00e9nek el\u00e9rni, amely az adott szem\u00e9ly t\u00e1pl\u00e1lkoz\u00e1si szok\u00e1saiban hossz\u00fa t\u00e1von is pozit\u00edv v\u00e1ltoz\u00e1st id\u00e9z el\u0151<strong>. <\/strong>A ter\u00e1pi\u00e1s c\u00e9lok el\u00e9r\u00e9se \u00e9s az elker\u00fclhet\u0151 \u00e1llapotroml\u00e1s megel\u0151z\u00e9se \u00e9rdek\u00e9ben fontos a betegek \u00e9s a hozz\u00e1tartoz\u00f3k egy\u00fcttm\u0171k\u00f6d\u00e9s\u00e9nek elnyer\u00e9se. Tudatos\u00edtani kell a p\u00e1ciensekkel, hogy eg\u00e9szs\u00e9g\u00fck\u00e9rt, gy\u00f3gyul\u00e1suk\u00e9rt saj\u00e1t maguk is felelnek, a kezel\u00e9s sor\u00e1n meghat\u00e1roz\u00f3 a beteg egy\u00e9ni felel\u0151ss\u00e9ge. A megfelel\u0151en eduk\u00e1lt p\u00e1ciensek k\u00e9pesek \u00e1llapotukat ellen\u0151rizni, \u00e9s azon jav\u00edtani. A di\u00e9t\u00e1s eduk\u00e1ci\u00f3 sor\u00e1n megszerzett ismeretek a beteg eg\u00e9szs\u00e9gtudatoss\u00e1g\u00e1t is n\u00f6velik.\u00a0<\/p>\n<p style=\"text-align: justify\"><strong>A j\u00f3gyakorlat bemutat\u00e1sa<\/strong><\/p>\n<p style=\"text-align: justify\">A gyakorlati megval\u00f3s\u00edt\u00e1s a dietetikai szakambulanci\u00e1ra ir\u00e1ny\u00edtott betegek szaktan\u00e1csad\u00e1ssal val\u00f3 ell\u00e1t\u00e1s\u00e1t, gondoz\u00e1s\u00e1t jelenti. A Pest Megyei Fl\u00f3r Ferenc K\u00f3rh\u00e1zban a dietetikai szakell\u00e1t\u00e1shoz rendelkez\u00e9sre \u00e1ll szakrendel\u0151, sz\u00e1m\u00edt\u00f3g\u00e9pes program \u00e9s dietetikus, illetve biztos\u00edtott a kieg\u00e9sz\u00edt\u0151 \u00edr\u00e1sos t\u00e1j\u00e9koztat\u00f3 anyagok rendszeres nyomdai elk\u00e9sz\u00edt\u00e9se is.<\/p>\n<p style=\"text-align: justify\">Az ambulancia folyamatos m\u0171k\u00f6d\u00e9s\u00e9hez elengedhetetlen a megfelel\u0151 kapcsolatrendszer ki\u00e9p\u00edt\u00e9se a h\u00e1ziorvosokkal \u00e9s a kapcsol\u00f3d\u00f3 szakrendel\u00e9sekkel. A dietetikai szakambulanci\u00e1ra a h\u00e1ziorvosi rendel\u0151kbe kik\u00fcld\u00f6tt k\u00f6rlevelekben h\u00edvj\u00e1k fel az orvosok figyelm\u00e9t, illetve gy\u00f3gyszert\u00e1rakba, k\u00f3rh\u00e1zi szakambulanci\u00e1k ter\u00fclet\u00e9re kihelyezett plak\u00e1tokkal, n\u00e9vjegyk\u00e1rty\u00e1kkal, sz\u00f3r\u00f3anyagokkal is igyekeznek t\u00e1j\u00e9koztatni a dietetikai szaktan\u00e1csad\u00e1s hely\u00e9r\u0151l, id\u0151pontj\u00e1r\u00f3l \u00e9s a bejelentkez\u00e9s m\u00f3dj\u00e1r\u00f3l.\u00a0<\/p>\n<p style=\"text-align: justify\">Az ell\u00e1t\u00e1s orvosi beutal\u00f3val vehet\u0151 ig\u00e9nybe el\u0151zetes telefonos, vagy e-mailben t\u00f6rt\u00e9nt id\u0151pont egyeztet\u00e9st k\u00f6vet\u0151en. Beutal\u00f3val h\u00e1ziorvosok, szakrendel\u00e9sek szakorvosai ir\u00e1ny\u00edthatj\u00e1k a p\u00e1cienseket a dietetikai szakrendel\u00e9sre. A szakambulanci\u00e1kon k\u00f6r\u00fclbel\u00fcl 45 perces egy\u00e9ni tan\u00e1csad\u00e1sra van lehet\u0151s\u00e9g. A rendel\u00e9sen megjelent p\u00e1cienseket a k\u00f3rh\u00e1zi ambul\u00e1ns sz\u00e1m\u00edt\u00f3g\u00e9pes program nyilv\u00e1ntart\u00e1s\u00e1ba veszik, ebben szerepel a diagn\u00f3zis, valamint az egy\u00e9nre szabott t\u00e1pl\u00e1lkoz\u00e1si aj\u00e1nl\u00e1s is. El\u0151sz\u00f6r a p\u00e1ciens adatair\u00f3l, vizsg\u00e1lati eredm\u00e9nyeir\u0151l, t\u00e1pl\u00e1lts\u00e1gi \u00e1llapot\u00e1r\u00f3l, \u00a0jelenlegi t\u00e1pl\u00e1lkoz\u00e1si szok\u00e1sair\u00f3l inform\u00e1l\u00f3dnak. Ezt k\u00f6veti a di\u00e9t\u00e1s tan\u00e1csad\u00e1s, melynek keret\u00e9ben ismertetik di\u00e9t\u00e1j\u00e1nak f\u0151bb szempontjait, t\u00e1panyag\u00f6sszet\u00e9tel\u00e9t, az \u00e9lelmiszerek, a nyersanyagok kiv\u00e1laszt\u00e1s\u00e1nak ir\u00e1nyelveit. Elemzik az egyes \u00e9lelmiszer csoportok di\u00e9t\u00e1ban val\u00f3 felhaszn\u00e1l\u00e1s\u00e1nak lehet\u0151s\u00e9geit, a megfelel\u0151 konyhatechnikai m\u00f3dszerek alkalmaz\u00e1s\u00e1t, seg\u00edts\u00e9get ny\u00fajtanak az \u00e9trend \u00f6ssze\u00e1ll\u00edt\u00e1s\u00e1ban, t\u00e1pl\u00e1lkoz\u00e1si napl\u00f3 vezet\u00e9s\u00e9ben. A betegoktat\u00e1s ambul\u00e1ns programban dokument\u00e1ltan t\u00f6rt\u00e9nik. Az oktat\u00e1s t\u00e9nye mellett azt is r\u00f6gz\u00edtik, hogy milyen okb\u00f3l t\u00f6rt\u00e9nt az oktat\u00e1s (\u00fajonnan felfedezett betegs\u00e9g, di\u00e9ta v\u00e1ltoz\u00e1s, eddigi di\u00e9ta k\u00f6vet\u00e9s nem megfelel\u0151). Az eduk\u00e1ci\u00f3n val\u00f3 megjelen\u00e9sr\u0151l ambul\u00e1ns lapot kap a p\u00e1ciens. A hossz\u00fa t\u00e1v\u00fa eredm\u00e9nyess\u00e9g fokoz\u00e1sa c\u00e9lj\u00e1b\u00f3l a r\u00e9sztvev\u0151ket \u00edr\u00e1sos t\u00e1j\u00e9koztat\u00f3 anyaggal is ell\u00e1tj\u00e1k, ami tartalmazhat \u00e9tlapmint\u00e1t, receptgy\u0171jtem\u00e9nyt vagy t\u00e1panyag t\u00e1bl\u00e1zatot.<\/p>\n<p style=\"text-align: justify\">J\u00f3l nyomon k\u00f6vethet\u0151k az el\u00e9rt eredm\u00e9nyek az alapbetegs\u00e9ghez kapcsol\u00f3d\u00f3 szakrendel\u00e9sen a laborat\u00f3riumi \u00e9rt\u00e9kek pozit\u00edv v\u00e1ltoz\u00e1sa eset\u00e9n. A megfelel\u0151 di\u00e9t\u00e1val a betegs\u00e9gek sz\u00f6v\u0151dm\u00e9nyeinek kifejl\u0151d\u00e9se lass\u00edthat\u00f3, illetve elker\u00fclhet\u0151, cs\u00f6kkenthet\u0151k az akut anyagcsere kisikl\u00e1sok \u00e9s a betegs\u00e9g fell\u00e1ngol\u00e1sok el\u0151fordul\u00e1sai<strong>. <\/strong>Az ambulancia l\u00e9trehoz\u00e1s\u00e1val javult a hiteles ismeretekhez val\u00f3 hozz\u00e1f\u00e9r\u00e9s lehet\u0151s\u00e9ge. A megszerzett tud\u00e1s hat\u00e1ssal van a betegs\u00e9gmeg\u00e9l\u00e9sre, az \u00e9rzelmekre \u00e9s attit\u0171d\u00f6kre is. Az ell\u00e1t\u00e1s olyan eg\u00e9szs\u00e9gv\u00e9d\u0151 h\u00e1l\u00f3zat r\u00e9sze, amely bel\u00e1that\u00f3 id\u0151n bel\u00fcl lehet\u0151v\u00e9 teszi a p\u00e1ciensek \u00e9letm\u00f3dbeli, t\u00e1pl\u00e1lkoz\u00e1si szok\u00e1sainak helyes ir\u00e1nyba t\u00f6rt\u00e9n\u0151 v\u00e1ltoz\u00e1s\u00e1t, ennek k\u00f6sz\u00f6nhet\u0151en javul a lakoss\u00e1g eg\u00e9szs\u00e9gi \u00e1llapota \u00e9s \u00e9letmin\u0151s\u00e9ge.<\/p>\n<p style=\"text-align: justify\">A j\u00f3gyakorlat bevezet\u00e9s\u00e9nek t\u00f6bbletk\u00f6lts\u00e9ge a j\u00e1r\u00f3beteg ell\u00e1t\u00e1sban alkalmazott dietetikus munkab\u00e9r k\u00f6lts\u00e9ge. A megfelel\u0151 t\u00e1pl\u00e1lkoz\u00e1s el\u0151seg\u00edt\u00e9s\u00e9vel viszont cs\u00f6kkenthet\u0151k az eg\u00e9szs\u00e9g\u00fcgyi ell\u00e1t\u00e1s terhei, a k\u00f3rh\u00e1zi \u00e1pol\u00e1si napok sz\u00e1ma, illetve a kr\u00f3nikus betegek k\u00f3rh\u00e1zi ell\u00e1t\u00e1s\u00e1nak el\u0151fordul\u00e1sa is.<\/p>\n<p style=\"text-align: center\"><a class=\"btn btn-secondary\">A j\u00f3gyakorlat teljes le\u00edr\u00e1sa\u00a0<\/a><\/p>\n<div class=\"fontos_div\">\n<div class=\"w-100\" style=\"text-align: justify\"><strong>Hol \u00e9rdekl\u0151dhet?<\/strong><\/div>\n<div class=\"w-100\" style=\"text-align: justify\">Szegedin\u00e9 Varga \u00c1gnes vezet\u0151 dietetikus<\/div>\n<div class=\"w-100\" style=\"text-align: justify\">K\u00e1d\u00e1rn\u00e9 Pesti Gizella dietetikus<\/div>\n<div class=\"w-100\" style=\"text-align: justify\">Brunnern\u00e9 Silye Anna min\u0151s\u00e9g\u00fcgyi vezet\u0151<\/div>\n<div class=\"w-100\" style=\"text-align: justify\"><a href=\"mailto:mics@florhosp.hu\" target=\"_blank\" rel=\"noopener\">mics@florhosp.hu<\/a><\/div>\n<\/div>\n","protected":false},"excerpt":{"rendered":"<p>Pest Megyei Fl\u00f3r Ferenc K\u00f3rh\u00e1z: Betegoktat\u00e1s Dietetikai Szakambulanci\u00e1n A t\u00e1pl\u00e1lkoz\u00e1s jelent\u0151sen befoly\u00e1solja az eg\u00e9szs\u00e9gi \u00e1llapotot, a v\u00e1rhat\u00f3 \u00e9lettartamot, a munkak\u00e9pess\u00e9get \u00e9s a munk\u00e1ban elt\u00f6lt\u00f6tt akt\u00edv \u00e9vek sz\u00e1m\u00e1t. A magyar lakoss\u00e1g kedvez\u0151tlen eg\u00e9szs\u00e9gi \u00e1llapot\u00e1nak kialakul\u00e1s\u00e1ban d\u00f6nt\u0151 szerepe van a helytelen t\u00e1pl\u00e1lkoz\u00e1si szok\u00e1soknak. Haz\u00e1nkban a vezet\u0151 k\u00e9t hal\u00e1lok -a sz\u00edv-\u00e9rrendszeri valamint a daganatos megbeteged\u00e9sek betegs\u00e9gcsoportjainak &#8211; komoly &hellip;<\/p>\n","protected":false},"author":101539,"featured_media":0,"parent":17196,"menu_order":0,"comment_status":"closed","ping_status":"closed","template":"","meta":{"_acf_changed":false,"footnotes":""},"categories":[],"tags":[],"class_list":["post-18199","page","type-page","status-publish","hentry"],"acf":[],"_links":{"self":[{"href":"https:\/\/semmelweis.hu\/emk\/wp-json\/wp\/v2\/pages\/18199","targetHints":{"allow":["GET"]}}],"collection":[{"href":"https:\/\/semmelweis.hu\/emk\/wp-json\/wp\/v2\/pages"}],"about":[{"href":"https:\/\/semmelweis.hu\/emk\/wp-json\/wp\/v2\/types\/page"}],"author":[{"embeddable":true,"href":"https:\/\/semmelweis.hu\/emk\/wp-json\/wp\/v2\/users\/101539"}],"replies":[{"embeddable":true,"href":"https:\/\/semmelweis.hu\/emk\/wp-json\/wp\/v2\/comments?post=18199"}],"version-history":[{"count":5,"href":"https:\/\/semmelweis.hu\/emk\/wp-json\/wp\/v2\/pages\/18199\/revisions"}],"predecessor-version":[{"id":25188,"href":"https:\/\/semmelweis.hu\/emk\/wp-json\/wp\/v2\/pages\/18199\/revisions\/25188"}],"up":[{"embeddable":true,"href":"https:\/\/semmelweis.hu\/emk\/wp-json\/wp\/v2\/pages\/17196"}],"wp:attachment":[{"href":"https:\/\/semmelweis.hu\/emk\/wp-json\/wp\/v2\/media?parent=18199"}],"wp:term":[{"taxonomy":"category","embeddable":true,"href":"https:\/\/semmelweis.hu\/emk\/wp-json\/wp\/v2\/categories?post=18199"},{"taxonomy":"post_tag","embeddable":true,"href":"https:\/\/semmelweis.hu\/emk\/wp-json\/wp\/v2\/tags?post=18199"}],"curies":[{"name":"wp","href":"https:\/\/api.w.org\/{rel}","templated":true}]}}