{"id":18196,"date":"2020-12-15T13:40:46","date_gmt":"2020-12-15T12:40:46","guid":{"rendered":"https:\/\/semmelweis.hu\/emk\/?page_id=18196"},"modified":"2025-06-03T16:06:29","modified_gmt":"2025-06-03T14:06:29","slug":"kerekesszek-biztonsagos-hasznalatanak-oktatasa","status":"publish","type":"page","link":"https:\/\/semmelweis.hu\/emk\/szakertoi-tevekenyseg-projektek\/lezart-projektek\/egeszsegugyi-ellatorendszer-szakmai-modszertani-fejlesztese\/jogyakorlatok-gyujtese-fejlesztese-oktatasa\/rovid-osszefoglalok\/kerekesszek-biztonsagos-hasznalatanak-oktatasa\/","title":{"rendered":"Orsz\u00e1gos Orvosi Rehabilit\u00e1ci\u00f3s Int\u00e9zet 1."},"content":{"rendered":"<p style=\"text-align: justify\"><strong>Orsz\u00e1gos Orvosi Rehabilit\u00e1ci\u00f3s Int\u00e9zet: Kerekessz\u00e9k biztons\u00e1gos haszn\u00e1lat\u00e1nak oktat\u00e1sa<\/strong><\/p>\n<p style=\"text-align: justify\">Az Orsz\u00e1gos Orvosi Rehabilit\u00e1ci\u00f3s Int\u00e9zetbe \u00e9rkez\u0151 \u00e1tmenetileg, tart\u00f3san vagy v\u00e9glegesen mozg\u00e1sban, de f\u0151k\u00e9pp j\u00e1r\u00e1sban korl\u00e1tozott betegeknek a kerekessz\u00e9k mint gy\u00f3gy\u00e1szati seg\u00e9deszk\u00f6z elengedhetetlen a helyv\u00e1ltoztat\u00e1shoz, a mobiliz\u00e1ci\u00f3hoz, az \u00f6n\u00e1ll\u00f3s\u00e1g visszaszerz\u00e9s\u00e9hez \u00e9s az \u00e9letmin\u0151s\u00e9g jav\u00edt\u00e1s\u00e1hoz. A kerekessz\u00e9k min\u00e9l el\u0151bbi \u00f6n\u00e1ll\u00f3 haszn\u00e1lat\u00e1val a beteg mobiliz\u00e1ci\u00f3ja gyors\u00edthat\u00f3, ez\u00e1ltal az immobilit\u00e1s sz\u00f6v\u0151dm\u00e9nyeinek kialakul\u00e1sa cs\u00f6kkenthet\u0151, a megl\u00e9v\u0151k pedig gyorsabban gy\u00f3gy\u00edthat\u00f3k. A kerekessz\u00e9k biztons\u00e1gos haszn\u00e1lat\u00e1nak oktat\u00e1s\u00e1val az volt a c\u00e9l, hogy megel\u0151zz\u00e9k a helytelen haszn\u00e1lattal \u00f6sszef\u00fcgg\u0151 s\u00e9r\u00fcl\u00e9sek kialakul\u00e1s\u00e1t (csontt\u00f6r\u00e9s, l\u00e1gyr\u00e9szek s\u00e9r\u00fcl\u00e9se, decubitus), illetve cs\u00f6kkenjen a betegek m\u00e1sokt\u00f3l val\u00f3 f\u00fcgg\u0151s\u00e9ge, \u00f6nell\u00e1t\u00f3v\u00e1 v\u00e1ljanak, \u00e9s ezzel javuljon a betegel\u00e9gedetts\u00e9g. A foglalkoz\u00e1sokon r\u00e9szt vett kerekessz\u00e9kes betegek a mindennapi \u00e9lettev\u00e9kenys\u00e9geket a sz\u00e1mukra legbiztons\u00e1gosabb technika elsaj\u00e1t\u00edt\u00e1sa ut\u00e1n \u00f6n\u00e1ll\u00f3an gyakorolj\u00e1k \u00e9s alkalmazz\u00e1k. Ennek k\u00f6sz\u00f6nhet\u0151en tehermentes\u00edtik a t\u00falterhelt \u00e1pol\u00f3i szem\u00e9lyzetet.\u00a0<\/p>\n<p style=\"text-align: justify\"><strong>A j\u00f3gyakorlat bemutat\u00e1sa<\/strong><\/p>\n<p style=\"text-align: justify\">A j\u00f3gyakorlat bevezet\u00e9s\u00e9re szervezett oktat\u00e1s form\u00e1j\u00e1ban ker\u00fclt sor 2013-ban az OORI Gerincvel\u0151s\u00e9r\u00fcltek Rehabilit\u00e1ci\u00f3s Oszt\u00e1ly\u00e1n. Az aprop\u00f3t az adta, hogy az OORI saj\u00e1toss\u00e1g\u00e1b\u00f3l kifoly\u00f3lag az oszt\u00e1lyos heti teamek \u00e9s napi orvosi vizitek alkalm\u00e1val a szakdolgoz\u00f3k besz\u00e1moltak a kerekessz\u00e9k helytelen haszn\u00e1lata miatti nemk\u00edv\u00e1natos esem\u00e9nyek bek\u00f6vetkezt\u00e9r\u0151l (decubitus, l\u00e1gyr\u00e9szs\u00e9r\u00fcl\u00e9sek). A kerekessz\u00e9kbe ker\u00fcl\u0151 p\u00e1cienseknek az \u00e1gyr\u00f3l kerekessz\u00e9kre t\u00f6rt\u00e9n\u0151 \u00e1t\u00fcl\u00e9st, a f\u00fcrd\u0151szoba \u00e9s a WC megk\u00f6zel\u00edt\u00e9s\u00e9t \u00e9s haszn\u00e1lat\u00e1t az oszt\u00e1lyon dolgoz\u00f3 szakemberek\u00a0k\u00fcl\u00f6nb\u00f6z\u0151 m\u00f3don tan\u00edtott\u00e1k \u00e9s gyakoroltatt\u00e1k. A nem egys\u00e9ges szeml\u00e9let, a k\u00fcl\u00f6nb\u00f6z\u0151 technik\u00e1k alkalmaz\u00e1sa a betegekben bizonytalans\u00e1got, szorong\u00e1st keltett. Emiatt a tev\u00e9kenys\u00e9g biztons\u00e1gos, balesetmentes elsaj\u00e1t\u00edt\u00e1s\u00e1ba t\u00f6bb id\u0151t \u00e9s energi\u00e1t kellett befektetni mind a betegeknek, mind a szakembereknek. Ez l\u00e9nyegesen lass\u00edtotta az elv\u00e1rt \u00f6n\u00e1ll\u00f3s\u00e1g el\u00e9r\u00e9s\u00e9t, a betegel\u00e9gedetts\u00e9g alacsony szint\u0171 volt. A team \u00fagy d\u00f6nt\u00f6tt, hogy ezen jav\u00edtani, fejleszteni szeretne. A k\u00f3rh\u00e1z vezet\u0151s\u00e9ge nagym\u00e9rt\u00e9kben t\u00e1mogatta \u00e9s seg\u00edtette az oktat\u00e1s bevezet\u00e9s\u00e9t.<\/p>\n<p style=\"text-align: justify\">A rehabilit\u00e1ci\u00f3ra \u00e9rkez\u0151, mozg\u00e1sban korl\u00e1tozott betegek \u00e1llapotfelm\u00e9r\u00e9s\u00e9t v\u00e9gz\u0151 gy\u00f3gytorn\u00e1sz vagy egy\u00e9b mozg\u00e1sterapeuta felm\u00e9ri a beteg sz\u00fcks\u00e9gleteit, \u00e9s a beteggel egy\u00fctt kit\u0171zi a fizioter\u00e1pi\u00e1s-rehabilit\u00e1ci\u00f3s r\u00f6vid \u00e9s hossz\u00fa t\u00e1v\u00fa c\u00e9lokat. A gy\u00f3gytorn\u00e1sz a beteg diagn\u00f3zis\u00e1t, testi adotts\u00e1gait, aktu\u00e1lis pszich\u00e9s \u00e9s fizikai \u00e1llapot\u00e1t figyelembe v\u00e9ve kiv\u00e1lasztja a\u00a0megfelel\u0151 kerekessz\u00e9ket az oszt\u00e1ly eszk\u00f6z\u00e1llom\u00e1ny\u00e1b\u00f3l. A helyi m\u00f3dszertan alapj\u00e1n a gy\u00f3gytorn\u00e1sz megismerteti a beteget a kerekessz\u00e9k fel\u00e9p\u00edt\u00e9s\u00e9vel, m\u0171k\u00f6d\u00e9s\u00e9vel, majd a fokozatoss\u00e1g elv\u00e9t betartva az al\u00e1bbi feladatokat v\u00e9gzi: r\u00e1vezet\u0151 gyakorlatok (fels\u0151 v\u00e9gtagok \u00e9s t\u00f6rzsizmok er\u0151s\u00edt\u00e9se, \u00fcl\u0151egyens\u00faly \u00e9s \u00e1ll\u00f3k\u00e9pess\u00e9g fejleszt\u00e9se), transzferek gyakorl\u00e1sa (\u00e1gy-kerekessz\u00e9k \u00e9s vissza, sz\u00e9k-kerekessz\u00e9k \u00e9s vissza, f\u00fcrdet\u0151sz\u00e9k-kerekessz\u00e9k \u00e9s vissza, k\u00fcl\u00f6nb\u00f6z\u0151 szintmagass\u00e1gok lek\u00fczd\u00e9se, kerekessz\u00e9kben hely- \u00e9s helyzetv\u00e1ltoztat\u00e1s), kerekessz\u00e9kben \u00f6lt\u00f6zk\u00f6d\u00e9s, s\u00edk talajon el\u0151re-h\u00e1tra halad\u00e1s, szlalom, kis helyen oldalra halad\u00e1s \u00e9s fordul\u00e1s, k\u00fcsz\u00f6b\u00f6n val\u00f3 \u00e1thalad\u00e1s, k\u00e9t kisker\u00e9k emel\u00e9se, padk\u00e1ra \u00e9s l\u00e9pcs\u0151re fel-le, halad\u00e1s k\u00fcl\u00f6nb\u00f6z\u0151 burkolatokon, illetve lejt\u0151n \u00e9s emelked\u0151n. Ezekkel a m\u0171veletekkel k\u00e9sz\u00edtik fel a betegeket a magyarorsz\u00e1gi utakon l\u00e9v\u0151 akad\u00e1lyok lek\u00fczd\u00e9s\u00e9re. A gyakorlati k\u00e9pz\u00e9shez tartozik a szem\u00e9lyg\u00e9pkocsival k\u00f6zleked\u00e9s (be- \u00e9s kisz\u00e1ll\u00e1s, a kerekessz\u00e9k be- \u00e9s kiemel\u00e9se), valamint a busszal vagy metr\u00f3val utaz\u00e1s, fel- \u00e9s lesz\u00e1ll\u00e1s. Haz\u00e1nkban a kerekessz\u00e9kkel k\u00f6zleked\u0151k minden\u00fctt tal\u00e1lkoznak technikai akad\u00e1lyokkal, ez\u00e9rt fontos az ezekre t\u00f6rt\u00e9n\u0151 felk\u00e9sz\u00edt\u00e9s. Ha a kerekessz\u00e9kes \u00e9letm\u00f3d \u00f6n\u00e1ll\u00f3 elsaj\u00e1t\u00edt\u00e1sa nem lehets\u00e9ges, az oktat\u00e1sba a hozz\u00e1tartoz\u00f3t is bevonj\u00e1k. Mindez a saj\u00e1t \u00e9s a beteg biztons\u00e1ga \u00e9s eg\u00e9szs\u00e9ge \u00e9rdek\u00e9ben t\u00f6rt\u00e9nik.<\/p>\n<p style=\"text-align: justify\">A j\u00f3gyakorlat bevezet\u00e9se \u00f3ta \u00e9vente t\u00f6bb sz\u00e1z beteg vett r\u00e9szt az oktat\u00e1son, amely az ell\u00e1t\u00e1si folyamat egyik alapeleme lett. \u00c1tlagban 12 f\u0151s csoportban tartj\u00e1k a 60 perces foglalkoz\u00e1sokat, de egy\u00e9nre szabott terv szerint t\u00f6rt\u00e9nik a k\u00e9pz\u00e9s. Gyakran szinte lehetetlen l\u00e9trehozni a diagn\u00f3zis \u00e9s az \u00f6nell\u00e1t\u00e1si szint szerinti homog\u00e9n csoportot, ez\u00e9rt a betegeket kezd\u0151 \u00e9s halad\u00f3 csoportokra osztj\u00e1k sz\u00e9t.<\/p>\n<p style=\"text-align: justify\">A j\u00f3gyakorlat bevezet\u00e9se \u00e9s alkalmaz\u00e1sa nem ig\u00e9nyel plusz hum\u00e1n er\u0151forr\u00e1st. A foglalkoz\u00e1sokat vezet\u0151 szakemberek ugyanazok lehetnek, akik az int\u00e9zm\u00e9nyben, k\u00f3rh\u00e1zban dolgoznak.<\/p>\n<p style=\"text-align: center\"><a class=\"btn btn-secondary\" href=\"https:\/\/jogyakorlatok.betegbiztonsag.info\/#\/best-practice\/2NgVQZs6LKaiKgBgRp27zG\" target=\"null\">A j\u00f3gyakorlat teljes le\u00edr\u00e1sa<\/a><\/p>\n<div class=\"fontos_div\">\n<div class=\"w-100\" style=\"text-align: justify\"><strong>Hol \u00e9rdekl\u0151dhet?<\/strong><\/div>\n<div class=\"w-100\" style=\"text-align: justify\">Bus Iwona vezet\u0151 gy\u00f3gytorn\u00e1sz<\/div>\n<div class=\"w-100\" style=\"text-align: justify\"><a href=\"mailto:i.havlikne@rehabint.hu\" target=\"_blank\" rel=\"noopener\">i.havlikne@rehabint.hu<\/a><\/div>\n<div class=\"w-100\" style=\"text-align: justify\"><a href=\"mailto:iwonaglabisz@gmail.com\">iwonaglabisz@gmail.com<\/a><\/div>\n<div class=\"w-100\" style=\"text-align: justify\">B\u00f3di Mariann min\u0151s\u00e9g\u00fcgyi koordin\u00e1tor<\/div>\n<div class=\"w-100\" style=\"text-align: justify\">Dr. Boros Erzs\u00e9bet min\u0151s\u00e9g\u00fcgyi oszt\u00e1lyvezet\u0151<\/div>\n<div class=\"w-100\" style=\"text-align: justify\">Embern\u00e9 Heitler Andrea mb. \u00e1pol\u00e1si igazgat\u00f3<\/div>\n<\/div>\n","protected":false},"excerpt":{"rendered":"<p>Orsz\u00e1gos Orvosi Rehabilit\u00e1ci\u00f3s Int\u00e9zet: Kerekessz\u00e9k biztons\u00e1gos haszn\u00e1lat\u00e1nak oktat\u00e1sa Az Orsz\u00e1gos Orvosi Rehabilit\u00e1ci\u00f3s Int\u00e9zetbe \u00e9rkez\u0151 \u00e1tmenetileg, tart\u00f3san vagy v\u00e9glegesen mozg\u00e1sban, de f\u0151k\u00e9pp j\u00e1r\u00e1sban korl\u00e1tozott betegeknek a kerekessz\u00e9k mint gy\u00f3gy\u00e1szati seg\u00e9deszk\u00f6z elengedhetetlen a helyv\u00e1ltoztat\u00e1shoz, a mobiliz\u00e1ci\u00f3hoz, az \u00f6n\u00e1ll\u00f3s\u00e1g visszaszerz\u00e9s\u00e9hez \u00e9s az \u00e9letmin\u0151s\u00e9g jav\u00edt\u00e1s\u00e1hoz. A kerekessz\u00e9k min\u00e9l el\u0151bbi \u00f6n\u00e1ll\u00f3 haszn\u00e1lat\u00e1val a beteg mobiliz\u00e1ci\u00f3ja gyors\u00edthat\u00f3, ez\u00e1ltal az immobilit\u00e1s sz\u00f6v\u0151dm\u00e9nyeinek &hellip;<\/p>\n","protected":false},"author":101539,"featured_media":0,"parent":17196,"menu_order":0,"comment_status":"closed","ping_status":"closed","template":"","meta":{"_acf_changed":false,"footnotes":""},"categories":[],"tags":[],"class_list":["post-18196","page","type-page","status-publish","hentry"],"acf":[],"_links":{"self":[{"href":"https:\/\/semmelweis.hu\/emk\/wp-json\/wp\/v2\/pages\/18196","targetHints":{"allow":["GET"]}}],"collection":[{"href":"https:\/\/semmelweis.hu\/emk\/wp-json\/wp\/v2\/pages"}],"about":[{"href":"https:\/\/semmelweis.hu\/emk\/wp-json\/wp\/v2\/types\/page"}],"author":[{"embeddable":true,"href":"https:\/\/semmelweis.hu\/emk\/wp-json\/wp\/v2\/users\/101539"}],"replies":[{"embeddable":true,"href":"https:\/\/semmelweis.hu\/emk\/wp-json\/wp\/v2\/comments?post=18196"}],"version-history":[{"count":5,"href":"https:\/\/semmelweis.hu\/emk\/wp-json\/wp\/v2\/pages\/18196\/revisions"}],"predecessor-version":[{"id":25185,"href":"https:\/\/semmelweis.hu\/emk\/wp-json\/wp\/v2\/pages\/18196\/revisions\/25185"}],"up":[{"embeddable":true,"href":"https:\/\/semmelweis.hu\/emk\/wp-json\/wp\/v2\/pages\/17196"}],"wp:attachment":[{"href":"https:\/\/semmelweis.hu\/emk\/wp-json\/wp\/v2\/media?parent=18196"}],"wp:term":[{"taxonomy":"category","embeddable":true,"href":"https:\/\/semmelweis.hu\/emk\/wp-json\/wp\/v2\/categories?post=18196"},{"taxonomy":"post_tag","embeddable":true,"href":"https:\/\/semmelweis.hu\/emk\/wp-json\/wp\/v2\/tags?post=18196"}],"curies":[{"name":"wp","href":"https:\/\/api.w.org\/{rel}","templated":true}]}}